{"id":73,"date":"2018-11-02T10:42:38","date_gmt":"2018-11-02T10:42:38","guid":{"rendered":"http:\/\/listeosetupwiz.wpengine.com\/?page_id=87"},"modified":"2018-11-02T10:42:38","modified_gmt":"2018-11-02T10:42:38","slug":"typography","status":"publish","type":"page","link":"https:\/\/fanavis.com\/pt\/typography\/","title":{"rendered":"Typography"},"content":{"rendered":"<h3 \n\t\tstyle=\"text-align:left;\"> Cita\u00e7\u00e3o em bloco <\/h3>\n<blockquote><p>Mauris aliquet ultricies ante, non faucibus ante gravida sed. Sed ultrices pellentesque purus, vulputate volutpat ipsum hendrerit sed neque sed sapien rutrum laoreet justo ultrices. In pellentesque lorem condimentum dui morbi pulvinar dui non quam pretium ut lacinia tortor.<\/p><\/blockquote>\n<h3 \n\t\tstyle=\"text-align:left;\"> Elementos em linha <\/h3>\n<p>\t\tEtiam elit est, tincidunt n\u00e3o tincidunt <sup>Este \u00e9 um elemento sup<\/sup>\u00a0elit, sed fa\u00e7a. Ultricies Mauris Aliquet\u00a0<sub>Este \u00e9 um subelemento<\/sub>\u00a0volutpat ipsum hendrerit laoreet justo ut labolore magna aliqua.\u00a0<del>Este \u00e9 um elemento exclu\u00eddo<\/del>\u00a0enim ad minim veniam. Lorem ipsum dosectetur. Adipisicing elit sed do\u00a0<mark>marque o elemento com a classe \u201ccor\u201d.<\/mark>, consectetur adipisicing. Lorem\u00a0<dfn>elemento dfn aqui<\/dfn>\u00a0ipsum dosectetur tincidunt sit amet,\u00a0<strong>texto forte<\/strong>. Aliquam eu id lectus. Vest\u00edbulo ante ipsum primis luctus et ultrices posuere cubilia. Lorem ipsum dosectetur\u00a0<code>Algum texto de c\u00f3digo<\/code>\u00a0Velit Sagittis,\u00a0<abbr title=\"A tag abbr\">abrevia\u00e7\u00e3o<\/abbr>\u00a0elite\u00a0<mark>texto destacado usando a tag \u201cmark\u201d<\/mark>.\t\t<\/p>\n<h3 \n\t\tstyle=\"text-align:left;\"> Listas de \u00edcones <\/h3>\n<div class=\"list-1\">\n<ul>\n<li>Lorem ipsum dolor sit amet<\/li>\n<li>Consectetur adipiscing elit<\/li>\n<li>Inteiro molestie lorem em massa<\/li>\n<li>Facilisis em pretium nisl aliquet<\/li>\n<\/ul>\n<p><\/div><div class=\"list-2\"><\/p>\n<ul>\n<li>Lorem ipsum dolor sit amet<\/li>\n<li>Consectetur adipiscing elit<\/li>\n<li>Inteiro molestie lorem em massa<\/li>\n<li>Facilisis em pretium nisl aliquet<\/li>\n<\/ul>\n<p><\/div><div class=\"list-3\"><\/p>\n<ul>\n<li>Lorem ipsum dolor sit amet<\/li>\n<li>Consectetur adipiscing elit<\/li>\n<li>Inteiro molestie lorem em massa<\/li>\n<li>Facilisis em pretium nisl aliquet<\/li>\n<\/ul>\n<p><\/div><div class=\"list-4\"><\/p>\n<ul>\n<li>Lorem ipsum dolor sit amet<\/li>\n<li>Consectetur adipiscing elit<\/li>\n<li>Inteiro molestie lorem em massa<\/li>\n<li>Facilisis em pretium nisl aliquet<\/li>\n<\/ul>\n<p><\/div>\t\t<\/p>\n<h3 \n\t\tstyle=\"text-align:left;\"> Listas Numeradas <\/h3>\n<div class=\"numbered\">\n<ol>\n<li>Praesent in libero vel pellentesque<\/li>\n<li>Proin fermentum eratin eget porttitor<\/li>\n<li>Mecenas quis consequat libero<\/li>\n<li>Nunc orci agosto consequat<\/li>\n<li>Praesent in libero vel pellentesque<\/li>\n<li>Proin fermentum eratin eget porttitor<\/li>\n<\/ol>\n<p><\/div><div class=\"color numbered\"><\/p>\n<ol>\n<li>Praesent in libero vel pellentesque<\/li>\n<li>Proin fermentum eratin eget porttitor<\/li>\n<li>Mecenas quis consequat libero<\/li>\n<li>Nunc orci agosto consequat<\/li>\n<li>Praesent in libero vel pellentesque<\/li>\n<li>Proin fermentum eratin eget porttitor<\/li>\n<\/ol>\n<p><\/div><div class=\"color numbered filled\"><\/p>\n<ol>\n<li>Praesent in libero vel pellentesque<\/li>\n<li>Proin fermentum eratin eget porttitor<\/li>\n<li>Mecenas quis consequat libero<\/li>\n<li>Nunc orci agosto consequat<\/li>\n<li>Praesent in libero vel pellentesque<\/li>\n<li>Proin fermentum eratin eget porttitor<\/li>\n<\/ol>\n<p><\/div><\/p>\n<h1>T\u00edtulo H1<\/h1>\n<h2>T\u00edtulo H2<\/h2>\n<h3>T\u00edtulo H3<\/h3>\n<h4>T\u00edtulo H4<\/h4>\n<h5>T\u00edtulo H5<\/h5>\n<h6>T\u00edtulo H6<\/h6>\n<h3 \n\t\tstyle=\"text-align:left;\"> N\u00e3o deixou legenda <\/h3>\n<h3 \n\t\tstyle=\"text-align:left;\"> N\u00e3o deixou nenhuma legenda. Esta \u00e9 uma legenda sob o t\u00edtulo.<\/h3>\n<h3 \n\t\tstyle=\"text-align:right;\"> Certo Sem Legenda <\/h3>\n<h3 \n\t\tstyle=\"text-align:right;\"> Certo Sem legenda Este \u00e9 um subt\u00edtulo sob o t\u00edtulo<\/h3>\n<h3 \n\t\tstyle=\"text-align:center;\"> Centro Sem Legenda <\/h3>\n<h3 \n\t\tstyle=\"text-align:center;\"> Centro Sem legenda Este \u00e9 um subt\u00edtulo sob o t\u00edtulo<\/h3>\n<h3 \n\t\tstyle=\"text-align:center;\"> Legenda longa centralizada Coletamos avalia\u00e7\u00f5es de nossos usu\u00e1rios para que voc\u00ea possa ter uma opini\u00e3o honesta sobre como realmente \u00e9 a experi\u00eancia em nosso site!<\/h3>","protected":false},"excerpt":{"rendered":"<p>Blockquote Mauris aliquet ultricies ante, non faucibus ante gravida sed. Sed ultrices pellentesque purus, vulputate volutpat ipsum hendrerit sed neque sed sapien rutrum laoreet justo ultrices. In pellentesque lorem condimentum dui morbi pulvinar dui non quam pretium ut lacinia tortor. Inline Elements Etiam elit est, tincidunt non tincidunt This is sup element\u00a0elit, sed do. Mauris [&hellip;]<\/p>","protected":false},"author":1,"featured_media":0,"parent":0,"menu_order":0,"comment_status":"closed","ping_status":"closed","template":"","meta":{"inline_featured_image":false,"footnotes":""},"_links":{"self":[{"href":"https:\/\/fanavis.com\/pt\/wp-json\/wp\/v2\/pages\/73"}],"collection":[{"href":"https:\/\/fanavis.com\/pt\/wp-json\/wp\/v2\/pages"}],"about":[{"href":"https:\/\/fanavis.com\/pt\/wp-json\/wp\/v2\/types\/page"}],"author":[{"embeddable":true,"href":"https:\/\/fanavis.com\/pt\/wp-json\/wp\/v2\/users\/1"}],"replies":[{"embeddable":true,"href":"https:\/\/fanavis.com\/pt\/wp-json\/wp\/v2\/comments?post=73"}],"version-history":[{"count":0,"href":"https:\/\/fanavis.com\/pt\/wp-json\/wp\/v2\/pages\/73\/revisions"}],"wp:attachment":[{"href":"https:\/\/fanavis.com\/pt\/wp-json\/wp\/v2\/media?parent=73"}],"curies":[{"name":"wp","href":"https:\/\/api.w.org\/{rel}","templated":true}]}}