{"id":4438,"date":"2024-10-10T12:26:18","date_gmt":"2024-10-10T10:26:18","guid":{"rendered":"https:\/\/fanavis.com\/?page_id=4438"},"modified":"2024-11-05T21:16:09","modified_gmt":"2024-11-05T20:16:09","slug":"top-10-best-restaurants-in-dodoma","status":"publish","type":"page","link":"https:\/\/fanavis.com\/pt\/top-10-best-restaurants-in-dodoma\/","title":{"rendered":"TOP 10: melhores restaurantes em Dodoma"},"content":{"rendered":"<h2 class=\"wp-block-heading has-text-align-center has-x-large-font-size\"><strong>TOP 10: melhores restaurantes em Dodoma<\/strong><\/h2>\n\n\n\n<p class=\"has-text-align-center\">Fanavis proposes you its selection of the 10 best restaurants in Dodoma, Tanzania<\/p>\n\n\n\n<div class=\"wp-block-group top10\"><div class=\"wp-block-group__inner-container is-layout-constrained wp-block-group-is-layout-constrained\">\n<h2 class=\"wp-block-heading listing-title has-large-font-size\" data-no-translation=\"\"><strong>1. <a href=\"https:\/\/fanavis.com\/listing\/harvana-food-affairs\/\">Harvana Food Affairs<\/a><a href=\"https:\/\/fanavis.com\/fr\/listing\/laparte\/\"><br><\/a><a href=\"https:\/\/fanavis.com\/fr\/listing\/gage-tollner-2\/#listing-location\"><\/a><\/strong><\/h2>\n\n\n\n<p style=\"font-size:16px\"><a href=\"https:\/\/fanavis.com\/pt\/listing\/ultraviolet-by-paul-pairet\/#listing-location\"><i class=\"fa fa-map-marker\"><\/i> <\/a><a href=\"https:\/\/fanavis.com\/fr\/listing\/ultraviolet-by-paul-pairet\/#listing-location\"><a href=\"https:\/\/fanavis.com\/pt\/listing\/harvana-food-affairs\/#listing-location\">Mpwapwa Rd, Dodoma, Tanzania<\/a><\/a> | <strong>CUISINES : African, Fast food, Asian<\/strong><\/p>\n\n\n\n<div class=\"wp-block-media-text is-stacked-on-mobile is-style-default\"><figure class=\"wp-block-media-text__media\"><a href=\"https:\/\/fanavis.com\/pt\/listing\/harvana-food-affairs\/\"><img loading=\"lazy\" decoding=\"async\" width=\"1024\" height=\"996\" src=\"https:\/\/fanavis.com\/wp-content\/uploads\/2024\/10\/harvana_restaurant_dodoma_1-1024x996.jpg\" alt=\"\" class=\"wp-image-4402 size-full\" srcset=\"https:\/\/fanavis.com\/wp-content\/uploads\/2024\/10\/harvana_restaurant_dodoma_1-1024x996.jpg 1024w, https:\/\/fanavis.com\/wp-content\/uploads\/2024\/10\/harvana_restaurant_dodoma_1-300x292.jpg 300w, https:\/\/fanavis.com\/wp-content\/uploads\/2024\/10\/harvana_restaurant_dodoma_1-768x747.jpg 768w, https:\/\/fanavis.com\/wp-content\/uploads\/2024\/10\/harvana_restaurant_dodoma_1-12x12.jpg 12w, https:\/\/fanavis.com\/wp-content\/uploads\/2024\/10\/harvana_restaurant_dodoma_1-590x574.jpg 590w, https:\/\/fanavis.com\/wp-content\/uploads\/2024\/10\/harvana_restaurant_dodoma_1-689x670.jpg 689w, https:\/\/fanavis.com\/wp-content\/uploads\/2024\/10\/harvana_restaurant_dodoma_1-577x561.jpg 577w, https:\/\/fanavis.com\/wp-content\/uploads\/2024\/10\/harvana_restaurant_dodoma_1-600x584.jpg 600w, https:\/\/fanavis.com\/wp-content\/uploads\/2024\/10\/harvana_restaurant_dodoma_1.jpg 1079w\" sizes=\"(max-width: 1024px) 100vw, 1024px\" \/><\/a><\/figure><div class=\"wp-block-media-text__content\">\n<p>We provide the best to our customers .. from all types of budgets .. we cater for parties and also all occasions. We also give u the best icecream .. And CAKES \u2026 FROM BLACKFOREST CAKE TO NORMAL VANILLA<\/p>\n<\/div><\/div>\n<\/div><\/div>\n\n\n\n<div class=\"wp-block-group top10\"><div class=\"wp-block-group__inner-container is-layout-constrained wp-block-group-is-layout-constrained\">\n<h2 class=\"wp-block-heading listing-title has-large-font-size\" data-no-translation=\"\"><strong>2. <a href=\"https:\/\/fanavis.com\/listing\/the-baobab-cafe\/\">The Baobab Caf\u00e9<br><\/a><a href=\"https:\/\/fanavis.com\/fr\/listing\/roof-the-shanghai-edition\/#listing-location\"><\/a><\/strong><\/h2>\n\n\n\n<p style=\"font-size:16px\"><a href=\"https:\/\/fanavis.com\/pt\/listing\/dans-le-noir\/#listing-location\"><i class=\"fa fa-map-marker\"><\/i><\/a><a href=\"https:\/\/fanavis.com\/pt\/listing\/the-baobab-cafe\/#listing-location\">&nbsp;Mtendeni street, Hatibu Avenue Near Air Tanzania, Dodoma 41102 Tanzania<\/a> | <strong>COZINHAS: <strong>Bar, Pub, Gastropub<\/strong><\/strong><\/p>\n\n\n\n<div class=\"wp-block-media-text is-stacked-on-mobile is-style-default\"><figure class=\"wp-block-media-text__media\"><a href=\"https:\/\/fanavis.com\/pt\/listing\/the-baobab-cafe\/\"><img loading=\"lazy\" decoding=\"async\" width=\"768\" height=\"1024\" src=\"https:\/\/fanavis.com\/wp-content\/uploads\/2024\/10\/the-baobab_restaurant_dodoma_1-768x1024.jpg\" alt=\"\" class=\"wp-image-4399 size-full\" srcset=\"https:\/\/fanavis.com\/wp-content\/uploads\/2024\/10\/the-baobab_restaurant_dodoma_1-768x1024.jpg 768w, https:\/\/fanavis.com\/wp-content\/uploads\/2024\/10\/the-baobab_restaurant_dodoma_1-225x300.jpg 225w, https:\/\/fanavis.com\/wp-content\/uploads\/2024\/10\/the-baobab_restaurant_dodoma_1-9x12.jpg 9w, https:\/\/fanavis.com\/wp-content\/uploads\/2024\/10\/the-baobab_restaurant_dodoma_1-442x590.jpg 442w, https:\/\/fanavis.com\/wp-content\/uploads\/2024\/10\/the-baobab_restaurant_dodoma_1-502x670.jpg 502w, https:\/\/fanavis.com\/wp-content\/uploads\/2024\/10\/the-baobab_restaurant_dodoma_1-577x770.jpg 577w, https:\/\/fanavis.com\/wp-content\/uploads\/2024\/10\/the-baobab_restaurant_dodoma_1-600x800.jpg 600w, https:\/\/fanavis.com\/wp-content\/uploads\/2024\/10\/the-baobab_restaurant_dodoma_1.jpg 1100w\" sizes=\"(max-width: 768px) 100vw, 768px\" \/><\/a><\/figure><div class=\"wp-block-media-text__content\">\n<p>The Baobab Caf\u00e9 is often at the top of the list for food enthusiasts visiting Dodoma. Known for its inviting atmosphere and excellent service, this caf\u00e9 offers a diverse menu that caters to various tastes. The Baobab Caf\u00e9 has become famous for its fusion of local and international cuisines, including dishes like nyama choma, grilled meats that are a staple in East African cuisine, as well as continental delights.<\/p>\n<\/div><\/div>\n<\/div><\/div>\n\n\n\n<div class=\"wp-block-group top10\"><div class=\"wp-block-group__inner-container is-layout-constrained wp-block-group-is-layout-constrained\">\n<h2 class=\"wp-block-heading listing-title has-large-font-size\" data-no-translation=\"\"><strong>3. <a href=\"https:\/\/fanavis.com\/listing\/yicafe-at-pudong-shangri-la\/\">Chef Asili<\/a><\/strong><\/h2>\n\n\n\n<p style=\"font-size:16px\"><a href=\"https:\/\/fanavis.com\/pt\/listing\/le-bistroquet\/#listing-location\"><i class=\"fa fa-map-marker\"><\/i> <\/a><a href=\"https:\/\/fanavis.com\/pt\/listing\/yicafe-at-pudong-shangri-la\/#listing-location\"><\/a><a href=\"https:\/\/fanavis.com\/pt\/listing\/yicafe-at-pudong-shangri-la\/#listing-location\">&nbsp;33 Fu Cheng Lu, Lujiazui, Distrito de Pudong, Xangai, China, 200120<\/a> | <strong>CUISINES : American, African, Cafe<\/strong><\/p>\n\n\n\n<div class=\"wp-block-media-text is-stacked-on-mobile is-style-default\"><figure class=\"wp-block-media-text__media\"><a href=\"https:\/\/fanavis.com\/pt\/listing\/yicafe-at-pudong-shangri-la\/\"><img loading=\"lazy\" decoding=\"async\" width=\"780\" height=\"780\" src=\"https:\/\/fanavis.com\/wp-content\/uploads\/2024\/10\/chef-asili_restaurant_dodoma_1.jpg\" alt=\"\" class=\"wp-image-4418 size-full\" srcset=\"https:\/\/fanavis.com\/wp-content\/uploads\/2024\/10\/chef-asili_restaurant_dodoma_1.jpg 780w, https:\/\/fanavis.com\/wp-content\/uploads\/2024\/10\/chef-asili_restaurant_dodoma_1-300x300.jpg 300w, https:\/\/fanavis.com\/wp-content\/uploads\/2024\/10\/chef-asili_restaurant_dodoma_1-150x150.jpg 150w, https:\/\/fanavis.com\/wp-content\/uploads\/2024\/10\/chef-asili_restaurant_dodoma_1-768x768.jpg 768w, https:\/\/fanavis.com\/wp-content\/uploads\/2024\/10\/chef-asili_restaurant_dodoma_1-12x12.jpg 12w, https:\/\/fanavis.com\/wp-content\/uploads\/2024\/10\/chef-asili_restaurant_dodoma_1-590x590.jpg 590w, https:\/\/fanavis.com\/wp-content\/uploads\/2024\/10\/chef-asili_restaurant_dodoma_1-670x670.jpg 670w, https:\/\/fanavis.com\/wp-content\/uploads\/2024\/10\/chef-asili_restaurant_dodoma_1-577x577.jpg 577w, https:\/\/fanavis.com\/wp-content\/uploads\/2024\/10\/chef-asili_restaurant_dodoma_1-200x200.jpg 200w, https:\/\/fanavis.com\/wp-content\/uploads\/2024\/10\/chef-asili_restaurant_dodoma_1-600x600.jpg 600w, https:\/\/fanavis.com\/wp-content\/uploads\/2024\/10\/chef-asili_restaurant_dodoma_1-100x100.jpg 100w\" sizes=\"(max-width: 780px) 100vw, 780px\" \/><\/a><\/figure><div class=\"wp-block-media-text__content\">\n<p>Centrally located in Dodoma Town district Opposite NIDA &amp; UCC Bulding , The Chef Asili Cafe offers a comfortable environment for everyone. Come and enjoy our selection of homemade sandwiches, panini, wraps, salads and soups. Whether you\u2019re looking to relax over a cup of coffee or grab a quick bite to go, the Chef Asili Cafe is for you.<\/p>\n<\/div><\/div>\n<\/div><\/div>\n\n\n\n<div class=\"wp-block-group top10\"><div class=\"wp-block-group__inner-container is-layout-constrained wp-block-group-is-layout-constrained\">\n<h2 class=\"wp-block-heading listing-title has-large-font-size\" data-no-translation=\"\"><strong>4. <a href=\"https:\/\/fanavis.com\/listing\/terminal-3-roof-top-restaurant-and-bar\/\">Terminal 3 Roof Top Restaurant And Bar<\/a><\/strong><\/h2>\n\n\n\n<p style=\"font-size:16px\"><a href=\"https:\/\/fanavis.com\/pt\/listing\/gator\/#listing-location\"><i class=\"fa fa-map-marker\"><\/i><\/a><a href=\"https:\/\/fanavis.com\/pt\/listing\/poterminal-3-roof-top-restaurant-and-bar\/#listing-location\"><a href=\"https:\/\/fanavis.com\/pt\/listing\/terminal-3-roof-top-restaurant-and-bar\/#listing-location\">\u00a0KUU STREET, Dodoma, A 104, Dodoma, Tanz\u00e2nia<\/a><\/a> | <strong>CUISINES : Indian, African, International<\/strong><\/p>\n\n\n\n<div class=\"wp-block-media-text is-stacked-on-mobile is-style-default\"><figure class=\"wp-block-media-text__media\"><a href=\"https:\/\/fanavis.com\/pt\/listing\/polux-by-paul-pairet\/\"><img loading=\"lazy\" decoding=\"async\" width=\"1024\" height=\"683\" src=\"https:\/\/fanavis.com\/wp-content\/uploads\/2024\/10\/terminal-3_restaurant_dodoma_4-1024x683.jpg\" alt=\"\" class=\"wp-image-4412 size-full\" srcset=\"https:\/\/fanavis.com\/wp-content\/uploads\/2024\/10\/terminal-3_restaurant_dodoma_4-1024x683.jpg 1024w, https:\/\/fanavis.com\/wp-content\/uploads\/2024\/10\/terminal-3_restaurant_dodoma_4-300x200.jpg 300w, https:\/\/fanavis.com\/wp-content\/uploads\/2024\/10\/terminal-3_restaurant_dodoma_4-768x512.jpg 768w, https:\/\/fanavis.com\/wp-content\/uploads\/2024\/10\/terminal-3_restaurant_dodoma_4-18x12.jpg 18w, https:\/\/fanavis.com\/wp-content\/uploads\/2024\/10\/terminal-3_restaurant_dodoma_4-590x393.jpg 590w, https:\/\/fanavis.com\/wp-content\/uploads\/2024\/10\/terminal-3_restaurant_dodoma_4-1005x670.jpg 1005w, https:\/\/fanavis.com\/wp-content\/uploads\/2024\/10\/terminal-3_restaurant_dodoma_4-577x385.jpg 577w, https:\/\/fanavis.com\/wp-content\/uploads\/2024\/10\/terminal-3_restaurant_dodoma_4-600x400.jpg 600w, https:\/\/fanavis.com\/wp-content\/uploads\/2024\/10\/terminal-3_restaurant_dodoma_4.jpg 1080w\" sizes=\"(max-width: 1024px) 100vw, 1024px\" \/><\/a><\/figure><div class=\"wp-block-media-text__content\">\n<p>For ultimate social experience, complete dining Bar and Lounge on our Rooftop, with live Karaoke Thursdays. Come take your relaxation to new heights<\/p>\n<\/div><\/div>\n<\/div><\/div>\n\n\n\n<div class=\"wp-block-group top10\"><div class=\"wp-block-group__inner-container is-layout-constrained wp-block-group-is-layout-constrained\">\n<h2 class=\"wp-block-heading listing-title has-large-font-size\" data-no-translation=\"\"><strong>5. <a href=\"https:\/\/fanavis.com\/listing\/china-garden\/\">China Garden<br><a href=\"https:\/\/fanavis.com\/en\/listing\/china-garden\/#listing-location\"><\/a><\/a><\/strong><\/h2>\n\n\n\n<p style=\"font-size:16px\"><a href=\"https:\/\/fanavis.com\/pt\/listing\/le-chat-botte\/#listing-location\"><i class=\"fa fa-map-marker\"><\/i><\/a><a href=\"https:\/\/fanavis.com\/pt\/listing\/china-garden\/#listing-location\"><a href=\"https:\/\/fanavis.com\/pt\/listing\/china-garden\/#listing-location\"> <\/a><\/a><a href=\"https:\/\/fanavis.com\/pt\/listing\/china-garden\/#listing-location\"><a href=\"https:\/\/fanavis.com\/pt\/listing\/china-garden\/#listing-location\">Opposite Railway Station Railway Street, Dodoma Tanzania<\/a><\/a> | <strong>CUISINES : Chinese, Asian, Szechuan<\/strong><\/p>\n\n\n\n<div class=\"wp-block-media-text is-stacked-on-mobile is-style-default\"><figure class=\"wp-block-media-text__media\"><a href=\"https:\/\/fanavis.com\/pt\/listing\/china-garden\/#listing-location\"><img loading=\"lazy\" decoding=\"async\" width=\"1024\" height=\"768\" src=\"https:\/\/fanavis.com\/wp-content\/uploads\/2024\/10\/china-garden_restaurant_dodoma_3-1024x768.jpg\" alt=\"\" class=\"wp-image-4394 size-full\" srcset=\"https:\/\/fanavis.com\/wp-content\/uploads\/2024\/10\/china-garden_restaurant_dodoma_3-1024x768.jpg 1024w, https:\/\/fanavis.com\/wp-content\/uploads\/2024\/10\/china-garden_restaurant_dodoma_3-300x225.jpg 300w, https:\/\/fanavis.com\/wp-content\/uploads\/2024\/10\/china-garden_restaurant_dodoma_3-768x576.jpg 768w, https:\/\/fanavis.com\/wp-content\/uploads\/2024\/10\/china-garden_restaurant_dodoma_3-1536x1152.jpg 1536w, https:\/\/fanavis.com\/wp-content\/uploads\/2024\/10\/china-garden_restaurant_dodoma_3-16x12.jpg 16w, https:\/\/fanavis.com\/wp-content\/uploads\/2024\/10\/china-garden_restaurant_dodoma_3-590x443.jpg 590w, https:\/\/fanavis.com\/wp-content\/uploads\/2024\/10\/china-garden_restaurant_dodoma_3-893x670.jpg 893w, https:\/\/fanavis.com\/wp-content\/uploads\/2024\/10\/china-garden_restaurant_dodoma_3-577x433.jpg 577w, https:\/\/fanavis.com\/wp-content\/uploads\/2024\/10\/china-garden_restaurant_dodoma_3-1200x900.jpg 1200w, https:\/\/fanavis.com\/wp-content\/uploads\/2024\/10\/china-garden_restaurant_dodoma_3-600x450.jpg 600w, https:\/\/fanavis.com\/wp-content\/uploads\/2024\/10\/china-garden_restaurant_dodoma_3.jpg 1800w\" sizes=\"(max-width: 1024px) 100vw, 1024px\" \/><\/a><\/figure><div class=\"wp-block-media-text__content\">\n<p>China Garden offers a slice of the Far East in the heart of East Africa. Renowned for its traditional Chinese dishes, the restaurant has cultivated a following for its dim sum, Peking duck, and noodle dishes. The authentic Chinese atmosphere, decor, and attentive service make it a go-to for those craving something different from the typical Tanzanian menu.cuisines.<\/p>\n<\/div><\/div>\n<\/div><\/div>\n\n\n\n<div class=\"wp-block-group top10\"><div class=\"wp-block-group__inner-container is-layout-constrained wp-block-group-is-layout-constrained\">\n<h2 class=\"wp-block-heading listing-title has-large-font-size\" data-no-translation=\"\"><strong>6. <a href=\"https:\/\/fanavis.com\/listing\/listing\/the-pit-stop-restaurant\/\">The Pit-Stop Restaurant<\/a><\/strong><\/h2>\n\n\n\n<p style=\"font-size:16px\"><i class=\"fa fa-map-marker\"><\/i> <a href=\"https:\/\/fanavis.com\/pt\/listing\/hakkasan\/#listing-location\"><\/a><a href=\"https:\/\/fanavis.com\/pt\/listing\/listing\/the-pit-stop-restaurant\/#listing-location\"><a href=\"https:\/\/fanavis.com\/pt\/listing\/the-pit-stop-restaurant\/#listing-location\">\u00a0Dodoma, Tanz\u00e2nia<\/a><\/a> | <strong>COZINHAS: Africana, Internacional, Asi\u00e1tica<\/strong><\/p>\n\n\n\n<div class=\"wp-block-media-text is-stacked-on-mobile is-style-default\"><figure class=\"wp-block-media-text__media\"><a href=\"https:\/\/fanavis.com\/pt\/listing\/listing\/the-pit-stop-restaurant\/\"><img loading=\"lazy\" decoding=\"async\" width=\"1024\" height=\"683\" src=\"https:\/\/fanavis.com\/wp-content\/uploads\/2024\/10\/great-chef-ready-to-treat-1024x683.jpg\" alt=\"\" class=\"wp-image-4423 size-full\" srcset=\"https:\/\/fanavis.com\/wp-content\/uploads\/2024\/10\/great-chef-ready-to-treat-1024x683.jpg 1024w, https:\/\/fanavis.com\/wp-content\/uploads\/2024\/10\/great-chef-ready-to-treat-300x200.jpg 300w, https:\/\/fanavis.com\/wp-content\/uploads\/2024\/10\/great-chef-ready-to-treat-768x512.jpg 768w, https:\/\/fanavis.com\/wp-content\/uploads\/2024\/10\/great-chef-ready-to-treat-18x12.jpg 18w, https:\/\/fanavis.com\/wp-content\/uploads\/2024\/10\/great-chef-ready-to-treat-590x393.jpg 590w, https:\/\/fanavis.com\/wp-content\/uploads\/2024\/10\/great-chef-ready-to-treat-1005x670.jpg 1005w, https:\/\/fanavis.com\/wp-content\/uploads\/2024\/10\/great-chef-ready-to-treat-577x385.jpg 577w, https:\/\/fanavis.com\/wp-content\/uploads\/2024\/10\/great-chef-ready-to-treat-600x400.jpg 600w, https:\/\/fanavis.com\/wp-content\/uploads\/2024\/10\/great-chef-ready-to-treat.jpg 1080w\" sizes=\"(max-width: 1024px) 100vw, 1024px\" \/><\/a><\/figure><div class=\"wp-block-media-text__content\">\n<p>Destino para refei\u00e7\u00f5es durante todo o dia, servindo suntuoso buffet de caf\u00e9 da manh\u00e3, buffet de almo\u00e7o empresarial e um extenso menu \u00e0 la carte que ir\u00e1 satisfazer o seu paladar<\/p>\n<\/div><\/div>\n<\/div><\/div>\n\n\n\n<div class=\"wp-block-group top10\"><div class=\"wp-block-group__inner-container is-layout-constrained wp-block-group-is-layout-constrained\">\n<h2 class=\"wp-block-heading listing-title has-large-font-size\" data-no-translation=\"\"><strong>7. <a href=\"https:\/\/fanavis.com\/listing\/collina-restaurant-and-wine-bar\/\">Collina Restaurant and Wine Bar<\/a><\/strong><\/h2>\n\n\n\n<p style=\"font-size:16px\"><i class=\"fa fa-map-marker\"><\/i><a href=\"https:\/\/fanavis.com\/pt\/listing\/collina-restaurant-and-wine-bar\/#listing-location\"><a href=\"https:\/\/fanavis.com\/pt\/listing\/collina-restaurant-and-wine-bar\/#listing-location\">\u00a0Dodoma, Tanz\u00e2nia<\/a><\/a> | <strong>COZINHAS: <strong>African, Seafood, Healty<\/strong><\/strong><\/p>\n\n\n\n<div class=\"wp-block-media-text is-stacked-on-mobile is-style-default\"><figure class=\"wp-block-media-text__media\"><a href=\"https:\/\/fanavis.com\/pt\/listing\/collina-restaurant-and-wine-bar\/\"><img loading=\"lazy\" decoding=\"async\" width=\"260\" height=\"175\" src=\"https:\/\/fanavis.com\/wp-content\/uploads\/2024\/10\/dodoma-restaurant-1.jpg\" alt=\"\" class=\"wp-image-4433 size-full\" srcset=\"https:\/\/fanavis.com\/wp-content\/uploads\/2024\/10\/dodoma-restaurant-1.jpg 260w, https:\/\/fanavis.com\/wp-content\/uploads\/2024\/10\/dodoma-restaurant-1-18x12.jpg 18w\" sizes=\"(max-width: 260px) 100vw, 260px\" \/><\/a><\/figure><div class=\"wp-block-media-text__content\">\n<p>Ok Localizado no cora\u00e7\u00e3o de Dodoma, o Collina \u00e9 um bar de vinhos e restaurante que oferece comida fresca e uma variedade infinita de bebidas em um ambiente calmo e refrescante.<\/p>\n<\/div><\/div>\n<\/div><\/div>\n\n\n\n<div class=\"wp-block-group top10\"><div class=\"wp-block-group__inner-container is-layout-constrained wp-block-group-is-layout-constrained\">\n<h2 class=\"wp-block-heading listing-title has-large-font-size\" data-no-translation=\"\"><strong>8. <a href=\"https:\/\/fanavis.com\/listing\/the-commune-social\/\">Leone l\u2019Africano Pizzeria<br><\/a><a href=\"https:\/\/fanavis.com\/en\/listing\/the-commune-social\/#listing-location\"><\/a><\/strong><\/h2>\n\n\n\n<p style=\"font-size:16px\"><a href=\"https:\/\/fanavis.com\/pt\/listing\/the-commune-social\/#listing-location\"><i class=\"fa fa-map-marker\"><\/i><\/a><a href=\"https:\/\/fanavis.com\/pt\/listing\/leone-lafricano-pizzeria\/#listing-location\"><a href=\"https:\/\/fanavis.com\/pt\/listing\/leone-lafricano-pizzeria\/#listing-location\">\u00a0\u00c1rea C, Dodoma, Tanz\u00e2nia<\/a><\/a> |<strong> CUISINES: Italian, Pizza, European<\/strong><\/p>\n\n\n\n<div class=\"wp-block-media-text is-stacked-on-mobile is-style-default\"><figure class=\"wp-block-media-text__media\"><a href=\"https:\/\/fanavis.com\/pt\/listing\/leone-lafricano-pizzeria\/\"><img loading=\"lazy\" decoding=\"async\" width=\"1024\" height=\"768\" src=\"https:\/\/fanavis.com\/wp-content\/uploads\/2024\/10\/leone_restaurant_dodoma_1-1024x768.jpg\" alt=\"\" class=\"wp-image-4389 size-full\" srcset=\"https:\/\/fanavis.com\/wp-content\/uploads\/2024\/10\/leone_restaurant_dodoma_1-1024x768.jpg 1024w, https:\/\/fanavis.com\/wp-content\/uploads\/2024\/10\/leone_restaurant_dodoma_1-300x225.jpg 300w, https:\/\/fanavis.com\/wp-content\/uploads\/2024\/10\/leone_restaurant_dodoma_1-768x576.jpg 768w, https:\/\/fanavis.com\/wp-content\/uploads\/2024\/10\/leone_restaurant_dodoma_1-16x12.jpg 16w, https:\/\/fanavis.com\/wp-content\/uploads\/2024\/10\/leone_restaurant_dodoma_1-590x443.jpg 590w, https:\/\/fanavis.com\/wp-content\/uploads\/2024\/10\/leone_restaurant_dodoma_1-893x670.jpg 893w, https:\/\/fanavis.com\/wp-content\/uploads\/2024\/10\/leone_restaurant_dodoma_1-577x433.jpg 577w, https:\/\/fanavis.com\/wp-content\/uploads\/2024\/10\/leone_restaurant_dodoma_1-1200x900.jpg 1200w, https:\/\/fanavis.com\/wp-content\/uploads\/2024\/10\/leone_restaurant_dodoma_1-600x450.jpg 600w, https:\/\/fanavis.com\/wp-content\/uploads\/2024\/10\/leone_restaurant_dodoma_1.jpg 1400w\" sizes=\"(max-width: 1024px) 100vw, 1024px\" \/><\/a><\/figure><div class=\"wp-block-media-text__content\">\n<p>Uma antiga delegacia de pol\u00edcia por volta de 1910 abriga este bar de tapas que exala eleg\u00e2ncia minimalista e tamb\u00e9m conta com um terra\u00e7o. O chef reinventa cl\u00e1ssicos com t\u00e9cnicas modernas e sabores ex\u00f3ticos, como o uso de especiarias africanas em ab\u00f3bora grelhada com queijo e nozes. O hamb\u00farguer de porco ib\u00e9rico e foie gras tamb\u00e9m evoca muito amor. Os pratos especiais di\u00e1rios s\u00e3o oferecidos no jantar. <\/p>\n<\/div><\/div>\n<\/div><\/div>\n\n\n\n<div class=\"wp-block-group top10\"><div class=\"wp-block-group__inner-container is-layout-constrained wp-block-group-is-layout-constrained\">\n<h2 class=\"wp-block-heading listing-title has-large-font-size\" data-no-translation=\"\"><strong>9. <a href=\"https:\/\/fanavis.com\/listing\/navs-restaurant-pub\/\">Nav\u2019s Restaurant &amp; Pub<\/a><a href=\"https:\/\/fanavis.com\/listing\/domaine-de-chateauvieux\/\"><br><\/a><a href=\"https:\/\/fanavis.com\/en\/listing\/figure-eight\/#listing-location\"><\/a><\/strong><\/h2>\n\n\n\n<p style=\"font-size:16px\"><a href=\"https:\/\/fanavis.com\/pt\/listing\/the-commune-social\/#listing-location\"><i class=\"fa fa-map-marker\"><\/i><\/a><a href=\"https:\/\/fanavis.com\/pt\/listing\/navs-restaurant-pub\/#listing-location\">&nbsp;Amani Road, Dodoma, Tanzania<\/a> | <strong>CUISINES:&nbsp;Indian, African, European<\/strong><\/p>\n\n\n\n<div class=\"wp-block-media-text is-stacked-on-mobile is-style-default\"><figure class=\"wp-block-media-text__media\"><a href=\"https:\/\/fanavis.com\/pt\/listing\/navs-restaurant-pub\/\"><img loading=\"lazy\" decoding=\"async\" width=\"1024\" height=\"551\" src=\"https:\/\/fanavis.com\/wp-content\/uploads\/2024\/10\/navs_restaurant_dodoma_4-1024x551.jpg\" alt=\"\" class=\"wp-image-4375 size-full\" srcset=\"https:\/\/fanavis.com\/wp-content\/uploads\/2024\/10\/navs_restaurant_dodoma_4-1024x551.jpg 1024w, https:\/\/fanavis.com\/wp-content\/uploads\/2024\/10\/navs_restaurant_dodoma_4-300x161.jpg 300w, https:\/\/fanavis.com\/wp-content\/uploads\/2024\/10\/navs_restaurant_dodoma_4-768x413.jpg 768w, https:\/\/fanavis.com\/wp-content\/uploads\/2024\/10\/navs_restaurant_dodoma_4-18x10.jpg 18w, https:\/\/fanavis.com\/wp-content\/uploads\/2024\/10\/navs_restaurant_dodoma_4-590x317.jpg 590w, https:\/\/fanavis.com\/wp-content\/uploads\/2024\/10\/navs_restaurant_dodoma_4-577x310.jpg 577w, https:\/\/fanavis.com\/wp-content\/uploads\/2024\/10\/navs_restaurant_dodoma_4-600x323.jpg 600w, https:\/\/fanavis.com\/wp-content\/uploads\/2024\/10\/navs_restaurant_dodoma_4.jpg 1080w\" sizes=\"(max-width: 1024px) 100vw, 1024px\" \/><\/a><\/figure><div class=\"wp-block-media-text__content\">\n<p>Restaurante indiano localizado em Mirembe, Dodoma, oferecendo uma grande variedade de comidas, da culin\u00e1ria indiana \u00e0 culin\u00e1ria africana, churrasco, fast food e muito mais. Op\u00e7\u00f5es vegetarianas e n\u00e3o vegetarianas dispon\u00edveis. (Comida halal) Lugares para sentar em ambientes internos e externos. Parque infantil. Jogos de dardos e sinuca. Dispon\u00edvel para festas, reuni\u00f5es, encontros, casamentos e acampamentos. Karibu sana!<\/p>\n<\/div><\/div>\n<\/div><\/div>\n\n\n\n<div class=\"wp-block-group top10\"><div class=\"wp-block-group__inner-container is-layout-constrained wp-block-group-is-layout-constrained\">\n<h2 class=\"wp-block-heading listing-title has-large-font-size\" data-no-translation=\"\"><strong>10. <strong><a href=\"https:\/\/fanavis.com\/listing\/rose-garden\/\">Rose Garden<br><\/a><a href=\"https:\/\/fanavis.com\/en\/listing\/scena-di-angelo\/#listing-location\"><\/a><\/strong><\/strong><\/h2>\n\n\n\n<p style=\"font-size:16px\"><i class=\"fa fa-map-marker\"><\/i> <a href=\"https:\/\/fanavis.com\/pt\/listing\/scena-di-angelo\/#listing-location\"><\/a><a href=\"https:\/\/fanavis.com\/pt\/listin\/grose-garden\/#listing-location\"><a href=\"https:\/\/fanavis.com\/pt\/listing\/rose-garden\/#listing-location\">\u00a0\u00c1rea C, Dodoma, Tanz\u00e2nia<\/a><\/a> | <strong>COZINHAS: Africana<\/strong><\/p>\n\n\n\n<div class=\"wp-block-media-text is-stacked-on-mobile is-style-default\"><figure class=\"wp-block-media-text__media\"><a href=\"https:\/\/fanavis.com\/pt\/listing\/rose-garden\/\"><img loading=\"lazy\" decoding=\"async\" width=\"550\" height=\"412\" src=\"https:\/\/fanavis.com\/wp-content\/uploads\/2024\/10\/gate.jpg\" alt=\"\" class=\"wp-image-4429 size-full\" srcset=\"https:\/\/fanavis.com\/wp-content\/uploads\/2024\/10\/gate.jpg 550w, https:\/\/fanavis.com\/wp-content\/uploads\/2024\/10\/gate-300x225.jpg 300w, https:\/\/fanavis.com\/wp-content\/uploads\/2024\/10\/gate-16x12.jpg 16w\" sizes=\"(max-width: 550px) 100vw, 550px\" \/><\/a><\/figure><div class=\"wp-block-media-text__content\">\n<p>&#8220;A place where you can get all Tanzanian food. The atmosphere is nice, especially in the evening, a nice place to have a drink. besides the grilled fish with chips, it&#8217;s tasty.&#8221;<\/p>\n<\/div><\/div>\n<\/div><\/div>","protected":false},"excerpt":{"rendered":"<p>TOP 10: best restaurants in Dodoma Fanavis proposes you its selection of the 10 best restaurants in Dodoma, Tanzania 1. Harvana Food Affairs Mpwapwa Rd, Dodoma, Tanzania | CUISINES : African, Fast food, Asian We provide the best to our customers .. from all types of budgets .. we cater for parties and also all [&hellip;]<\/p>","protected":false},"author":1,"featured_media":0,"parent":0,"menu_order":0,"comment_status":"closed","ping_status":"closed","template":"","meta":{"inline_featured_image":false,"footnotes":""},"_links":{"self":[{"href":"https:\/\/fanavis.com\/pt\/wp-json\/wp\/v2\/pages\/4438"}],"collection":[{"href":"https:\/\/fanavis.com\/pt\/wp-json\/wp\/v2\/pages"}],"about":[{"href":"https:\/\/fanavis.com\/pt\/wp-json\/wp\/v2\/types\/page"}],"author":[{"embeddable":true,"href":"https:\/\/fanavis.com\/pt\/wp-json\/wp\/v2\/users\/1"}],"replies":[{"embeddable":true,"href":"https:\/\/fanavis.com\/pt\/wp-json\/wp\/v2\/comments?post=4438"}],"version-history":[{"count":4,"href":"https:\/\/fanavis.com\/pt\/wp-json\/wp\/v2\/pages\/4438\/revisions"}],"predecessor-version":[{"id":4701,"href":"https:\/\/fanavis.com\/pt\/wp-json\/wp\/v2\/pages\/4438\/revisions\/4701"}],"wp:attachment":[{"href":"https:\/\/fanavis.com\/pt\/wp-json\/wp\/v2\/media?parent=4438"}],"curies":[{"name":"wp","href":"https:\/\/api.w.org\/{rel}","templated":true}]}}