{"id":3817,"date":"2024-09-05T19:14:03","date_gmt":"2024-09-05T17:14:03","guid":{"rendered":"https:\/\/fanavis.com\/?page_id=3817"},"modified":"2024-11-05T21:14:09","modified_gmt":"2024-11-05T20:14:09","slug":"fanavis-les-10-meilleurs-restaurants-de-geneve","status":"publish","type":"page","link":"https:\/\/fanavis.com\/pt\/fanavis-les-10-meilleurs-restaurants-de-geneve\/","title":{"rendered":"TOP 10: melhores restaurantes em Genebra"},"content":{"rendered":"<h2 class=\"wp-block-heading has-text-align-center top10-title has-x-large-font-size\"><strong>TOP 10: melhores restaurantes em Genebra<\/strong><\/h2>\n\n\n\n<p class=\"has-text-align-center\">Fanavis prop\u00f5e a voc\u00ea sua sele\u00e7\u00e3o dos 10 melhores restaurantes em Genebra, Su\u00ed\u00e7a<\/p>\n\n\n\n<div class=\"wp-block-group top10\"><div class=\"wp-block-group__inner-container is-layout-constrained wp-block-group-is-layout-constrained\">\n<h2 class=\"wp-block-heading has-large-font-size\" id=\"listing-title\"><strong>1. <a href=\"https:\/\/fanavis.com\/fr\/listing\/laparte\/\">O Apart\u00e9<\/a><\/strong><\/h2>\n\n\n\n<p style=\"font-size:16px\"><a href=\"https:\/\/fanavis.com\/pt\/listing\/laparte\/#listing-location\"><i class=\"fa fa-map-marker\"><\/i> Rue de Lausanne 41-43, Genebra 1201 Su\u00ed\u00e7a<\/a> | <strong>COZINHA: Francesa, Europeia, Diner<\/strong><\/p>\n\n\n\n<div class=\"wp-block-media-text is-stacked-on-mobile is-style-default\"><figure class=\"wp-block-media-text__media\"><a href=\"https:\/\/fanavis.com\/pt\/listing\/laparte\/\"><img loading=\"lazy\" decoding=\"async\" width=\"1024\" height=\"653\" src=\"https:\/\/fanavis.com\/wp-content\/uploads\/2024\/09\/getlstd-property-photo-1024x653.jpg\" alt=\"Restaurant L'Apart\u00e9\" class=\"wp-image-3843 size-full\" srcset=\"https:\/\/fanavis.com\/wp-content\/uploads\/2024\/09\/getlstd-property-photo-1024x653.jpg 1024w, https:\/\/fanavis.com\/wp-content\/uploads\/2024\/09\/getlstd-property-photo-300x191.jpg 300w, https:\/\/fanavis.com\/wp-content\/uploads\/2024\/09\/getlstd-property-photo-768x490.jpg 768w, https:\/\/fanavis.com\/wp-content\/uploads\/2024\/09\/getlstd-property-photo-18x12.jpg 18w, https:\/\/fanavis.com\/wp-content\/uploads\/2024\/09\/getlstd-property-photo-590x376.jpg 590w, https:\/\/fanavis.com\/wp-content\/uploads\/2024\/09\/getlstd-property-photo-1050x670.jpg 1050w, https:\/\/fanavis.com\/wp-content\/uploads\/2024\/09\/getlstd-property-photo-577x368.jpg 577w, https:\/\/fanavis.com\/wp-content\/uploads\/2024\/09\/getlstd-property-photo-1200x766.jpg 1200w, https:\/\/fanavis.com\/wp-content\/uploads\/2024\/09\/getlstd-property-photo-600x383.jpg 600w, https:\/\/fanavis.com\/wp-content\/uploads\/2024\/09\/getlstd-property-photo.jpg 1500w\" sizes=\"(max-width: 1024px) 100vw, 1024px\" \/><\/a><\/figure><div class=\"wp-block-media-text__content\">\n<p>Em um ambiente refinado e intimista com apenas quinze lugares, desfrute de uma experi\u00eancia memor\u00e1vel e amig\u00e1vel. Com toda a simplicidade, o chef Armel Bedouet dialoga na sua mesa para aconselh\u00e1-lo sobre os produtos que ele selecionou e aprimorou meticulosamente. Com sua experi\u00eancia em casas de prest\u00edgio, ele expressa sua paix\u00e3o e seu talento. Deixe-se surpreender por um aparte.<\/p>\n<\/div><\/div>\n<\/div><\/div>\n\n\n\n<div class=\"wp-block-group top10\"><div class=\"wp-block-group__inner-container is-layout-constrained wp-block-group-is-layout-constrained\">\n<h2 class=\"wp-block-heading listing-title has-large-font-size\" data-no-translation=\"\"><strong>2. <a href=\"https:\/\/fanavis.com\/fr\/listing\/dans-le-noir\/\">Dans le Noir ?<\/a><\/strong><\/h2>\n\n\n\n<p style=\"font-size:16px\"><a href=\"https:\/\/fanavis.com\/pt\/listing\/dans-le-noir\/#listing-location\"><i class=\"fa fa-map-marker\"><\/i> Quai Du Mont-blanc 11, Genebra 1201 Suisse<\/a> | <strong>COZINHA: Francesa, Internacional, Europeia<\/strong><\/p>\n\n\n\n<div class=\"wp-block-media-text is-stacked-on-mobile is-style-default\"><figure class=\"wp-block-media-text__media\"><a href=\"https:\/\/fanavis.com\/pt\/listing\/dans-le-noir\/\"><img loading=\"lazy\" decoding=\"async\" width=\"1024\" height=\"693\" src=\"https:\/\/fanavis.com\/wp-content\/uploads\/2024\/09\/main-dans-le-noir-geneve-1024x693.jpg\" alt=\"Restaurant Dans Le Noir ?\" class=\"wp-image-3842 size-full\" srcset=\"https:\/\/fanavis.com\/wp-content\/uploads\/2024\/09\/main-dans-le-noir-geneve-1024x693.jpg 1024w, https:\/\/fanavis.com\/wp-content\/uploads\/2024\/09\/main-dans-le-noir-geneve-300x203.jpg 300w, https:\/\/fanavis.com\/wp-content\/uploads\/2024\/09\/main-dans-le-noir-geneve-768x520.jpg 768w, https:\/\/fanavis.com\/wp-content\/uploads\/2024\/09\/main-dans-le-noir-geneve-18x12.jpg 18w, https:\/\/fanavis.com\/wp-content\/uploads\/2024\/09\/main-dans-le-noir-geneve-590x399.jpg 590w, https:\/\/fanavis.com\/wp-content\/uploads\/2024\/09\/main-dans-le-noir-geneve-990x670.jpg 990w, https:\/\/fanavis.com\/wp-content\/uploads\/2024\/09\/main-dans-le-noir-geneve-577x390.jpg 577w, https:\/\/fanavis.com\/wp-content\/uploads\/2024\/09\/main-dans-le-noir-geneve-600x406.jpg 600w, https:\/\/fanavis.com\/wp-content\/uploads\/2024\/09\/main-dans-le-noir-geneve.jpg 1200w\" sizes=\"(max-width: 1024px) 100vw, 1024px\" \/><\/a><\/figure><div class=\"wp-block-media-text__content\">\n<p>\u201cDans le Noir?\u201d Em seus restaurantes voc\u00ea pode jantar na escurid\u00e3o total acompanhado e servido por guias inesperados. Degustar, almo\u00e7ar ou jantar na escurid\u00e3o absoluta \u00e9 uma experi\u00eancia original que nos permite reavaliar nossa percep\u00e7\u00e3o do paladar redescobrindo nossos sentidos adormecidos pela onipresen\u00e7a do olhar, reencantar nossa rela\u00e7\u00e3o com o mundo e com os outros e experimentar um encontro surpreendente com a diferen\u00e7a.<a href=\"https:\/\/geneve.danslenoir.com\/reserver-geneve.html\"><\/a><\/p>\n<\/div><\/div>\n<\/div><\/div>\n\n\n\n<div class=\"wp-block-group top10\"><div class=\"wp-block-group__inner-container is-layout-constrained wp-block-group-is-layout-constrained\">\n<h2 class=\"wp-block-heading listing-title has-large-font-size\" data-no-translation=\"\"><strong>3. <a href=\"https:\/\/fanavis.com\/listing\/le-bistroquet\/\">Le Bistroquet<\/a><\/strong><\/h2>\n\n\n\n<p style=\"font-size:16px\"><a href=\"https:\/\/fanavis.com\/pt\/listing\/le-bistroquet\/#listing-location\"><i class=\"fa fa-map-marker\"><\/i> Rue Caroline 10, Genebra 1227 Su\u00ed\u00e7a<\/a> | <strong>COZINHA: Francesa, Europeia<\/strong>, <strong>Bistro<\/strong><\/p>\n\n\n\n<div class=\"wp-block-media-text is-stacked-on-mobile is-style-default\"><figure class=\"wp-block-media-text__media\"><a href=\"https:\/\/fanavis.com\/pt\/listing\/le-bistroquet\/\"><img loading=\"lazy\" decoding=\"async\" width=\"1024\" height=\"576\" src=\"https:\/\/fanavis.com\/wp-content\/uploads\/2024\/09\/salle-1024x576.jpg\" alt=\"Restaurant Le Bistroquet\" class=\"wp-image-3844 size-full\" srcset=\"https:\/\/fanavis.com\/wp-content\/uploads\/2024\/09\/salle-1024x576.jpg 1024w, https:\/\/fanavis.com\/wp-content\/uploads\/2024\/09\/salle-300x169.jpg 300w, https:\/\/fanavis.com\/wp-content\/uploads\/2024\/09\/salle-768x432.jpg 768w, https:\/\/fanavis.com\/wp-content\/uploads\/2024\/09\/salle-18x10.jpg 18w, https:\/\/fanavis.com\/wp-content\/uploads\/2024\/09\/salle-590x332.jpg 590w, https:\/\/fanavis.com\/wp-content\/uploads\/2024\/09\/salle-1191x670.jpg 1191w, https:\/\/fanavis.com\/wp-content\/uploads\/2024\/09\/salle-577x325.jpg 577w, https:\/\/fanavis.com\/wp-content\/uploads\/2024\/09\/salle-600x338.jpg 600w, https:\/\/fanavis.com\/wp-content\/uploads\/2024\/09\/salle.jpg 1200w\" sizes=\"(max-width: 1024px) 100vw, 1024px\" \/><\/a><\/figure><div class=\"wp-block-media-text__content\">\n<p>Al\u00e9m de oferecer uma cozinha gourmet, o Le Bistroquet faz quest\u00e3o de trabalhar com os melhores produtos poss\u00edveis, minimizando seu impacto,<br>\u00c9 por isso que nos comprometemos a favorecer produtos locais da Su\u00ed\u00e7a, a trabalhar em circuito curto e a selecionar cuidadosamente os fornecedores.<br>com quem colaboramos.<\/p>\n<\/div><\/div>\n<\/div><\/div>\n\n\n\n<div class=\"wp-block-group top10\"><div class=\"wp-block-group__inner-container is-layout-constrained wp-block-group-is-layout-constrained\">\n<h2 class=\"wp-block-heading listing-title has-large-font-size\" data-no-translation=\"\"><strong>4. <a href=\"https:\/\/fanavis.com\/listing\/lagape\/\">L&#8217;Agape<\/a><\/strong><\/h2>\n\n\n\n<p style=\"font-size:16px\"><a href=\"https:\/\/fanavis.com\/pt\/listing\/lagape\/#listing-location\"><i class=\"fa fa-map-marker\"><\/i> Rue Caroline 11, Genebra 1227 Su\u00ed\u00e7a<\/a> | <strong>COZINHA: Francesa, Internacional, Europeia<\/strong><\/p>\n\n\n\n<div class=\"wp-block-media-text is-stacked-on-mobile is-style-default\"><figure class=\"wp-block-media-text__media\"><a href=\"https:\/\/fanavis.com\/pt\/listing\/lagape\/\"><img loading=\"lazy\" decoding=\"async\" width=\"1024\" height=\"690\" src=\"https:\/\/fanavis.com\/wp-content\/uploads\/2024\/09\/l-agape-1024x690.jpg\" alt=\"Restaurant L'Agape\" class=\"wp-image-3847 size-full\" srcset=\"https:\/\/fanavis.com\/wp-content\/uploads\/2024\/09\/l-agape-1024x690.jpg 1024w, https:\/\/fanavis.com\/wp-content\/uploads\/2024\/09\/l-agape-300x202.jpg 300w, https:\/\/fanavis.com\/wp-content\/uploads\/2024\/09\/l-agape-768x518.jpg 768w, https:\/\/fanavis.com\/wp-content\/uploads\/2024\/09\/l-agape-18x12.jpg 18w, https:\/\/fanavis.com\/wp-content\/uploads\/2024\/09\/l-agape-590x398.jpg 590w, https:\/\/fanavis.com\/wp-content\/uploads\/2024\/09\/l-agape-994x670.jpg 994w, https:\/\/fanavis.com\/wp-content\/uploads\/2024\/09\/l-agape-577x389.jpg 577w, https:\/\/fanavis.com\/wp-content\/uploads\/2024\/09\/l-agape-600x405.jpg 600w, https:\/\/fanavis.com\/wp-content\/uploads\/2024\/09\/l-agape.jpg 1200w\" sizes=\"(max-width: 1024px) 100vw, 1024px\" \/><\/a><\/figure><div class=\"wp-block-media-text__content\">\n<p>O \u201cL&#039;AGAPE\u201d abriu suas portas na quarta-feira, 12 de junho de 2019. Localizado no bairro de Acacias, a poucos passos de Vieux Carouge, o restaurante oferece um menu sazonal focado em produtos frescos.<\/p>\n<\/div><\/div>\n<\/div><\/div>\n\n\n\n<div class=\"wp-block-group top10\"><div class=\"wp-block-group__inner-container is-layout-constrained wp-block-group-is-layout-constrained\">\n<h2 class=\"wp-block-heading listing-title has-large-font-size\" data-no-translation=\"\"><strong>5. <a href=\"https:\/\/fanavis.com\/listing\/le-chat-botte\/\">Le Chat-bott\u00e9<\/a><\/strong><\/h2>\n\n\n\n<p style=\"font-size:16px\"><a href=\"https:\/\/fanavis.com\/pt\/listing\/le-chat-botte\/#listing-location\"><i class=\"fa fa-map-marker\"><\/i> Quai du Mont-Blanc 13, Genebra 1201 Su\u00ed\u00e7a<\/a> | <strong>COZINHA: Francesa, Europeia, Gastron\u00f4mica<\/strong><\/p>\n\n\n\n<div class=\"wp-block-media-text is-stacked-on-mobile is-style-default\"><figure class=\"wp-block-media-text__media\"><a href=\"https:\/\/fanavis.com\/pt\/listing\/le-chat-botte\/\"><img loading=\"lazy\" decoding=\"async\" width=\"650\" height=\"500\" src=\"https:\/\/fanavis.com\/wp-content\/uploads\/2024\/09\/le-chat-botte.jpg\" alt=\"Restaurant Le Chat bott\u00e9\" class=\"wp-image-3848 size-full\" srcset=\"https:\/\/fanavis.com\/wp-content\/uploads\/2024\/09\/le-chat-botte.jpg 650w, https:\/\/fanavis.com\/wp-content\/uploads\/2024\/09\/le-chat-botte-300x231.jpg 300w, https:\/\/fanavis.com\/wp-content\/uploads\/2024\/09\/le-chat-botte-16x12.jpg 16w, https:\/\/fanavis.com\/wp-content\/uploads\/2024\/09\/le-chat-botte-590x454.jpg 590w, https:\/\/fanavis.com\/wp-content\/uploads\/2024\/09\/le-chat-botte-577x444.jpg 577w, https:\/\/fanavis.com\/wp-content\/uploads\/2024\/09\/le-chat-botte-600x462.jpg 600w\" sizes=\"(max-width: 650px) 100vw, 650px\" \/><\/a><\/figure><div class=\"wp-block-media-text__content\">\n<p>Desde 11 de maio, apenas o Terrasse by Dominique Gauthier est\u00e1 aberto, ent\u00e3o venha e aproveite um momento excepcional. Quando o tempo est\u00e1 bom, prazeres gourmet podem ser encontrados no La Terrasse by Dominique Gauthier, um lugar lend\u00e1rio no Beau-Rivage Gen\u00e8ve. Deliciosos buf\u00eas de caf\u00e9 da manh\u00e3, almo\u00e7os divinos no terra\u00e7o e comida suculenta e divertida para compartilhar, preparada na grelha nos almo\u00e7os de domingo, estar\u00e3o no seu maravilhoso menu de ver\u00e3o. Neste ver\u00e3o, tire um tempo da agita\u00e7\u00e3o de Genebra e presenteie-se com um momento de emo\u00e7\u00e3o e indulg\u00eancia!<\/p>\n<\/div><\/div>\n<\/div><\/div>\n\n\n\n<div class=\"wp-block-group top10\"><div class=\"wp-block-group__inner-container is-layout-constrained wp-block-group-is-layout-constrained\">\n<h2 class=\"wp-block-heading listing-title has-large-font-size\" data-no-translation=\"\"><strong>6. <a href=\"https:\/\/fanavis.com\/listing\/bayview\/\">Bayview<\/a><\/strong><\/h2>\n\n\n\n<p style=\"font-size:16px\"><i class=\"fa fa-map-marker\"><\/i> <a href=\"https:\/\/fanavis.com\/pt\/listing\/bayview\/#listing-location\">47 Quai Wilson H\u00f4tel Pr\u00e9sident Wilson, Genebra 1211 Su\u00ed\u00e7a<\/a> | <strong>COZINHA: Francesa, Europeia, Gastron\u00f4mica<\/strong><\/p>\n\n\n\n<div class=\"wp-block-media-text is-stacked-on-mobile is-style-default\"><figure class=\"wp-block-media-text__media\"><a href=\"https:\/\/fanavis.com\/pt\/listing\/bayview\/\"><img loading=\"lazy\" decoding=\"async\" width=\"1024\" height=\"753\" src=\"https:\/\/fanavis.com\/wp-content\/uploads\/2024\/09\/bayview-1024x753.jpg\" alt=\"Restaurant Bayview\" class=\"wp-image-3849 size-full\" srcset=\"https:\/\/fanavis.com\/wp-content\/uploads\/2024\/09\/bayview-1024x753.jpg 1024w, https:\/\/fanavis.com\/wp-content\/uploads\/2024\/09\/bayview-300x221.jpg 300w, https:\/\/fanavis.com\/wp-content\/uploads\/2024\/09\/bayview-768x564.jpg 768w, https:\/\/fanavis.com\/wp-content\/uploads\/2024\/09\/bayview-16x12.jpg 16w, https:\/\/fanavis.com\/wp-content\/uploads\/2024\/09\/bayview-590x434.jpg 590w, https:\/\/fanavis.com\/wp-content\/uploads\/2024\/09\/bayview-912x670.jpg 912w, https:\/\/fanavis.com\/wp-content\/uploads\/2024\/09\/bayview-577x424.jpg 577w, https:\/\/fanavis.com\/wp-content\/uploads\/2024\/09\/bayview-600x441.jpg 600w, https:\/\/fanavis.com\/wp-content\/uploads\/2024\/09\/bayview.jpg 1200w\" sizes=\"(max-width: 1024px) 100vw, 1024px\" \/><\/a><\/figure><div class=\"wp-block-media-text__content\">\n<p>O restaurante Bayview, com estrela Michelin, convida voc\u00ea a participar de uma experi\u00eancia gastron\u00f4mica aut\u00eantica enquanto admira vistas de tirar o f\u00f4lego do Lago Genebra e dos Alpes. Os h\u00f3spedes se acomodam em luxuosos m\u00f3veis de mogno em meio a uma decora\u00e7\u00e3o moderna em tons de azul e dourado, real\u00e7ada por elegantes utens\u00edlios de mesa, incluindo copos de cristal Saint Louis para prazer imediato.<\/p>\n<\/div><\/div>\n<\/div><\/div>\n\n\n\n<div class=\"wp-block-group top10\"><div class=\"wp-block-group__inner-container is-layout-constrained wp-block-group-is-layout-constrained\">\n<h2 class=\"wp-block-heading listing-title has-large-font-size\" data-no-translation=\"\"><strong>7. <a href=\"https:\/\/fanavis.com\/listing\/living-room-bar-kitchen\/\">Living Room Bar &amp; Kitchen<\/a><\/strong><\/h2>\n\n\n\n<p style=\"font-size:16px\"><i class=\"fa fa-map-marker\"><\/i> <a href=\"https:\/\/fanavis.com\/pt\/listing\/living-room-bar-kitchen\/#listing-location\">Quai du Mont-Blanc 11, Genebra 1201 Su\u00ed\u00e7a<\/a> | <strong>COZINHAS: Francesa, Internacional, Europeia<\/strong><\/p>\n\n\n\n<div class=\"wp-block-media-text is-stacked-on-mobile is-style-default\"><figure class=\"wp-block-media-text__media\"><a href=\"https:\/\/fanavis.com\/pt\/listing\/living-room-bar-kitchen\/\"><img loading=\"lazy\" decoding=\"async\" width=\"1024\" height=\"683\" src=\"https:\/\/fanavis.com\/wp-content\/uploads\/2024\/09\/Living-Room-Bar-Kitchen-1024x683.jpg\" alt=\"Restaurant Living Room Bar &amp; Kitchen\" class=\"wp-image-3850 size-full\" srcset=\"https:\/\/fanavis.com\/wp-content\/uploads\/2024\/09\/Living-Room-Bar-Kitchen-1024x683.jpg 1024w, https:\/\/fanavis.com\/wp-content\/uploads\/2024\/09\/Living-Room-Bar-Kitchen-300x200.jpg 300w, https:\/\/fanavis.com\/wp-content\/uploads\/2024\/09\/Living-Room-Bar-Kitchen-768x512.jpg 768w, https:\/\/fanavis.com\/wp-content\/uploads\/2024\/09\/Living-Room-Bar-Kitchen-18x12.jpg 18w, https:\/\/fanavis.com\/wp-content\/uploads\/2024\/09\/Living-Room-Bar-Kitchen-590x393.jpg 590w, https:\/\/fanavis.com\/wp-content\/uploads\/2024\/09\/Living-Room-Bar-Kitchen-1005x670.jpg 1005w, https:\/\/fanavis.com\/wp-content\/uploads\/2024\/09\/Living-Room-Bar-Kitchen-577x385.jpg 577w, https:\/\/fanavis.com\/wp-content\/uploads\/2024\/09\/Living-Room-Bar-Kitchen-600x400.jpg 600w, https:\/\/fanavis.com\/wp-content\/uploads\/2024\/09\/Living-Room-Bar-Kitchen.jpg 1200w\" sizes=\"(max-width: 1024px) 100vw, 1024px\" \/><\/a><\/figure><div class=\"wp-block-media-text__content\">\n<p>Com vistas excepcionais do Lago Genebra e do Monte Branco, o Living Room Bar &amp; Kitchen combina uma culin\u00e1ria atraente, servi\u00e7o genu\u00edno e sabores locais em um ambiente residencial elegante.<\/p>\n<\/div><\/div>\n<\/div><\/div>\n\n\n\n<div class=\"wp-block-group top10\"><div class=\"wp-block-group__inner-container is-layout-constrained wp-block-group-is-layout-constrained\">\n<h2 class=\"wp-block-heading listing-title has-large-font-size\" data-no-translation=\"\"><strong>8. <a href=\"https:\/\/fanavis.com\/listing\/21-club\/\">21 Club<\/a><\/strong><\/h2>\n\n\n\n<p style=\"font-size:16px\"><a href=\"https:\/\/fanavis.com\/pt\/listing\/21-club\/#listing-location\"><i class=\"fa fa-map-marker\"><\/i> Rue Henri-Blanvalet 11, Genebra 1207 Su\u00ed\u00e7a<\/a> |<strong> COZINHA: Francesa, Mediterr\u00e2nea, Fusion<\/strong><\/p>\n\n\n\n<div class=\"wp-block-media-text is-stacked-on-mobile is-style-default\"><figure class=\"wp-block-media-text__media\"><a href=\"https:\/\/fanavis.com\/pt\/listing\/21-club\/\"><img loading=\"lazy\" decoding=\"async\" width=\"1024\" height=\"682\" src=\"https:\/\/fanavis.com\/wp-content\/uploads\/2024\/09\/21-Club-1024x682.jpg\" alt=\"Restaurant 21 Club\" class=\"wp-image-3851 size-full\" srcset=\"https:\/\/fanavis.com\/wp-content\/uploads\/2024\/09\/21-Club-1024x682.jpg 1024w, https:\/\/fanavis.com\/wp-content\/uploads\/2024\/09\/21-Club-300x200.jpg 300w, https:\/\/fanavis.com\/wp-content\/uploads\/2024\/09\/21-Club-768x511.jpg 768w, https:\/\/fanavis.com\/wp-content\/uploads\/2024\/09\/21-Club-18x12.jpg 18w, https:\/\/fanavis.com\/wp-content\/uploads\/2024\/09\/21-Club-590x393.jpg 590w, https:\/\/fanavis.com\/wp-content\/uploads\/2024\/09\/21-Club-1006x670.jpg 1006w, https:\/\/fanavis.com\/wp-content\/uploads\/2024\/09\/21-Club-577x384.jpg 577w, https:\/\/fanavis.com\/wp-content\/uploads\/2024\/09\/21-Club-600x400.jpg 600w, https:\/\/fanavis.com\/wp-content\/uploads\/2024\/09\/21-Club.jpg 1200w\" sizes=\"(max-width: 1024px) 100vw, 1024px\" \/><\/a><\/figure><div class=\"wp-block-media-text__content\">\n<p>Para uma experi\u00eancia \u00fanica, o menu degusta\u00e7\u00e3o \u00e9 ideal para um jantar de alta classe em uma atmosfera amig\u00e1vel. Aten\u00e7\u00e3o especial \u00e9 dada \u00e0 harmoniza\u00e7\u00e3o de comida e vinho, o que real\u00e7ar\u00e1 as combina\u00e7\u00f5es certas e saborosas. Descubra sua hist\u00f3ria por meio de seus pratos.<\/p>\n<\/div><\/div>\n<\/div><\/div>\n\n\n\n<div class=\"wp-block-group top10\"><div class=\"wp-block-group__inner-container is-layout-constrained wp-block-group-is-layout-constrained\">\n<h2 class=\"wp-block-heading listing-title has-large-font-size\" data-no-translation=\"\"><strong><a href=\"https:\/\/fanavis.com\/listing\/domaine-de-chateauvieux\/\">9. Domaine De Ch\u00e2teauvieux<\/a><\/strong><\/h2>\n\n\n\n<p style=\"font-size:16px\"><a href=\"https:\/\/fanavis.com\/pt\/listing\/domaine-de-chateauvieux\/#listing-location\"><i class=\"fa fa-map-marker\"><\/i> Chemin De Ch\u00e2teauvieux 16, Satigny 1242 Suisse<\/a> | <strong>COZINHA: Francesa, Su\u00ed\u00e7a, Europeia<\/strong><\/p>\n\n\n\n<div class=\"wp-block-media-text is-stacked-on-mobile is-style-default\"><figure class=\"wp-block-media-text__media\"><a href=\"https:\/\/fanavis.com\/pt\/listing\/domaine-de-chateauvieux\/\"><img loading=\"lazy\" decoding=\"async\" width=\"1024\" height=\"683\" src=\"https:\/\/fanavis.com\/wp-content\/uploads\/2024\/09\/domaine-de-chateauvieux-1024x683.jpg\" alt=\"Restaurant Domaine de Ch\u00e2teauvieux\" class=\"wp-image-3852 size-full\" srcset=\"https:\/\/fanavis.com\/wp-content\/uploads\/2024\/09\/domaine-de-chateauvieux-1024x683.jpg 1024w, https:\/\/fanavis.com\/wp-content\/uploads\/2024\/09\/domaine-de-chateauvieux-300x200.jpg 300w, https:\/\/fanavis.com\/wp-content\/uploads\/2024\/09\/domaine-de-chateauvieux-768x512.jpg 768w, https:\/\/fanavis.com\/wp-content\/uploads\/2024\/09\/domaine-de-chateauvieux-18x12.jpg 18w, https:\/\/fanavis.com\/wp-content\/uploads\/2024\/09\/domaine-de-chateauvieux-590x393.jpg 590w, https:\/\/fanavis.com\/wp-content\/uploads\/2024\/09\/domaine-de-chateauvieux-1005x670.jpg 1005w, https:\/\/fanavis.com\/wp-content\/uploads\/2024\/09\/domaine-de-chateauvieux-577x385.jpg 577w, https:\/\/fanavis.com\/wp-content\/uploads\/2024\/09\/domaine-de-chateauvieux-600x400.jpg 600w, https:\/\/fanavis.com\/wp-content\/uploads\/2024\/09\/domaine-de-chateauvieux.jpg 1200w\" sizes=\"(max-width: 1024px) 100vw, 1024px\" \/><\/a><\/figure><div class=\"wp-block-media-text__content\">\n<p>Neste lugar hist\u00f3rico onde reina uma atmosfera amig\u00e1vel, voc\u00ea ser\u00e1 mimado desde o momento em que chegar e se sentir\u00e1 em casa. Todos os nossos quartos foram decorados com eleg\u00e2ncia e requinte e todos t\u00eam uma vista magn\u00edfica sobre os vinhedos, o Rh\u00f4ne ou as montanhas Jura. Temos certeza de que voc\u00ea apreciar\u00e1 o fato de que o H\u00f4tel du Domaine de Ch\u00e2teauvieux abriga um restaurante gourmet de reputa\u00e7\u00e3o internacional, sob a dire\u00e7\u00e3o de seu chef estrelado Philippe Chevrier, tamb\u00e9m propriet\u00e1rio da propriedade.<\/p>\n<\/div><\/div>\n<\/div><\/div>\n\n\n\n<div class=\"wp-block-group top10\"><div class=\"wp-block-group__inner-container is-layout-constrained wp-block-group-is-layout-constrained\">\n<h2 class=\"wp-block-heading listing-title has-large-font-size\" data-no-translation=\"\"><strong>10. <strong><a href=\"https:\/\/fanavis.com\/listing\/tse-fung\/\">Ts\u00e9 Fung<\/a><\/strong><\/strong><\/h2>\n\n\n\n<p style=\"font-size:16px\"><a href=\"https:\/\/fanavis.com\/pt\/listing\/tse-fung\/#listing-location\"><i class=\"fa fa-map-marker\"><\/i> Route de Lausanne 301, Genebra, 1293, Su\u00ed\u00e7a<\/a> | <strong>COZINHA: Chinesa, Asi\u00e1tica, Cantonesa<\/strong><\/p>\n\n\n\n<div class=\"wp-block-media-text is-stacked-on-mobile is-style-default\"><figure class=\"wp-block-media-text__media\"><a href=\"https:\/\/fanavis.com\/pt\/listing\/tse-fung\/\"><img loading=\"lazy\" decoding=\"async\" width=\"1024\" height=\"683\" src=\"https:\/\/fanavis.com\/wp-content\/uploads\/2024\/09\/le-tse-fung-1024x683.jpg\" alt=\"Restaurant le Ts\u00e9 Fung\" class=\"wp-image-3863 size-full\" srcset=\"https:\/\/fanavis.com\/wp-content\/uploads\/2024\/09\/le-tse-fung-1024x683.jpg 1024w, https:\/\/fanavis.com\/wp-content\/uploads\/2024\/09\/le-tse-fung-300x200.jpg 300w, https:\/\/fanavis.com\/wp-content\/uploads\/2024\/09\/le-tse-fung-768x512.jpg 768w, https:\/\/fanavis.com\/wp-content\/uploads\/2024\/09\/le-tse-fung-18x12.jpg 18w, https:\/\/fanavis.com\/wp-content\/uploads\/2024\/09\/le-tse-fung-590x393.jpg 590w, https:\/\/fanavis.com\/wp-content\/uploads\/2024\/09\/le-tse-fung-1005x670.jpg 1005w, https:\/\/fanavis.com\/wp-content\/uploads\/2024\/09\/le-tse-fung-577x385.jpg 577w, https:\/\/fanavis.com\/wp-content\/uploads\/2024\/09\/le-tse-fung-600x400.jpg 600w, https:\/\/fanavis.com\/wp-content\/uploads\/2024\/09\/le-tse-fung.jpg 1200w\" sizes=\"(max-width: 1024px) 100vw, 1024px\" \/><\/a><\/figure><div class=\"wp-block-media-text__content\">\n<p>A decora\u00e7\u00e3o de veludo vermelho, laca preta e cortinas de seda foi ampliada e ainda transporta voc\u00ea para um pal\u00e1cio de Xangai dos anos 1930. No restaurante, nas salas privadas para tranquilidade absoluta ou no terra\u00e7o que oferece uma vista muito bonita dos Alpes e do Lago Genebra, as equipes do Ts\u00e9 Fung est\u00e3o ansiosas para receb\u00ea-lo para descobrir um novo menu assinado por Frank Xu.<\/p>\n<\/div><\/div>\n<\/div><\/div>","protected":false},"excerpt":{"rendered":"<p>TOP 10: best restaurants in Geneva Fanavis proposes you its selection of the 10 best restaurants in Geneva, Switzerland 1. L&#8217;Apart\u00e9 Rue de Lausanne 41-43, Gen\u00e8ve 1201 Suisse | CUISINE: French, European, Diner In a refined and intimate setting with only fifteen seats, enjoy a memorable and friendly experience. In all simplicity, chef Armel Bedouet [&hellip;]<\/p>","protected":false},"author":1,"featured_media":0,"parent":0,"menu_order":0,"comment_status":"closed","ping_status":"closed","template":"","meta":{"inline_featured_image":false,"footnotes":""},"_links":{"self":[{"href":"https:\/\/fanavis.com\/pt\/wp-json\/wp\/v2\/pages\/3817"}],"collection":[{"href":"https:\/\/fanavis.com\/pt\/wp-json\/wp\/v2\/pages"}],"about":[{"href":"https:\/\/fanavis.com\/pt\/wp-json\/wp\/v2\/types\/page"}],"author":[{"embeddable":true,"href":"https:\/\/fanavis.com\/pt\/wp-json\/wp\/v2\/users\/1"}],"replies":[{"embeddable":true,"href":"https:\/\/fanavis.com\/pt\/wp-json\/wp\/v2\/comments?post=3817"}],"version-history":[{"count":39,"href":"https:\/\/fanavis.com\/pt\/wp-json\/wp\/v2\/pages\/3817\/revisions"}],"predecessor-version":[{"id":4697,"href":"https:\/\/fanavis.com\/pt\/wp-json\/wp\/v2\/pages\/3817\/revisions\/4697"}],"wp:attachment":[{"href":"https:\/\/fanavis.com\/pt\/wp-json\/wp\/v2\/media?parent=3817"}],"curies":[{"name":"wp","href":"https:\/\/api.w.org\/{rel}","templated":true}]}}