{"id":3131,"date":"2023-08-30T12:36:49","date_gmt":"2023-08-30T10:36:49","guid":{"rendered":"https:\/\/fanavis.com\/?page_id=3131"},"modified":"2024-11-08T14:57:00","modified_gmt":"2024-11-08T13:57:00","slug":"fonctionnement","status":"publish","type":"page","link":"https:\/\/fanavis.com\/pt\/fonctionnement\/","title":{"rendered":"Fanavis | Coment\u00e1rio sobre marcha?"},"content":{"rendered":"<h2 class=\"wp-block-heading has-text-align-center\" id=\"a-propos-de-fanavis\">Como funciona?<\/h2>\n\n\n\n<p>Fanavis \u00e9 uma plataforma aberta a todos. Seja voc\u00ea um profissional ou um indiv\u00edduo, comece a publicar ou receber an\u00e1lises de v\u00eddeos imediatamente!<\/p>\n\n\n\n<ul>\n<li><strong>Indiv\u00edduos:<\/strong> descubra as empresas registradas perto de voc\u00ea ou em outro lugar no site da Fanavis e publique an\u00e1lises de v\u00eddeo instantaneamente! Voc\u00ea tamb\u00e9m pode se cadastrar e acessar outros benef\u00edcios da plataforma, como salvar favoritos e gerenciar suas avalia\u00e7\u00f5es<\/li>\n<\/ul>\n\n\n\n<ul>\n<li><strong>Neg\u00f3cios:<\/strong> Cadastre-se gratuitamente e publique facilmente sua p\u00e1gina comercial. Agora voc\u00ea est\u00e1 pronto para receber an\u00e1lises de v\u00eddeos aut\u00eanticas! Voc\u00ea tamb\u00e9m pode optar pelo nosso servi\u00e7o de promo\u00e7\u00e3o para melhor destacar a p\u00e1gina da sua empresa, acesse o <a href=\"https:\/\/fanavis.com\/pt\/fanavis-services\/\">p\u00e1gina de servi\u00e7os<\/a> Para maiores informa\u00e7\u00f5es.<\/li>\n<\/ul>\n\n\n\n<div style=\"height:25px\" aria-hidden=\"true\" class=\"wp-block-spacer\"><\/div>\n\n\n\n<figure class=\"wp-block-gallery has-nested-images columns-default is-cropped wp-block-gallery-1 is-layout-flex wp-block-gallery-is-layout-flex\">\n<figure class=\"wp-block-image size-large\"><img loading=\"lazy\" decoding=\"async\" width=\"1024\" height=\"683\" data-id=\"3193\" src=\"https:\/\/fanavis.com\/wp-content\/uploads\/2023\/09\/pexels-helena-lopes-1015568-1024x683.jpg\" alt=\"\" class=\"wp-image-3193\" srcset=\"https:\/\/fanavis.com\/wp-content\/uploads\/2023\/09\/pexels-helena-lopes-1015568-1024x683.jpg 1024w, https:\/\/fanavis.com\/wp-content\/uploads\/2023\/09\/pexels-helena-lopes-1015568-300x200.jpg 300w, https:\/\/fanavis.com\/wp-content\/uploads\/2023\/09\/pexels-helena-lopes-1015568-768x512.jpg 768w, https:\/\/fanavis.com\/wp-content\/uploads\/2023\/09\/pexels-helena-lopes-1015568-1536x1024.jpg 1536w, https:\/\/fanavis.com\/wp-content\/uploads\/2023\/09\/pexels-helena-lopes-1015568-18x12.jpg 18w, https:\/\/fanavis.com\/wp-content\/uploads\/2023\/09\/pexels-helena-lopes-1015568-590x393.jpg 590w, https:\/\/fanavis.com\/wp-content\/uploads\/2023\/09\/pexels-helena-lopes-1015568-1005x670.jpg 1005w, https:\/\/fanavis.com\/wp-content\/uploads\/2023\/09\/pexels-helena-lopes-1015568-577x385.jpg 577w, https:\/\/fanavis.com\/wp-content\/uploads\/2023\/09\/pexels-helena-lopes-1015568-1200x800.jpg 1200w, https:\/\/fanavis.com\/wp-content\/uploads\/2023\/09\/pexels-helena-lopes-1015568-600x400.jpg 600w, https:\/\/fanavis.com\/wp-content\/uploads\/2023\/09\/pexels-helena-lopes-1015568.jpg 1920w\" sizes=\"(max-width: 1024px) 100vw, 1024px\" \/><\/figure>\n\n\n\n<figure class=\"wp-block-image size-large\"><img loading=\"lazy\" decoding=\"async\" width=\"1024\" height=\"683\" data-id=\"3192\" src=\"https:\/\/fanavis.com\/wp-content\/uploads\/2023\/09\/pexels-helena-lopes-693269-1024x683.jpg\" alt=\"\" class=\"wp-image-3192\" srcset=\"https:\/\/fanavis.com\/wp-content\/uploads\/2023\/09\/pexels-helena-lopes-693269-1024x683.jpg 1024w, https:\/\/fanavis.com\/wp-content\/uploads\/2023\/09\/pexels-helena-lopes-693269-300x200.jpg 300w, https:\/\/fanavis.com\/wp-content\/uploads\/2023\/09\/pexels-helena-lopes-693269-768x512.jpg 768w, https:\/\/fanavis.com\/wp-content\/uploads\/2023\/09\/pexels-helena-lopes-693269-1536x1024.jpg 1536w, https:\/\/fanavis.com\/wp-content\/uploads\/2023\/09\/pexels-helena-lopes-693269-18x12.jpg 18w, https:\/\/fanavis.com\/wp-content\/uploads\/2023\/09\/pexels-helena-lopes-693269-590x393.jpg 590w, https:\/\/fanavis.com\/wp-content\/uploads\/2023\/09\/pexels-helena-lopes-693269-1005x670.jpg 1005w, https:\/\/fanavis.com\/wp-content\/uploads\/2023\/09\/pexels-helena-lopes-693269-577x385.jpg 577w, https:\/\/fanavis.com\/wp-content\/uploads\/2023\/09\/pexels-helena-lopes-693269-1200x800.jpg 1200w, https:\/\/fanavis.com\/wp-content\/uploads\/2023\/09\/pexels-helena-lopes-693269-600x400.jpg 600w, https:\/\/fanavis.com\/wp-content\/uploads\/2023\/09\/pexels-helena-lopes-693269.jpg 1920w\" sizes=\"(max-width: 1024px) 100vw, 1024px\" \/><\/figure>\n<\/figure>","protected":false},"excerpt":{"rendered":"<p>How it works? Fanavis is a platform open to everyone. Whether you are a professional or an individual, start publishing or receiving video reviews right away!<\/p>","protected":false},"author":1,"featured_media":0,"parent":0,"menu_order":0,"comment_status":"closed","ping_status":"closed","template":"","meta":{"inline_featured_image":false,"footnotes":""},"_links":{"self":[{"href":"https:\/\/fanavis.com\/pt\/wp-json\/wp\/v2\/pages\/3131"}],"collection":[{"href":"https:\/\/fanavis.com\/pt\/wp-json\/wp\/v2\/pages"}],"about":[{"href":"https:\/\/fanavis.com\/pt\/wp-json\/wp\/v2\/types\/page"}],"author":[{"embeddable":true,"href":"https:\/\/fanavis.com\/pt\/wp-json\/wp\/v2\/users\/1"}],"replies":[{"embeddable":true,"href":"https:\/\/fanavis.com\/pt\/wp-json\/wp\/v2\/comments?post=3131"}],"version-history":[{"count":1,"href":"https:\/\/fanavis.com\/pt\/wp-json\/wp\/v2\/pages\/3131\/revisions"}],"predecessor-version":[{"id":4730,"href":"https:\/\/fanavis.com\/pt\/wp-json\/wp\/v2\/pages\/3131\/revisions\/4730"}],"wp:attachment":[{"href":"https:\/\/fanavis.com\/pt\/wp-json\/wp\/v2\/media?parent=3131"}],"curies":[{"name":"wp","href":"https:\/\/api.w.org\/{rel}","templated":true}]}}