{"id":1741,"date":"2022-06-29T01:14:22","date_gmt":"2022-06-28T23:14:22","guid":{"rendered":"https:\/\/fanavis.com\/?page_id=1741"},"modified":"2025-03-21T18:51:09","modified_gmt":"2025-03-21T17:51:09","slug":"a-propos","status":"publish","type":"page","link":"https:\/\/fanavis.com\/pt\/a-propos\/","title":{"rendered":"Fanavis | Uma proposta"},"content":{"rendered":"<h2 class=\"wp-block-heading has-text-align-center\" id=\"a-propos-de-fanavis\">Why choose us?<\/h2>\n\n\n\n<div style=\"height:25px\" aria-hidden=\"true\" class=\"wp-block-spacer\"><\/div>\n\n\n\n<p>Fanavis \u00e9 um conceito que surgiu da imagina\u00e7\u00e3o de Darius Kabalisa. Morando em Genebra, na Su\u00ed\u00e7a, ele foi desafiado pelo fen\u00f4meno das cr\u00edticas falsas na internet. Ele pensou sobre isso e encontrou a solu\u00e7\u00e3o definitiva: an\u00e1lises de v\u00eddeos!<\/p>\n\n\n\n<p>Se voc\u00ea puder se esconder atr\u00e1s de um perfil falso, um nome falso e uma imagem falsa, ser\u00e1 muito mais dif\u00edcil fazer avalia\u00e7\u00f5es falsas com v\u00eddeos. Os utilizadores poder\u00e3o assim mostrar a realidade da sua experi\u00eancia em lojas, restaurantes, empresas\u2026 Os novos visitantes ter\u00e3o total confian\u00e7a nas avalia\u00e7\u00f5es da Fanavis e os profissionais n\u00e3o ser\u00e3o mais v\u00edtimas de m\u00e1s classifica\u00e7\u00f5es deixadas por concorrentes ou utilizadores maliciosos. .<\/p>\n\n\n\n<p>Com Fanavis, seja corrigido com an\u00e1lises de v\u00eddeos reais!<\/p>\n\n\n\n<p>Dario Kabalisa<\/p>\n\n\n\n<p>Fondateur de Fanavis.com<\/p>\n\n\n\n<p>For further information, please do not hesitate to contact us at: <a href=\"mailto:info@fanavis.com\">info@fanavis.com<\/a><\/p>\n\n\n\n<p>N\u00b0 Siret : 93817135200017<\/p>\n\n\n<div id=\"erdyt-69dc4f88e85d6\" data-id=\"cQmdI4vJqnU\" class=\"erd-youtube-responsive\" style=\"display:block;position:relative;clear:both;width:100%;max-width:100%;margin-left:auto;margin-right:auto;\"><div style=\"padding-bottom:56.25%;\"><div class=\"erd-ytplay\" id=\"erdytp-cQmdI4vJqnU-69dc4f88e85d6\" data-vid=\"cQmdI4vJqnU\" data-src=\"https:\/\/www.youtube.com\/embed\/cQmdI4vJqnU?loop=1&#038;autoplay=1&#038;rel=0\" data-allowfullscreen=\"true\"><img decoding=\"async\" src=\"https:\/\/i.ytimg.com\/vi\/cQmdI4vJqnU\/hqdefault.jpg\" alt=\"YouTube video\" \/><\/div><\/div><\/div>\n\n\n\n<div style=\"height:59px\" aria-hidden=\"true\" class=\"wp-block-spacer\"><\/div>","protected":false},"excerpt":{"rendered":"<p>Why choose us? Fanavis is a concept that sprang from the imagination of Darius Kabalisa. Living in Geneva, Switzerland, he was challenged by the phenomenon of fake reviews on the internet. He thought about it and found the ultimate solution: video reviews! If you can hide behind a fake profile, a fake name and a [&hellip;]<\/p>","protected":false},"author":1,"featured_media":0,"parent":0,"menu_order":0,"comment_status":"closed","ping_status":"closed","template":"","meta":{"inline_featured_image":false,"footnotes":""},"_links":{"self":[{"href":"https:\/\/fanavis.com\/pt\/wp-json\/wp\/v2\/pages\/1741"}],"collection":[{"href":"https:\/\/fanavis.com\/pt\/wp-json\/wp\/v2\/pages"}],"about":[{"href":"https:\/\/fanavis.com\/pt\/wp-json\/wp\/v2\/types\/page"}],"author":[{"embeddable":true,"href":"https:\/\/fanavis.com\/pt\/wp-json\/wp\/v2\/users\/1"}],"replies":[{"embeddable":true,"href":"https:\/\/fanavis.com\/pt\/wp-json\/wp\/v2\/comments?post=1741"}],"version-history":[{"count":6,"href":"https:\/\/fanavis.com\/pt\/wp-json\/wp\/v2\/pages\/1741\/revisions"}],"predecessor-version":[{"id":5056,"href":"https:\/\/fanavis.com\/pt\/wp-json\/wp\/v2\/pages\/1741\/revisions\/5056"}],"wp:attachment":[{"href":"https:\/\/fanavis.com\/pt\/wp-json\/wp\/v2\/media?parent=1741"}],"curies":[{"name":"wp","href":"https:\/\/api.w.org\/{rel}","templated":true}]}}