{"id":1739,"date":"2022-06-29T01:10:46","date_gmt":"2022-06-28T23:10:46","guid":{"rendered":"https:\/\/fanavis.com\/?page_id=1739"},"modified":"2025-04-14T16:13:09","modified_gmt":"2025-04-14T14:13:09","slug":"services","status":"publish","type":"page","link":"https:\/\/fanavis.com\/pt\/services\/","title":{"rendered":"Fanavis | Servi\u00e7os"},"content":{"rendered":"<h2 class=\"wp-block-heading has-text-align-center\" id=\"a-propos-de-fanavis\">Nossos servi\u00e7os<\/h2>\n\n\n\n<div style=\"height:25px\" aria-hidden=\"true\" class=\"wp-block-spacer\"><\/div>\n\n\n\n<p>Seja para o seu neg\u00f3cio, para o seu evento, nas \u00e1reas do imobili\u00e1rio, restaura\u00e7\u00e3o, turismo ou outras, a Fanavis oferece-lhe um servi\u00e7o eficiente para a sua promo\u00e7\u00e3o.<\/p>\n\n\n\n<ul>\n<li>Apresente seu neg\u00f3cio em nossa p\u00e1gina inicial! Inscreva-se para aparecer na se\u00e7\u00e3o \u201cClose-up on\u201d para chamar instantaneamente a aten\u00e7\u00e3o dos visitantes do site Fanavis. <strong>A partir de CHF 50.- por m\u00eas<\/strong><\/li>\n\n\n\n<li>Torne-se um parceiro Fanavis! Contribua para a influ\u00eancia da Fanavis partilhando a sua experi\u00eancia com os seus clientes: exiba o log\u00f3tipo da Fanavis no seu site, exiba os nossos autocolantes e os nossos folhetos na sua loja, ser\u00e1 uma das empresas que ter\u00e1 destaque no nosso site (close-up , cabe\u00e7alhos, espa\u00e7os publicit\u00e1rios)<\/li>\n\n\n\n<li>Promo\u00e7\u00e3o de v\u00eddeo: adquira seu filme profissional para divulgar seu neg\u00f3cio da melhor forma no Fanavis! R Pe\u00e7a aos nossos profissionais de imagem a qualidade do seu filme (a partir de CHF 800.-) ou envie-nos suas m\u00eddias e n\u00f3s cuidaremos da edi\u00e7\u00e3o (a partir de CHF 450.-)<\/li>\n<\/ul>\n\n\n\n<p>Why create a video advertisement for your restaurant with FANAVIS.com? Here are the benefits:<\/p>\n\n\n\n<p>Increased Visibility: A captivating video can reach a wide audience on social media and sharing platforms, increasing your brand awareness.<\/p>\n\n\n\n<p>Easy Sharing: Videos are easily shareable, which can generate word of mouth and attract even more customers.<\/p>\n\n\n\n<p>A video advertisement created by Fanavis can strengthen your brand image and attract new customers, while highlighting what makes your restaurant unique. \ud83d\ude80\ud83c\udf7d\ufe0f<\/p>\n\n\n\n<p>Para todas as solicita\u00e7\u00f5es, escreva-nos por e-mail: <a href=\"mailto:info@fanavis.com\">info@fanavis.com<\/a><\/p>\n\n\n\n<div style=\"height:50px\" aria-hidden=\"true\" class=\"wp-block-spacer\"><\/div>\n\n\n\n<h2 class=\"wp-block-heading has-text-align-center\" id=\"a-propos-de-fanavis\">Nossos planos de assinatura<\/h2>\n\n\n\n<div style=\"height:50px\" aria-hidden=\"true\" class=\"wp-block-spacer\"><\/div>\n\n\n<div id=\"rpt_pricr\" class=\"rpt_plans rpt_3_plans rpt_style_basic\"><div class=\"\"><div class=\"rpt_plan  rpt_plugin_f rpt_plan_0\"><div style=\"text-align:center;\" class=\"rpt_title rpt_title_0\">BRONZE<\/div><div class=\"rpt_head rpt_head_0\"><div class=\"rpt_recurrence rpt_recurrence_0\">mensal<\/div><div class=\"rpt_price rpt_price_0\">50\u20ac<\/div><div style=\"color:#ffffff;\" class=\"rpt_subtitle rpt_subtitle_0\">O essencial para sua promo\u00e7\u00e3o<\/div><\/div><div class=\"rpt_features rpt_features_0\"><div style=\"color:black;\" class=\"rpt_feature rpt_feature_0-0\">Apresenta\u00e7\u00e3o do perfil do restaurante\r<\/div><div style=\"color:black;\" class=\"rpt_feature rpt_feature_0-1\">Destacado na se\u00e7\u00e3o \u201cdestaques\u201d por uma semana\r<\/div><div style=\"color:black;\" class=\"rpt_feature rpt_feature_0-2\">Instala\u00e7\u00e3o do QR code no estabelecimento\r<\/div><div style=\"color:black;\" class=\"rpt_feature rpt_feature_0-3\">Presen\u00e7a nas redes sociais da Fanavis<\/div><\/div><a target=\"_blank\" href=\"mailto:info@fanavis.com\" style=\"background:#ffffff\" class=\"rpt_foot rpt_foot_0\">Inscrever-se<\/a><\/div><div class=\"rpt_plan  rpt_plugin_f rpt_plan_1 rpt_recommended_plan\"><div style=\"text-align:center;\" class=\"rpt_title rpt_title_1\">PRATA<img decoding=\"async\" style=\"height:30px !important; width:30px !important;\" class=\"rpt_recommended\" src=\"https:\/\/fanavis.com\/wp-content\/plugins\/dk-pricr-responsive-pricing-table\/inc\/img\/rpt_recommended.png\"\/><\/div><div class=\"rpt_head rpt_head_1\"><div class=\"rpt_recurrence rpt_recurrence_1\">mensal<\/div><div class=\"rpt_price rpt_price_1\">100\u20ac<\/div><div style=\"color:#ffffff;\" class=\"rpt_subtitle rpt_subtitle_1\">Promo\u00e7\u00e3o personalizada e internacional<\/div><\/div><div class=\"rpt_features rpt_features_1\"><div style=\"color:black;\" class=\"rpt_feature rpt_feature_1-0\">Todos os servi\u00e7os do plano &quot;BRONZE&quot;\r<\/div><div style=\"color:black;\" class=\"rpt_feature rpt_feature_1-1\">Destaque na se\u00e7\u00e3o \u201cdestaques\u201d por duas semanas\r<\/div><div style=\"color:black;\" class=\"rpt_feature rpt_feature_1-2\">Apresenta\u00e7\u00e3o em v\u00eddeo do estabelecimento\r<\/div><div style=\"color:black;\" class=\"rpt_feature rpt_feature_1-3\">V\u00eddeo da equipe do estabelecimento agradecendo aos clientes\r<\/div><div style=\"color:black;\" class=\"rpt_feature rpt_feature_1-4\">C\u00f3digo QR do menu em v\u00e1rios idiomas<\/div><\/div><a target=\"_blank\" href=\"mailto:info@fanavis.com\" style=\"background:#ffffff\" class=\"rpt_foot rpt_foot_1\">Inscrever-se<\/a><\/div><div class=\"rpt_plan  rpt_plugin_f rpt_plan_2\"><div style=\"text-align:center;\" class=\"rpt_title rpt_title_2\">OURO<\/div><div class=\"rpt_head rpt_head_2\"><div class=\"rpt_recurrence rpt_recurrence_2\">mensal<\/div><div class=\"rpt_price rpt_price_2\">150\u20ac<\/div><div style=\"color:#ffffff;\" class=\"rpt_subtitle rpt_subtitle_2\">Ferramentas poderosas para sua promo\u00e7\u00e3o online<\/div><\/div><div class=\"rpt_features rpt_features_2\"><div style=\"color:black;\" class=\"rpt_feature rpt_feature_2-0\">Todos os servi\u00e7os do plano &quot;SILVER&quot;\r<\/div><div style=\"color:black;\" class=\"rpt_feature rpt_feature_2-1\">Destaque na se\u00e7\u00e3o \u201cdestaques\u201d por um m\u00eas\r<\/div><div style=\"color:black;\" class=\"rpt_feature rpt_feature_2-2\">V\u00eddeos de ofertas de eventos e empregos no site Fanavis\r<\/div><div style=\"color:black;\" class=\"rpt_feature rpt_feature_2-3\">V\u00eddeos de demonstra\u00e7\u00e3o no Youtube ao vivo<\/div><\/div><a target=\"_blank\" href=\"mailto:info@fanavis.com\" style=\"background:#ffffff\" class=\"rpt_foot rpt_foot_2\">Inscrever-se<\/a><\/div><\/div><\/div><div style=\"clear:both;\"><\/div>\n\n\n\n<div style=\"height:50px\" aria-hidden=\"true\" class=\"wp-block-spacer\"><\/div>\n\n\n\n<p>Aqui est\u00e3o alguns exemplos de promo\u00e7\u00f5es de v\u00eddeo:<\/p>\n\n\n\n<div style=\"height:31px\" aria-hidden=\"true\" class=\"wp-block-spacer\"><\/div>\n\n\n<div id=\"erdyt-69dae480844ab\" data-id=\"hbmysAa5VeY\" class=\"erd-youtube-responsive\" style=\"display:block;position:relative;clear:both;width:100%;max-width:100%;margin-left:auto;margin-right:auto;\"><div style=\"padding-bottom:56.25%;\"><div class=\"erd-ytplay\" id=\"erdytp-hbmysAa5VeY-69dae480844ab\" data-vid=\"hbmysAa5VeY\" data-src=\"https:\/\/www.youtube.com\/embed\/hbmysAa5VeY?loop=1&#038;autoplay=1&#038;rel=0\" data-allowfullscreen=\"true\"><img decoding=\"async\" src=\"https:\/\/i.ytimg.com\/vi\/hbmysAa5VeY\/hqdefault.jpg\" alt=\"YouTube video\" \/><\/div><\/div><\/div>\n\n\n\n<div style=\"height:31px\" aria-hidden=\"true\" class=\"wp-block-spacer\"><\/div>\n\n\n<div id=\"erdyt-69dae480844d8\" data-id=\"k3-dFJKNG8I\" class=\"erd-youtube-responsive\" style=\"display:block;position:relative;clear:both;width:100%;max-width:100%;margin-left:auto;margin-right:auto;\"><div style=\"padding-bottom:56.25%;\"><div class=\"erd-ytplay\" id=\"erdytp-k3-dFJKNG8I-69dae480844d8\" data-vid=\"k3-dFJKNG8I\" data-src=\"https:\/\/www.youtube.com\/embed\/k3-dFJKNG8I?loop=1&#038;autoplay=1&#038;rel=0\" data-allowfullscreen=\"true\"><img decoding=\"async\" src=\"https:\/\/i.ytimg.com\/vi\/k3-dFJKNG8I\/hqdefault.jpg\" alt=\"YouTube video\" \/><\/div><\/div><\/div>\n\n\n\n<div style=\"height:31px\" aria-hidden=\"true\" class=\"wp-block-spacer\"><\/div>\n\n\n<div id=\"erdyt-69dae480844f0\" data-id=\"aHa4H28b6To\" class=\"erd-youtube-responsive\" style=\"display:block;position:relative;clear:both;width:100%;max-width:100%;margin-left:auto;margin-right:auto;\"><div style=\"padding-bottom:56.25%;\"><div class=\"erd-ytplay\" id=\"erdytp-aHa4H28b6To-69dae480844f0\" data-vid=\"aHa4H28b6To\" data-src=\"https:\/\/www.youtube.com\/embed\/aHa4H28b6To?loop=1&#038;autoplay=1&#038;rel=0\" data-allowfullscreen=\"true\"><img decoding=\"async\" src=\"https:\/\/i.ytimg.com\/vi\/aHa4H28b6To\/hqdefault.jpg\" alt=\"YouTube video\" \/><\/div><\/div><\/div>\n\n\n\n<div style=\"height:31px\" aria-hidden=\"true\" class=\"wp-block-spacer\"><\/div>\n\n\n<div id=\"erdyt-69dae48084505\" data-id=\"InBkx6XeKE8\" class=\"erd-youtube-responsive\" style=\"display:block;position:relative;clear:both;width:100%;max-width:100%;margin-left:auto;margin-right:auto;\"><div style=\"padding-bottom:56.25%;\"><div class=\"erd-ytplay\" id=\"erdytp-InBkx6XeKE8-69dae48084505\" data-vid=\"InBkx6XeKE8\" data-src=\"https:\/\/www.youtube.com\/embed\/InBkx6XeKE8?loop=1&#038;autoplay=1&#038;rel=0\" data-allowfullscreen=\"true\"><img decoding=\"async\" src=\"https:\/\/i.ytimg.com\/vi\/InBkx6XeKE8\/hqdefault.jpg\" alt=\"YouTube video\" \/><\/div><\/div><\/div>\n\n\n\n<div style=\"height:50px\" aria-hidden=\"true\" class=\"wp-block-spacer\"><\/div>\n\n\n<div id=\"erdyt-69dae48084519\" data-id=\"AxvSDnjoHM8\" class=\"erd-youtube-responsive\" style=\"display:block;position:relative;clear:both;width:100%;max-width:100%;margin-left:auto;margin-right:auto;\"><div style=\"padding-bottom:56.25%;\"><div class=\"erd-ytplay\" id=\"erdytp-AxvSDnjoHM8-69dae48084519\" data-vid=\"AxvSDnjoHM8\" data-src=\"https:\/\/www.youtube.com\/embed\/AxvSDnjoHM8?loop=1&#038;autoplay=1&#038;rel=0\" data-allowfullscreen=\"true\"><img decoding=\"async\" src=\"https:\/\/i.ytimg.com\/vi\/AxvSDnjoHM8\/hqdefault.jpg\" alt=\"YouTube video\" \/><\/div><\/div><\/div>\n\n\n\n<div style=\"height:50px\" aria-hidden=\"true\" class=\"wp-block-spacer\"><\/div>\n\n\n<div id=\"erdyt-69dae4808452f\" data-id=\"f841RKlhelc\" class=\"erd-youtube-responsive\" style=\"display:block;position:relative;clear:both;width:100%;max-width:100%;margin-left:auto;margin-right:auto;\"><div style=\"padding-bottom:56.25%;\"><div class=\"erd-ytplay\" id=\"erdytp-f841RKlhelc-69dae4808452f\" data-vid=\"f841RKlhelc\" data-src=\"https:\/\/www.youtube.com\/embed\/f841RKlhelc?loop=1&#038;autoplay=1&#038;rel=0\" data-allowfullscreen=\"true\"><img decoding=\"async\" src=\"https:\/\/i.ytimg.com\/vi\/f841RKlhelc\/hqdefault.jpg\" alt=\"YouTube video\" \/><\/div><\/div><\/div>\n\n\n\n<div style=\"height:50px\" aria-hidden=\"true\" class=\"wp-block-spacer\"><\/div>\n\n\n<div id=\"erdyt-69dae48084542\" data-id=\"OZi__k5k0Xo\" class=\"erd-youtube-responsive\" style=\"display:block;position:relative;clear:both;width:100%;max-width:100%;margin-left:auto;margin-right:auto;\"><div style=\"padding-bottom:56.25%;\"><div class=\"erd-ytplay\" id=\"erdytp-OZi__k5k0Xo-69dae48084542\" data-vid=\"OZi__k5k0Xo\" data-src=\"https:\/\/www.youtube.com\/embed\/OZi__k5k0Xo?loop=1&#038;autoplay=1&#038;rel=0\" data-allowfullscreen=\"true\"><img decoding=\"async\" src=\"https:\/\/i.ytimg.com\/vi\/OZi__k5k0Xo\/hqdefault.jpg\" alt=\"YouTube video\" \/><\/div><\/div><\/div>\n\n\n\n<div style=\"height:50px\" aria-hidden=\"true\" class=\"wp-block-spacer\"><\/div>\n\n\n<div id=\"erdyt-69dae48084556\" data-id=\"7aWzIfR64r0\" class=\"erd-youtube-responsive\" style=\"display:block;position:relative;clear:both;width:100%;max-width:100%;margin-left:auto;margin-right:auto;\"><div style=\"padding-bottom:56.25%;\"><div class=\"erd-ytplay\" id=\"erdytp-7aWzIfR64r0-69dae48084556\" data-vid=\"7aWzIfR64r0\" data-src=\"https:\/\/www.youtube.com\/embed\/7aWzIfR64r0?loop=1&#038;autoplay=1&#038;rel=0\" data-allowfullscreen=\"true\"><img decoding=\"async\" src=\"https:\/\/i.ytimg.com\/vi\/7aWzIfR64r0\/hqdefault.jpg\" alt=\"YouTube video\" \/><\/div><\/div><\/div>\n\n\n\n<div style=\"height:50px\" aria-hidden=\"true\" class=\"wp-block-spacer\"><\/div>\n\n\n<div id=\"erdyt-69dae48084569\" data-id=\"V8WAv43Owyg\" class=\"erd-youtube-responsive\" style=\"display:block;position:relative;clear:both;width:100%;max-width:100%;margin-left:auto;margin-right:auto;\"><div style=\"padding-bottom:56.25%;\"><div class=\"erd-ytplay\" id=\"erdytp-V8WAv43Owyg-69dae48084569\" data-vid=\"V8WAv43Owyg\" data-src=\"https:\/\/www.youtube.com\/embed\/V8WAv43Owyg?loop=1&#038;autoplay=1&#038;rel=0\" data-allowfullscreen=\"true\"><img decoding=\"async\" src=\"https:\/\/i.ytimg.com\/vi\/V8WAv43Owyg\/hqdefault.jpg\" alt=\"YouTube video\" \/><\/div><\/div><\/div>\n\n\n\n<div style=\"height:50px\" aria-hidden=\"true\" class=\"wp-block-spacer\"><\/div>","protected":false},"excerpt":{"rendered":"<p>Our services Whether for your business, your event, in the fields of real estate, catering, tourism or others, Fanavis offers you a efficient service for your promotion. Why create a video advertisement for your restaurant with FANAVIS.com? Here are the benefits: Increased Visibility: A captivating video can reach a wide audience on social media and [&hellip;]<\/p>","protected":false},"author":1,"featured_media":0,"parent":0,"menu_order":0,"comment_status":"closed","ping_status":"closed","template":"","meta":{"inline_featured_image":false,"footnotes":""},"_links":{"self":[{"href":"https:\/\/fanavis.com\/pt\/wp-json\/wp\/v2\/pages\/1739"}],"collection":[{"href":"https:\/\/fanavis.com\/pt\/wp-json\/wp\/v2\/pages"}],"about":[{"href":"https:\/\/fanavis.com\/pt\/wp-json\/wp\/v2\/types\/page"}],"author":[{"embeddable":true,"href":"https:\/\/fanavis.com\/pt\/wp-json\/wp\/v2\/users\/1"}],"replies":[{"embeddable":true,"href":"https:\/\/fanavis.com\/pt\/wp-json\/wp\/v2\/comments?post=1739"}],"version-history":[{"count":9,"href":"https:\/\/fanavis.com\/pt\/wp-json\/wp\/v2\/pages\/1739\/revisions"}],"predecessor-version":[{"id":5068,"href":"https:\/\/fanavis.com\/pt\/wp-json\/wp\/v2\/pages\/1739\/revisions\/5068"}],"wp:attachment":[{"href":"https:\/\/fanavis.com\/pt\/wp-json\/wp\/v2\/media?parent=1739"}],"curies":[{"name":"wp","href":"https:\/\/api.w.org\/{rel}","templated":true}]}}