{"id":1462,"date":"2022-02-16T18:20:41","date_gmt":"2022-02-16T17:20:41","guid":{"rendered":"https:\/\/fanavis.com\/?page_id=1462"},"modified":"2022-07-13T00:58:35","modified_gmt":"2022-07-12T22:58:35","slug":"politique-de-confidentialite","status":"publish","type":"page","link":"https:\/\/fanavis.com\/pt\/politique-de-confidentialite\/","title":{"rendered":"Pol\u00edtica de confidencialidade"},"content":{"rendered":"<p>pol\u00edtica de Privacidade<\/p>\n\n\n\n<p>\u00daltima atualiza\u00e7\u00e3o em 19 de fevereiro de 2022<\/p>\n\n\n\n<p>Sua privacidade \u00e9 importante para n\u00f3s. \u00c9 pol\u00edtica da Fanavis respeitar a sua privacidade e cumprir todas as leis e regulamentos aplic\u00e1veis em rela\u00e7\u00e3o \u00e0s informa\u00e7\u00f5es pessoais que podemos coletar sobre voc\u00ea, inclusive em nosso site, https:\/\/fanavis.com, e outros sites que possu\u00edmos e operamos.<\/p>\n\n\n\n<p>Esta pol\u00edtica est\u00e1 em vigor desde 19 de fevereiro de 2022 e foi atualizada pela \u00faltima vez em 19 de fevereiro de 2022.<\/p>\n\n\n\n<p>Informa\u00e7\u00f5es que coletamos<\/p>\n\n\n\n<p>As informa\u00e7\u00f5es que coletamos incluem informa\u00e7\u00f5es que voc\u00ea nos fornece de forma consciente e ativa quando usa ou participa de qualquer um de nossos servi\u00e7os e promo\u00e7\u00f5es, e quaisquer informa\u00e7\u00f5es enviadas automaticamente por seus dispositivos ao acessar nossos produtos e servi\u00e7os.<\/p>\n\n\n\n<p>Dados de registro<\/p>\n\n\n\n<p>Quando voc\u00ea visita nosso site, nossos servidores podem registrar automaticamente dados padr\u00e3o fornecidos pelo seu navegador. Pode incluir o endere\u00e7o IP (Internet Protocol) do seu dispositivo, o tipo e vers\u00e3o do seu navegador, as p\u00e1ginas que voc\u00ea visita, a hora e a data da sua visita, o tempo gasto em cada p\u00e1gina, outros detalhes sobre a sua visita e detalhes t\u00e9cnicos que ocorrem em conjunto com quaisquer erros que voc\u00ea possa encontrar.<\/p>\n\n\n\n<p>Observe que, embora essas informa\u00e7\u00f5es possam n\u00e3o ser pessoalmente identific\u00e1veis por si s\u00f3, pode ser poss\u00edvel combin\u00e1-las com outros dados para identificar pessoalmente pessoas individuais.<\/p>\n\n\n\n<p>Informa\u00e7\u00f5es pessoais<\/p>\n\n\n\n<p>Podemos solicitar informa\u00e7\u00f5es pessoais que podem incluir um ou mais dos seguintes:<\/p>\n\n\n\n<p>Sobrenome<br>E-mail<br>Perfis de m\u00eddia social<br>Data de nascimento<br>N\u00famero de telefone<br>Resid\u00eancia\/endere\u00e7o postal<\/p>\n\n\n\n<p>Raz\u00f5es leg\u00edtimas para processar suas informa\u00e7\u00f5es pessoais<\/p>\n\n\n\n<p>Coletamos e usamos suas informa\u00e7\u00f5es pessoais somente quando temos um motivo leg\u00edtimo para faz\u00ea-lo. Neste caso, coletamos apenas informa\u00e7\u00f5es pessoais que sejam razoavelmente necess\u00e1rias para lhe fornecer nossos servi\u00e7os.<\/p>\n\n\n\n<p>Coleta e uso de informa\u00e7\u00f5es<\/p>\n\n\n\n<p>Poderemos coletar suas informa\u00e7\u00f5es pessoais quando voc\u00ea realizar qualquer uma das seguintes a\u00e7\u00f5es em nosso site:<\/p>\n\n\n\n<p>Participe de uma de nossas competi\u00e7\u00f5es, concursos, sorteios e pesquisas<br>Use um dispositivo m\u00f3vel ou navegador da web para acessar nosso conte\u00fado<br>Entre em contato conosco por e-mail, m\u00eddia social ou tecnologia semelhante<br>Quando voc\u00ea nos menciona nas redes sociais<\/p>\n\n\n\n<p>Podemos coletar, manter, usar e divulgar informa\u00e7\u00f5es para os seguintes fins, e as informa\u00e7\u00f5es pessoais n\u00e3o ser\u00e3o processadas posteriormente de maneira inconsistente com esses fins:<\/p>\n\n\n\n<p>Podemos coletar, manter, usar e divulgar informa\u00e7\u00f5es para os seguintes fins, e as informa\u00e7\u00f5es pessoais n\u00e3o ser\u00e3o processadas posteriormente de maneira inconsistente com esses fins:<\/p>\n\n\n\n<p>para permitir que voc\u00ea personalize ou personalize sua experi\u00eancia em nosso site<\/p>\n\n\n\n<p>entrar em contato e se comunicar com voc\u00ea<br>para an\u00e1lises, pesquisas de mercado e desenvolvimento de neg\u00f3cios, inclusive para operar e melhorar nosso site, aplicativos associados e plataformas de m\u00eddia social associadas<br>para publicidade e marketing, inclusive para lhe enviar informa\u00e7\u00f5es promocionais sobre nossos produtos e servi\u00e7os e informa\u00e7\u00f5es sobre terceiros que consideramos que possam lhe interessar<br>para permitir que voc\u00ea acesse e use nosso site, aplicativos associados e plataformas de m\u00eddia social associadas<br>para manuten\u00e7\u00e3o de registros internos e fins administrativos<br>para realizar concursos, sorteios e\/ou fornecer benef\u00edcios adicionais<br>para cumprir nossas obriga\u00e7\u00f5es legais e resolver quaisquer disputas que possamos ter<br>para seguran\u00e7a e preven\u00e7\u00e3o de fraudes e para garantir que nossos sites e aplicativos sejam seguros e usados de acordo com nossos termos de uso<\/p>\n\n\n\n<p>Esteja ciente de que podemos combinar as informa\u00e7\u00f5es que coletamos sobre voc\u00ea com informa\u00e7\u00f5es gerais ou dados de pesquisa que recebemos de outras fontes confi\u00e1veis.<\/p>\n\n\n\n<p>Seguran\u00e7a das suas informa\u00e7\u00f5es pessoais<\/p>\n\n\n\n<p>Quando coletamos e processamos informa\u00e7\u00f5es pessoais, e enquanto mantemos essas informa\u00e7\u00f5es, n\u00f3s as protegemos por meios comercialmente aceit\u00e1veis para evitar perda e roubo, bem como acesso, divulga\u00e7\u00e3o, c\u00f3pia, uso ou modifica\u00e7\u00e3o n\u00e3o autorizada.<\/p>\n\n\n\n<p>Embora fa\u00e7amos o nosso melhor para proteger as informa\u00e7\u00f5es pessoais que voc\u00ea nos fornece, observe que nenhum m\u00e9todo de transmiss\u00e3o ou armazenamento eletr\u00f4nico \u00e9 100% seguro e ningu\u00e9m pode garantir a seguran\u00e7a absoluta dos dados. Cumpriremos as leis que nos s\u00e3o aplic\u00e1veis no que diz respeito a qualquer viola\u00e7\u00e3o de dados.<\/p>\n\n\n\n<p>Voc\u00ea \u00e9 respons\u00e1vel pela sele\u00e7\u00e3o de qualquer senha e pela for\u00e7a geral de sua seguran\u00e7a, garantindo a seguran\u00e7a de suas pr\u00f3prias informa\u00e7\u00f5es dentro dos limites de nossos servi\u00e7os.<\/p>\n\n\n\n<p>Por quanto tempo mantemos suas informa\u00e7\u00f5es pessoais<\/p>\n\n\n\n<p>Mantemos suas informa\u00e7\u00f5es pessoais apenas pelo tempo necess\u00e1rio. Este per\u00edodo pode depender da finalidade para a qual utilizamos as suas informa\u00e7\u00f5es, de acordo com esta Pol\u00edtica de Privacidade. Se as suas informa\u00e7\u00f5es pessoais n\u00e3o forem mais necess\u00e1rias, iremos exclu\u00ed-las ou torn\u00e1-las an\u00f4nimas, removendo quaisquer detalhes que o identifiquem.<\/p>\n\n\n\n<p>No entanto, se necess\u00e1rio, poderemos reter as suas informa\u00e7\u00f5es pessoais para cumprir uma obriga\u00e7\u00e3o legal, contabil\u00edstica ou de comunica\u00e7\u00e3o ou para fins de arquivo de interesse p\u00fablico, para fins de investiga\u00e7\u00e3o cient\u00edfica ou hist\u00f3rica ou para fins estat\u00edsticos.<\/p>\n\n\n\n<p>Privacidade infantil<\/p>\n\n\n\n<p>N\u00e3o direcionamos nenhum dos nossos produtos ou servi\u00e7os diretamente a crian\u00e7as menores de 13 anos e n\u00e3o coletamos intencionalmente informa\u00e7\u00f5es pessoais de crian\u00e7as menores de 13 anos.<\/p>\n\n\n\n<p>Divulga\u00e7\u00e3o de informa\u00e7\u00f5es pessoais a terceiros<\/p>\n\n\n\n<p>Podemos divulgar informa\u00e7\u00f5es pessoais para:<\/p>\n\n\n\n<p>uma controladora, subsidi\u00e1ria ou afiliada de nossa empresa<br>provedores de servi\u00e7os terceirizados com a finalidade de permitir que eles forne\u00e7am seus servi\u00e7os, por exemplo, provedores de servi\u00e7os de TI, armazenamento de dados, provedores de hospedagem e servidores, anunciantes ou plataformas de an\u00e1lise<\/p>\n\n\n\n<p>nossos funcion\u00e1rios, contratados e\/ou entidades relacionadas<br>nossos agentes ou parceiros de neg\u00f3cios existentes ou potenciais<br>patrocinadores ou promotores de qualquer concurso, sorteio ou promo\u00e7\u00e3o que realizamos<br>tribunais, tribunais, autoridades reguladoras e funcion\u00e1rios respons\u00e1veis pela aplica\u00e7\u00e3o da lei, conforme exigido por lei, em conex\u00e3o com qualquer processo judicial atual ou futuro, ou para estabelecer, exercer ou defender nossos direitos legais<br>terceiros, incluindo agentes ou contratados, que nos auxiliam no fornecimento de informa\u00e7\u00f5es, produtos, servi\u00e7os ou marketing direto para voc\u00ea<br>terceiros para coletar e processar dados<\/p>\n\n\n\n<p>Transfer\u00eancias Internacionais de Informa\u00e7\u00f5es Pessoais<\/p>\n\n\n\n<p>As informa\u00e7\u00f5es pessoais que coletamos s\u00e3o armazenadas e\/ou processadas onde n\u00f3s ou nossos parceiros, afiliados e fornecedores terceirizados mantemos instala\u00e7\u00f5es. Observe que os locais onde armazenamos, processamos ou transferimos suas informa\u00e7\u00f5es pessoais podem n\u00e3o ter as mesmas leis de prote\u00e7\u00e3o de dados do pa\u00eds onde voc\u00ea forneceu originalmente as informa\u00e7\u00f5es. Se transferirmos as suas informa\u00e7\u00f5es pessoais para terceiros em outros pa\u00edses: (i) faremos tais transfer\u00eancias de acordo com os requisitos da lei aplic\u00e1vel; e (ii) protegeremos as informa\u00e7\u00f5es pessoais transferidas de acordo com esta Pol\u00edtica de Privacidade.<\/p>\n\n\n\n<p>Seus direitos e controle sobre suas informa\u00e7\u00f5es pessoais<\/p>\n\n\n\n<p>Voc\u00ea sempre reserva o direito de nos recusar informa\u00e7\u00f5es pessoais, entendendo que sua experi\u00eancia em nosso site pode ser afetada. N\u00e3o iremos discriminar voc\u00ea por exercer qualquer um dos seus direitos sobre suas informa\u00e7\u00f5es pessoais. Se voc\u00ea nos fornecer informa\u00e7\u00f5es pessoais, voc\u00ea entende que as coletaremos, manteremos, usaremos e divulgaremos de acordo com esta Pol\u00edtica de Privacidade. Voc\u00ea reserva-se o direito de solicitar detalhes de qualquer informa\u00e7\u00e3o pessoal que tenhamos sobre voc\u00ea.<\/p>\n\n\n\n<p>Se recebermos informa\u00e7\u00f5es pessoais sobre voc\u00ea de terceiros, iremos proteg\u00ea-las conforme estabelecido nesta Pol\u00edtica de Privacidade. Se voc\u00ea for um terceiro que fornece Informa\u00e7\u00f5es Pessoais sobre outra pessoa, voc\u00ea declara e garante que tem o consentimento dessa pessoa para nos fornecer as Informa\u00e7\u00f5es Pessoais.<\/p>\n\n\n\n<p>Se voc\u00ea j\u00e1 consentiu que us\u00e1ssemos suas informa\u00e7\u00f5es pessoais para fins de marketing direto, poder\u00e1 mudar de ideia a qualquer momento. Forneceremos a voc\u00ea a oportunidade de cancelar a inscri\u00e7\u00e3o em nosso banco de dados de e-mail ou cancelar o recebimento de comunica\u00e7\u00f5es. Esteja ciente de que poderemos precisar solicitar informa\u00e7\u00f5es espec\u00edficas suas para nos ajudar a confirmar sua identidade.<\/p>\n\n\n\n<p>Se voc\u00ea acredita que qualquer informa\u00e7\u00e3o que mantemos sobre voc\u00ea \u00e9 imprecisa, desatualizada, incompleta, irrelevante ou enganosa, entre em contato conosco usando os detalhes fornecidos nesta pol\u00edtica de privacidade. Tomaremos medidas razo\u00e1veis para corrigir qualquer informa\u00e7\u00e3o considerada imprecisa, incompleta, enganosa ou desatualizada.<\/p>\n\n\n\n<p>Se voc\u00ea acredita que violamos alguma lei de prote\u00e7\u00e3o de dados relevante e deseja fazer uma reclama\u00e7\u00e3o, entre em contato conosco usando os dados de contato abaixo e forne\u00e7a-nos detalhes completos da suposta viola\u00e7\u00e3o. Investigaremos imediatamente a sua reclama\u00e7\u00e3o e responderemos por escrito, definindo o resultado da nossa investiga\u00e7\u00e3o e as medidas que tomaremos para resolver a sua reclama\u00e7\u00e3o. Voc\u00ea tamb\u00e9m tem o direito de entrar em contato com um regulador ou autoridade de prote\u00e7\u00e3o de dados em rela\u00e7\u00e3o \u00e0 sua reclama\u00e7\u00e3o.<\/p>\n\n\n\n<p>Uso de cookies<\/p>\n\n\n\n<p>Usamos \u201ccookies\u201d para coletar informa\u00e7\u00f5es sobre voc\u00ea e sua atividade em nosso site. Um cookie \u00e9 um pequeno dado que nosso site armazena em seu computador e acessa cada vez que voc\u00ea o visita, para que possamos entender como voc\u00ea usa nosso site. Isso nos ajuda a entregar conte\u00fado a voc\u00ea com base nas prefer\u00eancias que voc\u00ea especificou.<\/p>\n\n\n\n<p>Limites da nossa pol\u00edtica<\/p>\n\n\n\n<p>Nosso site pode conter links para sites externos que n\u00e3o s\u00e3o operados por n\u00f3s. Observe que n\u00e3o temos controle sobre o conte\u00fado e as pol\u00edticas desses sites e n\u00e3o podemos aceitar qualquer responsabilidade por suas respectivas pr\u00e1ticas de privacidade.<\/p>\n\n\n\n<p>Altera\u00e7\u00f5es nesta Pol\u00edtica<\/p>\n\n\n\n<p>A nosso crit\u00e9rio, poderemos modificar a nossa Pol\u00edtica de Privacidade para refletir atualiza\u00e7\u00f5es nos nossos processos comerciais, pr\u00e1ticas atuais aceit\u00e1veis ou altera\u00e7\u00f5es legislativas ou regulamentares. Caso decidamos alterar esta Pol\u00edtica de Privacidade, publicaremos as altera\u00e7\u00f5es aqui no mesmo link atrav\u00e9s do qual voc\u00ea acessa esta Pol\u00edtica de Privacidade.<\/p>\n\n\n\n<p>Se exigido por lei, obteremos sua permiss\u00e3o ou lhe daremos a oportunidade de aceitar ou recusar, conforme o caso, qualquer novo uso de suas informa\u00e7\u00f5es pessoais.<\/p>\n\n\n\n<p>Contate-nos<\/p>\n\n\n\n<p>Para qualquer d\u00favida ou preocupa\u00e7\u00e3o sobre sua privacidade, voc\u00ea pode entrar em contato conosco usando os seguintes dados:<\/p>\n\n\n\n<p>Darius Kabalisa \u2013 info@fanavis.com<\/p>","protected":false},"excerpt":{"rendered":"<p>Privacy Policy Last updated February 19, 2022 Your privacy is important to us. It is Fanavis&#8217; policy to respect your privacy and to comply with all applicable laws and regulations regarding the personal information we may collect about you, including on our website, https:\/\/fanavis.com, and Other Sites We Own and Operate. This policy has been [&hellip;]<\/p>","protected":false},"author":1,"featured_media":0,"parent":0,"menu_order":0,"comment_status":"closed","ping_status":"closed","template":"","meta":{"inline_featured_image":false,"footnotes":""},"_links":{"self":[{"href":"https:\/\/fanavis.com\/pt\/wp-json\/wp\/v2\/pages\/1462"}],"collection":[{"href":"https:\/\/fanavis.com\/pt\/wp-json\/wp\/v2\/pages"}],"about":[{"href":"https:\/\/fanavis.com\/pt\/wp-json\/wp\/v2\/types\/page"}],"author":[{"embeddable":true,"href":"https:\/\/fanavis.com\/pt\/wp-json\/wp\/v2\/users\/1"}],"replies":[{"embeddable":true,"href":"https:\/\/fanavis.com\/pt\/wp-json\/wp\/v2\/comments?post=1462"}],"version-history":[{"count":0,"href":"https:\/\/fanavis.com\/pt\/wp-json\/wp\/v2\/pages\/1462\/revisions"}],"wp:attachment":[{"href":"https:\/\/fanavis.com\/pt\/wp-json\/wp\/v2\/media?parent=1462"}],"curies":[{"name":"wp","href":"https:\/\/api.w.org\/{rel}","templated":true}]}}