{"id":1458,"date":"2022-02-16T18:19:39","date_gmt":"2022-02-16T17:19:39","guid":{"rendered":"https:\/\/fanavis.com\/?page_id=1458"},"modified":"2024-04-12T15:05:46","modified_gmt":"2024-04-12T13:05:46","slug":"conditions-dutilisation","status":"publish","type":"page","link":"https:\/\/fanavis.com\/pt\/conditions-dutilisation\/","title":{"rendered":"Condi\u00e7\u00f5es de utiliza\u00e7\u00e3o"},"content":{"rendered":"<p>Termos de uso<\/p>\n\n\n\n<p>\u00daltima atualiza\u00e7\u00e3o em 19 de fevereiro de 2022<\/p>\n\n\n\n<p>Bem-vindo \u00e0 Fanavis!<\/p>\n\n\n\n<p>Estes termos e condi\u00e7\u00f5es descrevem as regras e regulamentos para uso do site Fanavis, localizado em fanavis.com.<\/p>\n\n\n\n<p>Ao aceder a este website assumimos que aceita estes termos e condi\u00e7\u00f5es. N\u00e3o continue a usar o Fanavis se n\u00e3o concordar com todos os termos e condi\u00e7\u00f5es declarados nesta p\u00e1gina.<\/p>\n\n\n\n<p>A seguinte terminologia se aplica a estes Termos e Condi\u00e7\u00f5es, Declara\u00e7\u00e3o de Privacidade e Aviso de Isen\u00e7\u00e3o de Responsabilidade e todos os Contratos: \u201cCliente\u201d, \u201cVoc\u00ea\u201d e \u201cSeu\u201d refere-se a voc\u00ea, a pessoa que se conecta a este site e que cumpre os termos e condi\u00e7\u00f5es da Empresa . \u201cA Empresa\u201d, \u201cN\u00f3s\u201d, \u201cN\u00f3s\u201d, \u201cNosso\u201d e \u201cN\u00f3s\u201d referem-se \u00e0 nossa Empresa. \u201cParte\u201d, \u201cPartes\u201d ou \u201cN\u00f3s\u201d significa tanto o Cliente quanto n\u00f3s mesmos. Todos os termos referem-se \u00e0 oferta, aceita\u00e7\u00e3o e considera\u00e7\u00e3o do pagamento necess\u00e1rio para realizar o processo de nossa assist\u00eancia ao Cliente da maneira mais adequada para o prop\u00f3sito expresso de atender \u00e0s necessidades do Cliente no que diz respeito \u00e0 presta\u00e7\u00e3o dos servi\u00e7os declarados da Empresa, de acordo e sujeito \u00e0 legisla\u00e7\u00e3o em vigor nos Pa\u00edses Baixos. Qualquer uso da terminologia acima ou de outras palavras no singular, plural, letras mai\u00fasculas e\/ou ele\/ela ou eles, s\u00e3o considerados intercambi\u00e1veis e, portanto, como referentes aos mesmos.<\/p>\n\n\n\n<p><\/p>\n\n\n\n<p>Cr\u00edticas de v\u00eddeo:<\/p>\n\n\n\n<p>Ao publicar resenhas de v\u00eddeos no Fanavis.com, o usu\u00e1rio certifica:<\/p>\n\n\n\n<ul>\n<li>ter mais de 15 anos<\/li>\n\n\n\n<li>autoriza a Fanavis.com a publicar imediatamente sua an\u00e1lise de v\u00eddeo no site, bem como no canal da Fanavis no YouTube \u201cavisenvideo\u201d<\/li>\n\n\n\n<li>ser totalmente respons\u00e1vel pelo conte\u00fado publicado e liberar responsabilidade<br>de Fanavis.com em rela\u00e7\u00e3o a este conte\u00fado<\/li>\n\n\n\n<li>comprometem-se a n\u00e3o publicar conte\u00fado ofensivo, vulgar, sexual ou qualquer outro conte\u00fado ilegal<\/li>\n<\/ul>\n\n\n\n<p>O administrador do Fanavis.com \u00e9 livre para excluir resenhas de v\u00eddeos que n\u00e3o digam respeito \u00e0 p\u00e1gina onde foram postadas. Tamb\u00e9m poder\u00e1 excluir quaisquer v\u00eddeos ou conte\u00fados postados pelo usu\u00e1rio de natureza impr\u00f3pria, vulgar, sexual ou ilegal.<\/p>\n\n\n\n<p>O uso e transfer\u00eancia da Fanavis para qualquer outro aplicativo de informa\u00e7\u00f5es recebidas das APIs do Google obedecer\u00e1\u00a0<a rel=\"noreferrer noopener\" href=\"https:\/\/developers.google.com\/terms\/api-services-user-data-policy#additional_requirements_for_specific_api_scopes\" target=\"_blank\">Pol\u00edtica de dados do usu\u00e1rio dos servi\u00e7os de API do Google<\/a>, incluindo os requisitos de uso limitado.<\/p>\n\n\n\n<p><\/p>\n\n\n\n<p>Biscoitos:<br>Empregamos o uso de cookies. Ao acessar o Fanavis, voc\u00ea concorda com o uso de cookies de acordo com a Pol\u00edtica de Privacidade do Fanavis.<\/p>\n\n\n\n<p>A maioria dos sites interativos utiliza cookies para nos permitir recuperar detalhes do usu\u00e1rio em cada visita. Os cookies s\u00e3o utilizados pelo nosso site para permitir a funcionalidade de determinadas \u00e1reas para facilitar a navega\u00e7\u00e3o das pessoas que visitam o nosso site. Alguns de nossos afiliados\/parceiros de publicidade tamb\u00e9m podem usar cookies.<\/p>\n\n\n\n<p>Licen\u00e7a<br>Salvo indica\u00e7\u00e3o em contr\u00e1rio, a Fanavis e\/ou seus licenciadores possuem os direitos de propriedade intelectual de todo o material da Fanavis. Todos os direitos de propriedade intelectual s\u00e3o reservados. Voc\u00ea pode acess\u00e1-lo na Fanavis para seu uso pessoal, sujeito \u00e0s restri\u00e7\u00f5es estabelecidas nestes termos e condi\u00e7\u00f5es.<\/p>\n\n\n\n<p>Voc\u00ea n\u00e3o deve:<\/p>\n\n\n\n<p>Republicar material da Fanavis<br>Vender, alugar ou sublicenciar material da Fanavis<br>Reproduzir, duplicar ou copiar material da Fanavis<br>Redistribuir conte\u00fado da Fanavis<br>Este Acordo entra em vigor na data deste documento. Nossos Termos e Condi\u00e7\u00f5es foram criados usando o Modelo de Termos e Condi\u00e7\u00f5es.<\/p>\n\n\n\n<p>Certas partes deste site oferecem aos usu\u00e1rios a oportunidade de publicar e trocar opini\u00f5es e informa\u00e7\u00f5es em determinadas \u00e1reas do site. A Fanavis n\u00e3o seleciona, edita, publica ou revisa coment\u00e1rios antes de sua presen\u00e7a no site. Os coment\u00e1rios n\u00e3o refletem os pontos de vista e opini\u00f5es da Fanavis, seus agentes e\/ou afiliados. Os coment\u00e1rios refletem os pontos de vista e opini\u00f5es da pessoa que postou seus pontos de vista e opini\u00f5es. Na extens\u00e3o permitida pela lei aplic\u00e1vel, Fanavis n\u00e3o se responsabiliza pelos Coment\u00e1rios ou por qualquer responsabilidade, danos ou despesas causadas e\/ou sofridas como resultado de qualquer uso, e\/ou postagem e\/ou apar\u00eancia dos Coment\u00e1rios neste site. .<\/p>\n\n\n\n<p>Fanavis reserva-se o direito de monitorar todos os Coment\u00e1rios e remover quaisquer Coment\u00e1rios que possam ser considerados inadequados, ofensivos ou que causem viola\u00e7\u00e3o destes Termos e Condi\u00e7\u00f5es.<\/p>\n\n\n\n<p>Voc\u00ea garante e declara que:<\/p>\n\n\n\n<p>Voc\u00ea tem o direito de postar os Coment\u00e1rios em nosso site e possui todas as licen\u00e7as e permiss\u00f5es necess\u00e1rias para faz\u00ea-lo;<br>Os Coment\u00e1rios n\u00e3o invadem nenhum direito de propriedade intelectual, incluindo, sem limita\u00e7\u00e3o, direitos autorais, patentes ou marcas registradas de terceiros;<br>Os Coment\u00e1rios n\u00e3o cont\u00eam qualquer material difamat\u00f3rio, calunioso, ofensivo, indecente ou de outra forma ilegal que constitua uma invas\u00e3o de privacidade<br>Os Coment\u00e1rios n\u00e3o ser\u00e3o utilizados para solicitar ou promover atividades comerciais ou personalizadas ou apresentar atividades comerciais ou ilegais.<br>Voc\u00ea concede \u00e0 Fanavis uma licen\u00e7a n\u00e3o exclusiva para usar, reproduzir, editar e permitir que outros usem, reproduzam e editem qualquer um dos seus Coment\u00e1rios em qualquer forma, formato ou meio.<\/p>\n\n\n\n<p>Hiperlink para nosso conte\u00fado<br>As seguintes organiza\u00e7\u00f5es podem criar links para o nosso site sem permiss\u00e3o pr\u00e9via por escrito:<\/p>\n\n\n\n<p>Os distribuidores de diret\u00f3rios on-line podem criar links para nosso site da mesma forma que fazem hiperlinks para sites de outras empresas listadas; e<\/p>\n\n\n\n<p>Poderemos analisar e aprovar outras solicita\u00e7\u00f5es de v\u00ednculo dos seguintes tipos de organiza\u00e7\u00f5es:<\/p>\n\n\n\n<p>fontes bem conhecidas de informa\u00e7\u00f5es de consumidores e\/ou empresas;<br>sites da comunidade ponto.com;<br>associa\u00e7\u00f5es ou outros grupos que representam institui\u00e7\u00f5es de caridade;<br>distribuidores de diret\u00f3rios online;<br>portais de internet;<br>escrit\u00f3rios de contabilidade, jur\u00eddicos e consultoria; institui\u00e7\u00f5es educacionais e associa\u00e7\u00f5es profissionais.<br>Aprovaremos solicita\u00e7\u00f5es de link dessas organiza\u00e7\u00f5es se decidirmos que: (a) o link n\u00e3o faria com que n\u00f3s ou nossas empresas credenciadas parecessem desfavor\u00e1veis; (b) a organiza\u00e7\u00e3o n\u00e3o tem hist\u00f3rico negativo conosco; (c) o benef\u00edcio para n\u00f3s da visibilidade do hiperlink compensa a aus\u00eancia da Fanavis; e (d) o link est\u00e1 no contexto de informa\u00e7\u00f5es gerais sobre recursos.<\/p>\n\n\n\n<p>Estas organiza\u00e7\u00f5es podem criar links para a nossa p\u00e1gina inicial, desde que o link: (a) n\u00e3o seja de forma alguma enganoso; (b) n\u00e3o implique falsamente patroc\u00ednio, endosso ou aprova\u00e7\u00e3o da parte vinculante e de seus produtos ou servi\u00e7os; e (c) se enquadra no contexto do site da parte vinculante.<\/p>\n\n\n\n<p>Se voc\u00ea \u00e9 uma das organiza\u00e7\u00f5es listadas no par\u00e1grafo 2 acima e deseja criar um link para nosso site, voc\u00ea deve nos notificar enviando um e-mail para Fanavis. Inclua o seu nome, o nome da sua organiza\u00e7\u00e3o, os seus dados de contacto, bem como o URL do seu site, uma lista de todos os URLs a partir dos quais pretende criar um link para o nosso site e uma lista dos URLs do nosso site para os quais deseja para vincular. Aguarde 2 a 3 semanas por uma resposta.<\/p>\n\n\n\n<p>As organiza\u00e7\u00f5es aprovadas podem criar hiperlinks para o nosso site da seguinte forma:<\/p>\n\n\n\n<p>Usando nosso nome corporativo; ou<br>Usando o localizador uniforme de recursos ao qual est\u00e1 vinculado; ou<br>Pelo uso de qualquer outra descri\u00e7\u00e3o do nosso site vinculado que fa\u00e7a sentido dentro do contexto e formato do conte\u00fado do site da parte vinculada.<br>N\u00e3o ser\u00e1 permitido o uso do logotipo ou de outras obras de arte da Fanavis para vincula\u00e7\u00e3o, sem um contrato de licen\u00e7a de marca registrada.<\/p>\n\n\n\n<p>iFrame<br>Sem aprova\u00e7\u00e3o pr\u00e9via e permiss\u00e3o por escrito, voc\u00ea n\u00e3o poder\u00e1 criar molduras em torno de nossas p\u00e1ginas da web que de alguma forma alterem a apresenta\u00e7\u00e3o visual ou a apar\u00eancia de nosso site.<\/p>\n\n\n\n<p>Responsabilidade pelo conte\u00fado<br>N\u00e3o seremos respons\u00e1veis pelo conte\u00fado que aparece no seu site. Voc\u00ea concorda em nos proteger e nos defender contra todas as reclama\u00e7\u00f5es que surgirem em seu site. Nenhum link deve aparecer em qualquer site que possa ser interpretado como difamat\u00f3rio, obsceno ou criminoso, ou que infrinja, de outra forma viole ou defenda a viola\u00e7\u00e3o ou outra viola\u00e7\u00e3o dos direitos de terceiros.<\/p>\n\n\n\n<p>Sua privacidade<br>Por favor leia a pol\u00edtica de privacidade<\/p>\n\n\n\n<p>Reserva de direitos<br>Reservamo-nos o direito de exigir que voc\u00ea remova todos os links ou qualquer link espec\u00edfico para o nosso site. Voc\u00ea concorda em remover imediatamente todos os links para nosso site mediante solicita\u00e7\u00e3o. Tamb\u00e9m nos reservamos o direito de modificar estes termos e condi\u00e7\u00f5es e sua pol\u00edtica de vincula\u00e7\u00e3o a qualquer momento. Ao vincular continuamente ao nosso site, voc\u00ea concorda em obedecer e seguir estes Termos e Condi\u00e7\u00f5es de vincula\u00e7\u00e3o.<\/p>\n\n\n\n<p>Remo\u00e7\u00e3o de links do nosso site<br>Se voc\u00ea encontrar algum link em nosso site que seja ofensivo por qualquer motivo, voc\u00ea pode entrar em contato conosco e nos informar a qualquer momento. Consideraremos solicita\u00e7\u00f5es de remo\u00e7\u00e3o de links, mas n\u00e3o somos obrigados a responder diretamente a voc\u00ea.<\/p>\n\n\n\n<p>N\u00e3o garantimos que a informa\u00e7\u00e3o contida neste site esteja correta, n\u00e3o garantimos a sua integridade ou exatid\u00e3o; nem prometemos garantir que o site permane\u00e7a dispon\u00edvel ou que o conte\u00fado do site seja mantido atualizado.<\/p>\n\n\n\n<p>Aviso<br>Na extens\u00e3o m\u00e1xima permitida pela lei aplic\u00e1vel, exclu\u00edmos todas as representa\u00e7\u00f5es, garantias e condi\u00e7\u00f5es relacionadas ao nosso site e ao uso deste site. Nada nesta cl\u00e1usula isenta:<\/p>\n\n\n\n<p>limitar ou excluir a nossa ou a sua responsabilidade por morte ou danos pessoais;<br>limitar ou excluir a nossa ou a sua responsabilidade por fraude ou deturpa\u00e7\u00e3o fraudulenta;<br>limitar qualquer uma de nossas ou suas responsabilidades de qualquer forma que n\u00e3o seja permitida pela lei aplic\u00e1vel; Onde<br>excluir qualquer uma de nossas ou suas responsabilidades que n\u00e3o possa ser exclu\u00edda sob a lei aplic\u00e1vel.<br>As limita\u00e7\u00f5es e proibi\u00e7\u00f5es de responsabilidade estabelecidas nesta Se\u00e7\u00e3o e em outras partes desta isen\u00e7\u00e3o de responsabilidade: (a) est\u00e3o sujeitas ao par\u00e1grafo anterior; e (b) reger todas as responsabilidades decorrentes da isen\u00e7\u00e3o de responsabilidade, incluindo responsabilidades contratuais, il\u00edcitas e por viola\u00e7\u00e3o de dever legal.<\/p>\n\n\n\n<p>Desde que o site e as informa\u00e7\u00f5es e servi\u00e7os do site sejam fornecidos gratuitamente, n\u00e3o seremos respons\u00e1veis por quaisquer perdas ou danos de qualquer tipo.<\/p>\n\n\n\n<p>Darius Kabalisa \u2013 info@fanavis.com<\/p>","protected":false},"excerpt":{"rendered":"<p>Terms of use Last updated February 19, 2022 Welcome to Fanavis! These terms and conditions outline the rules and regulations for using the Fanavis website, located at fanavis.com. By accessing this website we assume that you accept these terms and conditions. Do not continue to use Fanavis if you do not agree to all of [&hellip;]<\/p>","protected":false},"author":1,"featured_media":0,"parent":0,"menu_order":0,"comment_status":"closed","ping_status":"closed","template":"","meta":{"inline_featured_image":false,"footnotes":""},"_links":{"self":[{"href":"https:\/\/fanavis.com\/pt\/wp-json\/wp\/v2\/pages\/1458"}],"collection":[{"href":"https:\/\/fanavis.com\/pt\/wp-json\/wp\/v2\/pages"}],"about":[{"href":"https:\/\/fanavis.com\/pt\/wp-json\/wp\/v2\/types\/page"}],"author":[{"embeddable":true,"href":"https:\/\/fanavis.com\/pt\/wp-json\/wp\/v2\/users\/1"}],"replies":[{"embeddable":true,"href":"https:\/\/fanavis.com\/pt\/wp-json\/wp\/v2\/comments?post=1458"}],"version-history":[{"count":1,"href":"https:\/\/fanavis.com\/pt\/wp-json\/wp\/v2\/pages\/1458\/revisions"}],"predecessor-version":[{"id":3661,"href":"https:\/\/fanavis.com\/pt\/wp-json\/wp\/v2\/pages\/1458\/revisions\/3661"}],"wp:attachment":[{"href":"https:\/\/fanavis.com\/pt\/wp-json\/wp\/v2\/media?parent=1458"}],"curies":[{"name":"wp","href":"https:\/\/api.w.org\/{rel}","templated":true}]}}