{"id":83,"date":"2018-11-02T10:41:38","date_gmt":"2018-11-02T10:41:38","guid":{"rendered":"http:\/\/listeosetupwiz.wpengine.com\/?page_id=34"},"modified":"2018-11-02T10:41:38","modified_gmt":"2018-11-02T10:41:38","slug":"half-grid-layout-1","status":"publish","type":"page","link":"https:\/\/fanavis.com\/fr\/half-grid-layout-1\/","title":{"rendered":"Disposition demi-grille 1"},"content":{"rendered":"<div class=\"row margin-bottom-25\">\n\n\t\t\t\t\n\t<div class=\"col-md-3 col-xs-6\">\n\t\t<!-- Layout Switcher -->\n\t\t<div class=\"layout-switcher\">\n\t\t\t<a href=\"#\" data-layout=\"grid\" class=\"grid\"><i class=\"fa fa-th\"><\/i><\/a>\n\t\t\t<a href=\"#\" data-layout=\"list\" class=\"list\"><i class=\"fa fa-align-justify\"><\/i><\/a>\n\t\t<\/div>\n\t<\/div>\n\n\n<!-- Sorting \/ Layout Switcher -->\n\t<div class=\"col-md-9\">\n\t\t\t<div class=\"fullwidth-filters  ajax-search\">\n\n\t\t\t\n\t\t\t\n\t\t\t\t\t\t\t<!-- Sort by -->\n\t\t\t\t<div class=\"sort-by\">\n\t\t\t\t\t<div class=\"sort-by-select\">\n\t\t\t\t\t\t\t\t\t\t\t\t<select form=\"listeo_core-search-form\" name=\"listeo_core_order\" data-placeholder=\"Default order\" class=\"select2-sortby orderby\">\n\t\t\t\t\t\t\t<option  value=\"default\">Ordre par d\u00e9faut<\/option>\n\t\t\t\t\t\t\t<option  value=\"highest-rated\">Les mieux not\u00e9s<\/option>\n\t\t\t\t\t\t\t\t\t\t\t\t\t\t\t<option  value=\"reviewed\">Les plus comment\u00e9s<\/option>\n\t\t\t\t\t\t\t\t\t\t\t\t\t\t<option  selected='selected' value=\"date-desc\">Annonces les plus r\u00e9centes<\/option>\n\t\t\t\t\t\t\t<option  value=\"date-asc\">Annonces les plus anciennes<\/option>\n\t\t\t\t\t\t\t<option  value=\"title\">Alphab\u00e9tiquement<\/option>\n\t\t\t\t\t\t\t<option  value=\"featured\">En vedette<\/option>\n\t\t\t\t\t\t\t<option  value=\"views\">Les plus vus<\/option>\n\t\t\t\t\t\t\t<option  value=\"verified\">V\u00e9rifi\u00e9<\/option>\n\t\t\t\t\t\t\t<option  value=\"upcoming-event\">\u00c9v\u00e9nement \u00e0 venir<\/option>\n\t\t\t\t\t\t\t<option  value=\"rand\">Al\u00e9atoire<\/option>\n\t\t\t\t\t\t<\/select>\n\t\t\t\t\t<\/div>\n\t\t\t\t<\/div>\n\t\t\t\t<!-- Sort by \/ End -->\n\t\t\t\n\t\t<\/div>\n\t\t<\/div>\t\t\t<\/div>\n\t\t<!-- Listings -->\n\n<div id=\"listeo-listings-container\" \ndata-counter=\"302\" \ndata-style=\"grid\"  \ndata-custom_class=\"\" \ndata-per_page=\"6\" \ndata-grid_columns=\"2\" \n data-region=\"\"  data-_listing_type=\"\"  data-category=\"\"  data-feature=\"\"  data-rental-category=\"\"  data-service-category=\"\"  data-event-category=\"\" class=\"row  ajax-search\">\n\t<div class=\"loader-ajax-container\" style=\"\"> <div class=\"loader-ajax\"><\/div> <\/div>\n<!-- Listing Item -->\n<div class=\"col-lg-6 col-md-12\"><a href=\"https:\/\/fanavis.com\/fr\/listing\/le-bellini-bar-pizzeria\/\" class=\"listing-item-container listing-geo-data\"  \n\t\tdata-title=\"Le BELLiNi bar pizzeria\"\n\t\tdata-listing-type=\"\"\n\t\tdata-classifieds-price=\"&#67;&#72;&#70;\"\n\t\tdata-friendly-address=\"\"\n\t\tdata-address=\"\"\n\t\tdata-image=\"https:\/\/fanavis.com\/wp-content\/plugins\/listeo-core\/templates\/images\/listeo_placeholder.png\"\n\t\tdata-longitude=\"\"\n\t\tdata-latitude=\"\"\n\t\t\t\t\tdata-rating=\"5\"\n\t\t\tdata-reviews=\"1\"\n\t\t\t\tdata-icon=\"&lt;i class=&quot;sl sl-icon-location&quot;&gt;&lt;\/i&gt;\"\n\n\t>\n    <div class=\"listing-item\">\n        \n        <div class=\"listing-small-badges-container\">\n             \n                                                            \n        <\/div>\n        \t<img decoding=\"async\" src=\"https:\/\/fanavis.com\/wp-content\/plugins\/listeo-core\/templates\/images\/listeo_placeholder.png\" alt=\"\">\n        \n                \n        <div class=\"listing-item-content\">\n\n            \n            <h3 data-no-translation=\"\">Le BELLiNi bar pizzeria <\/h3>\n            \n        <\/div>\n                            <span class=\"save like-icon tooltip left\"  title=\"Connectez-vous pour ajouter des \u00e9l\u00e9ments \u00e0 vos favoris\"  ><\/span>\n                            <\/div>\n    \n                        <div class=\"star-rating\" data-rating=\"5\">\n                                                <div class=\"rating-counter\">(1 avis)<\/div>\n                \n                <\/div>\n                \n<\/a>\n\n    <\/div>\n\n\n<!-- Listing Item \/ End --><!-- Listing Item -->\n<div class=\"col-lg-6 col-md-12\"><a href=\"https:\/\/fanavis.com\/fr\/listing\/tk-restaurant-steak-house\/\" class=\"listing-item-container listing-geo-data\"  \n\t\tdata-title=\"Tk Restaurant steak house\"\n\t\tdata-listing-type=\"\"\n\t\tdata-classifieds-price=\"&#67;&#72;&#70;\"\n\t\tdata-friendly-address=\"\"\n\t\tdata-address=\"\"\n\t\tdata-image=\"https:\/\/fanavis.com\/wp-content\/plugins\/listeo-core\/templates\/images\/listeo_placeholder.png\"\n\t\tdata-longitude=\"\"\n\t\tdata-latitude=\"\"\n\t\t\t\t\tdata-rating=\"5\"\n\t\t\tdata-reviews=\"2\"\n\t\t\t\tdata-icon=\"&lt;i class=&quot;sl sl-icon-location&quot;&gt;&lt;\/i&gt;\"\n\n\t>\n    <div class=\"listing-item\">\n        \n        <div class=\"listing-small-badges-container\">\n             \n                                                            \n        <\/div>\n        \t<img decoding=\"async\" src=\"https:\/\/fanavis.com\/wp-content\/plugins\/listeo-core\/templates\/images\/listeo_placeholder.png\" alt=\"\">\n        \n                \n        <div class=\"listing-item-content\">\n\n            \n            <h3 data-no-translation=\"\">Tk Restaurant steak house <\/h3>\n            \n        <\/div>\n                            <span class=\"save like-icon tooltip left\"  title=\"Connectez-vous pour ajouter des \u00e9l\u00e9ments \u00e0 vos favoris\"  ><\/span>\n                            <\/div>\n    \n                        <div class=\"star-rating\" data-rating=\"5\">\n                                                <div class=\"rating-counter\">(2 avis)<\/div>\n                \n                <\/div>\n                \n<\/a>\n\n    <\/div>\n\n\n<!-- Listing Item \/ End --><!-- Listing Item -->\n<div class=\"col-lg-6 col-md-12\"><a href=\"https:\/\/fanavis.com\/fr\/listing\/okaidi-thonon\/\" class=\"listing-item-container listing-geo-data\"  \n\t\tdata-title=\"OKAIDI THONON\"\n\t\tdata-listing-type=\"\"\n\t\tdata-classifieds-price=\"&#67;&#72;&#70;\"\n\t\tdata-friendly-address=\"\"\n\t\tdata-address=\"\"\n\t\tdata-image=\"https:\/\/fanavis.com\/wp-content\/plugins\/listeo-core\/templates\/images\/listeo_placeholder.png\"\n\t\tdata-longitude=\"\"\n\t\tdata-latitude=\"\"\n\t\t\t\t\tdata-rating=\"5\"\n\t\t\tdata-reviews=\"2\"\n\t\t\t\tdata-icon=\"&lt;i class=&quot;sl sl-icon-location&quot;&gt;&lt;\/i&gt;\"\n\n\t>\n    <div class=\"listing-item\">\n        \n        <div class=\"listing-small-badges-container\">\n             \n                                                            \n        <\/div>\n        \t<img decoding=\"async\" src=\"https:\/\/fanavis.com\/wp-content\/plugins\/listeo-core\/templates\/images\/listeo_placeholder.png\" alt=\"\">\n        \n                \n        <div class=\"listing-item-content\">\n\n            \n            <h3 data-no-translation=\"\">OKAIDI THONON <\/h3>\n            \n        <\/div>\n                            <span class=\"save like-icon tooltip left\"  title=\"Connectez-vous pour ajouter des \u00e9l\u00e9ments \u00e0 vos favoris\"  ><\/span>\n                            <\/div>\n    \n                        <div class=\"star-rating\" data-rating=\"5\">\n                                                <div class=\"rating-counter\">(2 avis)<\/div>\n                \n                <\/div>\n                \n<\/a>\n\n    <\/div>\n\n\n<!-- Listing Item \/ End --><!-- Listing Item -->\n<div class=\"col-lg-6 col-md-12\"><a href=\"https:\/\/fanavis.com\/fr\/listing\/baradise-beach-bar\/\" class=\"listing-item-container listing-geo-data\"  \n\t\tdata-title=\"Baradise Beach Bar\"\n\t\tdata-listing-type=\"\"\n\t\tdata-classifieds-price=\"&#67;&#72;&#70;\"\n\t\tdata-friendly-address=\"\"\n\t\tdata-address=\"\"\n\t\tdata-image=\"https:\/\/fanavis.com\/wp-content\/plugins\/listeo-core\/templates\/images\/listeo_placeholder.png\"\n\t\tdata-longitude=\"\"\n\t\tdata-latitude=\"\"\n\t\t\t\t\tdata-rating=\"5\"\n\t\t\tdata-reviews=\"1\"\n\t\t\t\tdata-icon=\"&lt;i class=&quot;sl sl-icon-location&quot;&gt;&lt;\/i&gt;\"\n\n\t>\n    <div class=\"listing-item\">\n        \n        <div class=\"listing-small-badges-container\">\n             \n                                                            \n        <\/div>\n        \t<img decoding=\"async\" src=\"https:\/\/fanavis.com\/wp-content\/plugins\/listeo-core\/templates\/images\/listeo_placeholder.png\" alt=\"\">\n        \n                \n        <div class=\"listing-item-content\">\n\n            \n            <h3 data-no-translation=\"\">Baradise Beach Bar <\/h3>\n            \n        <\/div>\n                            <span class=\"save like-icon tooltip left\"  title=\"Connectez-vous pour ajouter des \u00e9l\u00e9ments \u00e0 vos favoris\"  ><\/span>\n                            <\/div>\n    \n                        <div class=\"star-rating\" data-rating=\"5\">\n                                                <div class=\"rating-counter\">(1 avis)<\/div>\n                \n                <\/div>\n                \n<\/a>\n\n    <\/div>\n\n\n<!-- Listing Item \/ End --><!-- Listing Item -->\n<div class=\"col-lg-6 col-md-12\"><a href=\"https:\/\/fanavis.com\/fr\/listing\/cecila\/\" class=\"listing-item-container listing-geo-data\"  \n\t\tdata-title=\"Cecila\"\n\t\tdata-listing-type=\"\"\n\t\tdata-classifieds-price=\"&#67;&#72;&#70;\"\n\t\tdata-friendly-address=\"\"\n\t\tdata-address=\"\"\n\t\tdata-image=\"https:\/\/fanavis.com\/wp-content\/plugins\/listeo-core\/templates\/images\/listeo_placeholder.png\"\n\t\tdata-longitude=\"\"\n\t\tdata-latitude=\"\"\n\t\t\t\t\tdata-rating=\"0\"\n\t\t\tdata-reviews=\"0\"\n\t\t\t\tdata-icon=\"&lt;i class=&quot;sl sl-icon-location&quot;&gt;&lt;\/i&gt;\"\n\n\t>\n    <div class=\"listing-item\">\n        \n        <div class=\"listing-small-badges-container\">\n             \n                                                            \n        <\/div>\n        \t<img decoding=\"async\" src=\"https:\/\/fanavis.com\/wp-content\/plugins\/listeo-core\/templates\/images\/listeo_placeholder.png\" alt=\"\">\n        \n                \n        <div class=\"listing-item-content\">\n\n            \n            <h3 data-no-translation=\"\">Cecila <\/h3>\n            \n        <\/div>\n                            <span class=\"save like-icon tooltip left\"  title=\"Connectez-vous pour ajouter des \u00e9l\u00e9ments \u00e0 vos favoris\"  ><\/span>\n                            <\/div>\n    \n                        <div class=\"star-rating\" >\n                        \n                        <div class=\"rating-counter no-reviews\"><span>Pas encore d&#039;avis<\/span><\/div>\n                    <\/div>\n                \n<\/a>\n\n    <\/div>\n\n\n<!-- Listing Item \/ End --><!-- Listing Item -->\n<div class=\"col-lg-6 col-md-12\"><a href=\"https:\/\/fanavis.com\/fr\/listing\/restaurant-milano-pizza\/\" class=\"listing-item-container listing-geo-data\"  \n\t\tdata-title=\"RESTAURANT MILANO PIZZA\"\n\t\tdata-listing-type=\"service\"\n\t\tdata-classifieds-price=\"&#67;&#72;&#70;\"\n\t\tdata-friendly-address=\"\"\n\t\tdata-address=\"23 Grande Rue, Thonon-les-Bains, France\"\n\t\tdata-image=\"https:\/\/fanavis.com\/wp-content\/uploads\/2025\/05\/FB_IMG_1748435470556-520x397.jpg\"\n\t\tdata-longitude=\"46.3706927\"\n\t\tdata-latitude=\"6.479073\"\n\t\t\t\t\tdata-rating=\"5\"\n\t\t\tdata-reviews=\"6\"\n\t\t\t\tdata-icon=\"&lt;i class=&quot;fab fa-wpforms&quot;&gt;&lt;\/i&gt;\"\n\n\t>\n    <div class=\"listing-item\">\n        \n        <div class=\"listing-small-badges-container\">\n             \n                                                            \n        <\/div>\n        <img loading=\"lazy\" decoding=\"async\" width=\"520\" height=\"397\" src=\"https:\/\/fanavis.com\/wp-content\/uploads\/2025\/05\/FB_IMG_1748435470556-520x397.jpg\" class=\"attachment-listeo-listing-grid size-listeo-listing-grid wp-post-image\" alt=\"\" \/>        \n                \n        <div class=\"listing-item-content\">\n\n                            <span class=\"tag\">Restaurants<\/span>\n            \n            <h3 data-no-translation=\"\">RESTAURANT MILANO PIZZA <\/h3>\n            <span>23 Grande Rue, Thonon-les-Bains, France<\/span>\n        <\/div>\n                            <span class=\"save like-icon tooltip left\"  title=\"Connectez-vous pour ajouter des \u00e9l\u00e9ments \u00e0 vos favoris\"  ><\/span>\n                            <\/div>\n    \n                        <div class=\"star-rating\" data-rating=\"5\">\n                                                <div class=\"rating-counter\">(6 avis)<\/div>\n                \n                <\/div>\n                \n<\/a>\n\n    <\/div>\n\n\n<!-- Listing Item \/ End -->\t\t\t<\/div>\n\t\t\t<div class=\"pagination-container margin-top-20 margin-bottom-20 ajax-search\">\n\t\t\t\t<nav class=\"pagination margin-top-30\"><ul class=\"pagination\"><li class=\"current\" data-paged=\"1\"><a href=\"#\">1 <\/a><\/li><li data-paged=\"2\"><a href=\"#\">2<\/a><\/li><li data-paged=\"3\"><a href=\"#\">3<\/a><\/li><li data-paged=\"next\"><a  href=\"#\"><i class=\"sl sl-icon-arrow-right\"><\/i><\/a><\/li><\/ul><\/nav>\t\t\t<\/div>","protected":false},"excerpt":{"rendered":"","protected":false},"author":1,"featured_media":0,"parent":0,"menu_order":0,"comment_status":"closed","ping_status":"closed","template":"template-split-map.php","meta":{"inline_featured_image":false,"footnotes":""},"_links":{"self":[{"href":"https:\/\/fanavis.com\/fr\/wp-json\/wp\/v2\/pages\/83"}],"collection":[{"href":"https:\/\/fanavis.com\/fr\/wp-json\/wp\/v2\/pages"}],"about":[{"href":"https:\/\/fanavis.com\/fr\/wp-json\/wp\/v2\/types\/page"}],"author":[{"embeddable":true,"href":"https:\/\/fanavis.com\/fr\/wp-json\/wp\/v2\/users\/1"}],"replies":[{"embeddable":true,"href":"https:\/\/fanavis.com\/fr\/wp-json\/wp\/v2\/comments?post=83"}],"version-history":[{"count":0,"href":"https:\/\/fanavis.com\/fr\/wp-json\/wp\/v2\/pages\/83\/revisions"}],"wp:attachment":[{"href":"https:\/\/fanavis.com\/fr\/wp-json\/wp\/v2\/media?parent=83"}],"curies":[{"name":"wp","href":"https:\/\/api.w.org\/{rel}","templated":true}]}}