{"id":73,"date":"2018-11-02T10:42:38","date_gmt":"2018-11-02T10:42:38","guid":{"rendered":"http:\/\/listeosetupwiz.wpengine.com\/?page_id=87"},"modified":"2018-11-02T10:42:38","modified_gmt":"2018-11-02T10:42:38","slug":"typography","status":"publish","type":"page","link":"https:\/\/fanavis.com\/fr\/typography\/","title":{"rendered":"Typographie"},"content":{"rendered":"<h3 \n\t\tstyle=\"text-align:left;\"> Citation de bloc <\/h3>\n<blockquote><p>Mauris aliquet ultricies ante, non faucibus ante gravida sed. Sed ultrices pellentesque purus, vulputate volutpat ipsum hendrerit sed neque sed sapien rutrum laoreet justo ultrices. Dans le lorem pellentesque condimentum dui morbi pulvinar dui non quam pretium ut lacinia tortor.<\/p><\/blockquote>\n<h3 \n\t\tstyle=\"text-align:left;\"> \u00c9l\u00e9ments en ligne <\/h3>\n<p>\t\tEtiam elit est, tincidunt non tincidunt <sup>C&#039;est un \u00e9l\u00e9ment sup<\/sup>\u00a0\u00e9lite, sed do. Mauris Aliquet Ultricies\u00a0<sub>Ceci est un sous-\u00e9l\u00e9ment<\/sub>\u00a0volutpat ipsum hendrerit laoreet juste pour travailler magna aliqua.\u00a0<del>Ceci est un \u00e9l\u00e9ment supprim\u00e9<\/del>\u00a0enim ad minim veniam. Dosage du Lorem ipsum. L&#039;\u00e9lite adipeuse sed do\u00a0<mark>marquer l\u2019\u00e9l\u00e9ment avec la classe \u00ab\u00a0couleur\u00a0\u00bb.<\/mark>, consectetur adipisicing. Lorem\u00a0<dfn>\u00e9l\u00e9ment dfn ici<\/dfn>\u00a0ipsum dosectetur tincidunt sit amet,\u00a0<strong>texte fort<\/strong>. Aliquam eu id lectus. Vestibulum ante ipsum primis luctus et ultrices posuere cubilia. Dosage du Lorem ipsum\u00a0<code>Un peu de texte de code<\/code>\u00a0velit sagittis,\u00a0<abbr title=\"La balise abbr\">abr\u00e9viation<\/abbr>\u00a0\u00e9lite est\u00a0<mark>texte surlign\u00e9 en utilisant la balise \u00abmark\u00bb<\/mark>.\t\t<\/p>\n<h3 \n\t\tstyle=\"text-align:left;\"> Listes d&#039;ic\u00f4nes <\/h3>\n<div class=\"list-1\">\n<ul>\n<li>Lorem ipsum dolor sit amet<\/li>\n<li>Consectetur \u00e9lite adipeuse<\/li>\n<li>Entier molestie lorem \u00e0 massa<\/li>\n<li>Facilisis en pretium nisl aliquet<\/li>\n<\/ul>\n<p><\/div><div class=\"list-2\"><\/p>\n<ul>\n<li>Lorem ipsum dolor sit amet<\/li>\n<li>Consectetur \u00e9lite adipeuse<\/li>\n<li>Entier molestie lorem \u00e0 massa<\/li>\n<li>Facilisis en pretium nisl aliquet<\/li>\n<\/ul>\n<p><\/div><div class=\"list-3\"><\/p>\n<ul>\n<li>Lorem ipsum dolor sit amet<\/li>\n<li>Consectetur \u00e9lite adipeuse<\/li>\n<li>Entier molestie lorem \u00e0 massa<\/li>\n<li>Facilisis en pretium nisl aliquet<\/li>\n<\/ul>\n<p><\/div><div class=\"list-4\"><\/p>\n<ul>\n<li>Lorem ipsum dolor sit amet<\/li>\n<li>Consectetur \u00e9lite adipeuse<\/li>\n<li>Entier molestie lorem \u00e0 massa<\/li>\n<li>Facilisis en pretium nisl aliquet<\/li>\n<\/ul>\n<p><\/div>\t\t<\/p>\n<h3 \n\t\tstyle=\"text-align:left;\"> Listes num\u00e9rot\u00e9es <\/h3>\n<div class=\"numbered\">\n<ol>\n<li>Praesent in libero vel pellentesque<\/li>\n<li>Proin fermentum eratin et porttitor<\/li>\n<li>M\u00e9c\u00e8ne quis consequat lib\u00e9ro<\/li>\n<li>Nunc orci augue cons\u00e9quat<\/li>\n<li>Praesent in libero vel pellentesque<\/li>\n<li>Proin fermentum eratin et porttitor<\/li>\n<\/ol>\n<p><\/div><div class=\"color numbered\"><\/p>\n<ol>\n<li>Praesent in libero vel pellentesque<\/li>\n<li>Proin fermentum eratin et porttitor<\/li>\n<li>M\u00e9c\u00e8ne quis consequat lib\u00e9ro<\/li>\n<li>Nunc orci augue cons\u00e9quat<\/li>\n<li>Praesent in libero vel pellentesque<\/li>\n<li>Proin fermentum eratin et porttitor<\/li>\n<\/ol>\n<p><\/div><div class=\"color numbered filled\"><\/p>\n<ol>\n<li>Praesent in libero vel pellentesque<\/li>\n<li>Proin fermentum eratin et porttitor<\/li>\n<li>M\u00e9c\u00e8ne quis consequat lib\u00e9ro<\/li>\n<li>Nunc orci augue cons\u00e9quat<\/li>\n<li>Praesent in libero vel pellentesque<\/li>\n<li>Proin fermentum eratin et porttitor<\/li>\n<\/ol>\n<p><\/div><\/p>\n<h1>Titre H1<\/h1>\n<h2>Titre S2<\/h2>\n<h3>Titre H3<\/h3>\n<h4>Titre H4<\/h4>\n<h5>Titre H5<\/h5>\n<h6>Titre H6<\/h6>\n<h3 \n\t\tstyle=\"text-align:left;\"> Laiss\u00e9 sans sous-titre <\/h3>\n<h3 \n\t\tstyle=\"text-align:left;\"> Left No Subtitle Ceci est un sous-titre sous le titre<\/h3>\n<h3 \n\t\tstyle=\"text-align:right;\"> Pas de sous-titre <\/h3>\n<h3 \n\t\tstyle=\"text-align:right;\"> Pas de sous-titre Ceci est un sous-titre sous le titre<\/h3>\n<h3 \n\t\tstyle=\"text-align:center;\"> Centre sans sous-titre <\/h3>\n<h3 \n\t\tstyle=\"text-align:center;\"> Centre Pas de sous-titre Ceci est un sous-titre sous le titre<\/h3>\n<h3 \n\t\tstyle=\"text-align:center;\"> Centre Long Subtitle Nous recueillons les avis de nos utilisateurs afin que vous puissiez avoir une opinion honn\u00eate de ce \u00e0 quoi ressemble r\u00e9ellement une exp\u00e9rience avec notre site Web\u00a0!<\/h3>","protected":false},"excerpt":{"rendered":"<p>Blockquote Mauris aliquet ultricies ante, non faucibus ante gravida sed. Sed ultrices pellentesque purus, vulputate volutpat ipsum hendrerit sed neque sed sapien rutrum laoreet justo ultrices. Dans le lorem pellentesque condimentum dui morbi pulvinar dui non quam pretium ut lacinia tortor. \u00c9l\u00e9ments en ligne Etiam elit est, tincidunt non tincidunt C&#039;est l&#039;\u00e9l\u00e9ment sup elit, sed do. Mauris [\u2026]<\/p>","protected":false},"author":1,"featured_media":0,"parent":0,"menu_order":0,"comment_status":"closed","ping_status":"closed","template":"","meta":{"inline_featured_image":false,"footnotes":""},"_links":{"self":[{"href":"https:\/\/fanavis.com\/fr\/wp-json\/wp\/v2\/pages\/73"}],"collection":[{"href":"https:\/\/fanavis.com\/fr\/wp-json\/wp\/v2\/pages"}],"about":[{"href":"https:\/\/fanavis.com\/fr\/wp-json\/wp\/v2\/types\/page"}],"author":[{"embeddable":true,"href":"https:\/\/fanavis.com\/fr\/wp-json\/wp\/v2\/users\/1"}],"replies":[{"embeddable":true,"href":"https:\/\/fanavis.com\/fr\/wp-json\/wp\/v2\/comments?post=73"}],"version-history":[{"count":0,"href":"https:\/\/fanavis.com\/fr\/wp-json\/wp\/v2\/pages\/73\/revisions"}],"wp:attachment":[{"href":"https:\/\/fanavis.com\/fr\/wp-json\/wp\/v2\/media?parent=73"}],"curies":[{"name":"wp","href":"https:\/\/api.w.org\/{rel}","templated":true}]}}