{"id":3817,"date":"2024-09-05T19:14:03","date_gmt":"2024-09-05T17:14:03","guid":{"rendered":"https:\/\/fanavis.com\/?page_id=3817"},"modified":"2024-11-05T21:14:09","modified_gmt":"2024-11-05T20:14:09","slug":"fanavis-les-10-meilleurs-restaurants-de-geneve","status":"publish","type":"page","link":"https:\/\/fanavis.com\/fr\/fanavis-les-10-meilleurs-restaurants-de-geneve\/","title":{"rendered":"TOP 10 : les meilleurs restaurants de Gen\u00e8ve"},"content":{"rendered":"<h2 class=\"wp-block-heading has-text-align-center top10-title has-x-large-font-size\"><strong>TOP 10 : les meilleurs restaurants de Gen\u00e8ve<\/strong><\/h2>\n\n\n\n<p class=\"has-text-align-center\">Fanavis vous propose sa s\u00e9lection des 10 meilleurs restaurants de Gen\u00e8ve, Suisse<\/p>\n\n\n\n<div class=\"wp-block-group top10\"><div class=\"wp-block-group__inner-container is-layout-constrained wp-block-group-is-layout-constrained\">\n<h2 class=\"wp-block-heading has-large-font-size\" id=\"listing-title\"><strong>1. <a href=\"https:\/\/fanavis.com\/fr\/listing\/laparte\/\">L&#039;Apart\u00e9<\/a><\/strong><\/h2>\n\n\n\n<p style=\"font-size:16px\"><a href=\"https:\/\/fanavis.com\/fr\/listing\/laparte\/#listing-location\"><i class=\"fa fa-map-marker\"><\/i> Rue de Lausanne 41-43, Gen\u00e8ve 1201 Suisse<\/a> | <strong>CUISINE : Fran\u00e7aise, Europ\u00e9enne, Diner<\/strong><\/p>\n\n\n\n<div class=\"wp-block-media-text is-stacked-on-mobile is-style-default\"><figure class=\"wp-block-media-text__media\"><a href=\"https:\/\/fanavis.com\/fr\/listing\/laparte\/\"><img loading=\"lazy\" decoding=\"async\" width=\"1024\" height=\"653\" src=\"https:\/\/fanavis.com\/wp-content\/uploads\/2024\/09\/getlstd-property-photo-1024x653.jpg\" alt=\"Restaurant L'Apart\u00e9\" class=\"wp-image-3843 size-full\" srcset=\"https:\/\/fanavis.com\/wp-content\/uploads\/2024\/09\/getlstd-property-photo-1024x653.jpg 1024w, https:\/\/fanavis.com\/wp-content\/uploads\/2024\/09\/getlstd-property-photo-300x191.jpg 300w, https:\/\/fanavis.com\/wp-content\/uploads\/2024\/09\/getlstd-property-photo-768x490.jpg 768w, https:\/\/fanavis.com\/wp-content\/uploads\/2024\/09\/getlstd-property-photo-18x12.jpg 18w, https:\/\/fanavis.com\/wp-content\/uploads\/2024\/09\/getlstd-property-photo-590x376.jpg 590w, https:\/\/fanavis.com\/wp-content\/uploads\/2024\/09\/getlstd-property-photo-1050x670.jpg 1050w, https:\/\/fanavis.com\/wp-content\/uploads\/2024\/09\/getlstd-property-photo-577x368.jpg 577w, https:\/\/fanavis.com\/wp-content\/uploads\/2024\/09\/getlstd-property-photo-1200x766.jpg 1200w, https:\/\/fanavis.com\/wp-content\/uploads\/2024\/09\/getlstd-property-photo-600x383.jpg 600w, https:\/\/fanavis.com\/wp-content\/uploads\/2024\/09\/getlstd-property-photo.jpg 1500w\" sizes=\"(max-width: 1024px) 100vw, 1024px\" \/><\/a><\/figure><div class=\"wp-block-media-text__content\">\n<p>Dans un cadre raffin\u00e9 et intimiste de seulement quinze couverts, vivez une exp\u00e9rience m\u00e9morable et conviviale. En toute simplicit\u00e9, le chef Armel Bedouet dialogue \u00e0 votre table pour vous conseiller sur les produits qu&#039;il a minutieusement s\u00e9lectionn\u00e9s et sublim\u00e9s. Fort de son exp\u00e9rience dans des maisons prestigieuses, il exprime sa passion et son talent. Laissez-vous surprendre le temps d&#039;un apart\u00e9.<\/p>\n<\/div><\/div>\n<\/div><\/div>\n\n\n\n<div class=\"wp-block-group top10\"><div class=\"wp-block-group__inner-container is-layout-constrained wp-block-group-is-layout-constrained\">\n<h2 class=\"wp-block-heading listing-title has-large-font-size\" data-no-translation=\"\"><strong>2. <a href=\"https:\/\/fanavis.com\/fr\/listing\/dans-le-noir\/\">Dans le Noir ?<\/a><\/strong><\/h2>\n\n\n\n<p style=\"font-size:16px\"><a href=\"https:\/\/fanavis.com\/fr\/listing\/dans-le-noir\/#listing-location\"><i class=\"fa fa-map-marker\"><\/i> Quai Du Mont-Blanc 11, Gen\u00e8ve 1201 Suisse<\/a> | <strong>CUISINE : Fran\u00e7aise, Internationale, Europ\u00e9enne<\/strong><\/p>\n\n\n\n<div class=\"wp-block-media-text is-stacked-on-mobile is-style-default\"><figure class=\"wp-block-media-text__media\"><a href=\"https:\/\/fanavis.com\/fr\/listing\/dans-le-noir\/\"><img loading=\"lazy\" decoding=\"async\" width=\"1024\" height=\"693\" src=\"https:\/\/fanavis.com\/wp-content\/uploads\/2024\/09\/main-dans-le-noir-geneve-1024x693.jpg\" alt=\"Restaurant Dans Le Noir ?\" class=\"wp-image-3842 size-full\" srcset=\"https:\/\/fanavis.com\/wp-content\/uploads\/2024\/09\/main-dans-le-noir-geneve-1024x693.jpg 1024w, https:\/\/fanavis.com\/wp-content\/uploads\/2024\/09\/main-dans-le-noir-geneve-300x203.jpg 300w, https:\/\/fanavis.com\/wp-content\/uploads\/2024\/09\/main-dans-le-noir-geneve-768x520.jpg 768w, https:\/\/fanavis.com\/wp-content\/uploads\/2024\/09\/main-dans-le-noir-geneve-18x12.jpg 18w, https:\/\/fanavis.com\/wp-content\/uploads\/2024\/09\/main-dans-le-noir-geneve-590x399.jpg 590w, https:\/\/fanavis.com\/wp-content\/uploads\/2024\/09\/main-dans-le-noir-geneve-990x670.jpg 990w, https:\/\/fanavis.com\/wp-content\/uploads\/2024\/09\/main-dans-le-noir-geneve-577x390.jpg 577w, https:\/\/fanavis.com\/wp-content\/uploads\/2024\/09\/main-dans-le-noir-geneve-600x406.jpg 600w, https:\/\/fanavis.com\/wp-content\/uploads\/2024\/09\/main-dans-le-noir-geneve.jpg 1200w\" sizes=\"(max-width: 1024px) 100vw, 1024px\" \/><\/a><\/figure><div class=\"wp-block-media-text__content\">\n<p>\u00ab Dans le Noir ? \u00bb Dans ses restaurants, vous pourrez d\u00eener dans le noir le plus total accompagn\u00e9 et servi par des guides inattendus. D\u00e9guster, d\u00e9jeuner ou d\u00eener dans le noir absolu est une exp\u00e9rience originale qui permet de r\u00e9\u00e9valuer notre perception du go\u00fbt en red\u00e9couvrant nos sens endormis par l\u2019omnipr\u00e9sence du regard, de r\u00e9enchanter notre rapport au monde et aux autres et de vivre une rencontre surprenante avec la diff\u00e9rence.<a href=\"https:\/\/geneve.danslenoir.com\/reserver-geneve.html\"><\/a><\/p>\n<\/div><\/div>\n<\/div><\/div>\n\n\n\n<div class=\"wp-block-group top10\"><div class=\"wp-block-group__inner-container is-layout-constrained wp-block-group-is-layout-constrained\">\n<h2 class=\"wp-block-heading listing-title has-large-font-size\" data-no-translation=\"\"><strong>3. <a href=\"https:\/\/fanavis.com\/listing\/le-bistroquet\/\">Le Bistroquet<\/a><\/strong><\/h2>\n\n\n\n<p style=\"font-size:16px\"><a href=\"https:\/\/fanavis.com\/fr\/listing\/le-bistroquet\/#listing-location\"><i class=\"fa fa-map-marker\"><\/i> Rue Caroline 10, Gen\u00e8ve 1227 Suisse<\/a> | <strong>CUISINE : Fran\u00e7aise, Europ\u00e9enne<\/strong>, <strong>Bistro<\/strong><\/p>\n\n\n\n<div class=\"wp-block-media-text is-stacked-on-mobile is-style-default\"><figure class=\"wp-block-media-text__media\"><a href=\"https:\/\/fanavis.com\/fr\/listing\/le-bistroquet\/\"><img loading=\"lazy\" decoding=\"async\" width=\"1024\" height=\"576\" src=\"https:\/\/fanavis.com\/wp-content\/uploads\/2024\/09\/salle-1024x576.jpg\" alt=\"Restaurant Le Bistroquet\" class=\"wp-image-3844 size-full\" srcset=\"https:\/\/fanavis.com\/wp-content\/uploads\/2024\/09\/salle-1024x576.jpg 1024w, https:\/\/fanavis.com\/wp-content\/uploads\/2024\/09\/salle-300x169.jpg 300w, https:\/\/fanavis.com\/wp-content\/uploads\/2024\/09\/salle-768x432.jpg 768w, https:\/\/fanavis.com\/wp-content\/uploads\/2024\/09\/salle-18x10.jpg 18w, https:\/\/fanavis.com\/wp-content\/uploads\/2024\/09\/salle-590x332.jpg 590w, https:\/\/fanavis.com\/wp-content\/uploads\/2024\/09\/salle-1191x670.jpg 1191w, https:\/\/fanavis.com\/wp-content\/uploads\/2024\/09\/salle-577x325.jpg 577w, https:\/\/fanavis.com\/wp-content\/uploads\/2024\/09\/salle-600x338.jpg 600w, https:\/\/fanavis.com\/wp-content\/uploads\/2024\/09\/salle.jpg 1200w\" sizes=\"(max-width: 1024px) 100vw, 1024px\" \/><\/a><\/figure><div class=\"wp-block-media-text__content\">\n<p>Au-del\u00e0 de vous proposer une cuisine gastronomique, Le Bistroquet met un point d&#039;honneur \u00e0 travailler avec les meilleurs produits possibles tout en minimisant son impact,<br>C&#039;est pourquoi nous nous engageons \u00e0 privil\u00e9gier les produits de la Suisse locale, \u00e0 travailler en circuit court et \u00e0 s\u00e9lectionner soigneusement les fournisseurs.<br>avec qui nous collaborons.<\/p>\n<\/div><\/div>\n<\/div><\/div>\n\n\n\n<div class=\"wp-block-group top10\"><div class=\"wp-block-group__inner-container is-layout-constrained wp-block-group-is-layout-constrained\">\n<h2 class=\"wp-block-heading listing-title has-large-font-size\" data-no-translation=\"\"><strong>4. <a href=\"https:\/\/fanavis.com\/listing\/lagape\/\">L&#8217;Agape<\/a><\/strong><\/h2>\n\n\n\n<p style=\"font-size:16px\"><a href=\"https:\/\/fanavis.com\/fr\/listing\/lagape\/#listing-location\"><i class=\"fa fa-map-marker\"><\/i> Rue Caroline 11, Gen\u00e8ve 1227 Suisse<\/a> | <strong>CUISINE : Fran\u00e7aise, Internationale, Europ\u00e9enne<\/strong><\/p>\n\n\n\n<div class=\"wp-block-media-text is-stacked-on-mobile is-style-default\"><figure class=\"wp-block-media-text__media\"><a href=\"https:\/\/fanavis.com\/fr\/listing\/lagape\/\"><img loading=\"lazy\" decoding=\"async\" width=\"1024\" height=\"690\" src=\"https:\/\/fanavis.com\/wp-content\/uploads\/2024\/09\/l-agape-1024x690.jpg\" alt=\"Restaurant L'Agape\" class=\"wp-image-3847 size-full\" srcset=\"https:\/\/fanavis.com\/wp-content\/uploads\/2024\/09\/l-agape-1024x690.jpg 1024w, https:\/\/fanavis.com\/wp-content\/uploads\/2024\/09\/l-agape-300x202.jpg 300w, https:\/\/fanavis.com\/wp-content\/uploads\/2024\/09\/l-agape-768x518.jpg 768w, https:\/\/fanavis.com\/wp-content\/uploads\/2024\/09\/l-agape-18x12.jpg 18w, https:\/\/fanavis.com\/wp-content\/uploads\/2024\/09\/l-agape-590x398.jpg 590w, https:\/\/fanavis.com\/wp-content\/uploads\/2024\/09\/l-agape-994x670.jpg 994w, https:\/\/fanavis.com\/wp-content\/uploads\/2024\/09\/l-agape-577x389.jpg 577w, https:\/\/fanavis.com\/wp-content\/uploads\/2024\/09\/l-agape-600x405.jpg 600w, https:\/\/fanavis.com\/wp-content\/uploads\/2024\/09\/l-agape.jpg 1200w\" sizes=\"(max-width: 1024px) 100vw, 1024px\" \/><\/a><\/figure><div class=\"wp-block-media-text__content\">\n<p>\u00ab L&#039;AGAPE \u00bb a ouvert ses portes le mercredi 12 juin 2019. Situ\u00e9 dans le quartier des Acacias, \u00e0 deux pas du Vieux Carouge, le restaurant propose une carte de saison ax\u00e9e sur les produits frais.<\/p>\n<\/div><\/div>\n<\/div><\/div>\n\n\n\n<div class=\"wp-block-group top10\"><div class=\"wp-block-group__inner-container is-layout-constrained wp-block-group-is-layout-constrained\">\n<h2 class=\"wp-block-heading listing-title has-large-font-size\" data-no-translation=\"\"><strong>5. <a href=\"https:\/\/fanavis.com\/listing\/le-chat-botte\/\">Le Chat-bott\u00e9<\/a><\/strong><\/h2>\n\n\n\n<p style=\"font-size:16px\"><a href=\"https:\/\/fanavis.com\/fr\/listing\/le-chat-botte\/#listing-location\"><i class=\"fa fa-map-marker\"><\/i> Quai du Mont-Blanc 13, Gen\u00e8ve 1201 Suisse<\/a> | <strong>CUISINE : Fran\u00e7aise, Europ\u00e9enne, Gastronomique<\/strong><\/p>\n\n\n\n<div class=\"wp-block-media-text is-stacked-on-mobile is-style-default\"><figure class=\"wp-block-media-text__media\"><a href=\"https:\/\/fanavis.com\/fr\/listing\/le-chat-botte\/\"><img loading=\"lazy\" decoding=\"async\" width=\"650\" height=\"500\" src=\"https:\/\/fanavis.com\/wp-content\/uploads\/2024\/09\/le-chat-botte.jpg\" alt=\"Restaurant Le Chat bott\u00e9\" class=\"wp-image-3848 size-full\" srcset=\"https:\/\/fanavis.com\/wp-content\/uploads\/2024\/09\/le-chat-botte.jpg 650w, https:\/\/fanavis.com\/wp-content\/uploads\/2024\/09\/le-chat-botte-300x231.jpg 300w, https:\/\/fanavis.com\/wp-content\/uploads\/2024\/09\/le-chat-botte-16x12.jpg 16w, https:\/\/fanavis.com\/wp-content\/uploads\/2024\/09\/le-chat-botte-590x454.jpg 590w, https:\/\/fanavis.com\/wp-content\/uploads\/2024\/09\/le-chat-botte-577x444.jpg 577w, https:\/\/fanavis.com\/wp-content\/uploads\/2024\/09\/le-chat-botte-600x462.jpg 600w\" sizes=\"(max-width: 650px) 100vw, 650px\" \/><\/a><\/figure><div class=\"wp-block-media-text__content\">\n<p>Depuis le 11 mai, seule la Terrasse by Dominique Gauthier est ouverte et venez donc profiter d\u2019un moment d\u2019exception. Aux beaux jours, les plaisirs gourmands sont au rendez-vous \u00e0 La Terrasse by Dominique Gauthier, lieu mythique de Beau-Rivage Gen\u00e8ve. De d\u00e9licieux buffets de petit-d\u00e9jeuner, des d\u00e9jeuners divins en terrasse et de succulents plats \u00e0 partager cuits au grill le dimanche midi seront au menu de votre merveilleux \u00e9t\u00e9. Cet \u00e9t\u00e9, prenez le temps de vous \u00e9loigner de l\u2019agitation genevoise et offrez-vous un moment d\u2019\u00e9motion et de gourmandise !<\/p>\n<\/div><\/div>\n<\/div><\/div>\n\n\n\n<div class=\"wp-block-group top10\"><div class=\"wp-block-group__inner-container is-layout-constrained wp-block-group-is-layout-constrained\">\n<h2 class=\"wp-block-heading listing-title has-large-font-size\" data-no-translation=\"\"><strong>6. <a href=\"https:\/\/fanavis.com\/listing\/bayview\/\">Bayview<\/a><\/strong><\/h2>\n\n\n\n<p style=\"font-size:16px\"><i class=\"fa fa-map-marker\"><\/i> <a href=\"https:\/\/fanavis.com\/fr\/listing\/bayview\/#listing-location\">47 Quai Wilson H\u00f4tel Pr\u00e9sident Wilson, Gen\u00e8ve 1211 Suisse<\/a> | <strong>CUISINE : Fran\u00e7aise, Europ\u00e9enne, Gastronomique<\/strong><\/p>\n\n\n\n<div class=\"wp-block-media-text is-stacked-on-mobile is-style-default\"><figure class=\"wp-block-media-text__media\"><a href=\"https:\/\/fanavis.com\/fr\/listing\/bayview\/\"><img loading=\"lazy\" decoding=\"async\" width=\"1024\" height=\"753\" src=\"https:\/\/fanavis.com\/wp-content\/uploads\/2024\/09\/bayview-1024x753.jpg\" alt=\"Restaurant Bayview\" class=\"wp-image-3849 size-full\" srcset=\"https:\/\/fanavis.com\/wp-content\/uploads\/2024\/09\/bayview-1024x753.jpg 1024w, https:\/\/fanavis.com\/wp-content\/uploads\/2024\/09\/bayview-300x221.jpg 300w, https:\/\/fanavis.com\/wp-content\/uploads\/2024\/09\/bayview-768x564.jpg 768w, https:\/\/fanavis.com\/wp-content\/uploads\/2024\/09\/bayview-16x12.jpg 16w, https:\/\/fanavis.com\/wp-content\/uploads\/2024\/09\/bayview-590x434.jpg 590w, https:\/\/fanavis.com\/wp-content\/uploads\/2024\/09\/bayview-912x670.jpg 912w, https:\/\/fanavis.com\/wp-content\/uploads\/2024\/09\/bayview-577x424.jpg 577w, https:\/\/fanavis.com\/wp-content\/uploads\/2024\/09\/bayview-600x441.jpg 600w, https:\/\/fanavis.com\/wp-content\/uploads\/2024\/09\/bayview.jpg 1200w\" sizes=\"(max-width: 1024px) 100vw, 1024px\" \/><\/a><\/figure><div class=\"wp-block-media-text__content\">\n<p>Le restaurant \u00e9toil\u00e9 Bayview vous invite \u00e0 vivre une exp\u00e9rience gastronomique authentique tout en admirant une vue imprenable sur le lac L\u00e9man et les Alpes. Les convives s&#039;installent dans un luxueux mobilier en acajou au milieu d&#039;un d\u00e9cor moderne aux tons bleus et dor\u00e9s, mis en valeur par une \u00e9l\u00e9gante vaisselle, dont des verres en cristal Saint Louis pour un plaisir imm\u00e9diat.<\/p>\n<\/div><\/div>\n<\/div><\/div>\n\n\n\n<div class=\"wp-block-group top10\"><div class=\"wp-block-group__inner-container is-layout-constrained wp-block-group-is-layout-constrained\">\n<h2 class=\"wp-block-heading listing-title has-large-font-size\" data-no-translation=\"\"><strong>7. <a href=\"https:\/\/fanavis.com\/listing\/living-room-bar-kitchen\/\">Living Room Bar &amp; Kitchen<\/a><\/strong><\/h2>\n\n\n\n<p style=\"font-size:16px\"><i class=\"fa fa-map-marker\"><\/i> <a href=\"https:\/\/fanavis.com\/fr\/listing\/living-room-bar-kitchen\/#listing-location\">Quai du Mont-Blanc 11, Gen\u00e8ve 1201 Suisse<\/a> | <strong>CUISINES : Fran\u00e7aise, Internationale, Europ\u00e9enne<\/strong><\/p>\n\n\n\n<div class=\"wp-block-media-text is-stacked-on-mobile is-style-default\"><figure class=\"wp-block-media-text__media\"><a href=\"https:\/\/fanavis.com\/fr\/listing\/living-room-bar-kitchen\/\"><img loading=\"lazy\" decoding=\"async\" width=\"1024\" height=\"683\" src=\"https:\/\/fanavis.com\/wp-content\/uploads\/2024\/09\/Living-Room-Bar-Kitchen-1024x683.jpg\" alt=\"Restaurant Living Room Bar &amp; Kitchen\" class=\"wp-image-3850 size-full\" srcset=\"https:\/\/fanavis.com\/wp-content\/uploads\/2024\/09\/Living-Room-Bar-Kitchen-1024x683.jpg 1024w, https:\/\/fanavis.com\/wp-content\/uploads\/2024\/09\/Living-Room-Bar-Kitchen-300x200.jpg 300w, https:\/\/fanavis.com\/wp-content\/uploads\/2024\/09\/Living-Room-Bar-Kitchen-768x512.jpg 768w, https:\/\/fanavis.com\/wp-content\/uploads\/2024\/09\/Living-Room-Bar-Kitchen-18x12.jpg 18w, https:\/\/fanavis.com\/wp-content\/uploads\/2024\/09\/Living-Room-Bar-Kitchen-590x393.jpg 590w, https:\/\/fanavis.com\/wp-content\/uploads\/2024\/09\/Living-Room-Bar-Kitchen-1005x670.jpg 1005w, https:\/\/fanavis.com\/wp-content\/uploads\/2024\/09\/Living-Room-Bar-Kitchen-577x385.jpg 577w, https:\/\/fanavis.com\/wp-content\/uploads\/2024\/09\/Living-Room-Bar-Kitchen-600x400.jpg 600w, https:\/\/fanavis.com\/wp-content\/uploads\/2024\/09\/Living-Room-Bar-Kitchen.jpg 1200w\" sizes=\"(max-width: 1024px) 100vw, 1024px\" \/><\/a><\/figure><div class=\"wp-block-media-text__content\">\n<p>Avec une vue exceptionnelle sur le lac L\u00e9man et le Mont Blanc, le Living Room Bar &amp; Kitchen allie une cuisine all\u00e9chante, un service authentique et des saveurs locales dans un cadre r\u00e9sidentiel chic.<\/p>\n<\/div><\/div>\n<\/div><\/div>\n\n\n\n<div class=\"wp-block-group top10\"><div class=\"wp-block-group__inner-container is-layout-constrained wp-block-group-is-layout-constrained\">\n<h2 class=\"wp-block-heading listing-title has-large-font-size\" data-no-translation=\"\"><strong>8. <a href=\"https:\/\/fanavis.com\/listing\/21-club\/\">21 Club<\/a><\/strong><\/h2>\n\n\n\n<p style=\"font-size:16px\"><a href=\"https:\/\/fanavis.com\/fr\/listing\/21-club\/#listing-location\"><i class=\"fa fa-map-marker\"><\/i> Rue Henri-Blanvalet 11, Gen\u00e8ve 1207 Suisse<\/a> |<strong> CUISINE : Fran\u00e7aise, M\u00e9diterran\u00e9enne, Fusion<\/strong><\/p>\n\n\n\n<div class=\"wp-block-media-text is-stacked-on-mobile is-style-default\"><figure class=\"wp-block-media-text__media\"><a href=\"https:\/\/fanavis.com\/fr\/listing\/21-club\/\"><img loading=\"lazy\" decoding=\"async\" width=\"1024\" height=\"682\" src=\"https:\/\/fanavis.com\/wp-content\/uploads\/2024\/09\/21-Club-1024x682.jpg\" alt=\"Restaurant 21 Club\" class=\"wp-image-3851 size-full\" srcset=\"https:\/\/fanavis.com\/wp-content\/uploads\/2024\/09\/21-Club-1024x682.jpg 1024w, https:\/\/fanavis.com\/wp-content\/uploads\/2024\/09\/21-Club-300x200.jpg 300w, https:\/\/fanavis.com\/wp-content\/uploads\/2024\/09\/21-Club-768x511.jpg 768w, https:\/\/fanavis.com\/wp-content\/uploads\/2024\/09\/21-Club-18x12.jpg 18w, https:\/\/fanavis.com\/wp-content\/uploads\/2024\/09\/21-Club-590x393.jpg 590w, https:\/\/fanavis.com\/wp-content\/uploads\/2024\/09\/21-Club-1006x670.jpg 1006w, https:\/\/fanavis.com\/wp-content\/uploads\/2024\/09\/21-Club-577x384.jpg 577w, https:\/\/fanavis.com\/wp-content\/uploads\/2024\/09\/21-Club-600x400.jpg 600w, https:\/\/fanavis.com\/wp-content\/uploads\/2024\/09\/21-Club.jpg 1200w\" sizes=\"(max-width: 1024px) 100vw, 1024px\" \/><\/a><\/figure><div class=\"wp-block-media-text__content\">\n<p>Pour une exp\u00e9rience unique, le menu d\u00e9gustation est id\u00e9al pour un d\u00eener haut de gamme dans une ambiance conviviale. Une attention particuli\u00e8re est port\u00e9e aux accords mets et vins qui sublimeront les justes et savoureuses combinaisons. D\u00e9couvrez son histoire \u00e0 travers ses plats.<\/p>\n<\/div><\/div>\n<\/div><\/div>\n\n\n\n<div class=\"wp-block-group top10\"><div class=\"wp-block-group__inner-container is-layout-constrained wp-block-group-is-layout-constrained\">\n<h2 class=\"wp-block-heading listing-title has-large-font-size\" data-no-translation=\"\"><strong><a href=\"https:\/\/fanavis.com\/listing\/domaine-de-chateauvieux\/\">9. Domaine De Ch\u00e2teauvieux<\/a><\/strong><\/h2>\n\n\n\n<p style=\"font-size:16px\"><a href=\"https:\/\/fanavis.com\/fr\/listing\/domaine-de-chateauvieux\/#listing-location\"><i class=\"fa fa-map-marker\"><\/i> Chemin De Ch\u00e2teauvieux 16, Satigny 1242 Suisse<\/a> | <strong>CUISINE : Fran\u00e7aise, Suisse, Europ\u00e9enne<\/strong><\/p>\n\n\n\n<div class=\"wp-block-media-text is-stacked-on-mobile is-style-default\"><figure class=\"wp-block-media-text__media\"><a href=\"https:\/\/fanavis.com\/fr\/listing\/domaine-de-chateauvieux\/\"><img loading=\"lazy\" decoding=\"async\" width=\"1024\" height=\"683\" src=\"https:\/\/fanavis.com\/wp-content\/uploads\/2024\/09\/domaine-de-chateauvieux-1024x683.jpg\" alt=\"Restaurant Domaine de Ch\u00e2teauvieux\" class=\"wp-image-3852 size-full\" srcset=\"https:\/\/fanavis.com\/wp-content\/uploads\/2024\/09\/domaine-de-chateauvieux-1024x683.jpg 1024w, https:\/\/fanavis.com\/wp-content\/uploads\/2024\/09\/domaine-de-chateauvieux-300x200.jpg 300w, https:\/\/fanavis.com\/wp-content\/uploads\/2024\/09\/domaine-de-chateauvieux-768x512.jpg 768w, https:\/\/fanavis.com\/wp-content\/uploads\/2024\/09\/domaine-de-chateauvieux-18x12.jpg 18w, https:\/\/fanavis.com\/wp-content\/uploads\/2024\/09\/domaine-de-chateauvieux-590x393.jpg 590w, https:\/\/fanavis.com\/wp-content\/uploads\/2024\/09\/domaine-de-chateauvieux-1005x670.jpg 1005w, https:\/\/fanavis.com\/wp-content\/uploads\/2024\/09\/domaine-de-chateauvieux-577x385.jpg 577w, https:\/\/fanavis.com\/wp-content\/uploads\/2024\/09\/domaine-de-chateauvieux-600x400.jpg 600w, https:\/\/fanavis.com\/wp-content\/uploads\/2024\/09\/domaine-de-chateauvieux.jpg 1200w\" sizes=\"(max-width: 1024px) 100vw, 1024px\" \/><\/a><\/figure><div class=\"wp-block-media-text__content\">\n<p>Dans ce lieu historique o\u00f9 r\u00e8gne une ambiance conviviale, vous serez choy\u00e9s d\u00e8s votre arriv\u00e9e et vous vous sentirez comme chez vous. Toutes nos chambres ont \u00e9t\u00e9 d\u00e9cor\u00e9es avec \u00e9l\u00e9gance et raffinement et b\u00e9n\u00e9ficient toutes d&#039;une magnifique vue sur les vignes, le Rh\u00f4ne ou les montagnes du Jura. Nous sommes s\u00fbrs que vous appr\u00e9cierez le fait que l&#039;H\u00f4tel du Domaine de Ch\u00e2teauvieux abrite un restaurant gastronomique de renomm\u00e9e internationale, sous la direction de son chef \u00e9toil\u00e9 Philippe Chevrier, \u00e9galement propri\u00e9taire du domaine.<\/p>\n<\/div><\/div>\n<\/div><\/div>\n\n\n\n<div class=\"wp-block-group top10\"><div class=\"wp-block-group__inner-container is-layout-constrained wp-block-group-is-layout-constrained\">\n<h2 class=\"wp-block-heading listing-title has-large-font-size\" data-no-translation=\"\"><strong>10. <strong><a href=\"https:\/\/fanavis.com\/listing\/tse-fung\/\">Ts\u00e9 Fung<\/a><\/strong><\/strong><\/h2>\n\n\n\n<p style=\"font-size:16px\"><a href=\"https:\/\/fanavis.com\/fr\/listing\/tse-fung\/#listing-location\"><i class=\"fa fa-map-marker\"><\/i> Route de Lausanne 301, Gen\u00e8ve, 1293, Suisse<\/a> | <strong>CUISINE : Chinoise, Asiatique, Cantonaise<\/strong><\/p>\n\n\n\n<div class=\"wp-block-media-text is-stacked-on-mobile is-style-default\"><figure class=\"wp-block-media-text__media\"><a href=\"https:\/\/fanavis.com\/fr\/listing\/tse-fung\/\"><img loading=\"lazy\" decoding=\"async\" width=\"1024\" height=\"683\" src=\"https:\/\/fanavis.com\/wp-content\/uploads\/2024\/09\/le-tse-fung-1024x683.jpg\" alt=\"Restaurant le Ts\u00e9 Fung\" class=\"wp-image-3863 size-full\" srcset=\"https:\/\/fanavis.com\/wp-content\/uploads\/2024\/09\/le-tse-fung-1024x683.jpg 1024w, https:\/\/fanavis.com\/wp-content\/uploads\/2024\/09\/le-tse-fung-300x200.jpg 300w, https:\/\/fanavis.com\/wp-content\/uploads\/2024\/09\/le-tse-fung-768x512.jpg 768w, https:\/\/fanavis.com\/wp-content\/uploads\/2024\/09\/le-tse-fung-18x12.jpg 18w, https:\/\/fanavis.com\/wp-content\/uploads\/2024\/09\/le-tse-fung-590x393.jpg 590w, https:\/\/fanavis.com\/wp-content\/uploads\/2024\/09\/le-tse-fung-1005x670.jpg 1005w, https:\/\/fanavis.com\/wp-content\/uploads\/2024\/09\/le-tse-fung-577x385.jpg 577w, https:\/\/fanavis.com\/wp-content\/uploads\/2024\/09\/le-tse-fung-600x400.jpg 600w, https:\/\/fanavis.com\/wp-content\/uploads\/2024\/09\/le-tse-fung.jpg 1200w\" sizes=\"(max-width: 1024px) 100vw, 1024px\" \/><\/a><\/figure><div class=\"wp-block-media-text__content\">\n<p>Le d\u00e9cor de velours rouge, de laque noire et de tentures de soie a \u00e9t\u00e9 magnifi\u00e9 et vous transporte toujours dans un palais shangha\u00efen des ann\u00e9es 30. Au restaurant, dans les salons priv\u00e9s pour une tranquillit\u00e9 absolue ou sur la terrasse offrant une tr\u00e8s belle vue sur les Alpes et le lac L\u00e9man, les \u00e9quipes de Ts\u00e9 Fung ont h\u00e2te de vous accueillir pour vous faire d\u00e9couvrir une nouvelle carte sign\u00e9e Frank Xu.<\/p>\n<\/div><\/div>\n<\/div><\/div>","protected":false},"excerpt":{"rendered":"<p>TOP 10 : meilleurs restaurants \u00e0 Gen\u00e8ve Fanavis vous propose sa s\u00e9lection des 10 meilleurs restaurants \u00e0 Gen\u00e8ve, Suisse 1. L&#039;Apart\u00e9 Rue de Lausanne 41-43, Gen\u00e8ve 1201 Suisse | CUISINE : Fran\u00e7aise, Europ\u00e9enne, Diner Dans un cadre raffin\u00e9 et intimiste avec seulement une quinzaine de couverts, vivez une exp\u00e9rience m\u00e9morable et conviviale. En toute simplicit\u00e9, le chef Armel Bedouet [\u2026]<\/p>","protected":false},"author":1,"featured_media":0,"parent":0,"menu_order":0,"comment_status":"closed","ping_status":"closed","template":"","meta":{"inline_featured_image":false,"footnotes":""},"_links":{"self":[{"href":"https:\/\/fanavis.com\/fr\/wp-json\/wp\/v2\/pages\/3817"}],"collection":[{"href":"https:\/\/fanavis.com\/fr\/wp-json\/wp\/v2\/pages"}],"about":[{"href":"https:\/\/fanavis.com\/fr\/wp-json\/wp\/v2\/types\/page"}],"author":[{"embeddable":true,"href":"https:\/\/fanavis.com\/fr\/wp-json\/wp\/v2\/users\/1"}],"replies":[{"embeddable":true,"href":"https:\/\/fanavis.com\/fr\/wp-json\/wp\/v2\/comments?post=3817"}],"version-history":[{"count":39,"href":"https:\/\/fanavis.com\/fr\/wp-json\/wp\/v2\/pages\/3817\/revisions"}],"predecessor-version":[{"id":4697,"href":"https:\/\/fanavis.com\/fr\/wp-json\/wp\/v2\/pages\/3817\/revisions\/4697"}],"wp:attachment":[{"href":"https:\/\/fanavis.com\/fr\/wp-json\/wp\/v2\/media?parent=3817"}],"curies":[{"name":"wp","href":"https:\/\/api.w.org\/{rel}","templated":true}]}}