{"id":3131,"date":"2023-08-30T12:36:49","date_gmt":"2023-08-30T10:36:49","guid":{"rendered":"https:\/\/fanavis.com\/?page_id=3131"},"modified":"2024-11-08T14:57:00","modified_gmt":"2024-11-08T13:57:00","slug":"fonctionnement","status":"publish","type":"page","link":"https:\/\/fanavis.com\/fr\/fonctionnement\/","title":{"rendered":"Fanavis | Comment \u00e7a marche ?"},"content":{"rendered":"<h2 class=\"wp-block-heading has-text-align-center\" id=\"a-propos-de-fanavis\">Comment \u00e7a fonctionne?<\/h2>\n\n\n\n<p>Fanavis est une plateforme ouverte \u00e0 tous. Que vous soyez professionnel ou particulier, commencez d\u00e8s maintenant \u00e0 publier ou \u00e0 recevoir des critiques vid\u00e9o !<\/p>\n\n\n\n<ul>\n<li><strong>Personnes:<\/strong> d\u00e9couvrez les entreprises inscrites autour de chez vous ou ailleurs sur le site Fanavis, et publiez des avis vid\u00e9o instantan\u00e9ment ! Vous pouvez \u00e9galement vous inscrire et acc\u00e9der \u00e0 d&#039;autres avantages de la plateforme tels que la sauvegarde des favoris et la gestion de vos avis.<\/li>\n<\/ul>\n\n\n\n<ul>\n<li><strong>Entreprises:<\/strong> Inscrivez-vous gratuitement et publiez facilement votre page d&#039;entreprise, vous \u00eates maintenant pr\u00eat \u00e0 recevoir des avis vid\u00e9o authentiques ! Vous pouvez \u00e9galement opter pour notre service de promotion pour mieux mettre en valeur votre page entreprise, rendez-vous sur la page <a href=\"https:\/\/fanavis.com\/fr\/fanavis-services\/\">page des services<\/a> pour plus d&#039;informations.<\/li>\n<\/ul>\n\n\n\n<div style=\"height:25px\" aria-hidden=\"true\" class=\"wp-block-spacer\"><\/div>\n\n\n\n<figure class=\"wp-block-gallery has-nested-images columns-default is-cropped wp-block-gallery-1 is-layout-flex wp-block-gallery-is-layout-flex\">\n<figure class=\"wp-block-image size-large\"><img loading=\"lazy\" decoding=\"async\" width=\"1024\" height=\"683\" data-id=\"3193\" src=\"https:\/\/fanavis.com\/wp-content\/uploads\/2023\/09\/pexels-helena-lopes-1015568-1024x683.jpg\" alt=\"\" class=\"wp-image-3193\" srcset=\"https:\/\/fanavis.com\/wp-content\/uploads\/2023\/09\/pexels-helena-lopes-1015568-1024x683.jpg 1024w, https:\/\/fanavis.com\/wp-content\/uploads\/2023\/09\/pexels-helena-lopes-1015568-300x200.jpg 300w, https:\/\/fanavis.com\/wp-content\/uploads\/2023\/09\/pexels-helena-lopes-1015568-768x512.jpg 768w, https:\/\/fanavis.com\/wp-content\/uploads\/2023\/09\/pexels-helena-lopes-1015568-1536x1024.jpg 1536w, https:\/\/fanavis.com\/wp-content\/uploads\/2023\/09\/pexels-helena-lopes-1015568-18x12.jpg 18w, https:\/\/fanavis.com\/wp-content\/uploads\/2023\/09\/pexels-helena-lopes-1015568-590x393.jpg 590w, https:\/\/fanavis.com\/wp-content\/uploads\/2023\/09\/pexels-helena-lopes-1015568-1005x670.jpg 1005w, https:\/\/fanavis.com\/wp-content\/uploads\/2023\/09\/pexels-helena-lopes-1015568-577x385.jpg 577w, https:\/\/fanavis.com\/wp-content\/uploads\/2023\/09\/pexels-helena-lopes-1015568-1200x800.jpg 1200w, https:\/\/fanavis.com\/wp-content\/uploads\/2023\/09\/pexels-helena-lopes-1015568-600x400.jpg 600w, https:\/\/fanavis.com\/wp-content\/uploads\/2023\/09\/pexels-helena-lopes-1015568.jpg 1920w\" sizes=\"(max-width: 1024px) 100vw, 1024px\" \/><\/figure>\n\n\n\n<figure class=\"wp-block-image size-large\"><img loading=\"lazy\" decoding=\"async\" width=\"1024\" height=\"683\" data-id=\"3192\" src=\"https:\/\/fanavis.com\/wp-content\/uploads\/2023\/09\/pexels-helena-lopes-693269-1024x683.jpg\" alt=\"\" class=\"wp-image-3192\" srcset=\"https:\/\/fanavis.com\/wp-content\/uploads\/2023\/09\/pexels-helena-lopes-693269-1024x683.jpg 1024w, https:\/\/fanavis.com\/wp-content\/uploads\/2023\/09\/pexels-helena-lopes-693269-300x200.jpg 300w, https:\/\/fanavis.com\/wp-content\/uploads\/2023\/09\/pexels-helena-lopes-693269-768x512.jpg 768w, https:\/\/fanavis.com\/wp-content\/uploads\/2023\/09\/pexels-helena-lopes-693269-1536x1024.jpg 1536w, https:\/\/fanavis.com\/wp-content\/uploads\/2023\/09\/pexels-helena-lopes-693269-18x12.jpg 18w, https:\/\/fanavis.com\/wp-content\/uploads\/2023\/09\/pexels-helena-lopes-693269-590x393.jpg 590w, https:\/\/fanavis.com\/wp-content\/uploads\/2023\/09\/pexels-helena-lopes-693269-1005x670.jpg 1005w, https:\/\/fanavis.com\/wp-content\/uploads\/2023\/09\/pexels-helena-lopes-693269-577x385.jpg 577w, https:\/\/fanavis.com\/wp-content\/uploads\/2023\/09\/pexels-helena-lopes-693269-1200x800.jpg 1200w, https:\/\/fanavis.com\/wp-content\/uploads\/2023\/09\/pexels-helena-lopes-693269-600x400.jpg 600w, https:\/\/fanavis.com\/wp-content\/uploads\/2023\/09\/pexels-helena-lopes-693269.jpg 1920w\" sizes=\"(max-width: 1024px) 100vw, 1024px\" \/><\/figure>\n<\/figure>","protected":false},"excerpt":{"rendered":"<p>Comment \u00e7a fonctionne? Fanavis est une plateforme ouverte \u00e0 tous. Que vous soyez professionnel ou particulier, commencez d\u00e8s maintenant \u00e0 publier ou \u00e0 recevoir des critiques vid\u00e9o !<\/p>","protected":false},"author":1,"featured_media":0,"parent":0,"menu_order":0,"comment_status":"closed","ping_status":"closed","template":"","meta":{"inline_featured_image":false,"footnotes":""},"_links":{"self":[{"href":"https:\/\/fanavis.com\/fr\/wp-json\/wp\/v2\/pages\/3131"}],"collection":[{"href":"https:\/\/fanavis.com\/fr\/wp-json\/wp\/v2\/pages"}],"about":[{"href":"https:\/\/fanavis.com\/fr\/wp-json\/wp\/v2\/types\/page"}],"author":[{"embeddable":true,"href":"https:\/\/fanavis.com\/fr\/wp-json\/wp\/v2\/users\/1"}],"replies":[{"embeddable":true,"href":"https:\/\/fanavis.com\/fr\/wp-json\/wp\/v2\/comments?post=3131"}],"version-history":[{"count":1,"href":"https:\/\/fanavis.com\/fr\/wp-json\/wp\/v2\/pages\/3131\/revisions"}],"predecessor-version":[{"id":4730,"href":"https:\/\/fanavis.com\/fr\/wp-json\/wp\/v2\/pages\/3131\/revisions\/4730"}],"wp:attachment":[{"href":"https:\/\/fanavis.com\/fr\/wp-json\/wp\/v2\/media?parent=3131"}],"curies":[{"name":"wp","href":"https:\/\/api.w.org\/{rel}","templated":true}]}}