{"id":1741,"date":"2022-06-29T01:14:22","date_gmt":"2022-06-28T23:14:22","guid":{"rendered":"https:\/\/fanavis.com\/?page_id=1741"},"modified":"2025-03-21T18:51:09","modified_gmt":"2025-03-21T17:51:09","slug":"a-propos","status":"publish","type":"page","link":"https:\/\/fanavis.com\/fr\/a-propos\/","title":{"rendered":"Fanavis | \u00c0 propos de"},"content":{"rendered":"<h2 class=\"wp-block-heading has-text-align-center\" id=\"a-propos-de-fanavis\">Pourquoi nous choisir ?<\/h2>\n\n\n\n<div style=\"height:25px\" aria-hidden=\"true\" class=\"wp-block-spacer\"><\/div>\n\n\n\n<p>Fanavis est un concept n\u00e9 de l'imagination de Darius Kabalisa. Vivant \u00e0 Gen\u00e8ve en Suisse, il a \u00e9t\u00e9 interpell\u00e9 par le ph\u00e9nom\u00e8ne des faux avis sur internet. Apr\u00e8s r\u00e9flexion il trouva la solution ultime : les avis en vid\u00e9o !<\/p>\n\n\n\n<p>Si on peut se cacher derri\u00e8re un faux profil, un faux nom et une fausse image, il est beaucoup plus difficile de donner de faux avis avec des vid\u00e9os. Les utilisateurs pourront ainsi montrer la r\u00e9alit\u00e9 de leur exp\u00e9rience en magasins, restaurants, commerces\u2026 Les nouveaux visiteurs auront une enti\u00e8re confiance dans les avis pr\u00e9sents sur Fanavis et les professionnels ne seront plus victimes des mauvaises notes laiss\u00e9es par des concurrents ou des utilisateurs malveillants.<\/p>\n\n\n\n<p>Avec Fanavis, soyez s\u00fbrs de vous avec de vrais avis en vid\u00e9o !<\/p>\n\n\n\n<p>Darius Kabalisa<\/p>\n\n\n\n<p>Fondateur de Fanavis.com<\/p>\n\n\n\n<p>Pour plus d\u2019informations, n\u2019h\u00e9sitez pas \u00e0 nous contacter \u00e0 l\u2019adresse : <a href=\"mailto:info@fanavis.com\">info@fanavis.com<\/a><\/p>\n\n\n\n<p>N\u00b0 Siret : 93817135200017<\/p>\n\n\n<div id=\"erdyt-69da8cc342f0c\" data-id=\"cQmdI4vJqnU\" class=\"erd-youtube-responsive\" style=\"display:block;position:relative;clear:both;width:100%;max-width:100%;margin-left:auto;margin-right:auto;\"><div style=\"padding-bottom:56.25%;\"><div class=\"erd-ytplay\" id=\"erdytp-cQmdI4vJqnU-69da8cc342f0c\" data-vid=\"cQmdI4vJqnU\" data-src=\"https:\/\/www.youtube.com\/embed\/cQmdI4vJqnU?loop=1&#038;autoplay=1&#038;rel=0\" data-allowfullscreen=\"true\"><img decoding=\"async\" src=\"https:\/\/i.ytimg.com\/vi\/cQmdI4vJqnU\/hqdefault.jpg\" alt=\"YouTube video\" \/><\/div><\/div><\/div>\n\n\n\n<div style=\"height:59px\" aria-hidden=\"true\" class=\"wp-block-spacer\"><\/div>","protected":false},"excerpt":{"rendered":"<p>Why choose us? Fanavis is a concept that sprang from the imagination of Darius Kabalisa. Living in Geneva, Switzerland, he was challenged by the phenomenon of fake reviews on the internet. He thought about it and found the ultimate solution: video reviews! If you can hide behind a fake profile, a fake name and a [&hellip;]<\/p>","protected":false},"author":1,"featured_media":0,"parent":0,"menu_order":0,"comment_status":"closed","ping_status":"closed","template":"","meta":{"inline_featured_image":false,"footnotes":""},"_links":{"self":[{"href":"https:\/\/fanavis.com\/fr\/wp-json\/wp\/v2\/pages\/1741"}],"collection":[{"href":"https:\/\/fanavis.com\/fr\/wp-json\/wp\/v2\/pages"}],"about":[{"href":"https:\/\/fanavis.com\/fr\/wp-json\/wp\/v2\/types\/page"}],"author":[{"embeddable":true,"href":"https:\/\/fanavis.com\/fr\/wp-json\/wp\/v2\/users\/1"}],"replies":[{"embeddable":true,"href":"https:\/\/fanavis.com\/fr\/wp-json\/wp\/v2\/comments?post=1741"}],"version-history":[{"count":6,"href":"https:\/\/fanavis.com\/fr\/wp-json\/wp\/v2\/pages\/1741\/revisions"}],"predecessor-version":[{"id":5056,"href":"https:\/\/fanavis.com\/fr\/wp-json\/wp\/v2\/pages\/1741\/revisions\/5056"}],"wp:attachment":[{"href":"https:\/\/fanavis.com\/fr\/wp-json\/wp\/v2\/media?parent=1741"}],"curies":[{"name":"wp","href":"https:\/\/api.w.org\/{rel}","templated":true}]}}