{"id":1739,"date":"2022-06-29T01:10:46","date_gmt":"2022-06-28T23:10:46","guid":{"rendered":"https:\/\/fanavis.com\/?page_id=1739"},"modified":"2025-04-14T16:13:09","modified_gmt":"2025-04-14T14:13:09","slug":"services","status":"publish","type":"page","link":"https:\/\/fanavis.com\/fr\/services\/","title":{"rendered":"Fanavis | Prestations de service"},"content":{"rendered":"<h2 class=\"wp-block-heading has-text-align-center\" id=\"a-propos-de-fanavis\">Nos services<\/h2>\n\n\n\n<div style=\"height:25px\" aria-hidden=\"true\" class=\"wp-block-spacer\"><\/div>\n\n\n\n<p>Que ce soit pour votre entreprise, votre \u00e9v\u00e9nementiel, dans les domaines de l&#039;immobilier, de la restauration, du tourisme ou autres, Fanavis vous propose un service efficace pour votre promotion.<\/p>\n\n\n\n<ul>\n<li>Pr\u00e9sentez votre entreprise sur notre page d'accueil ! Postulez pour figurer dans la rubrique \u00ab Gros plan sur \u00bb pour attirer instantan\u00e9ment l'attention des visiteurs du site Fanavis. <strong>D\u00e8s CHF 50.- par mois<\/strong><\/li>\n\n\n\n<li>Devenez partenaire Fanavis ! Contribuez au rayonnement de notre plateforme en partageant votre exp\u00e9rience avec vos clients : affichez le logo Fanavis sur votre site internet, affichez nos stickers et nos flyers dans votre boutique, vous ferez partie des entreprises qui seront mises en avant sur notre site internet (gros plan, en-t\u00eates, espaces publicitaires)<\/li>\n\n\n\n<li>Promotion vid\u00e9o : obtenez votre film professionnel pour promouvoir au mieux votre entreprise sur Fanavis ! R Demandez \u00e0 nos professionnels de l&#039;image de s&#039;assurer de la qualit\u00e9 de votre film (d\u00e8s CHF 800.-) ou envoyez-nous vos m\u00e9dias et nous nous chargeons du montage (d\u00e8s CHF 450.-)<\/li>\n<\/ul>\n\n\n\n<p>Pourquoi faire une vid\u00e9o de publicit\u00e9 de votre restaurant avec FANAVIS.com ? Voici les avantages :<\/p>\n\n\n\n<p>*Visibilit\u00e9 accrue* : Une vid\u00e9o captivante peut atteindre un large public sur les r\u00e9seaux sociaux et les plateformes de partage, augmentant ainsi votre notori\u00e9t\u00e9.<\/p>\n\n\n\n<p>\u2060*Partage facilit\u00e9* : Les vid\u00e9os sont facilement partageables, ce qui peut g\u00e9n\u00e9rer du bouche-\u00e0-oreille et attirer encore plus de clients.<\/p>\n\n\n\n<p>Une vid\u00e9o publicitaire r\u00e9alis\u00e9e par Fanavis peut renforcer votre image de marque et attirer de nouveaux clients, tout en mettant en valeur ce qui rend votre restaurant unique.  \ud83d\ude80\ud83c\udf7d\ufe0f<\/p>\n\n\n\n<p>Pour toutes demandes, \u00e9crivez-nous par e-mail : <a href=\"mailto:info@fanavis.com\">info@fanavis.com<\/a><\/p>\n\n\n\n<div style=\"height:50px\" aria-hidden=\"true\" class=\"wp-block-spacer\"><\/div>\n\n\n\n<h2 class=\"wp-block-heading has-text-align-center\" id=\"a-propos-de-fanavis\">Nos formules d&#039;abonnement<\/h2>\n\n\n\n<div style=\"height:50px\" aria-hidden=\"true\" class=\"wp-block-spacer\"><\/div>\n\n\n<div id=\"rpt_pricr\" class=\"rpt_plans rpt_3_plans rpt_style_basic\"><div class=\"\"><div class=\"rpt_plan  rpt_plugin_f rpt_plan_0\"><div style=\"text-align:center;\" class=\"rpt_title rpt_title_0\">BRONZE<\/div><div class=\"rpt_head rpt_head_0\"><div class=\"rpt_recurrence rpt_recurrence_0\">mensuel<\/div><div class=\"rpt_price rpt_price_0\">50\u20ac<\/div><div style=\"color:#ffffff;\" class=\"rpt_subtitle rpt_subtitle_0\">L&#039;essentiel pour votre promotion<\/div><\/div><div class=\"rpt_features rpt_features_0\"><div style=\"color:black;\" class=\"rpt_feature rpt_feature_0-0\">Pr\u00e9sentation du profil du restaurant\r<\/div><div style=\"color:black;\" class=\"rpt_feature rpt_feature_0-1\">Mis en avant dans la section \u00ab \u00c0 la une \u00bb pendant une semaine\r<\/div><div style=\"color:black;\" class=\"rpt_feature rpt_feature_0-2\">Installation du QR code dans l&#039;\u00e9tablissement\r<\/div><div style=\"color:black;\" class=\"rpt_feature rpt_feature_0-3\">Pr\u00e9sence sur les r\u00e9seaux sociaux Fanavis<\/div><\/div><a target=\"_blank\" href=\"mailto:info@fanavis.com\" style=\"background:#ffffff\" class=\"rpt_foot rpt_foot_0\">S&#039;abonner<\/a><\/div><div class=\"rpt_plan  rpt_plugin_f rpt_plan_1 rpt_recommended_plan\"><div style=\"text-align:center;\" class=\"rpt_title rpt_title_1\">ARGENT<img decoding=\"async\" style=\"height:30px !important; width:30px !important;\" class=\"rpt_recommended\" src=\"https:\/\/fanavis.com\/wp-content\/plugins\/dk-pricr-responsive-pricing-table\/inc\/img\/rpt_recommended.png\"\/><\/div><div class=\"rpt_head rpt_head_1\"><div class=\"rpt_recurrence rpt_recurrence_1\">mensuel<\/div><div class=\"rpt_price rpt_price_1\">100\u20ac<\/div><div style=\"color:#ffffff;\" class=\"rpt_subtitle rpt_subtitle_1\">Promotion personnalis\u00e9e et internationale<\/div><\/div><div class=\"rpt_features rpt_features_1\"><div style=\"color:black;\" class=\"rpt_feature rpt_feature_1-0\">Tous les services du plan \u00ab BRONZE \u00bb\r<\/div><div style=\"color:black;\" class=\"rpt_feature rpt_feature_1-1\">Mis en avant dans la section \u00ab \u00c0 la une \u00bb pendant deux semaines\r<\/div><div style=\"color:black;\" class=\"rpt_feature rpt_feature_1-2\">Pr\u00e9sentation vid\u00e9o de l&#039;\u00e9tablissement\r<\/div><div style=\"color:black;\" class=\"rpt_feature rpt_feature_1-3\">Vid\u00e9o de l&#039;\u00e9quipe de l&#039;\u00e9tablissement remerciant les clients\r<\/div><div style=\"color:black;\" class=\"rpt_feature rpt_feature_1-4\">Code QR du menu en plusieurs langues<\/div><\/div><a target=\"_blank\" href=\"mailto:info@fanavis.com\" style=\"background:#ffffff\" class=\"rpt_foot rpt_foot_1\">S&#039;abonner<\/a><\/div><div class=\"rpt_plan  rpt_plugin_f rpt_plan_2\"><div style=\"text-align:center;\" class=\"rpt_title rpt_title_2\">OR<\/div><div class=\"rpt_head rpt_head_2\"><div class=\"rpt_recurrence rpt_recurrence_2\">mensuel<\/div><div class=\"rpt_price rpt_price_2\">150\u20ac<\/div><div style=\"color:#ffffff;\" class=\"rpt_subtitle rpt_subtitle_2\">Des outils puissants pour votre promotion en ligne<\/div><\/div><div class=\"rpt_features rpt_features_2\"><div style=\"color:black;\" class=\"rpt_feature rpt_feature_2-0\">Tous les services du forfait \u00ab ARGENT \u00bb\r<\/div><div style=\"color:black;\" class=\"rpt_feature rpt_feature_2-1\">Mis en avant dans la section \u00ab \u00c0 la une \u00bb pendant un mois\r<\/div><div style=\"color:black;\" class=\"rpt_feature rpt_feature_2-2\">Vid\u00e9os d&#039;\u00e9v\u00e9nements et d&#039;offres d&#039;emploi sur le site Fanavis\r<\/div><div style=\"color:black;\" class=\"rpt_feature rpt_feature_2-3\">Vid\u00e9os de d\u00e9monstration sur Youtube en direct<\/div><\/div><a target=\"_blank\" href=\"mailto:info@fanavis.com\" style=\"background:#ffffff\" class=\"rpt_foot rpt_foot_2\">S&#039;abonner<\/a><\/div><\/div><\/div><div style=\"clear:both;\"><\/div>\n\n\n\n<div style=\"height:50px\" aria-hidden=\"true\" class=\"wp-block-spacer\"><\/div>\n\n\n\n<p>Voici quelques exemples de promotions vid\u00e9o :<\/p>\n\n\n\n<div style=\"height:31px\" aria-hidden=\"true\" class=\"wp-block-spacer\"><\/div>\n\n\n<div id=\"erdyt-69dc5eda365a0\" data-id=\"hbmysAa5VeY\" class=\"erd-youtube-responsive\" style=\"display:block;position:relative;clear:both;width:100%;max-width:100%;margin-left:auto;margin-right:auto;\"><div style=\"padding-bottom:56.25%;\"><div class=\"erd-ytplay\" id=\"erdytp-hbmysAa5VeY-69dc5eda365a0\" data-vid=\"hbmysAa5VeY\" data-src=\"https:\/\/www.youtube.com\/embed\/hbmysAa5VeY?loop=1&#038;autoplay=1&#038;rel=0\" data-allowfullscreen=\"true\"><img decoding=\"async\" src=\"https:\/\/i.ytimg.com\/vi\/hbmysAa5VeY\/hqdefault.jpg\" alt=\"YouTube video\" \/><\/div><\/div><\/div>\n\n\n\n<div style=\"height:31px\" aria-hidden=\"true\" class=\"wp-block-spacer\"><\/div>\n\n\n<div id=\"erdyt-69dc5eda365c5\" data-id=\"k3-dFJKNG8I\" class=\"erd-youtube-responsive\" style=\"display:block;position:relative;clear:both;width:100%;max-width:100%;margin-left:auto;margin-right:auto;\"><div style=\"padding-bottom:56.25%;\"><div class=\"erd-ytplay\" id=\"erdytp-k3-dFJKNG8I-69dc5eda365c5\" data-vid=\"k3-dFJKNG8I\" data-src=\"https:\/\/www.youtube.com\/embed\/k3-dFJKNG8I?loop=1&#038;autoplay=1&#038;rel=0\" data-allowfullscreen=\"true\"><img decoding=\"async\" src=\"https:\/\/i.ytimg.com\/vi\/k3-dFJKNG8I\/hqdefault.jpg\" alt=\"YouTube video\" \/><\/div><\/div><\/div>\n\n\n\n<div style=\"height:31px\" aria-hidden=\"true\" class=\"wp-block-spacer\"><\/div>\n\n\n<div id=\"erdyt-69dc5eda365d9\" data-id=\"aHa4H28b6To\" class=\"erd-youtube-responsive\" style=\"display:block;position:relative;clear:both;width:100%;max-width:100%;margin-left:auto;margin-right:auto;\"><div style=\"padding-bottom:56.25%;\"><div class=\"erd-ytplay\" id=\"erdytp-aHa4H28b6To-69dc5eda365d9\" data-vid=\"aHa4H28b6To\" data-src=\"https:\/\/www.youtube.com\/embed\/aHa4H28b6To?loop=1&#038;autoplay=1&#038;rel=0\" data-allowfullscreen=\"true\"><img decoding=\"async\" src=\"https:\/\/i.ytimg.com\/vi\/aHa4H28b6To\/hqdefault.jpg\" alt=\"YouTube video\" \/><\/div><\/div><\/div>\n\n\n\n<div style=\"height:31px\" aria-hidden=\"true\" class=\"wp-block-spacer\"><\/div>\n\n\n<div id=\"erdyt-69dc5eda365e9\" data-id=\"InBkx6XeKE8\" class=\"erd-youtube-responsive\" style=\"display:block;position:relative;clear:both;width:100%;max-width:100%;margin-left:auto;margin-right:auto;\"><div style=\"padding-bottom:56.25%;\"><div class=\"erd-ytplay\" id=\"erdytp-InBkx6XeKE8-69dc5eda365e9\" data-vid=\"InBkx6XeKE8\" data-src=\"https:\/\/www.youtube.com\/embed\/InBkx6XeKE8?loop=1&#038;autoplay=1&#038;rel=0\" data-allowfullscreen=\"true\"><img decoding=\"async\" src=\"https:\/\/i.ytimg.com\/vi\/InBkx6XeKE8\/hqdefault.jpg\" alt=\"YouTube video\" \/><\/div><\/div><\/div>\n\n\n\n<div style=\"height:50px\" aria-hidden=\"true\" class=\"wp-block-spacer\"><\/div>\n\n\n<div id=\"erdyt-69dc5eda365f8\" data-id=\"AxvSDnjoHM8\" class=\"erd-youtube-responsive\" style=\"display:block;position:relative;clear:both;width:100%;max-width:100%;margin-left:auto;margin-right:auto;\"><div style=\"padding-bottom:56.25%;\"><div class=\"erd-ytplay\" id=\"erdytp-AxvSDnjoHM8-69dc5eda365f8\" data-vid=\"AxvSDnjoHM8\" data-src=\"https:\/\/www.youtube.com\/embed\/AxvSDnjoHM8?loop=1&#038;autoplay=1&#038;rel=0\" data-allowfullscreen=\"true\"><img decoding=\"async\" src=\"https:\/\/i.ytimg.com\/vi\/AxvSDnjoHM8\/hqdefault.jpg\" alt=\"YouTube video\" \/><\/div><\/div><\/div>\n\n\n\n<div style=\"height:50px\" aria-hidden=\"true\" class=\"wp-block-spacer\"><\/div>\n\n\n<div id=\"erdyt-69dc5eda36609\" data-id=\"f841RKlhelc\" class=\"erd-youtube-responsive\" style=\"display:block;position:relative;clear:both;width:100%;max-width:100%;margin-left:auto;margin-right:auto;\"><div style=\"padding-bottom:56.25%;\"><div class=\"erd-ytplay\" id=\"erdytp-f841RKlhelc-69dc5eda36609\" data-vid=\"f841RKlhelc\" data-src=\"https:\/\/www.youtube.com\/embed\/f841RKlhelc?loop=1&#038;autoplay=1&#038;rel=0\" data-allowfullscreen=\"true\"><img decoding=\"async\" src=\"https:\/\/i.ytimg.com\/vi\/f841RKlhelc\/hqdefault.jpg\" alt=\"YouTube video\" \/><\/div><\/div><\/div>\n\n\n\n<div style=\"height:50px\" aria-hidden=\"true\" class=\"wp-block-spacer\"><\/div>\n\n\n<div id=\"erdyt-69dc5eda36618\" data-id=\"OZi__k5k0Xo\" class=\"erd-youtube-responsive\" style=\"display:block;position:relative;clear:both;width:100%;max-width:100%;margin-left:auto;margin-right:auto;\"><div style=\"padding-bottom:56.25%;\"><div class=\"erd-ytplay\" id=\"erdytp-OZi__k5k0Xo-69dc5eda36618\" data-vid=\"OZi__k5k0Xo\" data-src=\"https:\/\/www.youtube.com\/embed\/OZi__k5k0Xo?loop=1&#038;autoplay=1&#038;rel=0\" data-allowfullscreen=\"true\"><img decoding=\"async\" src=\"https:\/\/i.ytimg.com\/vi\/OZi__k5k0Xo\/hqdefault.jpg\" alt=\"YouTube video\" \/><\/div><\/div><\/div>\n\n\n\n<div style=\"height:50px\" aria-hidden=\"true\" class=\"wp-block-spacer\"><\/div>\n\n\n<div id=\"erdyt-69dc5eda36626\" data-id=\"7aWzIfR64r0\" class=\"erd-youtube-responsive\" style=\"display:block;position:relative;clear:both;width:100%;max-width:100%;margin-left:auto;margin-right:auto;\"><div style=\"padding-bottom:56.25%;\"><div class=\"erd-ytplay\" id=\"erdytp-7aWzIfR64r0-69dc5eda36626\" data-vid=\"7aWzIfR64r0\" data-src=\"https:\/\/www.youtube.com\/embed\/7aWzIfR64r0?loop=1&#038;autoplay=1&#038;rel=0\" data-allowfullscreen=\"true\"><img decoding=\"async\" src=\"https:\/\/i.ytimg.com\/vi\/7aWzIfR64r0\/hqdefault.jpg\" alt=\"YouTube video\" \/><\/div><\/div><\/div>\n\n\n\n<div style=\"height:50px\" aria-hidden=\"true\" class=\"wp-block-spacer\"><\/div>\n\n\n<div id=\"erdyt-69dc5eda36633\" data-id=\"V8WAv43Owyg\" class=\"erd-youtube-responsive\" style=\"display:block;position:relative;clear:both;width:100%;max-width:100%;margin-left:auto;margin-right:auto;\"><div style=\"padding-bottom:56.25%;\"><div class=\"erd-ytplay\" id=\"erdytp-V8WAv43Owyg-69dc5eda36633\" data-vid=\"V8WAv43Owyg\" data-src=\"https:\/\/www.youtube.com\/embed\/V8WAv43Owyg?loop=1&#038;autoplay=1&#038;rel=0\" data-allowfullscreen=\"true\"><img decoding=\"async\" src=\"https:\/\/i.ytimg.com\/vi\/V8WAv43Owyg\/hqdefault.jpg\" alt=\"YouTube video\" \/><\/div><\/div><\/div>\n\n\n\n<div style=\"height:50px\" aria-hidden=\"true\" class=\"wp-block-spacer\"><\/div>","protected":false},"excerpt":{"rendered":"<p>Our services Whether for your business, your event, in the fields of real estate, catering, tourism or others, Fanavis offers you a efficient service for your promotion. Why create a video advertisement for your restaurant with FANAVIS.com? Here are the benefits: Increased Visibility: A captivating video can reach a wide audience on social media and [&hellip;]<\/p>","protected":false},"author":1,"featured_media":0,"parent":0,"menu_order":0,"comment_status":"closed","ping_status":"closed","template":"","meta":{"inline_featured_image":false,"footnotes":""},"_links":{"self":[{"href":"https:\/\/fanavis.com\/fr\/wp-json\/wp\/v2\/pages\/1739"}],"collection":[{"href":"https:\/\/fanavis.com\/fr\/wp-json\/wp\/v2\/pages"}],"about":[{"href":"https:\/\/fanavis.com\/fr\/wp-json\/wp\/v2\/types\/page"}],"author":[{"embeddable":true,"href":"https:\/\/fanavis.com\/fr\/wp-json\/wp\/v2\/users\/1"}],"replies":[{"embeddable":true,"href":"https:\/\/fanavis.com\/fr\/wp-json\/wp\/v2\/comments?post=1739"}],"version-history":[{"count":9,"href":"https:\/\/fanavis.com\/fr\/wp-json\/wp\/v2\/pages\/1739\/revisions"}],"predecessor-version":[{"id":5068,"href":"https:\/\/fanavis.com\/fr\/wp-json\/wp\/v2\/pages\/1739\/revisions\/5068"}],"wp:attachment":[{"href":"https:\/\/fanavis.com\/fr\/wp-json\/wp\/v2\/media?parent=1739"}],"curies":[{"name":"wp","href":"https:\/\/api.w.org\/{rel}","templated":true}]}}