{"id":1462,"date":"2022-02-16T18:20:41","date_gmt":"2022-02-16T17:20:41","guid":{"rendered":"https:\/\/fanavis.com\/?page_id=1462"},"modified":"2022-07-13T00:58:35","modified_gmt":"2022-07-12T22:58:35","slug":"politique-de-confidentialite","status":"publish","type":"page","link":"https:\/\/fanavis.com\/fr\/politique-de-confidentialite\/","title":{"rendered":"Privacy policy"},"content":{"rendered":"<p>Politique de confidentialit\u00e9<\/p>\n\n\n\n<p>Derni\u00e8re mise \u00e0 jour le 19 f\u00e9vrier 2022<\/p>\n\n\n\n<p>Votre vie priv\u00e9e est importante pour nous. La politique de Fanavis est de respecter votre vie priv\u00e9e et de se conformer \u00e0 toutes les lois et r\u00e9glementations applicables concernant les informations personnelles que nous pouvons collecter \u00e0 votre sujet, y compris sur notre site Web, https:\/\/fanavis.com, et sur les autres sites que nous poss\u00e9dons et exploitons.<\/p>\n\n\n\n<p>Cette politique est en vigueur depuis le 19 f\u00e9vrier 2022 et a \u00e9t\u00e9 mise \u00e0 jour pour la derni\u00e8re fois le 19 f\u00e9vrier 2022.<\/p>\n\n\n\n<p>Informations que nous recueillons<\/p>\n\n\n\n<p>Les informations que nous collectons comprennent \u00e0 la fois les informations que vous nous fournissez sciemment et activement lorsque vous utilisez ou participez \u00e0 l&#039;un de nos services et promotions, et toute information envoy\u00e9e automatiquement par vos appareils lors de l&#039;acc\u00e8s \u00e0 nos produits et services.<\/p>\n\n\n\n<p>Donn\u00e9es de journal<\/p>\n\n\n\n<p>Lorsque vous visitez notre site Web, nos serveurs peuvent enregistrer automatiquement des donn\u00e9es standard fournies par votre navigateur Web. Il peut inclure l&#039;adresse IP (Internet Protocol) de votre appareil, le type et la version de votre navigateur, les pages que vous visitez, l&#039;heure et la date de votre visite, le temps pass\u00e9 sur chaque page, d&#039;autres d\u00e9tails sur votre visite et des d\u00e9tails techniques qui se produisent conjointement avec toutes les erreurs que vous pourriez rencontrer.<\/p>\n\n\n\n<p>Veuillez noter que m\u00eame si ces informations peuvent ne pas \u00eatre personnellement identifiables en elles-m\u00eames, il peut \u00eatre possible de les combiner avec d&#039;autres donn\u00e9es pour identifier personnellement des personnes individuelles.<\/p>\n\n\n\n<p>Renseignements personnels<\/p>\n\n\n\n<p>Nous pouvons demander des informations personnelles qui peuvent inclure un ou plusieurs des \u00e9l\u00e9ments suivants\u00a0:<\/p>\n\n\n\n<p>Nom de famille<br>E-mail<br>Profils de m\u00e9dias sociaux<br>Date de naissance<br>Num\u00e9ro de t\u00e9l\u00e9phone<br>R\u00e9sidence\/adresse postale<\/p>\n\n\n\n<p>Motifs l\u00e9gitimes du traitement de vos informations personnelles<\/p>\n\n\n\n<p>Nous collectons et utilisons vos informations personnelles uniquement lorsque nous avons une raison l\u00e9gitime de le faire. Dans ce cas, nous ne collectons que les informations personnelles raisonnablement n\u00e9cessaires pour vous fournir nos services.<\/p>\n\n\n\n<p>Collecte et utilisation des informations<\/p>\n\n\n\n<p>Nous pouvons collecter des informations personnelles aupr\u00e8s de vous lorsque vous effectuez l&#039;une des actions suivantes sur notre site Web\u00a0:<\/p>\n\n\n\n<p>Participez \u00e0 l&#039;un de nos concours, concours, tirages au sort et sondages<br>Utiliser un appareil mobile ou un navigateur Web pour acc\u00e9der \u00e0 notre contenu<br>Contactez-nous par e-mail, m\u00e9dias sociaux ou technologie similaire<br>Quand vous nous mentionnez sur les r\u00e9seaux sociaux<\/p>\n\n\n\n<p>Nous pouvons collecter, conserver, utiliser et divulguer des informations aux fins suivantes, et les informations personnelles ne seront pas trait\u00e9es ult\u00e9rieurement d&#039;une mani\u00e8re incompatible avec ces fins\u00a0:<\/p>\n\n\n\n<p>Nous pouvons collecter, conserver, utiliser et divulguer des informations aux fins suivantes, et les informations personnelles ne seront pas trait\u00e9es ult\u00e9rieurement d&#039;une mani\u00e8re incompatible avec ces fins\u00a0:<\/p>\n\n\n\n<p>pour vous permettre de personnaliser ou de personnaliser votre exp\u00e9rience de notre site Web<\/p>\n\n\n\n<p>pour vous contacter et communiquer avec vous<br>pour l&#039;analyse, les \u00e9tudes de march\u00e9 et le d\u00e9veloppement commercial, y compris pour exploiter et am\u00e9liorer notre site Web, les applications associ\u00e9es et les plateformes de m\u00e9dias sociaux associ\u00e9es<br>pour la publicit\u00e9 et le marketing, y compris pour vous envoyer des informations promotionnelles sur nos produits et services et des informations sur des tiers que nous consid\u00e9rons comme susceptibles de vous int\u00e9resser<br>pour vous permettre d&#039;acc\u00e9der et d&#039;utiliser notre site Web, les applications associ\u00e9es et les plateformes de m\u00e9dias sociaux associ\u00e9es<br>pour la tenue de dossiers internes et \u00e0 des fins administratives<br>pour organiser des concours, des tirages au sort et\/ou vous offrir des avantages suppl\u00e9mentaires<br>pour nous conformer \u00e0 nos obligations l\u00e9gales et r\u00e9soudre tout litige que nous pourrions avoir<br>pour la s\u00e9curit\u00e9 et la pr\u00e9vention de la fraude, et pour garantir que nos sites et applications sont s\u00fbrs, s\u00e9curis\u00e9s et utilis\u00e9s conform\u00e9ment \u00e0 nos conditions d&#039;utilisation<\/p>\n\n\n\n<p>Sachez que nous pouvons combiner les informations que nous recueillons \u00e0 votre sujet avec des informations g\u00e9n\u00e9rales ou des donn\u00e9es de recherche que nous recevons d&#039;autres sources fiables.<\/p>\n\n\n\n<p>S\u00e9curit\u00e9 de vos informations personnelles<\/p>\n\n\n\n<p>Lorsque nous collectons et traitons des informations personnelles, et pendant que nous conservons ces informations, nous les prot\u00e9geons par des moyens commercialement acceptables pour emp\u00eacher la perte et le vol, ainsi que l&#039;acc\u00e8s, la divulgation, la copie, l&#039;utilisation ou la modification non autoris\u00e9e.<\/p>\n\n\n\n<p>Bien que nous fassions de notre mieux pour prot\u00e9ger les informations personnelles que vous nous fournissez, veuillez noter qu&#039;aucune m\u00e9thode de transmission ou de stockage \u00e9lectronique n&#039;est s\u00e9curis\u00e9e 100%, et personne ne peut garantir une s\u00e9curit\u00e9 absolue des donn\u00e9es. Nous nous conformerons aux lois qui nous sont applicables en ce qui concerne toute violation de donn\u00e9es.<\/p>\n\n\n\n<p>Vous \u00eates responsable de la s\u00e9lection de tout mot de passe et de sa force de s\u00e9curit\u00e9 globale, garantissant la s\u00e9curit\u00e9 de vos propres informations dans les limites de nos services.<\/p>\n\n\n\n<p>Combien de temps conservons-nous vos informations personnelles<\/p>\n\n\n\n<p>Nous ne conservons vos informations personnelles que le temps n\u00e9cessaire. Cette p\u00e9riode peut d\u00e9pendre de la finalit\u00e9 pour laquelle nous utilisons vos informations, conform\u00e9ment \u00e0 la pr\u00e9sente politique de confidentialit\u00e9. Si vos informations personnelles ne sont plus n\u00e9cessaires, nous les supprimerons ou les rendrons anonymes en supprimant tous les d\u00e9tails qui vous identifient.<\/p>\n\n\n\n<p>Toutefois, si n\u00e9cessaire, nous pouvons conserver vos informations personnelles pour nous conformer \u00e0 une obligation l\u00e9gale, comptable ou de d\u00e9claration ou \u00e0 des fins d&#039;archivage dans l&#039;int\u00e9r\u00eat public, \u00e0 des fins de recherche scientifique ou historique ou \u00e0 des fins statistiques.<\/p>\n\n\n\n<p>Confidentialit\u00e9 des enfants<\/p>\n\n\n\n<p>Nous ne ciblons aucun de nos produits ou services directement sur les enfants de moins de 13 ans, et nous ne collectons pas sciemment des informations personnelles d&#039;enfants de moins de 13 ans.<\/p>\n\n\n\n<p>Divulgation d&#039;informations personnelles \u00e0 des tiers<\/p>\n\n\n\n<p>Nous pouvons divulguer des informations personnelles \u00e0\u00a0:<\/p>\n\n\n\n<p>une soci\u00e9t\u00e9 m\u00e8re, une filiale ou une soci\u00e9t\u00e9 affili\u00e9e de notre soci\u00e9t\u00e9<br>des prestataires de services tiers dans le but de leur permettre de fournir leurs services, par exemple, des prestataires de services informatiques, des fournisseurs de stockage de donn\u00e9es, d&#039;h\u00e9bergement et de serveurs, des annonceurs ou des plateformes d&#039;analyse<\/p>\n\n\n\n<p>nos employ\u00e9s, sous-traitants et\/ou entit\u00e9s li\u00e9es<br>nos agents ou partenaires commerciaux existants ou potentiels<br>sponsors ou promoteurs de tout concours, tirage au sort ou promotion que nous organisons<br>les cours, tribunaux, autorit\u00e9s r\u00e9glementaires et responsables de l&#039;application des lois, comme l&#039;exige la loi, dans le cadre de toute proc\u00e9dure judiciaire en cours ou future, ou afin d&#039;\u00e9tablir, d&#039;exercer ou de d\u00e9fendre nos droits l\u00e9gaux<br>des tiers, y compris des agents ou des sous-traitants, qui nous aident \u00e0 vous fournir des informations, des produits, des services ou du marketing direct<br>des tiers pour collecter et traiter des donn\u00e9es<\/p>\n\n\n\n<p>Transferts internationaux d&#039;informations personnelles<\/p>\n\n\n\n<p>Les informations personnelles que nous collectons sont stock\u00e9es et\/ou trait\u00e9es l\u00e0 o\u00f9 nous ou nos partenaires, soci\u00e9t\u00e9s affili\u00e9es et fournisseurs tiers maintenons des installations. Veuillez noter que les endroits o\u00f9 nous stockons, traitons ou transf\u00e9rons vos informations personnelles peuvent ne pas avoir les m\u00eames lois sur la protection des donn\u00e9es que le pays dans lequel vous avez initialement fourni les informations. Si nous transf\u00e9rons vos informations personnelles \u00e0 des tiers dans d&#039;autres pays : (i) nous effectuerons ces transferts conform\u00e9ment aux exigences de la loi applicable ; et (ii) nous prot\u00e9gerons les informations personnelles transf\u00e9r\u00e9es conform\u00e9ment \u00e0 la pr\u00e9sente politique de confidentialit\u00e9.<\/p>\n\n\n\n<p>Vos droits et votre contr\u00f4le sur vos informations personnelles<\/p>\n\n\n\n<p>Vous conservez toujours le droit de nous refuser des informations personnelles, \u00e9tant entendu que votre exp\u00e9rience de notre site Web peut en \u00eatre affect\u00e9e. Nous ne ferons aucune discrimination \u00e0 votre encontre pour avoir exerc\u00e9 l&#039;un de vos droits sur vos informations personnelles. Si vous nous fournissez des informations personnelles, vous comprenez que nous les collecterons, les conserverons, les utiliserons et les divulguerons conform\u00e9ment \u00e0 la pr\u00e9sente politique de confidentialit\u00e9. Vous conservez le droit de demander des d\u00e9tails sur toute information personnelle que nous d\u00e9tenons \u00e0 votre sujet.<\/p>\n\n\n\n<p>Si nous recevons des informations personnelles vous concernant d&#039;un tiers, nous les prot\u00e9gerons comme indiqu\u00e9 dans la pr\u00e9sente politique de confidentialit\u00e9. Si vous \u00eates un tiers fournissant des informations personnelles sur quelqu&#039;un d&#039;autre, vous d\u00e9clarez et garantissez que vous avez le consentement de cette personne pour nous fournir les informations personnelles.<\/p>\n\n\n\n<p>Si vous avez d\u00e9j\u00e0 consenti \u00e0 ce que nous utilisions vos informations personnelles \u00e0 des fins de marketing direct, vous pouvez changer d&#039;avis \u00e0 tout moment. Nous vous donnerons la possibilit\u00e9 de vous d\u00e9sabonner de notre base de donn\u00e9es de courrier \u00e9lectronique ou de vous retirer des communications. Sachez que nous pouvons avoir besoin de vous demander des informations sp\u00e9cifiques pour nous aider \u00e0 confirmer votre identit\u00e9.<\/p>\n\n\n\n<p>Si vous pensez que les informations que nous d\u00e9tenons \u00e0 votre sujet sont inexactes, obsol\u00e8tes, incompl\u00e8tes, non pertinentes ou trompeuses, veuillez nous contacter en utilisant les d\u00e9tails fournis dans cette politique de confidentialit\u00e9. Nous prendrons des mesures raisonnables pour corriger toute information jug\u00e9e inexacte, incompl\u00e8te, trompeuse ou obsol\u00e8te.<\/p>\n\n\n\n<p>Si vous pensez que nous avons enfreint une loi pertinente sur la protection des donn\u00e9es et que vous souhaitez d\u00e9poser une plainte, veuillez nous contacter en utilisant les coordonn\u00e9es ci-dessous et nous fournir tous les d\u00e9tails de la violation pr\u00e9sum\u00e9e. Nous enqu\u00eaterons rapidement sur votre plainte et vous r\u00e9pondrons par \u00e9crit, en exposant le r\u00e9sultat de notre enqu\u00eate et les mesures que nous prendrons pour traiter votre plainte. Vous avez \u00e9galement le droit de contacter un r\u00e9gulateur ou une autorit\u00e9 de protection des donn\u00e9es concernant votre plainte.<\/p>\n\n\n\n<p>Utilisation de cookies<\/p>\n\n\n\n<p>Nous utilisons des \u00ab cookies \u00bb pour collecter des informations sur vous et votre activit\u00e9 sur notre site. Un cookie est un petit \u00e9l\u00e9ment de donn\u00e9es que notre site Web stocke sur votre ordinateur et auquel vous acc\u00e9dez \u00e0 chaque fois que vous visitez, afin que nous puissions comprendre comment vous utilisez notre site. Cela nous aide \u00e0 vous fournir du contenu en fonction des pr\u00e9f\u00e9rences que vous avez sp\u00e9cifi\u00e9es.<\/p>\n\n\n\n<p>Limites de notre politique<\/p>\n\n\n\n<p>Notre site Web peut contenir des liens vers des sites externes qui ne sont pas exploit\u00e9s par nous. Veuillez noter que nous n&#039;avons aucun contr\u00f4le sur le contenu et les politiques de ces sites et ne pouvons accepter aucune responsabilit\u00e9 quant \u00e0 leurs pratiques respectives en mati\u00e8re de confidentialit\u00e9.<\/p>\n\n\n\n<p>Modifications de cette politique<\/p>\n\n\n\n<p>\u00c0 notre discr\u00e9tion, nous pouvons modifier notre politique de confidentialit\u00e9 pour refl\u00e9ter les mises \u00e0 jour de nos processus commerciaux, les pratiques acceptables actuelles ou les modifications l\u00e9gislatives ou r\u00e9glementaires. Si nous d\u00e9cidons de modifier cette politique de confidentialit\u00e9, nous publierons les modifications ici au m\u00eame lien par lequel vous acc\u00e9dez \u00e0 cette politique de confidentialit\u00e9.<\/p>\n\n\n\n<p>Si la loi l&#039;exige, nous obtiendrons votre permission ou vous donnerons la possibilit\u00e9 d&#039;accepter ou de refuser, selon le cas, toute nouvelle utilisation de vos renseignements personnels.<\/p>\n\n\n\n<p>Contactez-nous<\/p>\n\n\n\n<p>Pour toute question ou pr\u00e9occupation concernant votre vie priv\u00e9e, vous pouvez nous contacter en utilisant les d\u00e9tails suivants :<\/p>\n\n\n\n<p>Darius Kabalisa \u2013 info@fanavis.com<\/p>","protected":false},"excerpt":{"rendered":"<p>Politique de confidentialit\u00e9 Derni\u00e8re mise \u00e0 jour le 19 f\u00e9vrier 2022 Votre vie priv\u00e9e est importante pour nous. La politique de Fanavis est de respecter votre vie priv\u00e9e et de se conformer \u00e0 toutes les lois et r\u00e9glementations applicables concernant les informations personnelles que nous pouvons collecter \u00e0 votre sujet, y compris sur notre site Web, https:\/\/fanavis.com, et sur d&#039;autres sites que nous poss\u00e9dons et exploitons. Cette politique a \u00e9t\u00e9 [\u2026]<\/p>","protected":false},"author":1,"featured_media":0,"parent":0,"menu_order":0,"comment_status":"closed","ping_status":"closed","template":"","meta":{"inline_featured_image":false,"footnotes":""},"_links":{"self":[{"href":"https:\/\/fanavis.com\/fr\/wp-json\/wp\/v2\/pages\/1462"}],"collection":[{"href":"https:\/\/fanavis.com\/fr\/wp-json\/wp\/v2\/pages"}],"about":[{"href":"https:\/\/fanavis.com\/fr\/wp-json\/wp\/v2\/types\/page"}],"author":[{"embeddable":true,"href":"https:\/\/fanavis.com\/fr\/wp-json\/wp\/v2\/users\/1"}],"replies":[{"embeddable":true,"href":"https:\/\/fanavis.com\/fr\/wp-json\/wp\/v2\/comments?post=1462"}],"version-history":[{"count":0,"href":"https:\/\/fanavis.com\/fr\/wp-json\/wp\/v2\/pages\/1462\/revisions"}],"wp:attachment":[{"href":"https:\/\/fanavis.com\/fr\/wp-json\/wp\/v2\/media?parent=1462"}],"curies":[{"name":"wp","href":"https:\/\/api.w.org\/{rel}","templated":true}]}}