{"id":1458,"date":"2022-02-16T18:19:39","date_gmt":"2022-02-16T17:19:39","guid":{"rendered":"https:\/\/fanavis.com\/?page_id=1458"},"modified":"2024-04-12T15:05:46","modified_gmt":"2024-04-12T13:05:46","slug":"conditions-dutilisation","status":"publish","type":"page","link":"https:\/\/fanavis.com\/fr\/conditions-dutilisation\/","title":{"rendered":"Conditions d&#039;utilisation"},"content":{"rendered":"<p>Conditions d&#039;utilisation<\/p>\n\n\n\n<p>Derni\u00e8re mise \u00e0 jour le 19 f\u00e9vrier 2022<\/p>\n\n\n\n<p>Bienvenue chez Fanavis !<\/p>\n\n\n\n<p>Ces termes et conditions d\u00e9crivent les r\u00e8gles et r\u00e8glements d&#039;utilisation du site Web de Fanavis, situ\u00e9 \u00e0 l&#039;adresse fanavis.com.<\/p>\n\n\n\n<p>En acc\u00e9dant \u00e0 ce site Web, nous supposons que vous acceptez ces termes et conditions. Ne continuez pas \u00e0 utiliser Fanavis si vous n&#039;acceptez pas tous les termes et conditions \u00e9nonc\u00e9s sur cette page.<\/p>\n\n\n\n<p>La terminologie suivante s&#039;applique aux pr\u00e9sentes conditions g\u00e9n\u00e9rales, \u00e0 la d\u00e9claration de confidentialit\u00e9 et \u00e0 l&#039;avis de non-responsabilit\u00e9 et \u00e0 tous les accords\u00a0: &quot;Client&quot;, &quot;Vous&quot; et &quot;Votre&quot; font r\u00e9f\u00e9rence \u00e0 vous, la personne qui se connecte \u00e0 ce site Web et qui respecte les termes et conditions de la Soci\u00e9t\u00e9. . \u00ab\u00a0La Soci\u00e9t\u00e9\u00a0\u00bb, \u00ab\u00a0Nous-m\u00eames\u00a0\u00bb, \u00ab\u00a0Nous\u00a0\u00bb, \u00ab\u00a0Notre\u00a0\u00bb et \u00ab\u00a0Nous\u00a0\u00bb font r\u00e9f\u00e9rence \u00e0 notre Soci\u00e9t\u00e9. \u00ab\u00a0Partie\u00a0\u00bb, \u00ab\u00a0Parties\u00a0\u00bb ou \u00ab\u00a0Nous\u00a0\u00bb d\u00e9signent \u00e0 la fois le Client et nous-m\u00eames. Tous les termes se r\u00e9f\u00e8rent \u00e0 l&#039;offre, \u00e0 l&#039;acceptation et \u00e0 la consid\u00e9ration du paiement n\u00e9cessaire pour entreprendre le processus de notre assistance au Client de la mani\u00e8re la plus appropri\u00e9e dans le but expr\u00e8s de r\u00e9pondre aux besoins du Client en ce qui concerne la fourniture des services d\u00e9clar\u00e9s de la Soci\u00e9t\u00e9, conform\u00e9ment et sous r\u00e9serve de la l\u00e9gislation en vigueur aux Pays-Bas. Toute utilisation de la terminologie ci-dessus ou d&#039;autres mots au singulier, au pluriel, en majuscules et\/ou il\/elle ou ils, sont consid\u00e9r\u00e9s comme interchangeables et donc comme faisant r\u00e9f\u00e9rence \u00e0 ceux-ci.<\/p>\n\n\n\n<p><\/p>\n\n\n\n<p>Revues vid\u00e9o\u00a0:<\/p>\n\n\n\n<p>En publiant des critiques vid\u00e9o sur Fanavis.com, l&#039;utilisateur certifie :<\/p>\n\n\n\n<ul>\n<li>avoir plus de 15 ans<\/li>\n\n\n\n<li>autoriser Fanavis.com \u00e0 publier imm\u00e9diatement sa critique vid\u00e9o sur le site Internet ainsi que sur la cha\u00eene YouTube de Fanavis \u00ab avisenvideo \u00bb<\/li>\n\n\n\n<li>\u00eatre enti\u00e8rement responsable du contenu publi\u00e9 et d\u00e9gager toute responsabilit\u00e9<br>de Fanavis.com concernant ce contenu<\/li>\n\n\n\n<li>s&#039;engager \u00e0 ne pas publier de contenu offensant, vulgaire, sexuel ou tout autre contenu ill\u00e9gal<\/li>\n<\/ul>\n\n\n\n<p>L&#039;administrateur de Fanavis.com est libre de supprimer les critiques vid\u00e9o qui ne concernent pas la page sur laquelle elles ont \u00e9t\u00e9 publi\u00e9es. Il peut \u00e9galement supprimer toutes vid\u00e9os ou contenus post\u00e9s par l&#039;utilisateur \u00e0 caract\u00e8re inappropri\u00e9, vulgaire, sexuel ou ill\u00e9gal.<\/p>\n\n\n\n<p>L&#039;utilisation et le transfert par Fanavis vers toute autre application des informations re\u00e7ues des API Google respecteront\u00a0<a rel=\"noreferrer noopener\" href=\"https:\/\/developers.google.com\/terms\/api-services-user-data-policy#additional_requirements_for_specific_api_scopes\" target=\"_blank\">Politique relative aux donn\u00e9es utilisateur des services API Google<\/a>, y compris les exigences d&#039;utilisation limit\u00e9e.<\/p>\n\n\n\n<p><\/p>\n\n\n\n<p>Biscuits:<br>Nous employons l&#039;utilisation de cookies. En acc\u00e9dant \u00e0 Fanavis, vous acceptez l&#039;utilisation de cookies conform\u00e9ment \u00e0 la politique de confidentialit\u00e9 de Fanavis.<\/p>\n\n\n\n<p>La plupart des sites Web interactifs utilisent des cookies pour nous permettre de r\u00e9cup\u00e9rer les d\u00e9tails de l&#039;utilisateur pour chaque visite. Les cookies sont utilis\u00e9s par notre site Web pour activer la fonctionnalit\u00e9 de certaines zones afin de faciliter la t\u00e2che des personnes visitant notre site Web. Certains de nos partenaires affili\u00e9s\/publicitaires peuvent \u00e9galement utiliser des cookies.<\/p>\n\n\n\n<p>Licence<br>Sauf indication contraire, Fanavis et\/ou ses conc\u00e9dants d\u00e9tiennent les droits de propri\u00e9t\u00e9 intellectuelle pour tout le mat\u00e9riel sur Fanavis. Tous les droits de propri\u00e9t\u00e9 intellectuelle sont r\u00e9serv\u00e9s. Vous pouvez y acc\u00e9der \u00e0 partir de Fanavis pour votre usage personnel sous r\u00e9serve des restrictions \u00e9nonc\u00e9es dans les pr\u00e9sentes conditions g\u00e9n\u00e9rales.<\/p>\n\n\n\n<p>Il ne faut pas:<\/p>\n\n\n\n<p>Republier le mat\u00e9riel de Fanavis<br>Vendre, louer ou sous-licencier du mat\u00e9riel de Fanavis<br>Reproduire, dupliquer ou copier le mat\u00e9riel Fanavis<br>Redistribuer le contenu de Fanavis<br>Le pr\u00e9sent accord prend effet \u00e0 la date des pr\u00e9sentes. Nos conditions g\u00e9n\u00e9rales ont \u00e9t\u00e9 cr\u00e9\u00e9es \u00e0 l&#039;aide du mod\u00e8le de conditions g\u00e9n\u00e9rales.<\/p>\n\n\n\n<p>Certaines parties de ce site Web offrent aux utilisateurs la possibilit\u00e9 de publier et d&#039;\u00e9changer des opinions et des informations dans certaines zones du site Web. Fanavis ne filtre pas, n&#039;\u00e9dite pas, ne publie pas ou ne r\u00e9vise pas les commentaires avant leur pr\u00e9sence sur le site Web. Les commentaires ne refl\u00e8tent pas les points de vue et opinions de Fanavis, ses agents et\/ou affili\u00e9s. Les commentaires refl\u00e8tent les points de vue et opinions de la personne qui publie ses points de vue et opinions. Dans la mesure permise par la loi applicable, Fanavis ne sera pas responsable des Commentaires ou de toute responsabilit\u00e9, dommages ou d\u00e9penses caus\u00e9s et\/ou subis du fait de toute utilisation et\/ou publication et\/ou apparition des Commentaires sur ce site Web. .<\/p>\n\n\n\n<p>Fanavis se r\u00e9serve le droit de surveiller tous les commentaires et de supprimer tout commentaire pouvant \u00eatre consid\u00e9r\u00e9 comme inappropri\u00e9, offensant ou entra\u00eenant une violation des pr\u00e9sentes conditions g\u00e9n\u00e9rales.<\/p>\n\n\n\n<p>Vous garantissez et d\u00e9clarez que\u00a0:<\/p>\n\n\n\n<p>Vous avez le droit de publier les commentaires sur notre site Web et disposez de toutes les licences et autorisations n\u00e9cessaires pour le faire\u00a0;<br>Les Commentaires n&#039;envahissent aucun droit de propri\u00e9t\u00e9 intellectuelle, y compris, sans s&#039;y limiter, le droit d&#039;auteur, le brevet ou la marque de commerce d&#039;un tiers\u00a0;<br>Les commentaires ne contiennent aucun \u00e9l\u00e9ment diffamatoire, calomnieux, offensant, ind\u00e9cent ou autrement ill\u00e9gal qui constitue une atteinte \u00e0 la vie priv\u00e9e.<br>Les Commentaires ne seront pas utilis\u00e9s pour solliciter ou promouvoir des activit\u00e9s commerciales ou personnalis\u00e9es ou pr\u00e9senter des activit\u00e9s commerciales ou des activit\u00e9s ill\u00e9gales.<br>Par la pr\u00e9sente, vous accordez \u00e0 Fanavis une licence non exclusive pour utiliser, reproduire, \u00e9diter et permettre \u00e0 d&#039;autres d&#039;utiliser, reproduire et \u00e9diter n&#039;importe lequel de vos commentaires sous quelque forme, format ou support que ce soit.<\/p>\n\n\n\n<p>Lien hypertexte vers notre contenu<br>Les organisations suivantes peuvent cr\u00e9er un lien vers notre site Web sans autorisation \u00e9crite pr\u00e9alable\u00a0:<\/p>\n\n\n\n<p>Les distributeurs d&#039;annuaires en ligne peuvent \u00e9tablir un lien vers notre site Web de la m\u00eame mani\u00e8re qu&#039;ils cr\u00e9ent un lien hypertexte vers les sites Web d&#039;autres soci\u00e9t\u00e9s cot\u00e9es en bourse\u00a0; et<\/p>\n\n\n\n<p>Nous pouvons examiner et approuver d&#039;autres demandes de lien provenant des types d&#039;organisations suivants\u00a0:<\/p>\n\n\n\n<p>des sources d&#039;information bien connues sur les consommateurs et\/ou les entreprises\u00a0;<br>les sites communautaires dot.com\u00a0;<br>associations ou autres groupes repr\u00e9sentant des organismes de bienfaisance\u00a0;<br>distributeurs d&#039;annuaires en ligne;<br>portails Internet;<br>cabinets comptables, juridiques et de conseil; \u00e9tablissements d&#039;enseignement et associations professionnelles.<br>Nous approuverons les demandes de lien de ces organisations si nous d\u00e9cidons que : (a) le lien ne nous ferait pas para\u00eetre, nous ou nos entreprises accr\u00e9dit\u00e9es, d\u00e9favorables ; (b) l&#039;organisation n&#039;a aucun dossier n\u00e9gatif avec nous; (c) le b\u00e9n\u00e9fice pour nous de la visibilit\u00e9 du lien hypertexte compense l&#039;absence de Fanavis ; et (d) le lien se trouve dans le contexte d&#039;informations g\u00e9n\u00e9rales sur les ressources.<\/p>\n\n\n\n<p>Ces organisations peuvent cr\u00e9er un lien vers notre page d&#039;accueil tant que le lien : (a) n&#039;est en aucun cas trompeur ; (b) n&#039;implique pas faussement le parrainage, l&#039;approbation ou l&#039;approbation de la partie de liaison et de ses produits ou services\u00a0; et (c) s&#039;inscrit dans le contexte du site de la partie de liaison.<\/p>\n\n\n\n<p>Si vous \u00eates l&#039;une des organisations \u00e9num\u00e9r\u00e9es au paragraphe 2 ci-dessus et que vous souhaitez cr\u00e9er un lien vers notre site Web, vous devez nous en informer en envoyant un e-mail \u00e0 Fanavis. Veuillez inclure votre nom, le nom de votre organisation, vos coordonn\u00e9es ainsi que l&#039;URL de votre site, une liste de toutes les URL \u00e0 partir desquelles vous avez l&#039;intention de cr\u00e9er un lien vers notre site Web et une liste des URL de notre site vers lesquelles vous souhaitez lier. Attendre 2-3 semaines pour une r\u00e9ponse.<\/p>\n\n\n\n<p>Les organisations approuv\u00e9es peuvent cr\u00e9er un lien hypertexte vers notre site Web comme suit\u00a0:<\/p>\n\n\n\n<p>En utilisant notre d\u00e9nomination sociale\u00a0; ou<br>En utilisant le localisateur de ressources uniforme auquel il est li\u00e9\u00a0; ou<br>En utilisant toute autre description de notre site Web li\u00e9 qui a du sens dans le contexte et le format du contenu sur le site de la partie de liaison.<br>Aucune utilisation du logo de Fanavis ou d&#039;autres illustrations ne sera autoris\u00e9e pour le lien en l&#039;absence d&#039;un accord de licence de marque.<\/p>\n\n\n\n<p>iFrame<br>Sans approbation pr\u00e9alable et autorisation \u00e9crite, vous ne pouvez pas cr\u00e9er de cadres autour de nos pages Web qui modifient de quelque mani\u00e8re que ce soit la pr\u00e9sentation visuelle ou l&#039;apparence de notre site Web.<\/p>\n\n\n\n<p>Responsabilit\u00e9 du contenu<br>Nous ne serons pas responsables du contenu qui appara\u00eet sur votre site Web. Vous acceptez de nous prot\u00e9ger et de nous d\u00e9fendre contre toutes les r\u00e9clamations qui surviennent sur votre site Web. Aucun lien ne doit appara\u00eetre sur un site Web qui pourrait \u00eatre interpr\u00e9t\u00e9 comme diffamatoire, obsc\u00e8ne ou criminel, ou qui enfreint, viole autrement ou pr\u00e9conise l&#039;infraction ou toute autre violation des droits d&#039;un tiers.<\/p>\n\n\n\n<p>Votre vie priv\u00e9e<br>Veuillez lire la politique de confidentialit\u00e9<\/p>\n\n\n\n<p>R\u00e9serve de droits<br>Nous nous r\u00e9servons le droit de vous demander de supprimer tous les liens ou tout lien particulier vers notre site Web. Vous acceptez de supprimer imm\u00e9diatement tous les liens vers notre site Web sur demande. Nous nous r\u00e9servons \u00e9galement le droit de modifier ces termes et conditions et sa politique de liens \u00e0 tout moment. En vous connectant continuellement \u00e0 notre site Web, vous acceptez d&#039;\u00eatre li\u00e9 par et de suivre ces conditions g\u00e9n\u00e9rales de liaison.<\/p>\n\n\n\n<p>Suppression de liens de notre site Web<br>Si vous trouvez un lien sur notre site Web qui est offensant pour une raison quelconque, vous \u00eates libre de nous contacter et de nous le faire savoir \u00e0 tout moment. Nous examinerons les demandes de suppression de liens, mais nous ne sommes pas oblig\u00e9s de vous r\u00e9pondre directement.<\/p>\n\n\n\n<p>Nous ne garantissons pas que les informations sur ce site Web sont correctes, nous ne garantissons pas leur exhaustivit\u00e9 ou leur exactitude\u00a0; nous ne promettons pas non plus de garantir que le site Web reste disponible ou que le contenu du site Web est tenu \u00e0 jour.<\/p>\n\n\n\n<p>Avertissement<br>Dans la mesure maximale permise par la loi applicable, nous excluons toutes les repr\u00e9sentations, garanties et conditions relatives \u00e0 notre site Web et \u00e0 l&#039;utilisation de ce site Web. Rien dans cette clause de non-responsabilit\u00e9\u00a0:<\/p>\n\n\n\n<p>limiter ou exclure notre ou votre responsabilit\u00e9 en cas de d\u00e9c\u00e8s ou de blessures corporelles\u00a0;<br>limiter ou exclure notre ou votre responsabilit\u00e9 en cas de fraude ou de fausse d\u00e9claration frauduleuse\u00a0;<br>limiter l&#039;une de nos ou vos responsabilit\u00e9s d&#039;une mani\u00e8re qui n&#039;est pas autoris\u00e9e par la loi applicable\u00a0; O\u00f9<br>exclure l&#039;une de nos ou vos responsabilit\u00e9s qui ne peuvent \u00eatre exclues en vertu de la loi applicable.<br>Les limitations et interdictions de responsabilit\u00e9 \u00e9nonc\u00e9es dans la pr\u00e9sente section et ailleurs dans la pr\u00e9sente clause de non-responsabilit\u00e9\u00a0: (a) sont soumises au paragraphe pr\u00e9c\u00e9dent\u00a0; et (b) r\u00e9gissent toutes les responsabilit\u00e9s d\u00e9coulant de la clause de non-responsabilit\u00e9, y compris les responsabilit\u00e9s contractuelles, d\u00e9lictuelles et pour manquement \u00e0 une obligation l\u00e9gale.<\/p>\n\n\n\n<p>Tant que le site Web et les informations et services sur le site Web sont fournis gratuitement, nous ne serons pas responsables de toute perte ou dommage de quelque nature que ce soit.<\/p>\n\n\n\n<p>Darius Kabalisa \u2013 info@fanavis.com<\/p>","protected":false},"excerpt":{"rendered":"<p>Conditions d&#039;utilisation Derni\u00e8re mise \u00e0 jour le 19 f\u00e9vrier 2022 Bienvenue sur Fanavis ! Ces termes et conditions d\u00e9crivent les r\u00e8gles et r\u00e9glementations d&#039;utilisation du site Web Fanavis, situ\u00e9 \u00e0 l&#039;adresse fanavis.com. En acc\u00e9dant \u00e0 ce site Web, nous supposons que vous acceptez ces termes et conditions. Ne continuez pas \u00e0 utiliser Fanavis si vous n&#039;acceptez pas toutes les [\u2026]<\/p>","protected":false},"author":1,"featured_media":0,"parent":0,"menu_order":0,"comment_status":"closed","ping_status":"closed","template":"","meta":{"inline_featured_image":false,"footnotes":""},"_links":{"self":[{"href":"https:\/\/fanavis.com\/fr\/wp-json\/wp\/v2\/pages\/1458"}],"collection":[{"href":"https:\/\/fanavis.com\/fr\/wp-json\/wp\/v2\/pages"}],"about":[{"href":"https:\/\/fanavis.com\/fr\/wp-json\/wp\/v2\/types\/page"}],"author":[{"embeddable":true,"href":"https:\/\/fanavis.com\/fr\/wp-json\/wp\/v2\/users\/1"}],"replies":[{"embeddable":true,"href":"https:\/\/fanavis.com\/fr\/wp-json\/wp\/v2\/comments?post=1458"}],"version-history":[{"count":1,"href":"https:\/\/fanavis.com\/fr\/wp-json\/wp\/v2\/pages\/1458\/revisions"}],"predecessor-version":[{"id":3661,"href":"https:\/\/fanavis.com\/fr\/wp-json\/wp\/v2\/pages\/1458\/revisions\/3661"}],"wp:attachment":[{"href":"https:\/\/fanavis.com\/fr\/wp-json\/wp\/v2\/media?parent=1458"}],"curies":[{"name":"wp","href":"https:\/\/api.w.org\/{rel}","templated":true}]}}