{"id":4438,"date":"2024-10-10T12:26:18","date_gmt":"2024-10-10T10:26:18","guid":{"rendered":"https:\/\/fanavis.com\/?page_id=4438"},"modified":"2024-11-05T21:16:09","modified_gmt":"2024-11-05T20:16:09","slug":"top-10-best-restaurants-in-dodoma","status":"publish","type":"page","link":"https:\/\/fanavis.com\/es\/top-10-best-restaurants-in-dodoma\/","title":{"rendered":"TOP 10: los mejores restaurantes de Dodoma"},"content":{"rendered":"<h2 class=\"wp-block-heading has-text-align-center has-x-large-font-size\"><strong>TOP 10: los mejores restaurantes de Dodoma<\/strong><\/h2>\n\n\n\n<p class=\"has-text-align-center\">Fanavis te propone su selecci\u00f3n de los 10 mejores restaurantes en Dodoma, Tanzania<\/p>\n\n\n\n<div class=\"wp-block-group top10\"><div class=\"wp-block-group__inner-container is-layout-constrained wp-block-group-is-layout-constrained\">\n<h2 class=\"wp-block-heading listing-title has-large-font-size\" data-no-translation=\"\"><strong>1. <a href=\"https:\/\/fanavis.com\/listing\/harvana-food-affairs\/\">Harvana Food Affairs<\/a><a href=\"https:\/\/fanavis.com\/fr\/listing\/laparte\/\"><br><\/a><a href=\"https:\/\/fanavis.com\/fr\/listing\/gage-tollner-2\/#listing-location\"><\/a><\/strong><\/h2>\n\n\n\n<p style=\"font-size:16px\"><a href=\"https:\/\/fanavis.com\/es\/listing\/ultraviolet-by-paul-pairet\/#listing-location\"><i class=\"fa fa-map-marker\"><\/i> <\/a><a href=\"https:\/\/fanavis.com\/fr\/listing\/ultraviolet-by-paul-pairet\/#listing-location\"><a href=\"https:\/\/fanavis.com\/es\/listing\/harvana-food-affairs\/#listing-location\">Calle Mpwapwa, Dodoma, Tanzania<\/a><\/a> | <strong>COCINAS: Africana, Comida r\u00e1pida, Asi\u00e1tica<\/strong><\/p>\n\n\n\n<div class=\"wp-block-media-text is-stacked-on-mobile is-style-default\"><figure class=\"wp-block-media-text__media\"><a href=\"https:\/\/fanavis.com\/es\/listing\/harvana-food-affairs\/\"><img loading=\"lazy\" decoding=\"async\" width=\"1024\" height=\"996\" src=\"https:\/\/fanavis.com\/wp-content\/uploads\/2024\/10\/harvana_restaurant_dodoma_1-1024x996.jpg\" alt=\"\" class=\"wp-image-4402 size-full\" srcset=\"https:\/\/fanavis.com\/wp-content\/uploads\/2024\/10\/harvana_restaurant_dodoma_1-1024x996.jpg 1024w, https:\/\/fanavis.com\/wp-content\/uploads\/2024\/10\/harvana_restaurant_dodoma_1-300x292.jpg 300w, https:\/\/fanavis.com\/wp-content\/uploads\/2024\/10\/harvana_restaurant_dodoma_1-768x747.jpg 768w, https:\/\/fanavis.com\/wp-content\/uploads\/2024\/10\/harvana_restaurant_dodoma_1-12x12.jpg 12w, https:\/\/fanavis.com\/wp-content\/uploads\/2024\/10\/harvana_restaurant_dodoma_1-590x574.jpg 590w, https:\/\/fanavis.com\/wp-content\/uploads\/2024\/10\/harvana_restaurant_dodoma_1-689x670.jpg 689w, https:\/\/fanavis.com\/wp-content\/uploads\/2024\/10\/harvana_restaurant_dodoma_1-577x561.jpg 577w, https:\/\/fanavis.com\/wp-content\/uploads\/2024\/10\/harvana_restaurant_dodoma_1-600x584.jpg 600w, https:\/\/fanavis.com\/wp-content\/uploads\/2024\/10\/harvana_restaurant_dodoma_1.jpg 1079w\" sizes=\"(max-width: 1024px) 100vw, 1024px\" \/><\/a><\/figure><div class=\"wp-block-media-text__content\">\n<p>Ofrecemos lo mejor a nuestros clientes... para todo tipo de presupuestos... atendemos fiestas y tambi\u00e9n para todas las ocasiones. Tambi\u00e9n te ofrecemos el mejor helado... Y TORTAS... DESDE LA TORTA SELVA NEGRA HASTA LA TORTA DE VAINILLA NORMAL<\/p>\n<\/div><\/div>\n<\/div><\/div>\n\n\n\n<div class=\"wp-block-group top10\"><div class=\"wp-block-group__inner-container is-layout-constrained wp-block-group-is-layout-constrained\">\n<h2 class=\"wp-block-heading listing-title has-large-font-size\" data-no-translation=\"\"><strong>2. <a href=\"https:\/\/fanavis.com\/listing\/the-baobab-cafe\/\">The Baobab Caf\u00e9<br><\/a><a href=\"https:\/\/fanavis.com\/fr\/listing\/roof-the-shanghai-edition\/#listing-location\"><\/a><\/strong><\/h2>\n\n\n\n<p style=\"font-size:16px\"><a href=\"https:\/\/fanavis.com\/es\/listing\/dans-le-noir\/#listing-location\"><i class=\"fa fa-map-marker\"><\/i><\/a><a href=\"https:\/\/fanavis.com\/es\/listing\/the-baobab-cafe\/#listing-location\">&nbsp;Calle Mtendeni, Avenida Hatibu cerca de Air Tanzania, Dodoma 41102 Tanzania<\/a> | <strong>COCINAS : <strong>Bar, Pub, Gastrobar<\/strong><\/strong><\/p>\n\n\n\n<div class=\"wp-block-media-text is-stacked-on-mobile is-style-default\"><figure class=\"wp-block-media-text__media\"><a href=\"https:\/\/fanavis.com\/es\/listing\/the-baobab-cafe\/\"><img loading=\"lazy\" decoding=\"async\" width=\"768\" height=\"1024\" src=\"https:\/\/fanavis.com\/wp-content\/uploads\/2024\/10\/the-baobab_restaurant_dodoma_1-768x1024.jpg\" alt=\"\" class=\"wp-image-4399 size-full\" srcset=\"https:\/\/fanavis.com\/wp-content\/uploads\/2024\/10\/the-baobab_restaurant_dodoma_1-768x1024.jpg 768w, https:\/\/fanavis.com\/wp-content\/uploads\/2024\/10\/the-baobab_restaurant_dodoma_1-225x300.jpg 225w, https:\/\/fanavis.com\/wp-content\/uploads\/2024\/10\/the-baobab_restaurant_dodoma_1-9x12.jpg 9w, https:\/\/fanavis.com\/wp-content\/uploads\/2024\/10\/the-baobab_restaurant_dodoma_1-442x590.jpg 442w, https:\/\/fanavis.com\/wp-content\/uploads\/2024\/10\/the-baobab_restaurant_dodoma_1-502x670.jpg 502w, https:\/\/fanavis.com\/wp-content\/uploads\/2024\/10\/the-baobab_restaurant_dodoma_1-577x770.jpg 577w, https:\/\/fanavis.com\/wp-content\/uploads\/2024\/10\/the-baobab_restaurant_dodoma_1-600x800.jpg 600w, https:\/\/fanavis.com\/wp-content\/uploads\/2024\/10\/the-baobab_restaurant_dodoma_1.jpg 1100w\" sizes=\"(max-width: 768px) 100vw, 768px\" \/><\/a><\/figure><div class=\"wp-block-media-text__content\">\n<p>El Baobab Caf\u00e9 suele encabezar la lista de los amantes de la gastronom\u00eda que visitan Dodoma. Este caf\u00e9, conocido por su ambiente acogedor y su excelente servicio, ofrece un men\u00fa variado que satisface distintos gustos. El Baobab Caf\u00e9 se ha hecho famoso por su fusi\u00f3n de cocinas locales e internacionales, que incluye platos como el nyama choma, carnes a la parrilla que son un elemento b\u00e1sico de la cocina del este de \u00c1frica, as\u00ed como delicias continentales.<\/p>\n<\/div><\/div>\n<\/div><\/div>\n\n\n\n<div class=\"wp-block-group top10\"><div class=\"wp-block-group__inner-container is-layout-constrained wp-block-group-is-layout-constrained\">\n<h2 class=\"wp-block-heading listing-title has-large-font-size\" data-no-translation=\"\"><strong>3. <a href=\"https:\/\/fanavis.com\/listing\/yicafe-at-pudong-shangri-la\/\">Chef Asili<\/a><\/strong><\/h2>\n\n\n\n<p style=\"font-size:16px\"><a href=\"https:\/\/fanavis.com\/es\/listing\/le-bistroquet\/#listing-location\"><i class=\"fa fa-map-marker\"><\/i> <\/a><a href=\"https:\/\/fanavis.com\/es\/listing\/yicafe-at-pudong-shangri-la\/#listing-location\"><\/a><a href=\"https:\/\/fanavis.com\/es\/listing\/yicafe-at-pudong-shangri-la\/#listing-location\">&nbsp;33 Fu Cheng Lu, Lujiazui, Distrito de Pudong, Shanghai, China, 200120<\/a> | <strong>COCINAS: Americana, Africana, Caf\u00e9<\/strong><\/p>\n\n\n\n<div class=\"wp-block-media-text is-stacked-on-mobile is-style-default\"><figure class=\"wp-block-media-text__media\"><a href=\"https:\/\/fanavis.com\/es\/listing\/yicafe-at-pudong-shangri-la\/\"><img loading=\"lazy\" decoding=\"async\" width=\"780\" height=\"780\" src=\"https:\/\/fanavis.com\/wp-content\/uploads\/2024\/10\/chef-asili_restaurant_dodoma_1.jpg\" alt=\"\" class=\"wp-image-4418 size-full\" srcset=\"https:\/\/fanavis.com\/wp-content\/uploads\/2024\/10\/chef-asili_restaurant_dodoma_1.jpg 780w, https:\/\/fanavis.com\/wp-content\/uploads\/2024\/10\/chef-asili_restaurant_dodoma_1-300x300.jpg 300w, https:\/\/fanavis.com\/wp-content\/uploads\/2024\/10\/chef-asili_restaurant_dodoma_1-150x150.jpg 150w, https:\/\/fanavis.com\/wp-content\/uploads\/2024\/10\/chef-asili_restaurant_dodoma_1-768x768.jpg 768w, https:\/\/fanavis.com\/wp-content\/uploads\/2024\/10\/chef-asili_restaurant_dodoma_1-12x12.jpg 12w, https:\/\/fanavis.com\/wp-content\/uploads\/2024\/10\/chef-asili_restaurant_dodoma_1-590x590.jpg 590w, https:\/\/fanavis.com\/wp-content\/uploads\/2024\/10\/chef-asili_restaurant_dodoma_1-670x670.jpg 670w, https:\/\/fanavis.com\/wp-content\/uploads\/2024\/10\/chef-asili_restaurant_dodoma_1-577x577.jpg 577w, https:\/\/fanavis.com\/wp-content\/uploads\/2024\/10\/chef-asili_restaurant_dodoma_1-200x200.jpg 200w, https:\/\/fanavis.com\/wp-content\/uploads\/2024\/10\/chef-asili_restaurant_dodoma_1-600x600.jpg 600w, https:\/\/fanavis.com\/wp-content\/uploads\/2024\/10\/chef-asili_restaurant_dodoma_1-100x100.jpg 100w\" sizes=\"(max-width: 780px) 100vw, 780px\" \/><\/a><\/figure><div class=\"wp-block-media-text__content\">\n<p>Ubicado en el centro del distrito de Dodoma Town, frente a los edificios NIDA y UCC, el Chef Asili Cafe ofrece un ambiente c\u00f3modo para todos. Ven y disfruta de nuestra selecci\u00f3n de s\u00e1ndwiches, paninis, wraps, ensaladas y sopas caseras. Ya sea que desees relajarte con una taza de caf\u00e9 o comer algo r\u00e1pido para llevar, el Chef Asili Cafe es para ti.<\/p>\n<\/div><\/div>\n<\/div><\/div>\n\n\n\n<div class=\"wp-block-group top10\"><div class=\"wp-block-group__inner-container is-layout-constrained wp-block-group-is-layout-constrained\">\n<h2 class=\"wp-block-heading listing-title has-large-font-size\" data-no-translation=\"\"><strong>4. <a href=\"https:\/\/fanavis.com\/listing\/terminal-3-roof-top-restaurant-and-bar\/\">Terminal 3 Roof Top Restaurant And Bar<\/a><\/strong><\/h2>\n\n\n\n<p style=\"font-size:16px\"><a href=\"https:\/\/fanavis.com\/es\/listing\/gator\/#listing-location\"><i class=\"fa fa-map-marker\"><\/i><\/a><a href=\"https:\/\/fanavis.com\/es\/listing\/poterminal-3-roof-top-restaurant-and-bar\/#listing-location\"><a href=\"https:\/\/fanavis.com\/es\/listing\/terminal-3-roof-top-restaurant-and-bar\/#listing-location\">\u00a0KUU STREET, Dodoma, A 104, Dodoma, Tanzania<\/a><\/a> | <strong>COCINAS: India, Africana, Internacional<\/strong><\/p>\n\n\n\n<div class=\"wp-block-media-text is-stacked-on-mobile is-style-default\"><figure class=\"wp-block-media-text__media\"><a href=\"https:\/\/fanavis.com\/es\/listing\/polux-by-paul-pairet\/\"><img loading=\"lazy\" decoding=\"async\" width=\"1024\" height=\"683\" src=\"https:\/\/fanavis.com\/wp-content\/uploads\/2024\/10\/terminal-3_restaurant_dodoma_4-1024x683.jpg\" alt=\"\" class=\"wp-image-4412 size-full\" srcset=\"https:\/\/fanavis.com\/wp-content\/uploads\/2024\/10\/terminal-3_restaurant_dodoma_4-1024x683.jpg 1024w, https:\/\/fanavis.com\/wp-content\/uploads\/2024\/10\/terminal-3_restaurant_dodoma_4-300x200.jpg 300w, https:\/\/fanavis.com\/wp-content\/uploads\/2024\/10\/terminal-3_restaurant_dodoma_4-768x512.jpg 768w, https:\/\/fanavis.com\/wp-content\/uploads\/2024\/10\/terminal-3_restaurant_dodoma_4-18x12.jpg 18w, https:\/\/fanavis.com\/wp-content\/uploads\/2024\/10\/terminal-3_restaurant_dodoma_4-590x393.jpg 590w, https:\/\/fanavis.com\/wp-content\/uploads\/2024\/10\/terminal-3_restaurant_dodoma_4-1005x670.jpg 1005w, https:\/\/fanavis.com\/wp-content\/uploads\/2024\/10\/terminal-3_restaurant_dodoma_4-577x385.jpg 577w, https:\/\/fanavis.com\/wp-content\/uploads\/2024\/10\/terminal-3_restaurant_dodoma_4-600x400.jpg 600w, https:\/\/fanavis.com\/wp-content\/uploads\/2024\/10\/terminal-3_restaurant_dodoma_4.jpg 1080w\" sizes=\"(max-width: 1024px) 100vw, 1024px\" \/><\/a><\/figure><div class=\"wp-block-media-text__content\">\n<p>Para disfrutar de la mejor experiencia social, visite el bar y sal\u00f3n comedor en nuestra azotea, con karaoke en vivo los jueves. Venga a llevar su relajaci\u00f3n a otro nivel.<\/p>\n<\/div><\/div>\n<\/div><\/div>\n\n\n\n<div class=\"wp-block-group top10\"><div class=\"wp-block-group__inner-container is-layout-constrained wp-block-group-is-layout-constrained\">\n<h2 class=\"wp-block-heading listing-title has-large-font-size\" data-no-translation=\"\"><strong>5. <a href=\"https:\/\/fanavis.com\/listing\/china-garden\/\">China Garden<br><a href=\"https:\/\/fanavis.com\/en\/listing\/china-garden\/#listing-location\"><\/a><\/a><\/strong><\/h2>\n\n\n\n<p style=\"font-size:16px\"><a href=\"https:\/\/fanavis.com\/es\/listing\/le-chat-botte\/#listing-location\"><i class=\"fa fa-map-marker\"><\/i><\/a><a href=\"https:\/\/fanavis.com\/es\/listing\/china-garden\/#listing-location\"><a href=\"https:\/\/fanavis.com\/es\/listing\/china-garden\/#listing-location\"> <\/a><\/a><a href=\"https:\/\/fanavis.com\/es\/listing\/china-garden\/#listing-location\"><a href=\"https:\/\/fanavis.com\/es\/listing\/china-garden\/#listing-location\">Frente a la estaci\u00f3n de tren, Railway Street, Dodoma, Tanzania<\/a><\/a> | <strong>COCINAS: China, asi\u00e1tica, sichuan<\/strong><\/p>\n\n\n\n<div class=\"wp-block-media-text is-stacked-on-mobile is-style-default\"><figure class=\"wp-block-media-text__media\"><a href=\"https:\/\/fanavis.com\/es\/listing\/china-garden\/#listing-location\"><img loading=\"lazy\" decoding=\"async\" width=\"1024\" height=\"768\" src=\"https:\/\/fanavis.com\/wp-content\/uploads\/2024\/10\/china-garden_restaurant_dodoma_3-1024x768.jpg\" alt=\"\" class=\"wp-image-4394 size-full\" srcset=\"https:\/\/fanavis.com\/wp-content\/uploads\/2024\/10\/china-garden_restaurant_dodoma_3-1024x768.jpg 1024w, https:\/\/fanavis.com\/wp-content\/uploads\/2024\/10\/china-garden_restaurant_dodoma_3-300x225.jpg 300w, https:\/\/fanavis.com\/wp-content\/uploads\/2024\/10\/china-garden_restaurant_dodoma_3-768x576.jpg 768w, https:\/\/fanavis.com\/wp-content\/uploads\/2024\/10\/china-garden_restaurant_dodoma_3-1536x1152.jpg 1536w, https:\/\/fanavis.com\/wp-content\/uploads\/2024\/10\/china-garden_restaurant_dodoma_3-16x12.jpg 16w, https:\/\/fanavis.com\/wp-content\/uploads\/2024\/10\/china-garden_restaurant_dodoma_3-590x443.jpg 590w, https:\/\/fanavis.com\/wp-content\/uploads\/2024\/10\/china-garden_restaurant_dodoma_3-893x670.jpg 893w, https:\/\/fanavis.com\/wp-content\/uploads\/2024\/10\/china-garden_restaurant_dodoma_3-577x433.jpg 577w, https:\/\/fanavis.com\/wp-content\/uploads\/2024\/10\/china-garden_restaurant_dodoma_3-1200x900.jpg 1200w, https:\/\/fanavis.com\/wp-content\/uploads\/2024\/10\/china-garden_restaurant_dodoma_3-600x450.jpg 600w, https:\/\/fanavis.com\/wp-content\/uploads\/2024\/10\/china-garden_restaurant_dodoma_3.jpg 1800w\" sizes=\"(max-width: 1024px) 100vw, 1024px\" \/><\/a><\/figure><div class=\"wp-block-media-text__content\">\n<p>China Garden ofrece una porci\u00f3n del Lejano Oriente en el coraz\u00f3n de \u00c1frica Oriental. Famoso por sus platos tradicionales chinos, el restaurante ha ganado seguidores por su dim sum, pato pequin\u00e9s y platos de fideos. El ambiente chino aut\u00e9ntico, la decoraci\u00f3n y el servicio atento lo convierten en un lugar de referencia para aquellos que buscan algo diferente del men\u00fa t\u00edpico de Tanzania.<\/p>\n<\/div><\/div>\n<\/div><\/div>\n\n\n\n<div class=\"wp-block-group top10\"><div class=\"wp-block-group__inner-container is-layout-constrained wp-block-group-is-layout-constrained\">\n<h2 class=\"wp-block-heading listing-title has-large-font-size\" data-no-translation=\"\"><strong>6. <a href=\"https:\/\/fanavis.com\/listing\/listing\/the-pit-stop-restaurant\/\">The Pit-Stop Restaurant<\/a><\/strong><\/h2>\n\n\n\n<p style=\"font-size:16px\"><i class=\"fa fa-map-marker\"><\/i> <a href=\"https:\/\/fanavis.com\/es\/listing\/hakkasan\/#listing-location\"><\/a><a href=\"https:\/\/fanavis.com\/es\/listing\/listing\/the-pit-stop-restaurant\/#listing-location\"><a href=\"https:\/\/fanavis.com\/es\/listing\/the-pit-stop-restaurant\/#listing-location\">\u00a0Dodoma, Tanzania<\/a><\/a> | <strong>COCINAS: Africana, Internacional, Asi\u00e1tica<\/strong><\/p>\n\n\n\n<div class=\"wp-block-media-text is-stacked-on-mobile is-style-default\"><figure class=\"wp-block-media-text__media\"><a href=\"https:\/\/fanavis.com\/es\/listing\/listing\/the-pit-stop-restaurant\/\"><img loading=\"lazy\" decoding=\"async\" width=\"1024\" height=\"683\" src=\"https:\/\/fanavis.com\/wp-content\/uploads\/2024\/10\/great-chef-ready-to-treat-1024x683.jpg\" alt=\"\" class=\"wp-image-4423 size-full\" srcset=\"https:\/\/fanavis.com\/wp-content\/uploads\/2024\/10\/great-chef-ready-to-treat-1024x683.jpg 1024w, https:\/\/fanavis.com\/wp-content\/uploads\/2024\/10\/great-chef-ready-to-treat-300x200.jpg 300w, https:\/\/fanavis.com\/wp-content\/uploads\/2024\/10\/great-chef-ready-to-treat-768x512.jpg 768w, https:\/\/fanavis.com\/wp-content\/uploads\/2024\/10\/great-chef-ready-to-treat-18x12.jpg 18w, https:\/\/fanavis.com\/wp-content\/uploads\/2024\/10\/great-chef-ready-to-treat-590x393.jpg 590w, https:\/\/fanavis.com\/wp-content\/uploads\/2024\/10\/great-chef-ready-to-treat-1005x670.jpg 1005w, https:\/\/fanavis.com\/wp-content\/uploads\/2024\/10\/great-chef-ready-to-treat-577x385.jpg 577w, https:\/\/fanavis.com\/wp-content\/uploads\/2024\/10\/great-chef-ready-to-treat-600x400.jpg 600w, https:\/\/fanavis.com\/wp-content\/uploads\/2024\/10\/great-chef-ready-to-treat.jpg 1080w\" sizes=\"(max-width: 1024px) 100vw, 1024px\" \/><\/a><\/figure><div class=\"wp-block-media-text__content\">\n<p>Destino para comidas durante todo el d\u00eda, que sirve un suntuoso desayuno buffet, almuerzo buffet de negocios y un extenso men\u00fa a la carta que satisfar\u00e1 su paladar.<\/p>\n<\/div><\/div>\n<\/div><\/div>\n\n\n\n<div class=\"wp-block-group top10\"><div class=\"wp-block-group__inner-container is-layout-constrained wp-block-group-is-layout-constrained\">\n<h2 class=\"wp-block-heading listing-title has-large-font-size\" data-no-translation=\"\"><strong>7. <a href=\"https:\/\/fanavis.com\/listing\/collina-restaurant-and-wine-bar\/\">Collina Restaurant and Wine Bar<\/a><\/strong><\/h2>\n\n\n\n<p style=\"font-size:16px\"><i class=\"fa fa-map-marker\"><\/i><a href=\"https:\/\/fanavis.com\/es\/listing\/collina-restaurant-and-wine-bar\/#listing-location\"><a href=\"https:\/\/fanavis.com\/es\/listing\/collina-restaurant-and-wine-bar\/#listing-location\">\u00a0Dodoma, Tanzania<\/a><\/a> | <strong>COCINAS : <strong>Africano, Mariscos, Saludable<\/strong><\/strong><\/p>\n\n\n\n<div class=\"wp-block-media-text is-stacked-on-mobile is-style-default\"><figure class=\"wp-block-media-text__media\"><a href=\"https:\/\/fanavis.com\/es\/listing\/collina-restaurant-and-wine-bar\/\"><img loading=\"lazy\" decoding=\"async\" width=\"260\" height=\"175\" src=\"https:\/\/fanavis.com\/wp-content\/uploads\/2024\/10\/dodoma-restaurant-1.jpg\" alt=\"\" class=\"wp-image-4433 size-full\" srcset=\"https:\/\/fanavis.com\/wp-content\/uploads\/2024\/10\/dodoma-restaurant-1.jpg 260w, https:\/\/fanavis.com\/wp-content\/uploads\/2024\/10\/dodoma-restaurant-1-18x12.jpg 18w\" sizes=\"(max-width: 260px) 100vw, 260px\" \/><\/a><\/figure><div class=\"wp-block-media-text__content\">\n<p>Ubicado en el coraz\u00f3n de Dodoma, Collina es un bar de vinos y restaurante que ofrece comida fresca y una variedad infinita de bebidas en un entorno tranquilo y refrescante.<\/p>\n<\/div><\/div>\n<\/div><\/div>\n\n\n\n<div class=\"wp-block-group top10\"><div class=\"wp-block-group__inner-container is-layout-constrained wp-block-group-is-layout-constrained\">\n<h2 class=\"wp-block-heading listing-title has-large-font-size\" data-no-translation=\"\"><strong>8. <a href=\"https:\/\/fanavis.com\/listing\/the-commune-social\/\">Leone l\u2019Africano Pizzeria<br><\/a><a href=\"https:\/\/fanavis.com\/en\/listing\/the-commune-social\/#listing-location\"><\/a><\/strong><\/h2>\n\n\n\n<p style=\"font-size:16px\"><a href=\"https:\/\/fanavis.com\/es\/listing\/the-commune-social\/#listing-location\"><i class=\"fa fa-map-marker\"><\/i><\/a><a href=\"https:\/\/fanavis.com\/es\/listing\/leone-lafricano-pizzeria\/#listing-location\"><a href=\"https:\/\/fanavis.com\/es\/listing\/leone-lafricano-pizzeria\/#listing-location\">\u00a0\u00c1rea C, Dodoma, Tanzania<\/a><\/a> |<strong> COCINAS: Italiana, Pizza, Europea<\/strong><\/p>\n\n\n\n<div class=\"wp-block-media-text is-stacked-on-mobile is-style-default\"><figure class=\"wp-block-media-text__media\"><a href=\"https:\/\/fanavis.com\/es\/listing\/leone-lafricano-pizzeria\/\"><img loading=\"lazy\" decoding=\"async\" width=\"1024\" height=\"768\" src=\"https:\/\/fanavis.com\/wp-content\/uploads\/2024\/10\/leone_restaurant_dodoma_1-1024x768.jpg\" alt=\"\" class=\"wp-image-4389 size-full\" srcset=\"https:\/\/fanavis.com\/wp-content\/uploads\/2024\/10\/leone_restaurant_dodoma_1-1024x768.jpg 1024w, https:\/\/fanavis.com\/wp-content\/uploads\/2024\/10\/leone_restaurant_dodoma_1-300x225.jpg 300w, https:\/\/fanavis.com\/wp-content\/uploads\/2024\/10\/leone_restaurant_dodoma_1-768x576.jpg 768w, https:\/\/fanavis.com\/wp-content\/uploads\/2024\/10\/leone_restaurant_dodoma_1-16x12.jpg 16w, https:\/\/fanavis.com\/wp-content\/uploads\/2024\/10\/leone_restaurant_dodoma_1-590x443.jpg 590w, https:\/\/fanavis.com\/wp-content\/uploads\/2024\/10\/leone_restaurant_dodoma_1-893x670.jpg 893w, https:\/\/fanavis.com\/wp-content\/uploads\/2024\/10\/leone_restaurant_dodoma_1-577x433.jpg 577w, https:\/\/fanavis.com\/wp-content\/uploads\/2024\/10\/leone_restaurant_dodoma_1-1200x900.jpg 1200w, https:\/\/fanavis.com\/wp-content\/uploads\/2024\/10\/leone_restaurant_dodoma_1-600x450.jpg 600w, https:\/\/fanavis.com\/wp-content\/uploads\/2024\/10\/leone_restaurant_dodoma_1.jpg 1400w\" sizes=\"(max-width: 1024px) 100vw, 1024px\" \/><\/a><\/figure><div class=\"wp-block-media-text__content\">\n<p>Una antigua comisar\u00eda de polic\u00eda de 1910 acoge este bar de tapas de aire minimalista y chic que cuenta con terraza. El chef reinventa cl\u00e1sicos con t\u00e9cnicas modernas y sabores ex\u00f3ticos, como el uso de especias africanas en la calabaza a la plancha con queso y nueces. La hamburguesa de cerdo ib\u00e9rico y foie gras tambi\u00e9n despierta mucho cari\u00f1o. Para la cena se ofrecen platos del d\u00eda. <\/p>\n<\/div><\/div>\n<\/div><\/div>\n\n\n\n<div class=\"wp-block-group top10\"><div class=\"wp-block-group__inner-container is-layout-constrained wp-block-group-is-layout-constrained\">\n<h2 class=\"wp-block-heading listing-title has-large-font-size\" data-no-translation=\"\"><strong>9. <a href=\"https:\/\/fanavis.com\/listing\/navs-restaurant-pub\/\">Nav\u2019s Restaurant &amp; Pub<\/a><a href=\"https:\/\/fanavis.com\/listing\/domaine-de-chateauvieux\/\"><br><\/a><a href=\"https:\/\/fanavis.com\/en\/listing\/figure-eight\/#listing-location\"><\/a><\/strong><\/h2>\n\n\n\n<p style=\"font-size:16px\"><a href=\"https:\/\/fanavis.com\/es\/listing\/the-commune-social\/#listing-location\"><i class=\"fa fa-map-marker\"><\/i><\/a><a href=\"https:\/\/fanavis.com\/es\/listing\/navs-restaurant-pub\/#listing-location\">&nbsp;Carretera Amani, Dodoma, Tanzania<\/a> | <strong>COCINAS: India, Africana, Europea<\/strong><\/p>\n\n\n\n<div class=\"wp-block-media-text is-stacked-on-mobile is-style-default\"><figure class=\"wp-block-media-text__media\"><a href=\"https:\/\/fanavis.com\/es\/listing\/navs-restaurant-pub\/\"><img loading=\"lazy\" decoding=\"async\" width=\"1024\" height=\"551\" src=\"https:\/\/fanavis.com\/wp-content\/uploads\/2024\/10\/navs_restaurant_dodoma_4-1024x551.jpg\" alt=\"\" class=\"wp-image-4375 size-full\" srcset=\"https:\/\/fanavis.com\/wp-content\/uploads\/2024\/10\/navs_restaurant_dodoma_4-1024x551.jpg 1024w, https:\/\/fanavis.com\/wp-content\/uploads\/2024\/10\/navs_restaurant_dodoma_4-300x161.jpg 300w, https:\/\/fanavis.com\/wp-content\/uploads\/2024\/10\/navs_restaurant_dodoma_4-768x413.jpg 768w, https:\/\/fanavis.com\/wp-content\/uploads\/2024\/10\/navs_restaurant_dodoma_4-18x10.jpg 18w, https:\/\/fanavis.com\/wp-content\/uploads\/2024\/10\/navs_restaurant_dodoma_4-590x317.jpg 590w, https:\/\/fanavis.com\/wp-content\/uploads\/2024\/10\/navs_restaurant_dodoma_4-577x310.jpg 577w, https:\/\/fanavis.com\/wp-content\/uploads\/2024\/10\/navs_restaurant_dodoma_4-600x323.jpg 600w, https:\/\/fanavis.com\/wp-content\/uploads\/2024\/10\/navs_restaurant_dodoma_4.jpg 1080w\" sizes=\"(max-width: 1024px) 100vw, 1024px\" \/><\/a><\/figure><div class=\"wp-block-media-text__content\">\n<p>Restaurante indio ubicado en Mirembe, Dodoma, que ofrece una amplia variedad de comida, desde cocina india hasta cocina africana, pasando por barbacoas, comida r\u00e1pida y mucho m\u00e1s. Opciones vegetarianas y no vegetarianas disponibles. (Comida halal) Asientos en el interior y al aire libre. Zona de juegos para ni\u00f1os. Juegos de mesa de dardos y billar. Disponible para fiestas, reuniones, encuentros, bodas y campamentos. \u00a1Karibu sana!<\/p>\n<\/div><\/div>\n<\/div><\/div>\n\n\n\n<div class=\"wp-block-group top10\"><div class=\"wp-block-group__inner-container is-layout-constrained wp-block-group-is-layout-constrained\">\n<h2 class=\"wp-block-heading listing-title has-large-font-size\" data-no-translation=\"\"><strong>10. <strong><a href=\"https:\/\/fanavis.com\/listing\/rose-garden\/\">Rose Garden<br><\/a><a href=\"https:\/\/fanavis.com\/en\/listing\/scena-di-angelo\/#listing-location\"><\/a><\/strong><\/strong><\/h2>\n\n\n\n<p style=\"font-size:16px\"><i class=\"fa fa-map-marker\"><\/i> <a href=\"https:\/\/fanavis.com\/es\/listing\/scena-di-angelo\/#listing-location\"><\/a><a href=\"https:\/\/fanavis.com\/es\/listin\/grose-garden\/#listing-location\"><a href=\"https:\/\/fanavis.com\/es\/listing\/rose-garden\/#listing-location\">\u00a0\u00c1rea C, Dodoma, Tanzania<\/a><\/a> | <strong>COCINAS: Africanas<\/strong><\/p>\n\n\n\n<div class=\"wp-block-media-text is-stacked-on-mobile is-style-default\"><figure class=\"wp-block-media-text__media\"><a href=\"https:\/\/fanavis.com\/es\/listing\/rose-garden\/\"><img loading=\"lazy\" decoding=\"async\" width=\"550\" height=\"412\" src=\"https:\/\/fanavis.com\/wp-content\/uploads\/2024\/10\/gate.jpg\" alt=\"\" class=\"wp-image-4429 size-full\" srcset=\"https:\/\/fanavis.com\/wp-content\/uploads\/2024\/10\/gate.jpg 550w, https:\/\/fanavis.com\/wp-content\/uploads\/2024\/10\/gate-300x225.jpg 300w, https:\/\/fanavis.com\/wp-content\/uploads\/2024\/10\/gate-16x12.jpg 16w\" sizes=\"(max-width: 550px) 100vw, 550px\" \/><\/a><\/figure><div class=\"wp-block-media-text__content\">\n<p>\u201cUn lugar donde puedes conseguir toda la comida tanzana. El ambiente es agradable, especialmente por la noche, un buen lugar para tomar una copa. Adem\u00e1s del pescado a la parrilla con patatas fritas, est\u00e1 delicioso\u201d.<\/p>\n<\/div><\/div>\n<\/div><\/div>","protected":false},"excerpt":{"rendered":"<p>TOP 10: best restaurants in Dodoma Fanavis proposes you its selection of the 10 best restaurants in Dodoma, Tanzania 1. Harvana Food Affairs Mpwapwa Rd, Dodoma, Tanzania | CUISINES : African, Fast food, Asian We provide the best to our customers .. from all types of budgets .. we cater for parties and also all [&hellip;]<\/p>","protected":false},"author":1,"featured_media":0,"parent":0,"menu_order":0,"comment_status":"closed","ping_status":"closed","template":"","meta":{"inline_featured_image":false,"footnotes":""},"_links":{"self":[{"href":"https:\/\/fanavis.com\/es\/wp-json\/wp\/v2\/pages\/4438"}],"collection":[{"href":"https:\/\/fanavis.com\/es\/wp-json\/wp\/v2\/pages"}],"about":[{"href":"https:\/\/fanavis.com\/es\/wp-json\/wp\/v2\/types\/page"}],"author":[{"embeddable":true,"href":"https:\/\/fanavis.com\/es\/wp-json\/wp\/v2\/users\/1"}],"replies":[{"embeddable":true,"href":"https:\/\/fanavis.com\/es\/wp-json\/wp\/v2\/comments?post=4438"}],"version-history":[{"count":4,"href":"https:\/\/fanavis.com\/es\/wp-json\/wp\/v2\/pages\/4438\/revisions"}],"predecessor-version":[{"id":4701,"href":"https:\/\/fanavis.com\/es\/wp-json\/wp\/v2\/pages\/4438\/revisions\/4701"}],"wp:attachment":[{"href":"https:\/\/fanavis.com\/es\/wp-json\/wp\/v2\/media?parent=4438"}],"curies":[{"name":"wp","href":"https:\/\/api.w.org\/{rel}","templated":true}]}}