{"id":3817,"date":"2024-09-05T19:14:03","date_gmt":"2024-09-05T17:14:03","guid":{"rendered":"https:\/\/fanavis.com\/?page_id=3817"},"modified":"2024-11-05T21:14:09","modified_gmt":"2024-11-05T20:14:09","slug":"fanavis-les-10-meilleurs-restaurants-de-geneve","status":"publish","type":"page","link":"https:\/\/fanavis.com\/es\/fanavis-les-10-meilleurs-restaurants-de-geneve\/","title":{"rendered":"TOP 10: los mejores restaurantes de Ginebra"},"content":{"rendered":"<h2 class=\"wp-block-heading has-text-align-center top10-title has-x-large-font-size\"><strong>TOP 10: los mejores restaurantes de Ginebra<\/strong><\/h2>\n\n\n\n<p class=\"has-text-align-center\">Fanavis te propone su selecci\u00f3n de los 10 mejores restaurantes de Ginebra, Suiza<\/p>\n\n\n\n<div class=\"wp-block-group top10\"><div class=\"wp-block-group__inner-container is-layout-constrained wp-block-group-is-layout-constrained\">\n<h2 class=\"wp-block-heading has-large-font-size\" id=\"listing-title\"><strong>1. <a href=\"https:\/\/fanavis.com\/fr\/listing\/laparte\/\">El Apart\u00e9<\/a><\/strong><\/h2>\n\n\n\n<p style=\"font-size:16px\"><a href=\"https:\/\/fanavis.com\/es\/listing\/laparte\/#listing-location\"><i class=\"fa fa-map-marker\"><\/i> Rue de Lausanne 41-43, Ginebra 1201 Suiza<\/a> | <strong>COCINA: Francesa, Europea, Diner<\/strong><\/p>\n\n\n\n<div class=\"wp-block-media-text is-stacked-on-mobile is-style-default\"><figure class=\"wp-block-media-text__media\"><a href=\"https:\/\/fanavis.com\/es\/listing\/laparte\/\"><img loading=\"lazy\" decoding=\"async\" width=\"1024\" height=\"653\" src=\"https:\/\/fanavis.com\/wp-content\/uploads\/2024\/09\/getlstd-property-photo-1024x653.jpg\" alt=\"Restaurant L'Apart\u00e9\" class=\"wp-image-3843 size-full\" srcset=\"https:\/\/fanavis.com\/wp-content\/uploads\/2024\/09\/getlstd-property-photo-1024x653.jpg 1024w, https:\/\/fanavis.com\/wp-content\/uploads\/2024\/09\/getlstd-property-photo-300x191.jpg 300w, https:\/\/fanavis.com\/wp-content\/uploads\/2024\/09\/getlstd-property-photo-768x490.jpg 768w, https:\/\/fanavis.com\/wp-content\/uploads\/2024\/09\/getlstd-property-photo-18x12.jpg 18w, https:\/\/fanavis.com\/wp-content\/uploads\/2024\/09\/getlstd-property-photo-590x376.jpg 590w, https:\/\/fanavis.com\/wp-content\/uploads\/2024\/09\/getlstd-property-photo-1050x670.jpg 1050w, https:\/\/fanavis.com\/wp-content\/uploads\/2024\/09\/getlstd-property-photo-577x368.jpg 577w, https:\/\/fanavis.com\/wp-content\/uploads\/2024\/09\/getlstd-property-photo-1200x766.jpg 1200w, https:\/\/fanavis.com\/wp-content\/uploads\/2024\/09\/getlstd-property-photo-600x383.jpg 600w, https:\/\/fanavis.com\/wp-content\/uploads\/2024\/09\/getlstd-property-photo.jpg 1500w\" sizes=\"(max-width: 1024px) 100vw, 1024px\" \/><\/a><\/figure><div class=\"wp-block-media-text__content\">\n<p>En un marco refinado e \u00edntimo con solo quince cubiertos, disfrute de una experiencia memorable y amistosa. Con toda sencillez, el chef Armel Bedouet dialoga con usted en su mesa para aconsejarle sobre los productos que ha seleccionado y mejorado minuciosamente. Con su experiencia en casas prestigiosas, expresa su pasi\u00f3n y su talento. D\u00e9jese sorprender por un momento.<\/p>\n<\/div><\/div>\n<\/div><\/div>\n\n\n\n<div class=\"wp-block-group top10\"><div class=\"wp-block-group__inner-container is-layout-constrained wp-block-group-is-layout-constrained\">\n<h2 class=\"wp-block-heading listing-title has-large-font-size\" data-no-translation=\"\"><strong>2. <a href=\"https:\/\/fanavis.com\/fr\/listing\/dans-le-noir\/\">Dans le Noir ?<\/a><\/strong><\/h2>\n\n\n\n<p style=\"font-size:16px\"><a href=\"https:\/\/fanavis.com\/es\/listing\/dans-le-noir\/#listing-location\"><i class=\"fa fa-map-marker\"><\/i> Quai Du Mont-blanc 11, Ginebra 1201 Suiza<\/a> | <strong>COCINA: Francesa, Internacional, Europea<\/strong><\/p>\n\n\n\n<div class=\"wp-block-media-text is-stacked-on-mobile is-style-default\"><figure class=\"wp-block-media-text__media\"><a href=\"https:\/\/fanavis.com\/es\/listing\/dans-le-noir\/\"><img loading=\"lazy\" decoding=\"async\" width=\"1024\" height=\"693\" src=\"https:\/\/fanavis.com\/wp-content\/uploads\/2024\/09\/main-dans-le-noir-geneve-1024x693.jpg\" alt=\"Restaurant Dans Le Noir ?\" class=\"wp-image-3842 size-full\" srcset=\"https:\/\/fanavis.com\/wp-content\/uploads\/2024\/09\/main-dans-le-noir-geneve-1024x693.jpg 1024w, https:\/\/fanavis.com\/wp-content\/uploads\/2024\/09\/main-dans-le-noir-geneve-300x203.jpg 300w, https:\/\/fanavis.com\/wp-content\/uploads\/2024\/09\/main-dans-le-noir-geneve-768x520.jpg 768w, https:\/\/fanavis.com\/wp-content\/uploads\/2024\/09\/main-dans-le-noir-geneve-18x12.jpg 18w, https:\/\/fanavis.com\/wp-content\/uploads\/2024\/09\/main-dans-le-noir-geneve-590x399.jpg 590w, https:\/\/fanavis.com\/wp-content\/uploads\/2024\/09\/main-dans-le-noir-geneve-990x670.jpg 990w, https:\/\/fanavis.com\/wp-content\/uploads\/2024\/09\/main-dans-le-noir-geneve-577x390.jpg 577w, https:\/\/fanavis.com\/wp-content\/uploads\/2024\/09\/main-dans-le-noir-geneve-600x406.jpg 600w, https:\/\/fanavis.com\/wp-content\/uploads\/2024\/09\/main-dans-le-noir-geneve.jpg 1200w\" sizes=\"(max-width: 1024px) 100vw, 1024px\" \/><\/a><\/figure><div class=\"wp-block-media-text__content\">\n<p>\u201cDans le Noir?\u201d En sus restaurantes se puede cenar en total oscuridad acompa\u00f1ado y atendido por gu\u00edas inesperados. Degustar, comer o cenar en la oscuridad absoluta es una experiencia original que nos permite reevaluar nuestra percepci\u00f3n del gusto redescubriendo nuestros sentidos dormidos a trav\u00e9s de la omnipresencia de la mirada, reencantar nuestra relaci\u00f3n con el mundo y con los dem\u00e1s y vivir un encuentro sorprendente con la diferencia.<a href=\"https:\/\/geneve.danslenoir.com\/reserver-geneve.html\"><\/a><\/p>\n<\/div><\/div>\n<\/div><\/div>\n\n\n\n<div class=\"wp-block-group top10\"><div class=\"wp-block-group__inner-container is-layout-constrained wp-block-group-is-layout-constrained\">\n<h2 class=\"wp-block-heading listing-title has-large-font-size\" data-no-translation=\"\"><strong>3. <a href=\"https:\/\/fanavis.com\/listing\/le-bistroquet\/\">Le Bistroquet<\/a><\/strong><\/h2>\n\n\n\n<p style=\"font-size:16px\"><a href=\"https:\/\/fanavis.com\/es\/listing\/le-bistroquet\/#listing-location\"><i class=\"fa fa-map-marker\"><\/i> Rue Caroline 10, Ginebra 1227 Suiza<\/a> | <strong>COCINA: Francesa, Europea<\/strong>, <strong>Peque\u00f1o restaurante<\/strong><\/p>\n\n\n\n<div class=\"wp-block-media-text is-stacked-on-mobile is-style-default\"><figure class=\"wp-block-media-text__media\"><a href=\"https:\/\/fanavis.com\/es\/listing\/le-bistroquet\/\"><img loading=\"lazy\" decoding=\"async\" width=\"1024\" height=\"576\" src=\"https:\/\/fanavis.com\/wp-content\/uploads\/2024\/09\/salle-1024x576.jpg\" alt=\"Restaurant Le Bistroquet\" class=\"wp-image-3844 size-full\" srcset=\"https:\/\/fanavis.com\/wp-content\/uploads\/2024\/09\/salle-1024x576.jpg 1024w, https:\/\/fanavis.com\/wp-content\/uploads\/2024\/09\/salle-300x169.jpg 300w, https:\/\/fanavis.com\/wp-content\/uploads\/2024\/09\/salle-768x432.jpg 768w, https:\/\/fanavis.com\/wp-content\/uploads\/2024\/09\/salle-18x10.jpg 18w, https:\/\/fanavis.com\/wp-content\/uploads\/2024\/09\/salle-590x332.jpg 590w, https:\/\/fanavis.com\/wp-content\/uploads\/2024\/09\/salle-1191x670.jpg 1191w, https:\/\/fanavis.com\/wp-content\/uploads\/2024\/09\/salle-577x325.jpg 577w, https:\/\/fanavis.com\/wp-content\/uploads\/2024\/09\/salle-600x338.jpg 600w, https:\/\/fanavis.com\/wp-content\/uploads\/2024\/09\/salle.jpg 1200w\" sizes=\"(max-width: 1024px) 100vw, 1024px\" \/><\/a><\/figure><div class=\"wp-block-media-text__content\">\n<p>Adem\u00e1s de ofrecerle una cocina gourmet, Le Bistroquet se esfuerza por trabajar con los mejores productos posibles y minimizar su impacto.<br>Por eso nos comprometemos a favorecer los productos de la Suiza local, a trabajar en un circuito corto y a seleccionar cuidadosamente a nuestros proveedores.<br>Con qui\u00e9n colaboramos.<\/p>\n<\/div><\/div>\n<\/div><\/div>\n\n\n\n<div class=\"wp-block-group top10\"><div class=\"wp-block-group__inner-container is-layout-constrained wp-block-group-is-layout-constrained\">\n<h2 class=\"wp-block-heading listing-title has-large-font-size\" data-no-translation=\"\"><strong>4. <a href=\"https:\/\/fanavis.com\/listing\/lagape\/\">L&#8217;Agape<\/a><\/strong><\/h2>\n\n\n\n<p style=\"font-size:16px\"><a href=\"https:\/\/fanavis.com\/es\/listing\/lagape\/#listing-location\"><i class=\"fa fa-map-marker\"><\/i> Rue Caroline 11, Ginebra 1227 Suiza<\/a> | <strong>COCINA: Francesa, Internacional, Europea<\/strong><\/p>\n\n\n\n<div class=\"wp-block-media-text is-stacked-on-mobile is-style-default\"><figure class=\"wp-block-media-text__media\"><a href=\"https:\/\/fanavis.com\/es\/listing\/lagape\/\"><img loading=\"lazy\" decoding=\"async\" width=\"1024\" height=\"690\" src=\"https:\/\/fanavis.com\/wp-content\/uploads\/2024\/09\/l-agape-1024x690.jpg\" alt=\"Restaurant L'Agape\" class=\"wp-image-3847 size-full\" srcset=\"https:\/\/fanavis.com\/wp-content\/uploads\/2024\/09\/l-agape-1024x690.jpg 1024w, https:\/\/fanavis.com\/wp-content\/uploads\/2024\/09\/l-agape-300x202.jpg 300w, https:\/\/fanavis.com\/wp-content\/uploads\/2024\/09\/l-agape-768x518.jpg 768w, https:\/\/fanavis.com\/wp-content\/uploads\/2024\/09\/l-agape-18x12.jpg 18w, https:\/\/fanavis.com\/wp-content\/uploads\/2024\/09\/l-agape-590x398.jpg 590w, https:\/\/fanavis.com\/wp-content\/uploads\/2024\/09\/l-agape-994x670.jpg 994w, https:\/\/fanavis.com\/wp-content\/uploads\/2024\/09\/l-agape-577x389.jpg 577w, https:\/\/fanavis.com\/wp-content\/uploads\/2024\/09\/l-agape-600x405.jpg 600w, https:\/\/fanavis.com\/wp-content\/uploads\/2024\/09\/l-agape.jpg 1200w\" sizes=\"(max-width: 1024px) 100vw, 1024px\" \/><\/a><\/figure><div class=\"wp-block-media-text__content\">\n<p>\u201cL&#039;AGAPE\u201d abri\u00f3 sus puertas el mi\u00e9rcoles 12 de junio de 2019. Situado en el barrio de Acacias, a dos pasos del Vieux Carouge, el restaurante ofrece un men\u00fa de temporada centrado en productos frescos.<\/p>\n<\/div><\/div>\n<\/div><\/div>\n\n\n\n<div class=\"wp-block-group top10\"><div class=\"wp-block-group__inner-container is-layout-constrained wp-block-group-is-layout-constrained\">\n<h2 class=\"wp-block-heading listing-title has-large-font-size\" data-no-translation=\"\"><strong>5. <a href=\"https:\/\/fanavis.com\/listing\/le-chat-botte\/\">Le Chat-bott\u00e9<\/a><\/strong><\/h2>\n\n\n\n<p style=\"font-size:16px\"><a href=\"https:\/\/fanavis.com\/es\/listing\/le-chat-botte\/#listing-location\"><i class=\"fa fa-map-marker\"><\/i> Quai du Mont-Blanc 13, Ginebra 1201 Suiza<\/a> | <strong>COCINA: Francesa, Europea, Gastron\u00f3mica<\/strong><\/p>\n\n\n\n<div class=\"wp-block-media-text is-stacked-on-mobile is-style-default\"><figure class=\"wp-block-media-text__media\"><a href=\"https:\/\/fanavis.com\/es\/listing\/le-chat-botte\/\"><img loading=\"lazy\" decoding=\"async\" width=\"650\" height=\"500\" src=\"https:\/\/fanavis.com\/wp-content\/uploads\/2024\/09\/le-chat-botte.jpg\" alt=\"Restaurant Le Chat bott\u00e9\" class=\"wp-image-3848 size-full\" srcset=\"https:\/\/fanavis.com\/wp-content\/uploads\/2024\/09\/le-chat-botte.jpg 650w, https:\/\/fanavis.com\/wp-content\/uploads\/2024\/09\/le-chat-botte-300x231.jpg 300w, https:\/\/fanavis.com\/wp-content\/uploads\/2024\/09\/le-chat-botte-16x12.jpg 16w, https:\/\/fanavis.com\/wp-content\/uploads\/2024\/09\/le-chat-botte-590x454.jpg 590w, https:\/\/fanavis.com\/wp-content\/uploads\/2024\/09\/le-chat-botte-577x444.jpg 577w, https:\/\/fanavis.com\/wp-content\/uploads\/2024\/09\/le-chat-botte-600x462.jpg 600w\" sizes=\"(max-width: 650px) 100vw, 650px\" \/><\/a><\/figure><div class=\"wp-block-media-text__content\">\n<p>Desde el 11 de mayo, solo la Terrasse by Dominique Gauthier est\u00e1 abierta, as\u00ed que venga a disfrutar de un momento excepcional. Cuando hace buen tiempo, los placeres gastron\u00f3micos se encuentran en La Terrasse by Dominique Gauthier, un lugar legendario en Beau-Rivage Gen\u00e8ve. Deliciosos desayunos tipo buf\u00e9, deliciosos almuerzos en la terraza y suculentos platos para compartir cocinados a la parrilla los domingos a la hora del almuerzo estar\u00e1n en su maravilloso men\u00fa de verano. \u00a1Este verano, t\u00f3mese un descanso del bullicio de Ginebra y reg\u00e1lese un momento de emoci\u00f3n y placer!<\/p>\n<\/div><\/div>\n<\/div><\/div>\n\n\n\n<div class=\"wp-block-group top10\"><div class=\"wp-block-group__inner-container is-layout-constrained wp-block-group-is-layout-constrained\">\n<h2 class=\"wp-block-heading listing-title has-large-font-size\" data-no-translation=\"\"><strong>6. <a href=\"https:\/\/fanavis.com\/listing\/bayview\/\">Bayview<\/a><\/strong><\/h2>\n\n\n\n<p style=\"font-size:16px\"><i class=\"fa fa-map-marker\"><\/i> <a href=\"https:\/\/fanavis.com\/es\/listing\/bayview\/#listing-location\">47 Quai Wilson H\u00f4tel Pr\u00e9sident Wilson, Ginebra 1211 Suiza<\/a> | <strong>COCINA: Francesa, Europea, Gastron\u00f3mica<\/strong><\/p>\n\n\n\n<div class=\"wp-block-media-text is-stacked-on-mobile is-style-default\"><figure class=\"wp-block-media-text__media\"><a href=\"https:\/\/fanavis.com\/es\/listing\/bayview\/\"><img loading=\"lazy\" decoding=\"async\" width=\"1024\" height=\"753\" src=\"https:\/\/fanavis.com\/wp-content\/uploads\/2024\/09\/bayview-1024x753.jpg\" alt=\"Restaurant Bayview\" class=\"wp-image-3849 size-full\" srcset=\"https:\/\/fanavis.com\/wp-content\/uploads\/2024\/09\/bayview-1024x753.jpg 1024w, https:\/\/fanavis.com\/wp-content\/uploads\/2024\/09\/bayview-300x221.jpg 300w, https:\/\/fanavis.com\/wp-content\/uploads\/2024\/09\/bayview-768x564.jpg 768w, https:\/\/fanavis.com\/wp-content\/uploads\/2024\/09\/bayview-16x12.jpg 16w, https:\/\/fanavis.com\/wp-content\/uploads\/2024\/09\/bayview-590x434.jpg 590w, https:\/\/fanavis.com\/wp-content\/uploads\/2024\/09\/bayview-912x670.jpg 912w, https:\/\/fanavis.com\/wp-content\/uploads\/2024\/09\/bayview-577x424.jpg 577w, https:\/\/fanavis.com\/wp-content\/uploads\/2024\/09\/bayview-600x441.jpg 600w, https:\/\/fanavis.com\/wp-content\/uploads\/2024\/09\/bayview.jpg 1200w\" sizes=\"(max-width: 1024px) 100vw, 1024px\" \/><\/a><\/figure><div class=\"wp-block-media-text__content\">\n<p>El restaurante Bayview, galardonado con una estrella Michelin, le invita a disfrutar de una aut\u00e9ntica experiencia gastron\u00f3mica mientras admira las impresionantes vistas del lago de Ginebra y los Alpes. Los hu\u00e9spedes se acomodan en lujosos muebles de caoba en medio de una decoraci\u00f3n moderna en tonos azules y dorados, realzada por una elegante vajilla que incluye copas de cristal de Saint Louis para un placer inmediato.<\/p>\n<\/div><\/div>\n<\/div><\/div>\n\n\n\n<div class=\"wp-block-group top10\"><div class=\"wp-block-group__inner-container is-layout-constrained wp-block-group-is-layout-constrained\">\n<h2 class=\"wp-block-heading listing-title has-large-font-size\" data-no-translation=\"\"><strong>7. <a href=\"https:\/\/fanavis.com\/listing\/living-room-bar-kitchen\/\">Living Room Bar &amp; Kitchen<\/a><\/strong><\/h2>\n\n\n\n<p style=\"font-size:16px\"><i class=\"fa fa-map-marker\"><\/i> <a href=\"https:\/\/fanavis.com\/es\/listing\/living-room-bar-kitchen\/#listing-location\">Quai du Mont-Blanc 11, Ginebra 1201 Suiza<\/a> | <strong>COCINAS: Francesa, Internacional, Europea<\/strong><\/p>\n\n\n\n<div class=\"wp-block-media-text is-stacked-on-mobile is-style-default\"><figure class=\"wp-block-media-text__media\"><a href=\"https:\/\/fanavis.com\/es\/listing\/living-room-bar-kitchen\/\"><img loading=\"lazy\" decoding=\"async\" width=\"1024\" height=\"683\" src=\"https:\/\/fanavis.com\/wp-content\/uploads\/2024\/09\/Living-Room-Bar-Kitchen-1024x683.jpg\" alt=\"Restaurant Living Room Bar &amp; Kitchen\" class=\"wp-image-3850 size-full\" srcset=\"https:\/\/fanavis.com\/wp-content\/uploads\/2024\/09\/Living-Room-Bar-Kitchen-1024x683.jpg 1024w, https:\/\/fanavis.com\/wp-content\/uploads\/2024\/09\/Living-Room-Bar-Kitchen-300x200.jpg 300w, https:\/\/fanavis.com\/wp-content\/uploads\/2024\/09\/Living-Room-Bar-Kitchen-768x512.jpg 768w, https:\/\/fanavis.com\/wp-content\/uploads\/2024\/09\/Living-Room-Bar-Kitchen-18x12.jpg 18w, https:\/\/fanavis.com\/wp-content\/uploads\/2024\/09\/Living-Room-Bar-Kitchen-590x393.jpg 590w, https:\/\/fanavis.com\/wp-content\/uploads\/2024\/09\/Living-Room-Bar-Kitchen-1005x670.jpg 1005w, https:\/\/fanavis.com\/wp-content\/uploads\/2024\/09\/Living-Room-Bar-Kitchen-577x385.jpg 577w, https:\/\/fanavis.com\/wp-content\/uploads\/2024\/09\/Living-Room-Bar-Kitchen-600x400.jpg 600w, https:\/\/fanavis.com\/wp-content\/uploads\/2024\/09\/Living-Room-Bar-Kitchen.jpg 1200w\" sizes=\"(max-width: 1024px) 100vw, 1024px\" \/><\/a><\/figure><div class=\"wp-block-media-text__content\">\n<p>Con vistas excepcionales al lago de Ginebra y al Mont Blanc, Living Room Bar &amp; Kitchen combina una cocina tentadora, un servicio genuino y sabores locales en un elegante entorno residencial.<\/p>\n<\/div><\/div>\n<\/div><\/div>\n\n\n\n<div class=\"wp-block-group top10\"><div class=\"wp-block-group__inner-container is-layout-constrained wp-block-group-is-layout-constrained\">\n<h2 class=\"wp-block-heading listing-title has-large-font-size\" data-no-translation=\"\"><strong>8. <a href=\"https:\/\/fanavis.com\/listing\/21-club\/\">21 Club<\/a><\/strong><\/h2>\n\n\n\n<p style=\"font-size:16px\"><a href=\"https:\/\/fanavis.com\/es\/listing\/21-club\/#listing-location\"><i class=\"fa fa-map-marker\"><\/i> Rue Henri-Blanvalet 11, Ginebra 1207 Suiza<\/a> |<strong> COCINA: Francesa, Mediterr\u00e1nea, Fusi\u00f3n<\/strong><\/p>\n\n\n\n<div class=\"wp-block-media-text is-stacked-on-mobile is-style-default\"><figure class=\"wp-block-media-text__media\"><a href=\"https:\/\/fanavis.com\/es\/listing\/21-club\/\"><img loading=\"lazy\" decoding=\"async\" width=\"1024\" height=\"682\" src=\"https:\/\/fanavis.com\/wp-content\/uploads\/2024\/09\/21-Club-1024x682.jpg\" alt=\"Restaurant 21 Club\" class=\"wp-image-3851 size-full\" srcset=\"https:\/\/fanavis.com\/wp-content\/uploads\/2024\/09\/21-Club-1024x682.jpg 1024w, https:\/\/fanavis.com\/wp-content\/uploads\/2024\/09\/21-Club-300x200.jpg 300w, https:\/\/fanavis.com\/wp-content\/uploads\/2024\/09\/21-Club-768x511.jpg 768w, https:\/\/fanavis.com\/wp-content\/uploads\/2024\/09\/21-Club-18x12.jpg 18w, https:\/\/fanavis.com\/wp-content\/uploads\/2024\/09\/21-Club-590x393.jpg 590w, https:\/\/fanavis.com\/wp-content\/uploads\/2024\/09\/21-Club-1006x670.jpg 1006w, https:\/\/fanavis.com\/wp-content\/uploads\/2024\/09\/21-Club-577x384.jpg 577w, https:\/\/fanavis.com\/wp-content\/uploads\/2024\/09\/21-Club-600x400.jpg 600w, https:\/\/fanavis.com\/wp-content\/uploads\/2024\/09\/21-Club.jpg 1200w\" sizes=\"(max-width: 1024px) 100vw, 1024px\" \/><\/a><\/figure><div class=\"wp-block-media-text__content\">\n<p>Para vivir una experiencia \u00fanica, el men\u00fa degustaci\u00f3n es ideal para una cena de alta categor\u00eda en un ambiente agradable. Se presta especial atenci\u00f3n al maridaje de platos y vinos, que realzar\u00e1 las combinaciones adecuadas y sabrosas. Descubra su historia a trav\u00e9s de sus platos.<\/p>\n<\/div><\/div>\n<\/div><\/div>\n\n\n\n<div class=\"wp-block-group top10\"><div class=\"wp-block-group__inner-container is-layout-constrained wp-block-group-is-layout-constrained\">\n<h2 class=\"wp-block-heading listing-title has-large-font-size\" data-no-translation=\"\"><strong><a href=\"https:\/\/fanavis.com\/listing\/domaine-de-chateauvieux\/\">9. Domaine De Ch\u00e2teauvieux<\/a><\/strong><\/h2>\n\n\n\n<p style=\"font-size:16px\"><a href=\"https:\/\/fanavis.com\/es\/listing\/domaine-de-chateauvieux\/#listing-location\"><i class=\"fa fa-map-marker\"><\/i> Chemin De Ch\u00e2teauvieux 16, Satigny 1242 Suiza<\/a> | <strong>COCINA: Francesa, Suiza, Europea<\/strong><\/p>\n\n\n\n<div class=\"wp-block-media-text is-stacked-on-mobile is-style-default\"><figure class=\"wp-block-media-text__media\"><a href=\"https:\/\/fanavis.com\/es\/listing\/domaine-de-chateauvieux\/\"><img loading=\"lazy\" decoding=\"async\" width=\"1024\" height=\"683\" src=\"https:\/\/fanavis.com\/wp-content\/uploads\/2024\/09\/domaine-de-chateauvieux-1024x683.jpg\" alt=\"Restaurant Domaine de Ch\u00e2teauvieux\" class=\"wp-image-3852 size-full\" srcset=\"https:\/\/fanavis.com\/wp-content\/uploads\/2024\/09\/domaine-de-chateauvieux-1024x683.jpg 1024w, https:\/\/fanavis.com\/wp-content\/uploads\/2024\/09\/domaine-de-chateauvieux-300x200.jpg 300w, https:\/\/fanavis.com\/wp-content\/uploads\/2024\/09\/domaine-de-chateauvieux-768x512.jpg 768w, https:\/\/fanavis.com\/wp-content\/uploads\/2024\/09\/domaine-de-chateauvieux-18x12.jpg 18w, https:\/\/fanavis.com\/wp-content\/uploads\/2024\/09\/domaine-de-chateauvieux-590x393.jpg 590w, https:\/\/fanavis.com\/wp-content\/uploads\/2024\/09\/domaine-de-chateauvieux-1005x670.jpg 1005w, https:\/\/fanavis.com\/wp-content\/uploads\/2024\/09\/domaine-de-chateauvieux-577x385.jpg 577w, https:\/\/fanavis.com\/wp-content\/uploads\/2024\/09\/domaine-de-chateauvieux-600x400.jpg 600w, https:\/\/fanavis.com\/wp-content\/uploads\/2024\/09\/domaine-de-chateauvieux.jpg 1200w\" sizes=\"(max-width: 1024px) 100vw, 1024px\" \/><\/a><\/figure><div class=\"wp-block-media-text__content\">\n<p>En este lugar hist\u00f3rico donde reina un ambiente acogedor, ser\u00e1 mimado desde el primer momento y se sentir\u00e1 como en casa. Todas nuestras habitaciones han sido decoradas con elegancia y refinamiento y todas tienen una vista magn\u00edfica a los vi\u00f1edos, al R\u00f3dano o a las monta\u00f1as del Jura. Estamos seguros de que apreciar\u00e1 el hecho de que el H\u00f4tel du Domaine de Ch\u00e2teauvieux alberga un restaurante gastron\u00f3mico de renombre internacional, bajo la direcci\u00f3n de su chef con estrella Philippe Chevrier, tambi\u00e9n propietario de la finca.<\/p>\n<\/div><\/div>\n<\/div><\/div>\n\n\n\n<div class=\"wp-block-group top10\"><div class=\"wp-block-group__inner-container is-layout-constrained wp-block-group-is-layout-constrained\">\n<h2 class=\"wp-block-heading listing-title has-large-font-size\" data-no-translation=\"\"><strong>10. <strong><a href=\"https:\/\/fanavis.com\/listing\/tse-fung\/\">Ts\u00e9 Fung<\/a><\/strong><\/strong><\/h2>\n\n\n\n<p style=\"font-size:16px\"><a href=\"https:\/\/fanavis.com\/es\/listing\/tse-fung\/#listing-location\"><i class=\"fa fa-map-marker\"><\/i> Route de Lausanne 301, Ginebra, 1293, Suiza<\/a> | <strong>COCINA: China, asi\u00e1tica, cantonesa<\/strong><\/p>\n\n\n\n<div class=\"wp-block-media-text is-stacked-on-mobile is-style-default\"><figure class=\"wp-block-media-text__media\"><a href=\"https:\/\/fanavis.com\/es\/listing\/tse-fung\/\"><img loading=\"lazy\" decoding=\"async\" width=\"1024\" height=\"683\" src=\"https:\/\/fanavis.com\/wp-content\/uploads\/2024\/09\/le-tse-fung-1024x683.jpg\" alt=\"Restaurant le Ts\u00e9 Fung\" class=\"wp-image-3863 size-full\" srcset=\"https:\/\/fanavis.com\/wp-content\/uploads\/2024\/09\/le-tse-fung-1024x683.jpg 1024w, https:\/\/fanavis.com\/wp-content\/uploads\/2024\/09\/le-tse-fung-300x200.jpg 300w, https:\/\/fanavis.com\/wp-content\/uploads\/2024\/09\/le-tse-fung-768x512.jpg 768w, https:\/\/fanavis.com\/wp-content\/uploads\/2024\/09\/le-tse-fung-18x12.jpg 18w, https:\/\/fanavis.com\/wp-content\/uploads\/2024\/09\/le-tse-fung-590x393.jpg 590w, https:\/\/fanavis.com\/wp-content\/uploads\/2024\/09\/le-tse-fung-1005x670.jpg 1005w, https:\/\/fanavis.com\/wp-content\/uploads\/2024\/09\/le-tse-fung-577x385.jpg 577w, https:\/\/fanavis.com\/wp-content\/uploads\/2024\/09\/le-tse-fung-600x400.jpg 600w, https:\/\/fanavis.com\/wp-content\/uploads\/2024\/09\/le-tse-fung.jpg 1200w\" sizes=\"(max-width: 1024px) 100vw, 1024px\" \/><\/a><\/figure><div class=\"wp-block-media-text__content\">\n<p>La decoraci\u00f3n de terciopelo rojo, laca negra y tapices de seda ha sido magnificada y todav\u00eda hoy te transporta a un palacio de Shanghai de los a\u00f1os 30. En el restaurante, en los salones privados para una tranquilidad absoluta o en la terraza que ofrece una vista muy hermosa de los Alpes y el lago de Ginebra, los equipos de Ts\u00e9 Fung esperan darle la bienvenida para descubrir un nuevo men\u00fa firmado por Frank Xu.<\/p>\n<\/div><\/div>\n<\/div><\/div>","protected":false},"excerpt":{"rendered":"<p>TOP 10: best restaurants in Geneva Fanavis proposes you its selection of the 10 best restaurants in Geneva, Switzerland 1. L&#8217;Apart\u00e9 Rue de Lausanne 41-43, Gen\u00e8ve 1201 Suisse | CUISINE: French, European, Diner In a refined and intimate setting with only fifteen seats, enjoy a memorable and friendly experience. In all simplicity, chef Armel Bedouet [&hellip;]<\/p>","protected":false},"author":1,"featured_media":0,"parent":0,"menu_order":0,"comment_status":"closed","ping_status":"closed","template":"","meta":{"inline_featured_image":false,"footnotes":""},"_links":{"self":[{"href":"https:\/\/fanavis.com\/es\/wp-json\/wp\/v2\/pages\/3817"}],"collection":[{"href":"https:\/\/fanavis.com\/es\/wp-json\/wp\/v2\/pages"}],"about":[{"href":"https:\/\/fanavis.com\/es\/wp-json\/wp\/v2\/types\/page"}],"author":[{"embeddable":true,"href":"https:\/\/fanavis.com\/es\/wp-json\/wp\/v2\/users\/1"}],"replies":[{"embeddable":true,"href":"https:\/\/fanavis.com\/es\/wp-json\/wp\/v2\/comments?post=3817"}],"version-history":[{"count":39,"href":"https:\/\/fanavis.com\/es\/wp-json\/wp\/v2\/pages\/3817\/revisions"}],"predecessor-version":[{"id":4697,"href":"https:\/\/fanavis.com\/es\/wp-json\/wp\/v2\/pages\/3817\/revisions\/4697"}],"wp:attachment":[{"href":"https:\/\/fanavis.com\/es\/wp-json\/wp\/v2\/media?parent=3817"}],"curies":[{"name":"wp","href":"https:\/\/api.w.org\/{rel}","templated":true}]}}