{"id":1741,"date":"2022-06-29T01:14:22","date_gmt":"2022-06-28T23:14:22","guid":{"rendered":"https:\/\/fanavis.com\/?page_id=1741"},"modified":"2025-03-21T18:51:09","modified_gmt":"2025-03-21T17:51:09","slug":"a-propos","status":"publish","type":"page","link":"https:\/\/fanavis.com\/es\/a-propos\/","title":{"rendered":"Fanavis | una propuesta"},"content":{"rendered":"<h2 class=\"wp-block-heading has-text-align-center\" id=\"a-propos-de-fanavis\">Why choose us?<\/h2>\n\n\n\n<div style=\"height:25px\" aria-hidden=\"true\" class=\"wp-block-spacer\"><\/div>\n\n\n\n<p>Fanavis es un concepto que surgi\u00f3 de la imaginaci\u00f3n de Darius Kabalisa. Viviendo en Ginebra, Suiza, se vio desafiado por el fen\u00f3meno de las rese\u00f1as falsas en Internet. Lo pens\u00f3 y encontr\u00f3 la soluci\u00f3n definitiva: \u00a1rese\u00f1as de v\u00eddeos!<\/p>\n\n\n\n<p>Si puedes esconderte detr\u00e1s de un perfil falso, un nombre falso y una imagen falsa, es mucho m\u00e1s dif\u00edcil dar rese\u00f1as falsas con v\u00eddeos. De este modo, los usuarios podr\u00e1n mostrar la realidad de su experiencia en tiendas, restaurantes, negocios\u2026 Los nuevos visitantes tendr\u00e1n plena confianza en las rese\u00f1as de Fanavis y los profesionales ya no ser\u00e1n v\u00edctimas de malas valoraciones dejadas por competidores o usuarios malintencionados. .<\/p>\n\n\n\n<p>\u00a1Con Fanavis, arregl\u00e1telo con rese\u00f1as de videos reales!<\/p>\n\n\n\n<p>Darius Kabalisa<\/p>\n\n\n\n<p>Fondateur de Fanavis.com<\/p>\n\n\n\n<p>For further information, please do not hesitate to contact us at: <a href=\"mailto:info@fanavis.com\">info@fanavis.com<\/a><\/p>\n\n\n\n<p>N\u00b0 Siret : 93817135200017<\/p>\n\n\n<div id=\"erdyt-69dc50ddd7342\" data-id=\"cQmdI4vJqnU\" class=\"erd-youtube-responsive\" style=\"display:block;position:relative;clear:both;width:100%;max-width:100%;margin-left:auto;margin-right:auto;\"><div style=\"padding-bottom:56.25%;\"><div class=\"erd-ytplay\" id=\"erdytp-cQmdI4vJqnU-69dc50ddd7342\" data-vid=\"cQmdI4vJqnU\" data-src=\"https:\/\/www.youtube.com\/embed\/cQmdI4vJqnU?loop=1&#038;autoplay=1&#038;rel=0\" data-allowfullscreen=\"true\"><img decoding=\"async\" src=\"https:\/\/i.ytimg.com\/vi\/cQmdI4vJqnU\/hqdefault.jpg\" alt=\"YouTube video\" \/><\/div><\/div><\/div>\n\n\n\n<div style=\"height:59px\" aria-hidden=\"true\" class=\"wp-block-spacer\"><\/div>","protected":false},"excerpt":{"rendered":"<p>Why choose us? Fanavis is a concept that sprang from the imagination of Darius Kabalisa. Living in Geneva, Switzerland, he was challenged by the phenomenon of fake reviews on the internet. He thought about it and found the ultimate solution: video reviews! If you can hide behind a fake profile, a fake name and a [&hellip;]<\/p>","protected":false},"author":1,"featured_media":0,"parent":0,"menu_order":0,"comment_status":"closed","ping_status":"closed","template":"","meta":{"inline_featured_image":false,"footnotes":""},"_links":{"self":[{"href":"https:\/\/fanavis.com\/es\/wp-json\/wp\/v2\/pages\/1741"}],"collection":[{"href":"https:\/\/fanavis.com\/es\/wp-json\/wp\/v2\/pages"}],"about":[{"href":"https:\/\/fanavis.com\/es\/wp-json\/wp\/v2\/types\/page"}],"author":[{"embeddable":true,"href":"https:\/\/fanavis.com\/es\/wp-json\/wp\/v2\/users\/1"}],"replies":[{"embeddable":true,"href":"https:\/\/fanavis.com\/es\/wp-json\/wp\/v2\/comments?post=1741"}],"version-history":[{"count":6,"href":"https:\/\/fanavis.com\/es\/wp-json\/wp\/v2\/pages\/1741\/revisions"}],"predecessor-version":[{"id":5056,"href":"https:\/\/fanavis.com\/es\/wp-json\/wp\/v2\/pages\/1741\/revisions\/5056"}],"wp:attachment":[{"href":"https:\/\/fanavis.com\/es\/wp-json\/wp\/v2\/media?parent=1741"}],"curies":[{"name":"wp","href":"https:\/\/api.w.org\/{rel}","templated":true}]}}