{"id":1739,"date":"2022-06-29T01:10:46","date_gmt":"2022-06-28T23:10:46","guid":{"rendered":"https:\/\/fanavis.com\/?page_id=1739"},"modified":"2025-04-14T16:13:09","modified_gmt":"2025-04-14T14:13:09","slug":"services","status":"publish","type":"page","link":"https:\/\/fanavis.com\/es\/services\/","title":{"rendered":"Fanavis | Servicios"},"content":{"rendered":"<h2 class=\"wp-block-heading has-text-align-center\" id=\"a-propos-de-fanavis\">Nuestros servicios<\/h2>\n\n\n\n<div style=\"height:25px\" aria-hidden=\"true\" class=\"wp-block-spacer\"><\/div>\n\n\n\n<p>Ya sea para tu negocio, tu evento, en el \u00e1mbito inmobiliario, catering, turismo u otros, Fanavis te ofrece un servicio eficiente para tu promoci\u00f3n.<\/p>\n\n\n\n<ul>\n<li>\u00a1Muestre su negocio en nuestra p\u00e1gina de inicio! Solicite aparecer en la secci\u00f3n &quot;Primer plano&quot; para captar instant\u00e1neamente la atenci\u00f3n de los visitantes del sitio web de Fanavis. <strong>Desde CHF 50,- por mes<\/strong><\/li>\n\n\n\n<li>\u00a1Convi\u00e9rtete en socio de Fanavis! Contribuya a la influencia de Fanavis compartiendo su experiencia con sus clientes: muestre el logotipo de Fanavis en su sitio web, muestre nuestras pegatinas y folletos en su tienda, ser\u00e1 una de las empresas que se destacar\u00e1n en nuestro sitio web (primer plano , encabezados, espacios publicitarios)<\/li>\n\n\n\n<li>Promoci\u00f3n de v\u00eddeo: \u00a1consigue tu pel\u00edcula profesional para promocionar tu negocio de la mejor manera en Fanavis! R Pregunte a nuestros profesionales de la imagen para asegurarse de la calidad de su pel\u00edcula (desde CHF 800,-) o env\u00edenos su soporte y nosotros nos encargaremos de la edici\u00f3n (desde CHF 450,-)<\/li>\n<\/ul>\n\n\n\n<p>Why create a video advertisement for your restaurant with FANAVIS.com? Here are the benefits:<\/p>\n\n\n\n<p>Increased Visibility: A captivating video can reach a wide audience on social media and sharing platforms, increasing your brand awareness.<\/p>\n\n\n\n<p>Easy Sharing: Videos are easily shareable, which can generate word of mouth and attract even more customers.<\/p>\n\n\n\n<p>A video advertisement created by Fanavis can strengthen your brand image and attract new customers, while highlighting what makes your restaurant unique. \ud83d\ude80\ud83c\udf7d\ufe0f<\/p>\n\n\n\n<p>Para todas las solicitudes, escr\u00edbanos por correo electr\u00f3nico: <a href=\"mailto:info@fanavis.com\">info@fanavis.com<\/a><\/p>\n\n\n\n<div style=\"height:50px\" aria-hidden=\"true\" class=\"wp-block-spacer\"><\/div>\n\n\n\n<h2 class=\"wp-block-heading has-text-align-center\" id=\"a-propos-de-fanavis\">Nuestros planes de suscripci\u00f3n<\/h2>\n\n\n\n<div style=\"height:50px\" aria-hidden=\"true\" class=\"wp-block-spacer\"><\/div>\n\n\n<div id=\"rpt_pricr\" class=\"rpt_plans rpt_3_plans rpt_style_basic\"><div class=\"\"><div class=\"rpt_plan  rpt_plugin_f rpt_plan_0\"><div style=\"text-align:center;\" class=\"rpt_title rpt_title_0\">BRONCE<\/div><div class=\"rpt_head rpt_head_0\"><div class=\"rpt_recurrence rpt_recurrence_0\">mensual<\/div><div class=\"rpt_price rpt_price_0\">50\u20ac<\/div><div style=\"color:#ffffff;\" class=\"rpt_subtitle rpt_subtitle_0\">Lo esencial para tu promoci\u00f3n<\/div><\/div><div class=\"rpt_features rpt_features_0\"><div style=\"color:black;\" class=\"rpt_feature rpt_feature_0-0\">Presentaci\u00f3n del perfil del restaurante\r<\/div><div style=\"color:black;\" class=\"rpt_feature rpt_feature_0-1\">Destacado en la secci\u00f3n \u201cdestacados\u201d durante una semana\r<\/div><div style=\"color:black;\" class=\"rpt_feature rpt_feature_0-2\">Instalaci\u00f3n del c\u00f3digo QR en el establecimiento\r<\/div><div style=\"color:black;\" class=\"rpt_feature rpt_feature_0-3\">Presencia en las redes sociales de Fanavis<\/div><\/div><a target=\"_blank\" href=\"mailto:info@fanavis.com\" style=\"background:#ffffff\" class=\"rpt_foot rpt_foot_0\">Suscribir<\/a><\/div><div class=\"rpt_plan  rpt_plugin_f rpt_plan_1 rpt_recommended_plan\"><div style=\"text-align:center;\" class=\"rpt_title rpt_title_1\">PLATA<img decoding=\"async\" style=\"height:30px !important; width:30px !important;\" class=\"rpt_recommended\" src=\"https:\/\/fanavis.com\/wp-content\/plugins\/dk-pricr-responsive-pricing-table\/inc\/img\/rpt_recommended.png\"\/><\/div><div class=\"rpt_head rpt_head_1\"><div class=\"rpt_recurrence rpt_recurrence_1\">mensual<\/div><div class=\"rpt_price rpt_price_1\">100\u20ac<\/div><div style=\"color:#ffffff;\" class=\"rpt_subtitle rpt_subtitle_1\">Promoci\u00f3n personalizada e internacional<\/div><\/div><div class=\"rpt_features rpt_features_1\"><div style=\"color:black;\" class=\"rpt_feature rpt_feature_1-0\">Todos los servicios del plan \u201cBRONCE\u201d\r<\/div><div style=\"color:black;\" class=\"rpt_feature rpt_feature_1-1\">Destacado en la secci\u00f3n \u201cdestacados\u201d durante dos semanas\r<\/div><div style=\"color:black;\" class=\"rpt_feature rpt_feature_1-2\">Presentaci\u00f3n en v\u00eddeo del establecimiento\r<\/div><div style=\"color:black;\" class=\"rpt_feature rpt_feature_1-3\">V\u00eddeo del equipo del establecimiento agradeciendo a los clientes\r<\/div><div style=\"color:black;\" class=\"rpt_feature rpt_feature_1-4\">C\u00f3digo QR del men\u00fa en varios idiomas<\/div><\/div><a target=\"_blank\" href=\"mailto:info@fanavis.com\" style=\"background:#ffffff\" class=\"rpt_foot rpt_foot_1\">Suscribir<\/a><\/div><div class=\"rpt_plan  rpt_plugin_f rpt_plan_2\"><div style=\"text-align:center;\" class=\"rpt_title rpt_title_2\">ORO<\/div><div class=\"rpt_head rpt_head_2\"><div class=\"rpt_recurrence rpt_recurrence_2\">mensual<\/div><div class=\"rpt_price rpt_price_2\">150\u20ac<\/div><div style=\"color:#ffffff;\" class=\"rpt_subtitle rpt_subtitle_2\">Potentes herramientas para tu promoci\u00f3n online<\/div><\/div><div class=\"rpt_features rpt_features_2\"><div style=\"color:black;\" class=\"rpt_feature rpt_feature_2-0\">Todos los servicios del plan \u201cSILVER\u201d\r<\/div><div style=\"color:black;\" class=\"rpt_feature rpt_feature_2-1\">Destacado en la secci\u00f3n \u201cdestacados\u201d durante un mes\r<\/div><div style=\"color:black;\" class=\"rpt_feature rpt_feature_2-2\">V\u00eddeos de eventos y ofertas de empleo en la web de Fanavis\r<\/div><div style=\"color:black;\" class=\"rpt_feature rpt_feature_2-3\">V\u00eddeos de demostraci\u00f3n en Youtube en directo<\/div><\/div><a target=\"_blank\" href=\"mailto:info@fanavis.com\" style=\"background:#ffffff\" class=\"rpt_foot rpt_foot_2\">Suscribir<\/a><\/div><\/div><\/div><div style=\"clear:both;\"><\/div>\n\n\n\n<div style=\"height:50px\" aria-hidden=\"true\" class=\"wp-block-spacer\"><\/div>\n\n\n\n<p>A continuaci\u00f3n se muestran algunos ejemplos de promociones en v\u00eddeo:<\/p>\n\n\n\n<div style=\"height:31px\" aria-hidden=\"true\" class=\"wp-block-spacer\"><\/div>\n\n\n<div id=\"erdyt-69ea07ad0f1da\" data-id=\"hbmysAa5VeY\" class=\"erd-youtube-responsive\" style=\"display:block;position:relative;clear:both;width:100%;max-width:100%;margin-left:auto;margin-right:auto;\"><div style=\"padding-bottom:56.25%;\"><div class=\"erd-ytplay\" id=\"erdytp-hbmysAa5VeY-69ea07ad0f1da\" data-vid=\"hbmysAa5VeY\" data-src=\"https:\/\/www.youtube.com\/embed\/hbmysAa5VeY?loop=1&#038;autoplay=1&#038;rel=0\" data-allowfullscreen=\"true\"><img decoding=\"async\" src=\"https:\/\/i.ytimg.com\/vi\/hbmysAa5VeY\/hqdefault.jpg\" alt=\"YouTube video\" \/><\/div><\/div><\/div>\n\n\n\n<div style=\"height:31px\" aria-hidden=\"true\" class=\"wp-block-spacer\"><\/div>\n\n\n<div id=\"erdyt-69ea07ad0f200\" data-id=\"k3-dFJKNG8I\" class=\"erd-youtube-responsive\" style=\"display:block;position:relative;clear:both;width:100%;max-width:100%;margin-left:auto;margin-right:auto;\"><div style=\"padding-bottom:56.25%;\"><div class=\"erd-ytplay\" id=\"erdytp-k3-dFJKNG8I-69ea07ad0f200\" data-vid=\"k3-dFJKNG8I\" data-src=\"https:\/\/www.youtube.com\/embed\/k3-dFJKNG8I?loop=1&#038;autoplay=1&#038;rel=0\" data-allowfullscreen=\"true\"><img decoding=\"async\" src=\"https:\/\/i.ytimg.com\/vi\/k3-dFJKNG8I\/hqdefault.jpg\" alt=\"YouTube video\" \/><\/div><\/div><\/div>\n\n\n\n<div style=\"height:31px\" aria-hidden=\"true\" class=\"wp-block-spacer\"><\/div>\n\n\n<div id=\"erdyt-69ea07ad0f214\" data-id=\"aHa4H28b6To\" class=\"erd-youtube-responsive\" style=\"display:block;position:relative;clear:both;width:100%;max-width:100%;margin-left:auto;margin-right:auto;\"><div style=\"padding-bottom:56.25%;\"><div class=\"erd-ytplay\" id=\"erdytp-aHa4H28b6To-69ea07ad0f214\" data-vid=\"aHa4H28b6To\" data-src=\"https:\/\/www.youtube.com\/embed\/aHa4H28b6To?loop=1&#038;autoplay=1&#038;rel=0\" data-allowfullscreen=\"true\"><img decoding=\"async\" src=\"https:\/\/i.ytimg.com\/vi\/aHa4H28b6To\/hqdefault.jpg\" alt=\"YouTube video\" \/><\/div><\/div><\/div>\n\n\n\n<div style=\"height:31px\" aria-hidden=\"true\" class=\"wp-block-spacer\"><\/div>\n\n\n<div id=\"erdyt-69ea07ad0f224\" data-id=\"InBkx6XeKE8\" class=\"erd-youtube-responsive\" style=\"display:block;position:relative;clear:both;width:100%;max-width:100%;margin-left:auto;margin-right:auto;\"><div style=\"padding-bottom:56.25%;\"><div class=\"erd-ytplay\" id=\"erdytp-InBkx6XeKE8-69ea07ad0f224\" data-vid=\"InBkx6XeKE8\" data-src=\"https:\/\/www.youtube.com\/embed\/InBkx6XeKE8?loop=1&#038;autoplay=1&#038;rel=0\" data-allowfullscreen=\"true\"><img decoding=\"async\" src=\"https:\/\/i.ytimg.com\/vi\/InBkx6XeKE8\/hqdefault.jpg\" alt=\"YouTube video\" \/><\/div><\/div><\/div>\n\n\n\n<div style=\"height:50px\" aria-hidden=\"true\" class=\"wp-block-spacer\"><\/div>\n\n\n<div id=\"erdyt-69ea07ad0f233\" data-id=\"AxvSDnjoHM8\" class=\"erd-youtube-responsive\" style=\"display:block;position:relative;clear:both;width:100%;max-width:100%;margin-left:auto;margin-right:auto;\"><div style=\"padding-bottom:56.25%;\"><div class=\"erd-ytplay\" id=\"erdytp-AxvSDnjoHM8-69ea07ad0f233\" data-vid=\"AxvSDnjoHM8\" data-src=\"https:\/\/www.youtube.com\/embed\/AxvSDnjoHM8?loop=1&#038;autoplay=1&#038;rel=0\" data-allowfullscreen=\"true\"><img decoding=\"async\" src=\"https:\/\/i.ytimg.com\/vi\/AxvSDnjoHM8\/hqdefault.jpg\" alt=\"YouTube video\" \/><\/div><\/div><\/div>\n\n\n\n<div style=\"height:50px\" aria-hidden=\"true\" class=\"wp-block-spacer\"><\/div>\n\n\n<div id=\"erdyt-69ea07ad0f244\" data-id=\"f841RKlhelc\" class=\"erd-youtube-responsive\" style=\"display:block;position:relative;clear:both;width:100%;max-width:100%;margin-left:auto;margin-right:auto;\"><div style=\"padding-bottom:56.25%;\"><div class=\"erd-ytplay\" id=\"erdytp-f841RKlhelc-69ea07ad0f244\" data-vid=\"f841RKlhelc\" data-src=\"https:\/\/www.youtube.com\/embed\/f841RKlhelc?loop=1&#038;autoplay=1&#038;rel=0\" data-allowfullscreen=\"true\"><img decoding=\"async\" src=\"https:\/\/i.ytimg.com\/vi\/f841RKlhelc\/hqdefault.jpg\" alt=\"YouTube video\" \/><\/div><\/div><\/div>\n\n\n\n<div style=\"height:50px\" aria-hidden=\"true\" class=\"wp-block-spacer\"><\/div>\n\n\n<div id=\"erdyt-69ea07ad0f252\" data-id=\"OZi__k5k0Xo\" class=\"erd-youtube-responsive\" style=\"display:block;position:relative;clear:both;width:100%;max-width:100%;margin-left:auto;margin-right:auto;\"><div style=\"padding-bottom:56.25%;\"><div class=\"erd-ytplay\" id=\"erdytp-OZi__k5k0Xo-69ea07ad0f252\" data-vid=\"OZi__k5k0Xo\" data-src=\"https:\/\/www.youtube.com\/embed\/OZi__k5k0Xo?loop=1&#038;autoplay=1&#038;rel=0\" data-allowfullscreen=\"true\"><img decoding=\"async\" src=\"https:\/\/i.ytimg.com\/vi\/OZi__k5k0Xo\/hqdefault.jpg\" alt=\"YouTube video\" \/><\/div><\/div><\/div>\n\n\n\n<div style=\"height:50px\" aria-hidden=\"true\" class=\"wp-block-spacer\"><\/div>\n\n\n<div id=\"erdyt-69ea07ad0f260\" data-id=\"7aWzIfR64r0\" class=\"erd-youtube-responsive\" style=\"display:block;position:relative;clear:both;width:100%;max-width:100%;margin-left:auto;margin-right:auto;\"><div style=\"padding-bottom:56.25%;\"><div class=\"erd-ytplay\" id=\"erdytp-7aWzIfR64r0-69ea07ad0f260\" data-vid=\"7aWzIfR64r0\" data-src=\"https:\/\/www.youtube.com\/embed\/7aWzIfR64r0?loop=1&#038;autoplay=1&#038;rel=0\" data-allowfullscreen=\"true\"><img decoding=\"async\" src=\"https:\/\/i.ytimg.com\/vi\/7aWzIfR64r0\/hqdefault.jpg\" alt=\"YouTube video\" \/><\/div><\/div><\/div>\n\n\n\n<div style=\"height:50px\" aria-hidden=\"true\" class=\"wp-block-spacer\"><\/div>\n\n\n<div id=\"erdyt-69ea07ad0f26f\" data-id=\"V8WAv43Owyg\" class=\"erd-youtube-responsive\" style=\"display:block;position:relative;clear:both;width:100%;max-width:100%;margin-left:auto;margin-right:auto;\"><div style=\"padding-bottom:56.25%;\"><div class=\"erd-ytplay\" id=\"erdytp-V8WAv43Owyg-69ea07ad0f26f\" data-vid=\"V8WAv43Owyg\" data-src=\"https:\/\/www.youtube.com\/embed\/V8WAv43Owyg?loop=1&#038;autoplay=1&#038;rel=0\" data-allowfullscreen=\"true\"><img decoding=\"async\" src=\"https:\/\/i.ytimg.com\/vi\/V8WAv43Owyg\/hqdefault.jpg\" alt=\"YouTube video\" \/><\/div><\/div><\/div>\n\n\n\n<div style=\"height:50px\" aria-hidden=\"true\" class=\"wp-block-spacer\"><\/div>","protected":false},"excerpt":{"rendered":"<p>Our services Whether for your business, your event, in the fields of real estate, catering, tourism or others, Fanavis offers you a efficient service for your promotion. Why create a video advertisement for your restaurant with FANAVIS.com? Here are the benefits: Increased Visibility: A captivating video can reach a wide audience on social media and [&hellip;]<\/p>","protected":false},"author":1,"featured_media":0,"parent":0,"menu_order":0,"comment_status":"closed","ping_status":"closed","template":"","meta":{"inline_featured_image":false,"footnotes":""},"_links":{"self":[{"href":"https:\/\/fanavis.com\/es\/wp-json\/wp\/v2\/pages\/1739"}],"collection":[{"href":"https:\/\/fanavis.com\/es\/wp-json\/wp\/v2\/pages"}],"about":[{"href":"https:\/\/fanavis.com\/es\/wp-json\/wp\/v2\/types\/page"}],"author":[{"embeddable":true,"href":"https:\/\/fanavis.com\/es\/wp-json\/wp\/v2\/users\/1"}],"replies":[{"embeddable":true,"href":"https:\/\/fanavis.com\/es\/wp-json\/wp\/v2\/comments?post=1739"}],"version-history":[{"count":9,"href":"https:\/\/fanavis.com\/es\/wp-json\/wp\/v2\/pages\/1739\/revisions"}],"predecessor-version":[{"id":5068,"href":"https:\/\/fanavis.com\/es\/wp-json\/wp\/v2\/pages\/1739\/revisions\/5068"}],"wp:attachment":[{"href":"https:\/\/fanavis.com\/es\/wp-json\/wp\/v2\/media?parent=1739"}],"curies":[{"name":"wp","href":"https:\/\/api.w.org\/{rel}","templated":true}]}}