{"id":1462,"date":"2022-02-16T18:20:41","date_gmt":"2022-02-16T17:20:41","guid":{"rendered":"https:\/\/fanavis.com\/?page_id=1462"},"modified":"2022-07-13T00:58:35","modified_gmt":"2022-07-12T22:58:35","slug":"politique-de-confidentialite","status":"publish","type":"page","link":"https:\/\/fanavis.com\/es\/politique-de-confidentialite\/","title":{"rendered":"Pol\u00edtica de confidencialidad"},"content":{"rendered":"<p>pol\u00edtica de privacidad<\/p>\n\n\n\n<p>\u00daltima actualizaci\u00f3n 19 de febrero de 2022<\/p>\n\n\n\n<p>Su privacidad es importante para nosotros. Es pol\u00edtica de Fanavis respetar su privacidad y cumplir con todas las leyes y regulaciones aplicables con respecto a la informaci\u00f3n personal que podemos recopilar sobre usted, incluso en nuestro sitio web, https:\/\/fanavis.com y otros sitios que poseemos y operamos.<\/p>\n\n\n\n<p>Esta pol\u00edtica ha estado vigente desde el 19 de febrero de 2022 y se actualiz\u00f3 por \u00faltima vez el 19 de febrero de 2022.<\/p>\n\n\n\n<p>Informaci\u00f3n que recopilamos<\/p>\n\n\n\n<p>La informaci\u00f3n que recopilamos incluye tanto la informaci\u00f3n que usted nos proporciona consciente y activamente cuando utiliza o participa en cualquiera de nuestros servicios y promociones, como cualquier informaci\u00f3n enviada autom\u00e1ticamente por sus dispositivos al acceder a nuestros productos y servicios.<\/p>\n\n\n\n<p>Dato de registro<\/p>\n\n\n\n<p>Cuando visita nuestro sitio web, nuestros servidores pueden registrar autom\u00e1ticamente datos est\u00e1ndar proporcionados por su navegador web. Puede incluir la direcci\u00f3n de Protocolo de Internet (IP) de su dispositivo, el tipo y la versi\u00f3n de su navegador, las p\u00e1ginas que visita, la hora y fecha de su visita, el tiempo dedicado a cada p\u00e1gina, otros detalles sobre su visita y detalles t\u00e9cnicos que ocurren en conjunto. con cualquier error que pueda encontrar.<\/p>\n\n\n\n<p>Tenga en cuenta que, si bien es posible que esta informaci\u00f3n no sea personalmente identificable por s\u00ed sola, es posible combinarla con otros datos para identificar personalmente a personas individuales.<\/p>\n\n\n\n<p>Informacion personal<\/p>\n\n\n\n<p>Podemos solicitar informaci\u00f3n personal que puede incluir uno o m\u00e1s de los siguientes:<\/p>\n\n\n\n<p>Apellido<br>Correo electr\u00f3nico<br>Perfiles de redes sociales<br>Fecha de nacimiento<br>N\u00famero de tel\u00e9fono<br>Residencia\/direcci\u00f3n postal<\/p>\n\n\n\n<p>Motivos leg\u00edtimos para procesar su informaci\u00f3n personal<\/p>\n\n\n\n<p>Recopilamos y utilizamos su informaci\u00f3n personal s\u00f3lo cuando tenemos una raz\u00f3n leg\u00edtima para hacerlo. En este caso, solo recopilamos informaci\u00f3n personal que sea razonablemente necesaria para brindarle nuestros servicios.<\/p>\n\n\n\n<p>Recopilaci\u00f3n y uso de informaci\u00f3n<\/p>\n\n\n\n<p>Podemos recopilar informaci\u00f3n personal sobre usted cuando realiza cualquiera de las siguientes acciones en nuestro sitio web:<\/p>\n\n\n\n<p>Participa en alguno de nuestros concursos, concursos, sorteos y encuestas<br>Utilice un dispositivo m\u00f3vil o un navegador web para acceder a nuestro contenido<br>Cont\u00e1ctenos por correo electr\u00f3nico, redes sociales o tecnolog\u00eda similar<br>Cuando nos mencionas en las redes sociales<\/p>\n\n\n\n<p>Podemos recopilar, mantener, utilizar y divulgar informaci\u00f3n para los siguientes fines, y la informaci\u00f3n personal no se procesar\u00e1 adicionalmente de manera inconsistente con esos fines:<\/p>\n\n\n\n<p>Podemos recopilar, mantener, utilizar y divulgar informaci\u00f3n para los siguientes fines, y la informaci\u00f3n personal no se procesar\u00e1 adicionalmente de manera inconsistente con esos fines:<\/p>\n\n\n\n<p>para permitirle personalizar o personalizar su experiencia en nuestro sitio web<\/p>\n\n\n\n<p>para contactar y comunicarnos con usted<br>para an\u00e1lisis, investigaci\u00f3n de mercado y desarrollo comercial, incluido para operar y mejorar nuestro sitio web, aplicaciones asociadas y plataformas de redes sociales asociadas<br>para publicidad y marketing, incluido el env\u00edo de informaci\u00f3n promocional sobre nuestros productos y servicios e informaci\u00f3n sobre terceros que consideramos que pueden interesarle<br>para permitirle acceder y utilizar nuestro sitio web, aplicaciones asociadas y plataformas de redes sociales asociadas<br>para mantenimiento de registros internos y fines administrativos<br>para realizar concursos, sorteos y\/o brindarle beneficios adicionales<br>para cumplir con nuestras obligaciones legales y resolver cualquier disputa que podamos tener<br>para seguridad y prevenci\u00f3n de fraude, y para garantizar que nuestros sitios y aplicaciones sean seguros y se utilicen de acuerdo con nuestros t\u00e9rminos de uso<\/p>\n\n\n\n<p>Tenga en cuenta que podemos combinar la informaci\u00f3n que recopilamos sobre usted con informaci\u00f3n general o datos de investigaci\u00f3n que recibimos de otras fuentes confiables.<\/p>\n\n\n\n<p>Seguridad de su informaci\u00f3n personal<\/p>\n\n\n\n<p>Cuando recopilamos y procesamos informaci\u00f3n personal, y mientras mantenemos esta informaci\u00f3n, la protegemos por medios comercialmente aceptables para evitar p\u00e9rdidas y robos, as\u00ed como el acceso, divulgaci\u00f3n, copia, uso o modificaci\u00f3n no autorizada.<\/p>\n\n\n\n<p>Aunque haremos todo lo posible para proteger la informaci\u00f3n personal que nos proporciona, tenga en cuenta que ning\u00fan m\u00e9todo de transmisi\u00f3n o almacenamiento electr\u00f3nico es 100% seguro y nadie puede garantizar la seguridad absoluta de los datos. Cumpliremos con las leyes que nos sean aplicables con respecto a cualquier violaci\u00f3n de datos.<\/p>\n\n\n\n<p>Usted es responsable de la selecci\u00f3n de cualquier contrase\u00f1a y su nivel de seguridad general, garantizando la seguridad de su propia informaci\u00f3n dentro de los l\u00edmites de nuestros servicios.<\/p>\n\n\n\n<p>\u00bfCu\u00e1nto tiempo conservamos su informaci\u00f3n personal?<\/p>\n\n\n\n<p>Conservamos su informaci\u00f3n personal s\u00f3lo el tiempo necesario. Este per\u00edodo puede depender del prop\u00f3sito para el cual estemos utilizando su informaci\u00f3n, de acuerdo con esta Pol\u00edtica de Privacidad. Si su informaci\u00f3n personal ya no es necesaria, la eliminaremos o la haremos an\u00f3nima eliminando cualquier detalle que lo identifique.<\/p>\n\n\n\n<p>Sin embargo, si es necesario, podemos conservar su informaci\u00f3n personal para cumplir con una obligaci\u00f3n legal, contable o de presentaci\u00f3n de informes o para fines de archivo en inter\u00e9s p\u00fablico, para fines de investigaci\u00f3n cient\u00edfica o hist\u00f3rica o para fines estad\u00edsticos.<\/p>\n\n\n\n<p>Privacidad de los ni\u00f1os<\/p>\n\n\n\n<p>No dirigimos ninguno de nuestros productos o servicios directamente a ni\u00f1os menores de 13 a\u00f1os y no recopilamos intencionalmente informaci\u00f3n personal de ni\u00f1os menores de 13 a\u00f1os.<\/p>\n\n\n\n<p>Divulgaci\u00f3n de informaci\u00f3n personal a terceros<\/p>\n\n\n\n<p>Podemos revelar informaci\u00f3n personal a:<\/p>\n\n\n\n<p>una matriz, subsidiaria o afiliada de nuestra empresa<br>proveedores de servicios externos con el fin de permitirles prestar sus servicios, por ejemplo, proveedores de servicios de TI, almacenamiento de datos, proveedores de alojamiento y servidores, anunciantes o plataformas de an\u00e1lisis<\/p>\n\n\n\n<p>nuestros empleados, contratistas y\/o entidades relacionadas<br>nuestros agentes o socios comerciales existentes o potenciales<br>patrocinadores o promotores de cualquier concurso, sorteo o promoci\u00f3n que realicemos<br>juzgados, tribunales, autoridades reguladoras y funcionarios encargados de hacer cumplir la ley, seg\u00fan lo exija la ley, en relaci\u00f3n con cualquier procedimiento legal actual o futuro, o para establecer, ejercer o defender nuestros derechos legales.<br>Terceros, incluidos agentes o contratistas, que nos ayudan a proporcionarle informaci\u00f3n, productos, servicios o marketing directo.<br>terceros para recopilar y procesar datos<\/p>\n\n\n\n<p>Transferencias Internacionales de Informaci\u00f3n Personal<\/p>\n\n\n\n<p>La informaci\u00f3n personal que recopilamos se almacena y\/o procesa donde nosotros o nuestros socios, afiliados y proveedores externos mantenemos instalaciones. Tenga en cuenta que los lugares donde almacenamos, procesamos o transferimos su informaci\u00f3n personal pueden no tener las mismas leyes de protecci\u00f3n de datos que el pa\u00eds en el que proporcion\u00f3 originalmente la informaci\u00f3n. Si transferimos su informaci\u00f3n personal a terceros en otros pa\u00edses: (i) realizaremos dichas transferencias de acuerdo con los requisitos de la ley aplicable; y (ii) protegeremos la informaci\u00f3n personal transferida de acuerdo con esta Pol\u00edtica de Privacidad.<\/p>\n\n\n\n<p>Tus derechos y control sobre tu informaci\u00f3n personal<\/p>\n\n\n\n<p>Siempre conserva el derecho de negarnos informaci\u00f3n personal, en el entendido de que su experiencia en nuestro sitio web puede verse afectada. No lo discriminaremos por ejercer cualquiera de sus derechos sobre su informaci\u00f3n personal. Si nos proporciona informaci\u00f3n personal, comprende que la recopilaremos, la mantendremos, la usaremos y la divulgaremos de acuerdo con esta Pol\u00edtica de Privacidad. Usted conserva el derecho de solicitar detalles de cualquier informaci\u00f3n personal que tengamos sobre usted.<\/p>\n\n\n\n<p>Si recibimos informaci\u00f3n personal sobre usted de un tercero, la protegeremos seg\u00fan lo establecido en esta Pol\u00edtica de Privacidad. Si usted es un tercero que proporciona informaci\u00f3n personal sobre otra persona, declara y garantiza que tiene el consentimiento de esa persona para proporcionarnos la informaci\u00f3n personal.<\/p>\n\n\n\n<p>Si previamente nos ha dado su consentimiento para que utilicemos su informaci\u00f3n personal con fines de marketing directo, puede cambiar de opini\u00f3n en cualquier momento. Le brindaremos la oportunidad de cancelar la suscripci\u00f3n a nuestra base de datos de correo electr\u00f3nico o cancelar la recepci\u00f3n de comunicaciones. Tenga en cuenta que es posible que necesitemos solicitarle informaci\u00f3n espec\u00edfica para ayudarnos a confirmar su identidad.<\/p>\n\n\n\n<p>Si cree que la informaci\u00f3n que tenemos sobre usted es inexacta, desactualizada, incompleta, irrelevante o enga\u00f1osa, comun\u00edquese con nosotros utilizando los detalles proporcionados en esta pol\u00edtica de privacidad. Tomaremos medidas razonables para corregir cualquier informaci\u00f3n que se considere inexacta, incompleta, enga\u00f1osa o desactualizada.<\/p>\n\n\n\n<p>Si cree que hemos violado alguna ley de protecci\u00f3n de datos relevante y desea presentar una queja, comun\u00edquese con nosotros utilizando los datos de contacto a continuaci\u00f3n y proporci\u00f3nenos todos los detalles de la supuesta violaci\u00f3n. Investigaremos de inmediato su queja y le responderemos por escrito, exponiendo el resultado de nuestra investigaci\u00f3n y los pasos que tomaremos para abordar su queja. Tambi\u00e9n tiene derecho a ponerse en contacto con un regulador o autoridad de protecci\u00f3n de datos en relaci\u00f3n con su queja.<\/p>\n\n\n\n<p>Uso de cookies<\/p>\n\n\n\n<p>Utilizamos &quot;cookies&quot; para recopilar informaci\u00f3n sobre usted y su actividad en nuestro sitio. Una cookie es un peque\u00f1o fragmento de datos que nuestro sitio web almacena en su computadora y al que accede cada vez que lo visita, para que podamos comprender c\u00f3mo utiliza nuestro sitio. Esto nos ayuda a entregarle contenido seg\u00fan las preferencias que haya especificado.<\/p>\n\n\n\n<p>L\u00edmites de nuestra p\u00f3liza<\/p>\n\n\n\n<p>Nuestro sitio web puede contener enlaces a sitios externos que no son operados por nosotros. Tenga en cuenta que no tenemos control sobre el contenido y las pol\u00edticas de estos sitios y no podemos aceptar ninguna responsabilidad por sus respectivas pr\u00e1cticas de privacidad.<\/p>\n\n\n\n<p>Cambios a esta pol\u00edtica<\/p>\n\n\n\n<p>A nuestra discreci\u00f3n, podemos modificar nuestra Pol\u00edtica de Privacidad para reflejar actualizaciones de nuestros procesos comerciales, pr\u00e1cticas aceptables actuales o cambios legislativos o regulatorios. Si decidimos cambiar esta Pol\u00edtica de Privacidad, publicaremos los cambios aqu\u00ed en el mismo enlace a trav\u00e9s del cual accede a esta Pol\u00edtica de Privacidad.<\/p>\n\n\n\n<p>Si lo exige la ley, obtendremos su permiso o le daremos la oportunidad de aceptar o rechazar, seg\u00fan sea el caso, cualquier nuevo uso de su informaci\u00f3n personal.<\/p>\n\n\n\n<p>Cont\u00e1ctenos<\/p>\n\n\n\n<p>Para cualquier pregunta o inquietud sobre su privacidad, puede contactarnos utilizando los siguientes datos:<\/p>\n\n\n\n<p>Dar\u00edo Kabalisa \u2013 info@fanavis.com<\/p>","protected":false},"excerpt":{"rendered":"<p>Privacy Policy Last updated February 19, 2022 Your privacy is important to us. It is Fanavis&#8217; policy to respect your privacy and to comply with all applicable laws and regulations regarding the personal information we may collect about you, including on our website, https:\/\/fanavis.com, and Other Sites We Own and Operate. This policy has been [&hellip;]<\/p>","protected":false},"author":1,"featured_media":0,"parent":0,"menu_order":0,"comment_status":"closed","ping_status":"closed","template":"","meta":{"inline_featured_image":false,"footnotes":""},"_links":{"self":[{"href":"https:\/\/fanavis.com\/es\/wp-json\/wp\/v2\/pages\/1462"}],"collection":[{"href":"https:\/\/fanavis.com\/es\/wp-json\/wp\/v2\/pages"}],"about":[{"href":"https:\/\/fanavis.com\/es\/wp-json\/wp\/v2\/types\/page"}],"author":[{"embeddable":true,"href":"https:\/\/fanavis.com\/es\/wp-json\/wp\/v2\/users\/1"}],"replies":[{"embeddable":true,"href":"https:\/\/fanavis.com\/es\/wp-json\/wp\/v2\/comments?post=1462"}],"version-history":[{"count":0,"href":"https:\/\/fanavis.com\/es\/wp-json\/wp\/v2\/pages\/1462\/revisions"}],"wp:attachment":[{"href":"https:\/\/fanavis.com\/es\/wp-json\/wp\/v2\/media?parent=1462"}],"curies":[{"name":"wp","href":"https:\/\/api.w.org\/{rel}","templated":true}]}}