{"id":3817,"date":"2024-09-05T19:14:03","date_gmt":"2024-09-05T17:14:03","guid":{"rendered":"https:\/\/fanavis.com\/?page_id=3817"},"modified":"2024-11-05T21:14:09","modified_gmt":"2024-11-05T20:14:09","slug":"fanavis-les-10-meilleurs-restaurants-de-geneve","status":"publish","type":"page","link":"https:\/\/fanavis.com\/de\/fanavis-les-10-meilleurs-restaurants-de-geneve\/","title":{"rendered":"TOP 10: beste Restaurants in Genf"},"content":{"rendered":"<h2 class=\"wp-block-heading has-text-align-center top10-title has-x-large-font-size\"><strong>TOP 10: beste Restaurants in Genf<\/strong><\/h2>\n\n\n\n<p class=\"has-text-align-center\">Fanavis bietet Ihnen eine Auswahl der 10 besten Restaurants in Genf, Schweiz<\/p>\n\n\n\n<div class=\"wp-block-group top10\"><div class=\"wp-block-group__inner-container is-layout-constrained wp-block-group-is-layout-constrained\">\n<h2 class=\"wp-block-heading has-large-font-size\" id=\"listing-title\"><strong>1. <a href=\"https:\/\/fanavis.com\/fr\/listing\/laparte\/\">Das L&#039;Apart\u00e9<\/a><\/strong><\/h2>\n\n\n\n<p style=\"font-size:16px\"><a href=\"https:\/\/fanavis.com\/de\/listing\/laparte\/#listing-location\"><i class=\"fa fa-map-marker\"><\/i> Rue de Lausanne 41-43, Genf 1201 Schweiz<\/a> | <strong>K\u00dcCHE: Franz\u00f6sisch, Europ\u00e4isch, Speiselokal<\/strong><\/p>\n\n\n\n<div class=\"wp-block-media-text is-stacked-on-mobile is-style-default\"><figure class=\"wp-block-media-text__media\"><a href=\"https:\/\/fanavis.com\/de\/listing\/laparte\/\"><img loading=\"lazy\" decoding=\"async\" width=\"1024\" height=\"653\" src=\"https:\/\/fanavis.com\/wp-content\/uploads\/2024\/09\/getlstd-property-photo-1024x653.jpg\" alt=\"Restaurant L'Apart\u00e9\" class=\"wp-image-3843 size-full\" srcset=\"https:\/\/fanavis.com\/wp-content\/uploads\/2024\/09\/getlstd-property-photo-1024x653.jpg 1024w, https:\/\/fanavis.com\/wp-content\/uploads\/2024\/09\/getlstd-property-photo-300x191.jpg 300w, https:\/\/fanavis.com\/wp-content\/uploads\/2024\/09\/getlstd-property-photo-768x490.jpg 768w, https:\/\/fanavis.com\/wp-content\/uploads\/2024\/09\/getlstd-property-photo-18x12.jpg 18w, https:\/\/fanavis.com\/wp-content\/uploads\/2024\/09\/getlstd-property-photo-590x376.jpg 590w, https:\/\/fanavis.com\/wp-content\/uploads\/2024\/09\/getlstd-property-photo-1050x670.jpg 1050w, https:\/\/fanavis.com\/wp-content\/uploads\/2024\/09\/getlstd-property-photo-577x368.jpg 577w, https:\/\/fanavis.com\/wp-content\/uploads\/2024\/09\/getlstd-property-photo-1200x766.jpg 1200w, https:\/\/fanavis.com\/wp-content\/uploads\/2024\/09\/getlstd-property-photo-600x383.jpg 600w, https:\/\/fanavis.com\/wp-content\/uploads\/2024\/09\/getlstd-property-photo.jpg 1500w\" sizes=\"(max-width: 1024px) 100vw, 1024px\" \/><\/a><\/figure><div class=\"wp-block-media-text__content\">\n<p>Genie\u00dfen Sie in einem raffinierten und intimen Ambiente mit nur f\u00fcnfzehn Sitzpl\u00e4tzen ein unvergessliches und freundliches Erlebnis. In aller Einfachheit f\u00fchrt K\u00fcchenchef Armel Bedouet an Ihrem Tisch ein Gespr\u00e4ch mit Ihnen, um Sie \u00fcber die Produkte zu beraten, die er sorgf\u00e4ltig ausgew\u00e4hlt und verfeinert hat. Mit seiner Erfahrung in renommierten H\u00e4usern bringt er seine Leidenschaft und sein Talent zum Ausdruck. Lassen Sie sich nebenbei \u00fcberraschen.<\/p>\n<\/div><\/div>\n<\/div><\/div>\n\n\n\n<div class=\"wp-block-group top10\"><div class=\"wp-block-group__inner-container is-layout-constrained wp-block-group-is-layout-constrained\">\n<h2 class=\"wp-block-heading listing-title has-large-font-size\" data-no-translation=\"\"><strong>2. <a href=\"https:\/\/fanavis.com\/fr\/listing\/dans-le-noir\/\">Dans le Noir ?<\/a><\/strong><\/h2>\n\n\n\n<p style=\"font-size:16px\"><a href=\"https:\/\/fanavis.com\/de\/listing\/dans-le-noir\/#listing-location\"><i class=\"fa fa-map-marker\"><\/i> Quai Du Mont-Blanc 11, Genf 1201 Schweiz<\/a> | <strong>K\u00dcCHE: Franz\u00f6sisch, International, Europ\u00e4isch<\/strong><\/p>\n\n\n\n<div class=\"wp-block-media-text is-stacked-on-mobile is-style-default\"><figure class=\"wp-block-media-text__media\"><a href=\"https:\/\/fanavis.com\/de\/listing\/dans-le-noir\/\"><img loading=\"lazy\" decoding=\"async\" width=\"1024\" height=\"693\" src=\"https:\/\/fanavis.com\/wp-content\/uploads\/2024\/09\/main-dans-le-noir-geneve-1024x693.jpg\" alt=\"Restaurant Dans Le Noir ?\" class=\"wp-image-3842 size-full\" srcset=\"https:\/\/fanavis.com\/wp-content\/uploads\/2024\/09\/main-dans-le-noir-geneve-1024x693.jpg 1024w, https:\/\/fanavis.com\/wp-content\/uploads\/2024\/09\/main-dans-le-noir-geneve-300x203.jpg 300w, https:\/\/fanavis.com\/wp-content\/uploads\/2024\/09\/main-dans-le-noir-geneve-768x520.jpg 768w, https:\/\/fanavis.com\/wp-content\/uploads\/2024\/09\/main-dans-le-noir-geneve-18x12.jpg 18w, https:\/\/fanavis.com\/wp-content\/uploads\/2024\/09\/main-dans-le-noir-geneve-590x399.jpg 590w, https:\/\/fanavis.com\/wp-content\/uploads\/2024\/09\/main-dans-le-noir-geneve-990x670.jpg 990w, https:\/\/fanavis.com\/wp-content\/uploads\/2024\/09\/main-dans-le-noir-geneve-577x390.jpg 577w, https:\/\/fanavis.com\/wp-content\/uploads\/2024\/09\/main-dans-le-noir-geneve-600x406.jpg 600w, https:\/\/fanavis.com\/wp-content\/uploads\/2024\/09\/main-dans-le-noir-geneve.jpg 1200w\" sizes=\"(max-width: 1024px) 100vw, 1024px\" \/><\/a><\/figure><div class=\"wp-block-media-text__content\">\n<p>\u201eDans le Noir?\u201c In seinen Restaurants k\u00f6nnen Sie in v\u00f6lliger Dunkelheit speisen und dabei von unerwarteten F\u00fchrern begleitet und bedient werden. Verkostung, Mittag- oder Abendessen in absoluter Dunkelheit ist eine originelle Erfahrung, die es uns erm\u00f6glicht, unsere Geschmackswahrnehmung neu zu bewerten, indem wir unsere durch die Allgegenwart des Blicks schlafenden Sinne wiederentdecken, unsere Beziehung zur Welt und zu anderen neu verzaubern und eine \u00fcberraschende Begegnung mit dem Unterschied erleben.<a href=\"https:\/\/geneve.danslenoir.com\/reserver-geneve.html\"><\/a><\/p>\n<\/div><\/div>\n<\/div><\/div>\n\n\n\n<div class=\"wp-block-group top10\"><div class=\"wp-block-group__inner-container is-layout-constrained wp-block-group-is-layout-constrained\">\n<h2 class=\"wp-block-heading listing-title has-large-font-size\" data-no-translation=\"\"><strong>3. <a href=\"https:\/\/fanavis.com\/listing\/le-bistroquet\/\">Le Bistroquet<\/a><\/strong><\/h2>\n\n\n\n<p style=\"font-size:16px\"><a href=\"https:\/\/fanavis.com\/de\/listing\/le-bistroquet\/#listing-location\"><i class=\"fa fa-map-marker\"><\/i> Rue Caroline 10, Genf 1227 Schweiz<\/a> | <strong>K\u00dcCHE: Franz\u00f6sisch, Europ\u00e4isch<\/strong>, <strong>Bistro<\/strong><\/p>\n\n\n\n<div class=\"wp-block-media-text is-stacked-on-mobile is-style-default\"><figure class=\"wp-block-media-text__media\"><a href=\"https:\/\/fanavis.com\/de\/listing\/le-bistroquet\/\"><img loading=\"lazy\" decoding=\"async\" width=\"1024\" height=\"576\" src=\"https:\/\/fanavis.com\/wp-content\/uploads\/2024\/09\/salle-1024x576.jpg\" alt=\"Restaurant Le Bistroquet\" class=\"wp-image-3844 size-full\" srcset=\"https:\/\/fanavis.com\/wp-content\/uploads\/2024\/09\/salle-1024x576.jpg 1024w, https:\/\/fanavis.com\/wp-content\/uploads\/2024\/09\/salle-300x169.jpg 300w, https:\/\/fanavis.com\/wp-content\/uploads\/2024\/09\/salle-768x432.jpg 768w, https:\/\/fanavis.com\/wp-content\/uploads\/2024\/09\/salle-18x10.jpg 18w, https:\/\/fanavis.com\/wp-content\/uploads\/2024\/09\/salle-590x332.jpg 590w, https:\/\/fanavis.com\/wp-content\/uploads\/2024\/09\/salle-1191x670.jpg 1191w, https:\/\/fanavis.com\/wp-content\/uploads\/2024\/09\/salle-577x325.jpg 577w, https:\/\/fanavis.com\/wp-content\/uploads\/2024\/09\/salle-600x338.jpg 600w, https:\/\/fanavis.com\/wp-content\/uploads\/2024\/09\/salle.jpg 1200w\" sizes=\"(max-width: 1024px) 100vw, 1024px\" \/><\/a><\/figure><div class=\"wp-block-media-text__content\">\n<p>Le Bistroquet bietet Ihnen nicht nur Gourmetk\u00fcche, sondern legt auch Wert darauf, mit den bestm\u00f6glichen Produkten zu arbeiten und gleichzeitig die Umweltbelastung zu minimieren.<br>Deshalb legen wir Wert darauf, Produkte aus der Region Schweiz zu bevorzugen, in kurzen Wegen zu arbeiten und die Lieferanten sorgf\u00e4ltig auszuw\u00e4hlen.<br>mit wem wir zusammenarbeiten.<\/p>\n<\/div><\/div>\n<\/div><\/div>\n\n\n\n<div class=\"wp-block-group top10\"><div class=\"wp-block-group__inner-container is-layout-constrained wp-block-group-is-layout-constrained\">\n<h2 class=\"wp-block-heading listing-title has-large-font-size\" data-no-translation=\"\"><strong>4. <a href=\"https:\/\/fanavis.com\/listing\/lagape\/\">L&#8217;Agape<\/a><\/strong><\/h2>\n\n\n\n<p style=\"font-size:16px\"><a href=\"https:\/\/fanavis.com\/de\/listing\/lagape\/#listing-location\"><i class=\"fa fa-map-marker\"><\/i> Rue Caroline 11, Genf 1227 Schweiz<\/a> | <strong>K\u00dcCHE: Franz\u00f6sisch, International, Europ\u00e4isch<\/strong><\/p>\n\n\n\n<div class=\"wp-block-media-text is-stacked-on-mobile is-style-default\"><figure class=\"wp-block-media-text__media\"><a href=\"https:\/\/fanavis.com\/de\/listing\/lagape\/\"><img loading=\"lazy\" decoding=\"async\" width=\"1024\" height=\"690\" src=\"https:\/\/fanavis.com\/wp-content\/uploads\/2024\/09\/l-agape-1024x690.jpg\" alt=\"Restaurant L'Agape\" class=\"wp-image-3847 size-full\" srcset=\"https:\/\/fanavis.com\/wp-content\/uploads\/2024\/09\/l-agape-1024x690.jpg 1024w, https:\/\/fanavis.com\/wp-content\/uploads\/2024\/09\/l-agape-300x202.jpg 300w, https:\/\/fanavis.com\/wp-content\/uploads\/2024\/09\/l-agape-768x518.jpg 768w, https:\/\/fanavis.com\/wp-content\/uploads\/2024\/09\/l-agape-18x12.jpg 18w, https:\/\/fanavis.com\/wp-content\/uploads\/2024\/09\/l-agape-590x398.jpg 590w, https:\/\/fanavis.com\/wp-content\/uploads\/2024\/09\/l-agape-994x670.jpg 994w, https:\/\/fanavis.com\/wp-content\/uploads\/2024\/09\/l-agape-577x389.jpg 577w, https:\/\/fanavis.com\/wp-content\/uploads\/2024\/09\/l-agape-600x405.jpg 600w, https:\/\/fanavis.com\/wp-content\/uploads\/2024\/09\/l-agape.jpg 1200w\" sizes=\"(max-width: 1024px) 100vw, 1024px\" \/><\/a><\/figure><div class=\"wp-block-media-text__content\">\n<p>\u201eL&#039;AGAPE\u201c hat am Mittwoch, den 12. Juni 2019, seine T\u00fcren ge\u00f6ffnet. Das im Quartier Acacias, nur einen Steinwurf von Vieux Carouge entfernt, gelegene Restaurant bietet eine saisonale Speisekarte mit Schwerpunkt auf frischen Produkten.<\/p>\n<\/div><\/div>\n<\/div><\/div>\n\n\n\n<div class=\"wp-block-group top10\"><div class=\"wp-block-group__inner-container is-layout-constrained wp-block-group-is-layout-constrained\">\n<h2 class=\"wp-block-heading listing-title has-large-font-size\" data-no-translation=\"\"><strong>5. <a href=\"https:\/\/fanavis.com\/listing\/le-chat-botte\/\">Le Chat-bott\u00e9<\/a><\/strong><\/h2>\n\n\n\n<p style=\"font-size:16px\"><a href=\"https:\/\/fanavis.com\/de\/listing\/le-chat-botte\/#listing-location\"><i class=\"fa fa-map-marker\"><\/i> Quai du Mont-Blanc 13, Genf 1201 Schweiz<\/a> | <strong>K\u00dcCHE: Franz\u00f6sisch, Europ\u00e4isch, Gastronomisch<\/strong><\/p>\n\n\n\n<div class=\"wp-block-media-text is-stacked-on-mobile is-style-default\"><figure class=\"wp-block-media-text__media\"><a href=\"https:\/\/fanavis.com\/de\/listing\/le-chat-botte\/\"><img loading=\"lazy\" decoding=\"async\" width=\"650\" height=\"500\" src=\"https:\/\/fanavis.com\/wp-content\/uploads\/2024\/09\/le-chat-botte.jpg\" alt=\"Restaurant Le Chat bott\u00e9\" class=\"wp-image-3848 size-full\" srcset=\"https:\/\/fanavis.com\/wp-content\/uploads\/2024\/09\/le-chat-botte.jpg 650w, https:\/\/fanavis.com\/wp-content\/uploads\/2024\/09\/le-chat-botte-300x231.jpg 300w, https:\/\/fanavis.com\/wp-content\/uploads\/2024\/09\/le-chat-botte-16x12.jpg 16w, https:\/\/fanavis.com\/wp-content\/uploads\/2024\/09\/le-chat-botte-590x454.jpg 590w, https:\/\/fanavis.com\/wp-content\/uploads\/2024\/09\/le-chat-botte-577x444.jpg 577w, https:\/\/fanavis.com\/wp-content\/uploads\/2024\/09\/le-chat-botte-600x462.jpg 600w\" sizes=\"(max-width: 650px) 100vw, 650px\" \/><\/a><\/figure><div class=\"wp-block-media-text__content\">\n<p>Seit dem 11. Mai ist nur noch die Terrasse von Dominique Gauthier ge\u00f6ffnet. Kommen Sie also und genie\u00dfen Sie einen au\u00dfergew\u00f6hnlichen Moment. Bei sch\u00f6nem Wetter k\u00f6nnen Sie im La Terrasse von Dominique Gauthier, einem legend\u00e4ren Ort im Beau-Rivage Gen\u00e8ve, Gourmetfreuden genie\u00dfen. K\u00f6stliche Fr\u00fchst\u00fccksbuffets, himmlische Mittagessen auf der Terrasse und k\u00f6stliche, gemeinsam zu genie\u00dfende Grillgerichte am Sonntagmittag stehen auf Ihrem wunderbaren Sommermen\u00fc. Nehmen Sie sich diesen Sommer eine Auszeit vom hektischen Treiben Genfs und g\u00f6nnen Sie sich einen Moment voller Emotionen und Genuss!<\/p>\n<\/div><\/div>\n<\/div><\/div>\n\n\n\n<div class=\"wp-block-group top10\"><div class=\"wp-block-group__inner-container is-layout-constrained wp-block-group-is-layout-constrained\">\n<h2 class=\"wp-block-heading listing-title has-large-font-size\" data-no-translation=\"\"><strong>6. <a href=\"https:\/\/fanavis.com\/listing\/bayview\/\">Bayview<\/a><\/strong><\/h2>\n\n\n\n<p style=\"font-size:16px\"><i class=\"fa fa-map-marker\"><\/i> <a href=\"https:\/\/fanavis.com\/de\/listing\/bayview\/#listing-location\">47 Quai Wilson H\u00f4tel Pr\u00e9sident Wilson, Gen\u00e8ve 1211 Suisse<\/a> | <strong>K\u00dcCHE: Franz\u00f6sisch, Europ\u00e4isch, Gastronomisch<\/strong><\/p>\n\n\n\n<div class=\"wp-block-media-text is-stacked-on-mobile is-style-default\"><figure class=\"wp-block-media-text__media\"><a href=\"https:\/\/fanavis.com\/de\/listing\/bayview\/\"><img loading=\"lazy\" decoding=\"async\" width=\"1024\" height=\"753\" src=\"https:\/\/fanavis.com\/wp-content\/uploads\/2024\/09\/bayview-1024x753.jpg\" alt=\"Restaurant Bayview\" class=\"wp-image-3849 size-full\" srcset=\"https:\/\/fanavis.com\/wp-content\/uploads\/2024\/09\/bayview-1024x753.jpg 1024w, https:\/\/fanavis.com\/wp-content\/uploads\/2024\/09\/bayview-300x221.jpg 300w, https:\/\/fanavis.com\/wp-content\/uploads\/2024\/09\/bayview-768x564.jpg 768w, https:\/\/fanavis.com\/wp-content\/uploads\/2024\/09\/bayview-16x12.jpg 16w, https:\/\/fanavis.com\/wp-content\/uploads\/2024\/09\/bayview-590x434.jpg 590w, https:\/\/fanavis.com\/wp-content\/uploads\/2024\/09\/bayview-912x670.jpg 912w, https:\/\/fanavis.com\/wp-content\/uploads\/2024\/09\/bayview-577x424.jpg 577w, https:\/\/fanavis.com\/wp-content\/uploads\/2024\/09\/bayview-600x441.jpg 600w, https:\/\/fanavis.com\/wp-content\/uploads\/2024\/09\/bayview.jpg 1200w\" sizes=\"(max-width: 1024px) 100vw, 1024px\" \/><\/a><\/figure><div class=\"wp-block-media-text__content\">\n<p>Das mit einem Michelin-Stern ausgezeichnete Bayview Restaurant l\u00e4dt Sie zu einem authentischen gastronomischen Erlebnis ein, bei dem Sie die atemberaubende Aussicht auf den Genfer See und die Alpen genie\u00dfen k\u00f6nnen. Die G\u00e4ste k\u00f6nnen es sich in luxuri\u00f6sen Mahagonim\u00f6beln inmitten eines modernen Dekors in Blau- und Goldt\u00f6nen gem\u00fctlich machen, das durch elegantes Geschirr, darunter Saint Louis-Kristallgl\u00e4ser, f\u00fcr sofortigen Genuss hervorgehoben wird.<\/p>\n<\/div><\/div>\n<\/div><\/div>\n\n\n\n<div class=\"wp-block-group top10\"><div class=\"wp-block-group__inner-container is-layout-constrained wp-block-group-is-layout-constrained\">\n<h2 class=\"wp-block-heading listing-title has-large-font-size\" data-no-translation=\"\"><strong>7. <a href=\"https:\/\/fanavis.com\/listing\/living-room-bar-kitchen\/\">Living Room Bar &amp; Kitchen<\/a><\/strong><\/h2>\n\n\n\n<p style=\"font-size:16px\"><i class=\"fa fa-map-marker\"><\/i> <a href=\"https:\/\/fanavis.com\/de\/listing\/living-room-bar-kitchen\/#listing-location\">Quai du Mont-Blanc 11, Genf 1201 Schweiz<\/a> | <strong>K\u00dcCHE: Franz\u00f6sisch, International, Europ\u00e4isch<\/strong><\/p>\n\n\n\n<div class=\"wp-block-media-text is-stacked-on-mobile is-style-default\"><figure class=\"wp-block-media-text__media\"><a href=\"https:\/\/fanavis.com\/de\/listing\/living-room-bar-kitchen\/\"><img loading=\"lazy\" decoding=\"async\" width=\"1024\" height=\"683\" src=\"https:\/\/fanavis.com\/wp-content\/uploads\/2024\/09\/Living-Room-Bar-Kitchen-1024x683.jpg\" alt=\"Restaurant Living Room Bar &amp; Kitchen\" class=\"wp-image-3850 size-full\" srcset=\"https:\/\/fanavis.com\/wp-content\/uploads\/2024\/09\/Living-Room-Bar-Kitchen-1024x683.jpg 1024w, https:\/\/fanavis.com\/wp-content\/uploads\/2024\/09\/Living-Room-Bar-Kitchen-300x200.jpg 300w, https:\/\/fanavis.com\/wp-content\/uploads\/2024\/09\/Living-Room-Bar-Kitchen-768x512.jpg 768w, https:\/\/fanavis.com\/wp-content\/uploads\/2024\/09\/Living-Room-Bar-Kitchen-18x12.jpg 18w, https:\/\/fanavis.com\/wp-content\/uploads\/2024\/09\/Living-Room-Bar-Kitchen-590x393.jpg 590w, https:\/\/fanavis.com\/wp-content\/uploads\/2024\/09\/Living-Room-Bar-Kitchen-1005x670.jpg 1005w, https:\/\/fanavis.com\/wp-content\/uploads\/2024\/09\/Living-Room-Bar-Kitchen-577x385.jpg 577w, https:\/\/fanavis.com\/wp-content\/uploads\/2024\/09\/Living-Room-Bar-Kitchen-600x400.jpg 600w, https:\/\/fanavis.com\/wp-content\/uploads\/2024\/09\/Living-Room-Bar-Kitchen.jpg 1200w\" sizes=\"(max-width: 1024px) 100vw, 1024px\" \/><\/a><\/figure><div class=\"wp-block-media-text__content\">\n<p>Mit einer au\u00dfergew\u00f6hnlichen Aussicht auf den Genfer See und den Mont Blanc verbindet das Living Room Bar &amp; Kitchen verlockende K\u00fcche, authentischen Service und lokale Aromen in einem schicken Wohnambiente.<\/p>\n<\/div><\/div>\n<\/div><\/div>\n\n\n\n<div class=\"wp-block-group top10\"><div class=\"wp-block-group__inner-container is-layout-constrained wp-block-group-is-layout-constrained\">\n<h2 class=\"wp-block-heading listing-title has-large-font-size\" data-no-translation=\"\"><strong>8. <a href=\"https:\/\/fanavis.com\/listing\/21-club\/\">21 Club<\/a><\/strong><\/h2>\n\n\n\n<p style=\"font-size:16px\"><a href=\"https:\/\/fanavis.com\/de\/listing\/21-club\/#listing-location\"><i class=\"fa fa-map-marker\"><\/i> Rue Henri-Blanvalet 11, Genf 1207 Schweiz<\/a> |<strong> K\u00dcCHE: Franz\u00f6sisch, Mediterran, Fusion<\/strong><\/p>\n\n\n\n<div class=\"wp-block-media-text is-stacked-on-mobile is-style-default\"><figure class=\"wp-block-media-text__media\"><a href=\"https:\/\/fanavis.com\/de\/listing\/21-club\/\"><img loading=\"lazy\" decoding=\"async\" width=\"1024\" height=\"682\" src=\"https:\/\/fanavis.com\/wp-content\/uploads\/2024\/09\/21-Club-1024x682.jpg\" alt=\"Restaurant 21 Club\" class=\"wp-image-3851 size-full\" srcset=\"https:\/\/fanavis.com\/wp-content\/uploads\/2024\/09\/21-Club-1024x682.jpg 1024w, https:\/\/fanavis.com\/wp-content\/uploads\/2024\/09\/21-Club-300x200.jpg 300w, https:\/\/fanavis.com\/wp-content\/uploads\/2024\/09\/21-Club-768x511.jpg 768w, https:\/\/fanavis.com\/wp-content\/uploads\/2024\/09\/21-Club-18x12.jpg 18w, https:\/\/fanavis.com\/wp-content\/uploads\/2024\/09\/21-Club-590x393.jpg 590w, https:\/\/fanavis.com\/wp-content\/uploads\/2024\/09\/21-Club-1006x670.jpg 1006w, https:\/\/fanavis.com\/wp-content\/uploads\/2024\/09\/21-Club-577x384.jpg 577w, https:\/\/fanavis.com\/wp-content\/uploads\/2024\/09\/21-Club-600x400.jpg 600w, https:\/\/fanavis.com\/wp-content\/uploads\/2024\/09\/21-Club.jpg 1200w\" sizes=\"(max-width: 1024px) 100vw, 1024px\" \/><\/a><\/figure><div class=\"wp-block-media-text__content\">\n<p>F\u00fcr ein einzigartiges Erlebnis ist das Degustationsmen\u00fc ideal f\u00fcr ein erstklassiges Abendessen in freundlicher Atmosph\u00e4re. Besonderes Augenmerk wird auf die Kombination von Speisen und Weinen gelegt, die die richtigen und schmackhaften Kombinationen hervorheben. Entdecken Sie die Geschichte des Hauses anhand seiner Gerichte.<\/p>\n<\/div><\/div>\n<\/div><\/div>\n\n\n\n<div class=\"wp-block-group top10\"><div class=\"wp-block-group__inner-container is-layout-constrained wp-block-group-is-layout-constrained\">\n<h2 class=\"wp-block-heading listing-title has-large-font-size\" data-no-translation=\"\"><strong><a href=\"https:\/\/fanavis.com\/listing\/domaine-de-chateauvieux\/\">9. Domaine De Ch\u00e2teauvieux<\/a><\/strong><\/h2>\n\n\n\n<p style=\"font-size:16px\"><a href=\"https:\/\/fanavis.com\/de\/listing\/domaine-de-chateauvieux\/#listing-location\"><i class=\"fa fa-map-marker\"><\/i> Chemin De Ch\u00e2teauvieux 16, Satigny 1242 Schweiz<\/a> | <strong>K\u00dcCHE: Franz\u00f6sisch, Schweizerisch, Europ\u00e4isch<\/strong><\/p>\n\n\n\n<div class=\"wp-block-media-text is-stacked-on-mobile is-style-default\"><figure class=\"wp-block-media-text__media\"><a href=\"https:\/\/fanavis.com\/de\/listing\/domaine-de-chateauvieux\/\"><img loading=\"lazy\" decoding=\"async\" width=\"1024\" height=\"683\" src=\"https:\/\/fanavis.com\/wp-content\/uploads\/2024\/09\/domaine-de-chateauvieux-1024x683.jpg\" alt=\"Restaurant Domaine de Ch\u00e2teauvieux\" class=\"wp-image-3852 size-full\" srcset=\"https:\/\/fanavis.com\/wp-content\/uploads\/2024\/09\/domaine-de-chateauvieux-1024x683.jpg 1024w, https:\/\/fanavis.com\/wp-content\/uploads\/2024\/09\/domaine-de-chateauvieux-300x200.jpg 300w, https:\/\/fanavis.com\/wp-content\/uploads\/2024\/09\/domaine-de-chateauvieux-768x512.jpg 768w, https:\/\/fanavis.com\/wp-content\/uploads\/2024\/09\/domaine-de-chateauvieux-18x12.jpg 18w, https:\/\/fanavis.com\/wp-content\/uploads\/2024\/09\/domaine-de-chateauvieux-590x393.jpg 590w, https:\/\/fanavis.com\/wp-content\/uploads\/2024\/09\/domaine-de-chateauvieux-1005x670.jpg 1005w, https:\/\/fanavis.com\/wp-content\/uploads\/2024\/09\/domaine-de-chateauvieux-577x385.jpg 577w, https:\/\/fanavis.com\/wp-content\/uploads\/2024\/09\/domaine-de-chateauvieux-600x400.jpg 600w, https:\/\/fanavis.com\/wp-content\/uploads\/2024\/09\/domaine-de-chateauvieux.jpg 1200w\" sizes=\"(max-width: 1024px) 100vw, 1024px\" \/><\/a><\/figure><div class=\"wp-block-media-text__content\">\n<p>An diesem historischen Ort, an dem eine freundliche Atmosph\u00e4re herrscht, werden Sie vom ersten Moment an verw\u00f6hnt und f\u00fchlen sich wie zu Hause. Alle unsere Zimmer sind elegant und raffiniert eingerichtet und bieten einen herrlichen Blick auf die Weinberge, die Rh\u00f4ne oder das Jura-Gebirge. Wir sind sicher, dass Sie die Tatsache zu sch\u00e4tzen wissen, dass das H\u00f4tel du Domaine de Ch\u00e2teauvieux ein Gourmetrestaurant von internationalem Ruf beherbergt, das von seinem Sternekoch Philippe Chevrier geleitet wird, der auch Eigent\u00fcmer des Anwesens ist.<\/p>\n<\/div><\/div>\n<\/div><\/div>\n\n\n\n<div class=\"wp-block-group top10\"><div class=\"wp-block-group__inner-container is-layout-constrained wp-block-group-is-layout-constrained\">\n<h2 class=\"wp-block-heading listing-title has-large-font-size\" data-no-translation=\"\"><strong>10. <strong><a href=\"https:\/\/fanavis.com\/listing\/tse-fung\/\">Ts\u00e9 Fung<\/a><\/strong><\/strong><\/h2>\n\n\n\n<p style=\"font-size:16px\"><a href=\"https:\/\/fanavis.com\/de\/listing\/tse-fung\/#listing-location\"><i class=\"fa fa-map-marker\"><\/i> Route de Lausanne 301, Genf, 1293, Schweiz<\/a> | <strong>K\u00dcCHE: Chinesisch, Asiatisch, Kantonesisch<\/strong><\/p>\n\n\n\n<div class=\"wp-block-media-text is-stacked-on-mobile is-style-default\"><figure class=\"wp-block-media-text__media\"><a href=\"https:\/\/fanavis.com\/de\/listing\/tse-fung\/\"><img loading=\"lazy\" decoding=\"async\" width=\"1024\" height=\"683\" src=\"https:\/\/fanavis.com\/wp-content\/uploads\/2024\/09\/le-tse-fung-1024x683.jpg\" alt=\"Restaurant le Ts\u00e9 Fung\" class=\"wp-image-3863 size-full\" srcset=\"https:\/\/fanavis.com\/wp-content\/uploads\/2024\/09\/le-tse-fung-1024x683.jpg 1024w, https:\/\/fanavis.com\/wp-content\/uploads\/2024\/09\/le-tse-fung-300x200.jpg 300w, https:\/\/fanavis.com\/wp-content\/uploads\/2024\/09\/le-tse-fung-768x512.jpg 768w, https:\/\/fanavis.com\/wp-content\/uploads\/2024\/09\/le-tse-fung-18x12.jpg 18w, https:\/\/fanavis.com\/wp-content\/uploads\/2024\/09\/le-tse-fung-590x393.jpg 590w, https:\/\/fanavis.com\/wp-content\/uploads\/2024\/09\/le-tse-fung-1005x670.jpg 1005w, https:\/\/fanavis.com\/wp-content\/uploads\/2024\/09\/le-tse-fung-577x385.jpg 577w, https:\/\/fanavis.com\/wp-content\/uploads\/2024\/09\/le-tse-fung-600x400.jpg 600w, https:\/\/fanavis.com\/wp-content\/uploads\/2024\/09\/le-tse-fung.jpg 1200w\" sizes=\"(max-width: 1024px) 100vw, 1024px\" \/><\/a><\/figure><div class=\"wp-block-media-text__content\">\n<p>Das Dekor aus rotem Samt, schwarzem Lack und Seidenvorh\u00e4ngen wurde noch vergr\u00f6\u00dfert und versetzt Sie noch immer in einen Shanghai-Palast der 1930er Jahre. Im Restaurant, in den privaten R\u00e4umen f\u00fcr absolute Ruhe oder auf der Terrasse mit einer wundersch\u00f6nen Aussicht auf die Alpen und den Genfersee freuen sich die Teams von Ts\u00e9 Fung darauf, Sie willkommen zu hei\u00dfen und Ihnen ein neues Men\u00fc von Frank Xu zu pr\u00e4sentieren.<\/p>\n<\/div><\/div>\n<\/div><\/div>","protected":false},"excerpt":{"rendered":"<p>TOP 10: best restaurants in Geneva Fanavis proposes you its selection of the 10 best restaurants in Geneva, Switzerland 1. L&#8217;Apart\u00e9 Rue de Lausanne 41-43, Gen\u00e8ve 1201 Suisse | CUISINE: French, European, Diner In a refined and intimate setting with only fifteen seats, enjoy a memorable and friendly experience. In all simplicity, chef Armel Bedouet [&hellip;]<\/p>","protected":false},"author":1,"featured_media":0,"parent":0,"menu_order":0,"comment_status":"closed","ping_status":"closed","template":"","meta":{"inline_featured_image":false,"footnotes":""},"_links":{"self":[{"href":"https:\/\/fanavis.com\/de\/wp-json\/wp\/v2\/pages\/3817"}],"collection":[{"href":"https:\/\/fanavis.com\/de\/wp-json\/wp\/v2\/pages"}],"about":[{"href":"https:\/\/fanavis.com\/de\/wp-json\/wp\/v2\/types\/page"}],"author":[{"embeddable":true,"href":"https:\/\/fanavis.com\/de\/wp-json\/wp\/v2\/users\/1"}],"replies":[{"embeddable":true,"href":"https:\/\/fanavis.com\/de\/wp-json\/wp\/v2\/comments?post=3817"}],"version-history":[{"count":39,"href":"https:\/\/fanavis.com\/de\/wp-json\/wp\/v2\/pages\/3817\/revisions"}],"predecessor-version":[{"id":4697,"href":"https:\/\/fanavis.com\/de\/wp-json\/wp\/v2\/pages\/3817\/revisions\/4697"}],"wp:attachment":[{"href":"https:\/\/fanavis.com\/de\/wp-json\/wp\/v2\/media?parent=3817"}],"curies":[{"name":"wp","href":"https:\/\/api.w.org\/{rel}","templated":true}]}}