{"id":3131,"date":"2023-08-30T12:36:49","date_gmt":"2023-08-30T10:36:49","guid":{"rendered":"https:\/\/fanavis.com\/?page_id=3131"},"modified":"2024-11-08T14:57:00","modified_gmt":"2024-11-08T13:57:00","slug":"fonctionnement","status":"publish","type":"page","link":"https:\/\/fanavis.com\/de\/fonctionnement\/","title":{"rendered":"Fanavis | Wie geht das?"},"content":{"rendered":"<h2 class=\"wp-block-heading has-text-align-center\" id=\"a-propos-de-fanavis\">Wie es funktioniert?<\/h2>\n\n\n\n<p>Fanavis ist eine Plattform, die allen offen steht. Egal, ob Sie Profi oder Privatperson sind, beginnen Sie sofort mit der Ver\u00f6ffentlichung oder dem Empfang von Videobewertungen!<\/p>\n\n\n\n<ul>\n<li><strong>Einzelpersonen:<\/strong> Entdecken Sie die registrierten Unternehmen in Ihrer N\u00e4he oder anderswo auf der Fanavis-Website und ver\u00f6ffentlichen Sie sofort Videobewertungen! Sie k\u00f6nnen sich auch registrieren und auf andere Vorteile der Plattform zugreifen, z. B. das Speichern von Favoriten und das Verwalten Ihrer Bewertungen<\/li>\n<\/ul>\n\n\n\n<ul>\n<li><strong>Unternehmen:<\/strong> Registrieren Sie sich kostenlos und ver\u00f6ffentlichen Sie Ihre Unternehmensseite ganz einfach. Jetzt k\u00f6nnen Sie authentische Videobewertungen erhalten! Sie k\u00f6nnen sich auch f\u00fcr unseren Werbeservice entscheiden, um Ihre Unternehmensseite besser hervorzuheben. Gehen Sie dazu auf die <a href=\"https:\/\/fanavis.com\/de\/fanavis-services\/\">Seite \u201eDienste\u201c<\/a> f\u00fcr mehr Informationen.<\/li>\n<\/ul>\n\n\n\n<div style=\"height:25px\" aria-hidden=\"true\" class=\"wp-block-spacer\"><\/div>\n\n\n\n<figure class=\"wp-block-gallery has-nested-images columns-default is-cropped wp-block-gallery-1 is-layout-flex wp-block-gallery-is-layout-flex\">\n<figure class=\"wp-block-image size-large\"><img loading=\"lazy\" decoding=\"async\" width=\"1024\" height=\"683\" data-id=\"3193\" src=\"https:\/\/fanavis.com\/wp-content\/uploads\/2023\/09\/pexels-helena-lopes-1015568-1024x683.jpg\" alt=\"\" class=\"wp-image-3193\" srcset=\"https:\/\/fanavis.com\/wp-content\/uploads\/2023\/09\/pexels-helena-lopes-1015568-1024x683.jpg 1024w, https:\/\/fanavis.com\/wp-content\/uploads\/2023\/09\/pexels-helena-lopes-1015568-300x200.jpg 300w, https:\/\/fanavis.com\/wp-content\/uploads\/2023\/09\/pexels-helena-lopes-1015568-768x512.jpg 768w, https:\/\/fanavis.com\/wp-content\/uploads\/2023\/09\/pexels-helena-lopes-1015568-1536x1024.jpg 1536w, https:\/\/fanavis.com\/wp-content\/uploads\/2023\/09\/pexels-helena-lopes-1015568-18x12.jpg 18w, https:\/\/fanavis.com\/wp-content\/uploads\/2023\/09\/pexels-helena-lopes-1015568-590x393.jpg 590w, https:\/\/fanavis.com\/wp-content\/uploads\/2023\/09\/pexels-helena-lopes-1015568-1005x670.jpg 1005w, https:\/\/fanavis.com\/wp-content\/uploads\/2023\/09\/pexels-helena-lopes-1015568-577x385.jpg 577w, https:\/\/fanavis.com\/wp-content\/uploads\/2023\/09\/pexels-helena-lopes-1015568-1200x800.jpg 1200w, https:\/\/fanavis.com\/wp-content\/uploads\/2023\/09\/pexels-helena-lopes-1015568-600x400.jpg 600w, https:\/\/fanavis.com\/wp-content\/uploads\/2023\/09\/pexels-helena-lopes-1015568.jpg 1920w\" sizes=\"(max-width: 1024px) 100vw, 1024px\" \/><\/figure>\n\n\n\n<figure class=\"wp-block-image size-large\"><img loading=\"lazy\" decoding=\"async\" width=\"1024\" height=\"683\" data-id=\"3192\" src=\"https:\/\/fanavis.com\/wp-content\/uploads\/2023\/09\/pexels-helena-lopes-693269-1024x683.jpg\" alt=\"\" class=\"wp-image-3192\" srcset=\"https:\/\/fanavis.com\/wp-content\/uploads\/2023\/09\/pexels-helena-lopes-693269-1024x683.jpg 1024w, https:\/\/fanavis.com\/wp-content\/uploads\/2023\/09\/pexels-helena-lopes-693269-300x200.jpg 300w, https:\/\/fanavis.com\/wp-content\/uploads\/2023\/09\/pexels-helena-lopes-693269-768x512.jpg 768w, https:\/\/fanavis.com\/wp-content\/uploads\/2023\/09\/pexels-helena-lopes-693269-1536x1024.jpg 1536w, https:\/\/fanavis.com\/wp-content\/uploads\/2023\/09\/pexels-helena-lopes-693269-18x12.jpg 18w, https:\/\/fanavis.com\/wp-content\/uploads\/2023\/09\/pexels-helena-lopes-693269-590x393.jpg 590w, https:\/\/fanavis.com\/wp-content\/uploads\/2023\/09\/pexels-helena-lopes-693269-1005x670.jpg 1005w, https:\/\/fanavis.com\/wp-content\/uploads\/2023\/09\/pexels-helena-lopes-693269-577x385.jpg 577w, https:\/\/fanavis.com\/wp-content\/uploads\/2023\/09\/pexels-helena-lopes-693269-1200x800.jpg 1200w, https:\/\/fanavis.com\/wp-content\/uploads\/2023\/09\/pexels-helena-lopes-693269-600x400.jpg 600w, https:\/\/fanavis.com\/wp-content\/uploads\/2023\/09\/pexels-helena-lopes-693269.jpg 1920w\" sizes=\"(max-width: 1024px) 100vw, 1024px\" \/><\/figure>\n<\/figure>","protected":false},"excerpt":{"rendered":"<p>How it works? Fanavis is a platform open to everyone. Whether you are a professional or an individual, start publishing or receiving video reviews right away!<\/p>","protected":false},"author":1,"featured_media":0,"parent":0,"menu_order":0,"comment_status":"closed","ping_status":"closed","template":"","meta":{"inline_featured_image":false,"footnotes":""},"_links":{"self":[{"href":"https:\/\/fanavis.com\/de\/wp-json\/wp\/v2\/pages\/3131"}],"collection":[{"href":"https:\/\/fanavis.com\/de\/wp-json\/wp\/v2\/pages"}],"about":[{"href":"https:\/\/fanavis.com\/de\/wp-json\/wp\/v2\/types\/page"}],"author":[{"embeddable":true,"href":"https:\/\/fanavis.com\/de\/wp-json\/wp\/v2\/users\/1"}],"replies":[{"embeddable":true,"href":"https:\/\/fanavis.com\/de\/wp-json\/wp\/v2\/comments?post=3131"}],"version-history":[{"count":1,"href":"https:\/\/fanavis.com\/de\/wp-json\/wp\/v2\/pages\/3131\/revisions"}],"predecessor-version":[{"id":4730,"href":"https:\/\/fanavis.com\/de\/wp-json\/wp\/v2\/pages\/3131\/revisions\/4730"}],"wp:attachment":[{"href":"https:\/\/fanavis.com\/de\/wp-json\/wp\/v2\/media?parent=3131"}],"curies":[{"name":"wp","href":"https:\/\/api.w.org\/{rel}","templated":true}]}}