{"id":3128,"date":"2023-08-30T12:12:07","date_gmt":"2023-08-30T10:12:07","guid":{"rendered":"https:\/\/fanavis.com\/?page_id=3128"},"modified":"2024-12-20T15:36:41","modified_gmt":"2024-12-20T14:36:41","slug":"fanavis-devenir-ambassadeur","status":"publish","type":"page","link":"https:\/\/fanavis.com\/de\/fanavis-devenir-ambassadeur\/","title":{"rendered":"Fanavis | Botschafter werden"},"content":{"rendered":"<h2 class=\"wp-block-heading has-text-align-center\" id=\"a-propos-de-fanavis\">Werde Botschafter<\/h2>\n\n\n\n<div class=\"wp-block-group title-line has-text-color has-background is-layout-flex wp-block-group-is-layout-flex\" style=\"color:#663618;background-color:#4970b5\">\n<h2 class=\"wp-block-heading\"><\/h2>\n<\/div>\n\n\n\n<div style=\"height:25px\" aria-hidden=\"true\" class=\"wp-block-spacer\"><\/div>\n\n\n\n<div class=\"wp-block-columns is-layout-flex wp-container-core-columns-is-layout-1 wp-block-columns-is-layout-flex\">\n<div class=\"wp-block-column is-layout-flow wp-block-column-is-layout-flow\" style=\"flex-basis:33.33%\">\n<figure class=\"wp-block-image size-large\"><img loading=\"lazy\" decoding=\"async\" width=\"683\" height=\"1024\" src=\"https:\/\/fanavis.com\/wp-content\/uploads\/2023\/09\/pexels-ketut-subiyanto-4560067-1-683x1024.jpg\" alt=\"\" class=\"wp-image-3202\" srcset=\"https:\/\/fanavis.com\/wp-content\/uploads\/2023\/09\/pexels-ketut-subiyanto-4560067-1-683x1024.jpg 683w, https:\/\/fanavis.com\/wp-content\/uploads\/2023\/09\/pexels-ketut-subiyanto-4560067-1-200x300.jpg 200w, https:\/\/fanavis.com\/wp-content\/uploads\/2023\/09\/pexels-ketut-subiyanto-4560067-1-768x1152.jpg 768w, https:\/\/fanavis.com\/wp-content\/uploads\/2023\/09\/pexels-ketut-subiyanto-4560067-1-1024x1536.jpg 1024w, https:\/\/fanavis.com\/wp-content\/uploads\/2023\/09\/pexels-ketut-subiyanto-4560067-1-8x12.jpg 8w, https:\/\/fanavis.com\/wp-content\/uploads\/2023\/09\/pexels-ketut-subiyanto-4560067-1-393x590.jpg 393w, https:\/\/fanavis.com\/wp-content\/uploads\/2023\/09\/pexels-ketut-subiyanto-4560067-1-447x670.jpg 447w, https:\/\/fanavis.com\/wp-content\/uploads\/2023\/09\/pexels-ketut-subiyanto-4560067-1-577x866.jpg 577w, https:\/\/fanavis.com\/wp-content\/uploads\/2023\/09\/pexels-ketut-subiyanto-4560067-1-1200x1800.jpg 1200w, https:\/\/fanavis.com\/wp-content\/uploads\/2023\/09\/pexels-ketut-subiyanto-4560067-1-600x900.jpg 600w, https:\/\/fanavis.com\/wp-content\/uploads\/2023\/09\/pexels-ketut-subiyanto-4560067-1.jpg 1280w\" sizes=\"(max-width: 683px) 100vw, 683px\" \/><\/figure>\n<\/div>\n\n\n\n<div class=\"wp-block-column is-layout-flow wp-block-column-is-layout-flow\" style=\"flex-basis:66.66%\">\n<h2 class=\"wp-block-heading has-text-align-left\">Du h\u00e4ltst dich an das Konzept, werde Botschafter!<\/h2>\n\n\n\n<p>Wo auch immer Sie sich auf der Welt befinden, Sie k\u00f6nnen zum Einfluss von Fanavis beitragen, indem Sie f\u00fcr diese wunderbare Plattform werben. Stellen Sie sie Unternehmen in Ihrer Umgebung vor, schlagen Sie ihnen ihre Werbung auf Fanavis.com vor und kassieren Sie Ihre Gewinne! Die einzige aktuelle Voraussetzung ist, Englisch oder Franz\u00f6sisch sprechen zu k\u00f6nnen, aber in Zukunft k\u00f6nnen auch andere Sprachen verf\u00fcgbar sein. <\/p>\n\n\n\n<p>F\u00fcr alle Anfragen, Botschafter zu werden, kontaktieren Sie uns bitte \u00fcber dieses Formular:<\/p>\n\n\n\n<div class=\"wp-block-contact-form-7-contact-form-selector\">\n<div class=\"wpcf7 no-js\" id=\"wpcf7-f6-o1\" lang=\"fr-FR\" dir=\"ltr\">\n<div class=\"screen-reader-response\"><p role=\"status\" aria-live=\"polite\" aria-atomic=\"true\"><\/p> <ul><\/ul><\/div>\n<form action=\"\/de\/wp-json\/wp\/v2\/pages\/3128#wpcf7-f6-o1\" method=\"post\" class=\"wpcf7-form init\" aria-label=\"Formulaire de contact\" novalidate=\"novalidate\" data-status=\"init\" data-trp-original-action=\"\/de\/wp-json\/wp\/v2\/pages\/3128#wpcf7-f6-o1\">\n<div style=\"display: none;\">\n<input type=\"hidden\" name=\"_wpcf7\" value=\"6\" \/>\n<input type=\"hidden\" name=\"_wpcf7_version\" value=\"5.9.3\" \/>\n<input type=\"hidden\" name=\"_wpcf7_locale\" value=\"fr_FR\" \/>\n<input type=\"hidden\" name=\"_wpcf7_unit_tag\" value=\"wpcf7-f6-o1\" \/>\n<input type=\"hidden\" name=\"_wpcf7_container_post\" value=\"0\" \/>\n<input type=\"hidden\" name=\"_wpcf7_posted_data_hash\" value=\"\" \/>\n<\/div>\n<p><label> Ihr Name<br \/>\n<span class=\"wpcf7-form-control-wrap\" data-name=\"your-name\"><input size=\"40\" class=\"wpcf7-form-control wpcf7-text wpcf7-validates-as-required\" aria-required=\"true\" aria-invalid=\"false\" value=\"\" type=\"text\" name=\"your-name\" \/><\/span> <\/label>\n<\/p>\n<p><label> Deine E-Mail<br \/>\n<span class=\"wpcf7-form-control-wrap\" data-name=\"your-email\"><input size=\"40\" class=\"wpcf7-form-control wpcf7-email wpcf7-validates-as-required wpcf7-text wpcf7-validates-as-email\" aria-required=\"true\" aria-invalid=\"false\" value=\"\" type=\"email\" name=\"your-email\" \/><\/span> <\/label>\n<\/p>\n<p><label> Thema<br \/>\n<span class=\"wpcf7-form-control-wrap\" data-name=\"your-subject\"><input size=\"40\" class=\"wpcf7-form-control wpcf7-text wpcf7-validates-as-required\" aria-required=\"true\" aria-invalid=\"false\" value=\"\" type=\"text\" name=\"your-subject\" \/><\/span> <\/label>\n<\/p>\n<p><label> Ihre Nachricht (optional)<br \/>\n<span class=\"wpcf7-form-control-wrap\" data-name=\"your-message\"><textarea cols=\"40\" rows=\"10\" class=\"wpcf7-form-control wpcf7-textarea\" aria-invalid=\"false\" name=\"your-message\"><\/textarea><\/span> <\/label>\n<\/p>\n<p><div id=\"cf7sr-69dd10e655a0f\" class=\"cf7sr-g-recaptcha\" data-theme=\"light\" data-type=\"image\" data-size=\"normal\" data-sitekey=\"6Lc-1scbAAAAAK7HAgYgCDWqILr9Q3aoHOZgCkBG\"><\/div><span class=\"wpcf7-form-control-wrap cf7sr-recaptcha\" data-name=\"cf7sr-recaptcha\"><input type=\"hidden\" name=\"cf7sr-recaptcha\" value=\"\" class=\"wpcf7-form-control\"><\/span>\n<\/p>\n<p><input class=\"wpcf7-form-control wpcf7-submit has-spinner\" type=\"submit\" value=\"Einreichen\" \/>\n<\/p><div class=\"wpcf7-response-output\" aria-hidden=\"true\"><\/div>\n<input type=\"hidden\" name=\"trp-form-language\" value=\"de\"\/><\/form>\n<\/div>\n<\/div>\n<\/div>\n<\/div>\n\n\n\n<h2 class=\"wp-block-heading\">Nos ambassadeurs actifs :<\/h2>\n\n\n\n<div style=\"height:30px\" aria-hidden=\"true\" class=\"wp-block-spacer\"><\/div>\n\n\n\n<div class=\"wp-block-columns is-layout-flex wp-container-core-columns-is-layout-2 wp-block-columns-is-layout-flex\">\n<div class=\"wp-block-column is-layout-flow wp-block-column-is-layout-flow\">\n<div class=\"wp-block-media-text is-stacked-on-mobile\" style=\"grid-template-columns:36% auto\"><figure class=\"wp-block-media-text__media\"><img loading=\"lazy\" decoding=\"async\" width=\"626\" height=\"626\" src=\"https:\/\/fanavis.com\/wp-content\/uploads\/2024\/12\/icone-profil-avatar-par-defaut-image-utilisateur-medias-sociaux-icone-avatar-gris-silhouette-profil-vide-illustration-vectorielle_561158-3383.avif\" alt=\"\" class=\"wp-image-4810 size-full\" srcset=\"https:\/\/fanavis.com\/wp-content\/uploads\/2024\/12\/icone-profil-avatar-par-defaut-image-utilisateur-medias-sociaux-icone-avatar-gris-silhouette-profil-vide-illustration-vectorielle_561158-3383.avif 626w, https:\/\/fanavis.com\/wp-content\/uploads\/2024\/12\/icone-profil-avatar-par-defaut-image-utilisateur-medias-sociaux-icone-avatar-gris-silhouette-profil-vide-illustration-vectorielle_561158-3383-300x300.avif 300w, https:\/\/fanavis.com\/wp-content\/uploads\/2024\/12\/icone-profil-avatar-par-defaut-image-utilisateur-medias-sociaux-icone-avatar-gris-silhouette-profil-vide-illustration-vectorielle_561158-3383-150x150.avif 150w, https:\/\/fanavis.com\/wp-content\/uploads\/2024\/12\/icone-profil-avatar-par-defaut-image-utilisateur-medias-sociaux-icone-avatar-gris-silhouette-profil-vide-illustration-vectorielle_561158-3383-12x12.avif 12w, https:\/\/fanavis.com\/wp-content\/uploads\/2024\/12\/icone-profil-avatar-par-defaut-image-utilisateur-medias-sociaux-icone-avatar-gris-silhouette-profil-vide-illustration-vectorielle_561158-3383-590x590.avif 590w, https:\/\/fanavis.com\/wp-content\/uploads\/2024\/12\/icone-profil-avatar-par-defaut-image-utilisateur-medias-sociaux-icone-avatar-gris-silhouette-profil-vide-illustration-vectorielle_561158-3383-577x577.avif 577w, https:\/\/fanavis.com\/wp-content\/uploads\/2024\/12\/icone-profil-avatar-par-defaut-image-utilisateur-medias-sociaux-icone-avatar-gris-silhouette-profil-vide-illustration-vectorielle_561158-3383-200x200.avif 200w, https:\/\/fanavis.com\/wp-content\/uploads\/2024\/12\/icone-profil-avatar-par-defaut-image-utilisateur-medias-sociaux-icone-avatar-gris-silhouette-profil-vide-illustration-vectorielle_561158-3383-600x600.avif 600w, https:\/\/fanavis.com\/wp-content\/uploads\/2024\/12\/icone-profil-avatar-par-defaut-image-utilisateur-medias-sociaux-icone-avatar-gris-silhouette-profil-vide-illustration-vectorielle_561158-3383-100x100.avif 100w\" sizes=\"(max-width: 626px) 100vw, 626px\" \/><\/figure><div class=\"wp-block-media-text__content\">\n<p><strong>MUCYO (Canada)<\/strong><\/p>\n\n\n\n<p><a href=\"mailto:muchris22@gmail.com\">muchris22@gmail.com<\/a><\/p>\n\n\n\n<p>Domaine : restauration<\/p>\n<\/div><\/div>\n<\/div>\n\n\n\n<div class=\"wp-block-column is-layout-flow wp-block-column-is-layout-flow\"><\/div>\n\n\n\n<div class=\"wp-block-column is-layout-flow wp-block-column-is-layout-flow\"><\/div>\n<\/div>","protected":false},"excerpt":{"rendered":"<p>Become an ambassador You adhere to the concept, become an ambassador! Wherever you are in the world, you can contribute to the influence of Fanavis by promoting this beautiful platform. Introduce it to businesses in your area, propose them their promotion on Fanavis.com and collect your winnings! The only current requirement is to be able [&hellip;]<\/p>","protected":false},"author":1,"featured_media":0,"parent":0,"menu_order":0,"comment_status":"closed","ping_status":"closed","template":"","meta":{"inline_featured_image":false,"footnotes":""},"_links":{"self":[{"href":"https:\/\/fanavis.com\/de\/wp-json\/wp\/v2\/pages\/3128"}],"collection":[{"href":"https:\/\/fanavis.com\/de\/wp-json\/wp\/v2\/pages"}],"about":[{"href":"https:\/\/fanavis.com\/de\/wp-json\/wp\/v2\/types\/page"}],"author":[{"embeddable":true,"href":"https:\/\/fanavis.com\/de\/wp-json\/wp\/v2\/users\/1"}],"replies":[{"embeddable":true,"href":"https:\/\/fanavis.com\/de\/wp-json\/wp\/v2\/comments?post=3128"}],"version-history":[{"count":3,"href":"https:\/\/fanavis.com\/de\/wp-json\/wp\/v2\/pages\/3128\/revisions"}],"predecessor-version":[{"id":4813,"href":"https:\/\/fanavis.com\/de\/wp-json\/wp\/v2\/pages\/3128\/revisions\/4813"}],"wp:attachment":[{"href":"https:\/\/fanavis.com\/de\/wp-json\/wp\/v2\/media?parent=3128"}],"curies":[{"name":"wp","href":"https:\/\/api.w.org\/{rel}","templated":true}]}}