{"id":1741,"date":"2022-06-29T01:14:22","date_gmt":"2022-06-28T23:14:22","guid":{"rendered":"https:\/\/fanavis.com\/?page_id=1741"},"modified":"2025-03-21T18:51:09","modified_gmt":"2025-03-21T17:51:09","slug":"a-propos","status":"publish","type":"page","link":"https:\/\/fanavis.com\/de\/a-propos\/","title":{"rendered":"Fanavis | \u00dcber"},"content":{"rendered":"<h2 class=\"wp-block-heading has-text-align-center\" id=\"a-propos-de-fanavis\">Why choose us?<\/h2>\n\n\n\n<div style=\"height:25px\" aria-hidden=\"true\" class=\"wp-block-spacer\"><\/div>\n\n\n\n<p>Fanavis ist ein Konzept, das der Fantasie von Darius Kabalisa entsprang. Er lebte in Genf, Schweiz, und wurde mit dem Ph\u00e4nomen gef\u00e4lschter Bewertungen im Internet konfrontiert. Er dachte dar\u00fcber nach und fand die ultimative L\u00f6sung: Videobewertungen!<\/p>\n\n\n\n<p>Wenn Sie sich hinter einem falschen Profil, einem falschen Namen und einem falschen Bild verstecken k\u00f6nnen, ist es viel schwieriger, falsche Bewertungen mit Videos abzugeben. Benutzer k\u00f6nnen so die Realit\u00e4t ihrer Erfahrungen in Gesch\u00e4ften, Restaurants, Unternehmen usw. zeigen. Neue Besucher k\u00f6nnen den Bewertungen auf Fanavis vollstes Vertrauen entgegenbringen und Fachleute werden nicht l\u00e4nger Opfer schlechter Bewertungen von Konkurrenten oder b\u00f6swilligen Benutzern.<\/p>\n\n\n\n<p>Mit Fanavis sind Sie mit echten Videobewertungen auf der sicheren Seite!<\/p>\n\n\n\n<p>Darius Kabalisa<\/p>\n\n\n\n<p>Fondateur de Fanavis.com<\/p>\n\n\n\n<p>For further information, please do not hesitate to contact us at: <a href=\"mailto:info@fanavis.com\">info@fanavis.com<\/a><\/p>\n\n\n\n<p>N\u00b0 Siret : 93817135200017<\/p>\n\n\n<div id=\"erdyt-69dae47ce50a3\" data-id=\"cQmdI4vJqnU\" class=\"erd-youtube-responsive\" style=\"display:block;position:relative;clear:both;width:100%;max-width:100%;margin-left:auto;margin-right:auto;\"><div style=\"padding-bottom:56.25%;\"><div class=\"erd-ytplay\" id=\"erdytp-cQmdI4vJqnU-69dae47ce50a3\" data-vid=\"cQmdI4vJqnU\" data-src=\"https:\/\/www.youtube.com\/embed\/cQmdI4vJqnU?loop=1&#038;autoplay=1&#038;rel=0\" data-allowfullscreen=\"true\"><img decoding=\"async\" src=\"https:\/\/i.ytimg.com\/vi\/cQmdI4vJqnU\/hqdefault.jpg\" alt=\"YouTube video\" \/><\/div><\/div><\/div>\n\n\n\n<div style=\"height:59px\" aria-hidden=\"true\" class=\"wp-block-spacer\"><\/div>","protected":false},"excerpt":{"rendered":"<p>Why choose us? Fanavis is a concept that sprang from the imagination of Darius Kabalisa. Living in Geneva, Switzerland, he was challenged by the phenomenon of fake reviews on the internet. He thought about it and found the ultimate solution: video reviews! If you can hide behind a fake profile, a fake name and a [&hellip;]<\/p>","protected":false},"author":1,"featured_media":0,"parent":0,"menu_order":0,"comment_status":"closed","ping_status":"closed","template":"","meta":{"inline_featured_image":false,"footnotes":""},"_links":{"self":[{"href":"https:\/\/fanavis.com\/de\/wp-json\/wp\/v2\/pages\/1741"}],"collection":[{"href":"https:\/\/fanavis.com\/de\/wp-json\/wp\/v2\/pages"}],"about":[{"href":"https:\/\/fanavis.com\/de\/wp-json\/wp\/v2\/types\/page"}],"author":[{"embeddable":true,"href":"https:\/\/fanavis.com\/de\/wp-json\/wp\/v2\/users\/1"}],"replies":[{"embeddable":true,"href":"https:\/\/fanavis.com\/de\/wp-json\/wp\/v2\/comments?post=1741"}],"version-history":[{"count":6,"href":"https:\/\/fanavis.com\/de\/wp-json\/wp\/v2\/pages\/1741\/revisions"}],"predecessor-version":[{"id":5056,"href":"https:\/\/fanavis.com\/de\/wp-json\/wp\/v2\/pages\/1741\/revisions\/5056"}],"wp:attachment":[{"href":"https:\/\/fanavis.com\/de\/wp-json\/wp\/v2\/media?parent=1741"}],"curies":[{"name":"wp","href":"https:\/\/api.w.org\/{rel}","templated":true}]}}