{"id":1739,"date":"2022-06-29T01:10:46","date_gmt":"2022-06-28T23:10:46","guid":{"rendered":"https:\/\/fanavis.com\/?page_id=1739"},"modified":"2025-04-14T16:13:09","modified_gmt":"2025-04-14T14:13:09","slug":"services","status":"publish","type":"page","link":"https:\/\/fanavis.com\/de\/services\/","title":{"rendered":"Dienstleistungen"},"content":{"rendered":"<h2 class=\"wp-block-heading has-text-align-center\" id=\"a-propos-de-fanavis\">Unsere Dienstleistungen<\/h2>\n\n\n\n<div style=\"height:25px\" aria-hidden=\"true\" class=\"wp-block-spacer\"><\/div>\n\n\n\n<p>Ob f\u00fcr Ihr Unternehmen, Ihre Veranstaltung, in den Bereichen Immobilien, Gastronomie, Tourismus oder anderen, Fanavis bietet Ihnen einen effizienten Service f\u00fcr Ihre Werbung.<\/p>\n\n\n\n<ul>\n<li>Pr\u00e4sentieren Sie Ihr Unternehmen auf unserer Homepage! Bewerben Sie sich f\u00fcr die Aufnahme in den Bereich \u201eClose-up on\u201c, um sofort die Aufmerksamkeit der Besucher der Fanavis-Website zu erregen. <strong>Ab CHF 50.- pro Monat<\/strong><\/li>\n\n\n\n<li>Werden Sie Fanavis-Partner! Tragen Sie zum Einfluss von Fanavis bei, indem Sie Ihre Erfahrungen mit Ihren Kunden teilen: Zeigen Sie das Fanavis-Logo auf Ihrer Website, legen Sie unsere Aufkleber und unsere Flyer in Ihrem Gesch\u00e4ft aus, Sie werden eines der Unternehmen sein, die auf unserer Website hervorgehoben werden (Nahaufnahmen, \u00dcberschriften, Werbefl\u00e4chen)<\/li>\n\n\n\n<li>Videowerbung: Holen Sie sich Ihren professionellen Film, um Ihr Unternehmen auf Fanavis optimal zu bewerben! Wenden Sie sich an unsere Bildprofis, um sich von der Qualit\u00e4t Ihres Films zu \u00fcberzeugen (ab CHF 800.-) oder senden Sie uns Ihre Medien und wir k\u00fcmmern uns um die Bearbeitung (ab CHF 450.-)<\/li>\n<\/ul>\n\n\n\n<p>Why create a video advertisement for your restaurant with FANAVIS.com? Here are the benefits:<\/p>\n\n\n\n<p>Increased Visibility: A captivating video can reach a wide audience on social media and sharing platforms, increasing your brand awareness.<\/p>\n\n\n\n<p>Easy Sharing: Videos are easily shareable, which can generate word of mouth and attract even more customers.<\/p>\n\n\n\n<p>A video advertisement created by Fanavis can strengthen your brand image and attract new customers, while highlighting what makes your restaurant unique. \ud83d\ude80\ud83c\udf7d\ufe0f<\/p>\n\n\n\n<p>F\u00fcr alle Anfragen schreiben Sie uns per E-Mail: <a href=\"mailto:info@fanavis.com\">info@fanavis.com<\/a><\/p>\n\n\n\n<div style=\"height:50px\" aria-hidden=\"true\" class=\"wp-block-spacer\"><\/div>\n\n\n\n<h2 class=\"wp-block-heading has-text-align-center\" id=\"a-propos-de-fanavis\">Unsere Abonnements<\/h2>\n\n\n\n<div style=\"height:50px\" aria-hidden=\"true\" class=\"wp-block-spacer\"><\/div>\n\n\n<div id=\"rpt_pricr\" class=\"rpt_plans rpt_3_plans rpt_style_basic\"><div class=\"\"><div class=\"rpt_plan  rpt_plugin_f rpt_plan_0\"><div style=\"text-align:center;\" class=\"rpt_title rpt_title_0\">BRONZE<\/div><div class=\"rpt_head rpt_head_0\"><div class=\"rpt_recurrence rpt_recurrence_0\">monatlich<\/div><div class=\"rpt_price rpt_price_0\">50\u20ac<\/div><div style=\"color:#ffffff;\" class=\"rpt_subtitle rpt_subtitle_0\">Das Wichtigste f\u00fcr Ihre Promotion<\/div><\/div><div class=\"rpt_features rpt_features_0\"><div style=\"color:black;\" class=\"rpt_feature rpt_feature_0-0\">Pr\u00e4sentation des Restaurantprofils\r<\/div><div style=\"color:black;\" class=\"rpt_feature rpt_feature_0-1\">Eine Woche lang im Bereich \u201eHervorgehoben\u201c hervorgehoben\r<\/div><div style=\"color:black;\" class=\"rpt_feature rpt_feature_0-2\">Installation des QR-Codes in der Einrichtung\r<\/div><div style=\"color:black;\" class=\"rpt_feature rpt_feature_0-3\">Pr\u00e4senz in den sozialen Netzwerken von Fanavis<\/div><\/div><a target=\"_blank\" href=\"mailto:info@fanavis.com\" style=\"background:#ffffff\" class=\"rpt_foot rpt_foot_0\">Abonnieren<\/a><\/div><div class=\"rpt_plan  rpt_plugin_f rpt_plan_1 rpt_recommended_plan\"><div style=\"text-align:center;\" class=\"rpt_title rpt_title_1\">SILBER<img decoding=\"async\" style=\"height:30px !important; width:30px !important;\" class=\"rpt_recommended\" src=\"https:\/\/fanavis.com\/wp-content\/plugins\/dk-pricr-responsive-pricing-table\/inc\/img\/rpt_recommended.png\"\/><\/div><div class=\"rpt_head rpt_head_1\"><div class=\"rpt_recurrence rpt_recurrence_1\">monatlich<\/div><div class=\"rpt_price rpt_price_1\">100\u20ac<\/div><div style=\"color:#ffffff;\" class=\"rpt_subtitle rpt_subtitle_1\">Ma\u00dfgeschneiderte und internationale Werbung<\/div><\/div><div class=\"rpt_features rpt_features_1\"><div style=\"color:black;\" class=\"rpt_feature rpt_feature_1-0\">Alle Leistungen des \u201eBRONZE\u201c-Plans\r<\/div><div style=\"color:black;\" class=\"rpt_feature rpt_feature_1-1\">Zwei Wochen lang im Bereich \u201eFeatured\u201c hervorgehoben\r<\/div><div style=\"color:black;\" class=\"rpt_feature rpt_feature_1-2\">Videopr\u00e4sentation der Einrichtung\r<\/div><div style=\"color:black;\" class=\"rpt_feature rpt_feature_1-3\">Video des Einrichtungsteams, das sich bei den Kunden bedankt\r<\/div><div style=\"color:black;\" class=\"rpt_feature rpt_feature_1-4\">QR-Code des Men\u00fcs in mehreren Sprachen<\/div><\/div><a target=\"_blank\" href=\"mailto:info@fanavis.com\" style=\"background:#ffffff\" class=\"rpt_foot rpt_foot_1\">Abonnieren<\/a><\/div><div class=\"rpt_plan  rpt_plugin_f rpt_plan_2\"><div style=\"text-align:center;\" class=\"rpt_title rpt_title_2\">GOLD<\/div><div class=\"rpt_head rpt_head_2\"><div class=\"rpt_recurrence rpt_recurrence_2\">monatlich<\/div><div class=\"rpt_price rpt_price_2\">150\u20ac<\/div><div style=\"color:#ffffff;\" class=\"rpt_subtitle rpt_subtitle_2\">Leistungsstarke Tools f\u00fcr Ihre Online-Werbung<\/div><\/div><div class=\"rpt_features rpt_features_2\"><div style=\"color:black;\" class=\"rpt_feature rpt_feature_2-0\">Alle Leistungen des Plans \u201eSILVER\u201c\r<\/div><div style=\"color:black;\" class=\"rpt_feature rpt_feature_2-1\">Einen Monat lang im Bereich \u201eHervorgehoben\u201c hervorgehoben\r<\/div><div style=\"color:black;\" class=\"rpt_feature rpt_feature_2-2\">Videos zu Veranstaltungen und Stellenangeboten auf der Fanavis-Website\r<\/div><div style=\"color:black;\" class=\"rpt_feature rpt_feature_2-3\">Demo-Videos auf Youtube live<\/div><\/div><a target=\"_blank\" href=\"mailto:info@fanavis.com\" style=\"background:#ffffff\" class=\"rpt_foot rpt_foot_2\">Abonnieren<\/a><\/div><\/div><\/div><div style=\"clear:both;\"><\/div>\n\n\n\n<div style=\"height:50px\" aria-hidden=\"true\" class=\"wp-block-spacer\"><\/div>\n\n\n\n<p>Hier einige Beispiele f\u00fcr Videowerbung:<\/p>\n\n\n\n<div style=\"height:31px\" aria-hidden=\"true\" class=\"wp-block-spacer\"><\/div>\n\n\n<div id=\"erdyt-69e7e4ebbbfdb\" data-id=\"hbmysAa5VeY\" class=\"erd-youtube-responsive\" style=\"display:block;position:relative;clear:both;width:100%;max-width:100%;margin-left:auto;margin-right:auto;\"><div style=\"padding-bottom:56.25%;\"><div class=\"erd-ytplay\" id=\"erdytp-hbmysAa5VeY-69e7e4ebbbfdb\" data-vid=\"hbmysAa5VeY\" data-src=\"https:\/\/www.youtube.com\/embed\/hbmysAa5VeY?loop=1&#038;autoplay=1&#038;rel=0\" data-allowfullscreen=\"true\"><img decoding=\"async\" src=\"https:\/\/i.ytimg.com\/vi\/hbmysAa5VeY\/hqdefault.jpg\" alt=\"YouTube video\" \/><\/div><\/div><\/div>\n\n\n\n<div style=\"height:31px\" aria-hidden=\"true\" class=\"wp-block-spacer\"><\/div>\n\n\n<div id=\"erdyt-69e7e4ebbc004\" data-id=\"k3-dFJKNG8I\" class=\"erd-youtube-responsive\" style=\"display:block;position:relative;clear:both;width:100%;max-width:100%;margin-left:auto;margin-right:auto;\"><div style=\"padding-bottom:56.25%;\"><div class=\"erd-ytplay\" id=\"erdytp-k3-dFJKNG8I-69e7e4ebbc004\" data-vid=\"k3-dFJKNG8I\" data-src=\"https:\/\/www.youtube.com\/embed\/k3-dFJKNG8I?loop=1&#038;autoplay=1&#038;rel=0\" data-allowfullscreen=\"true\"><img decoding=\"async\" src=\"https:\/\/i.ytimg.com\/vi\/k3-dFJKNG8I\/hqdefault.jpg\" alt=\"YouTube video\" \/><\/div><\/div><\/div>\n\n\n\n<div style=\"height:31px\" aria-hidden=\"true\" class=\"wp-block-spacer\"><\/div>\n\n\n<div id=\"erdyt-69e7e4ebbc019\" data-id=\"aHa4H28b6To\" class=\"erd-youtube-responsive\" style=\"display:block;position:relative;clear:both;width:100%;max-width:100%;margin-left:auto;margin-right:auto;\"><div style=\"padding-bottom:56.25%;\"><div class=\"erd-ytplay\" id=\"erdytp-aHa4H28b6To-69e7e4ebbc019\" data-vid=\"aHa4H28b6To\" data-src=\"https:\/\/www.youtube.com\/embed\/aHa4H28b6To?loop=1&#038;autoplay=1&#038;rel=0\" data-allowfullscreen=\"true\"><img decoding=\"async\" src=\"https:\/\/i.ytimg.com\/vi\/aHa4H28b6To\/hqdefault.jpg\" alt=\"YouTube video\" \/><\/div><\/div><\/div>\n\n\n\n<div style=\"height:31px\" aria-hidden=\"true\" class=\"wp-block-spacer\"><\/div>\n\n\n<div id=\"erdyt-69e7e4ebbc02b\" data-id=\"InBkx6XeKE8\" class=\"erd-youtube-responsive\" style=\"display:block;position:relative;clear:both;width:100%;max-width:100%;margin-left:auto;margin-right:auto;\"><div style=\"padding-bottom:56.25%;\"><div class=\"erd-ytplay\" id=\"erdytp-InBkx6XeKE8-69e7e4ebbc02b\" data-vid=\"InBkx6XeKE8\" data-src=\"https:\/\/www.youtube.com\/embed\/InBkx6XeKE8?loop=1&#038;autoplay=1&#038;rel=0\" data-allowfullscreen=\"true\"><img decoding=\"async\" src=\"https:\/\/i.ytimg.com\/vi\/InBkx6XeKE8\/hqdefault.jpg\" alt=\"YouTube video\" \/><\/div><\/div><\/div>\n\n\n\n<div style=\"height:50px\" aria-hidden=\"true\" class=\"wp-block-spacer\"><\/div>\n\n\n<div id=\"erdyt-69e7e4ebbc041\" data-id=\"AxvSDnjoHM8\" class=\"erd-youtube-responsive\" style=\"display:block;position:relative;clear:both;width:100%;max-width:100%;margin-left:auto;margin-right:auto;\"><div style=\"padding-bottom:56.25%;\"><div class=\"erd-ytplay\" id=\"erdytp-AxvSDnjoHM8-69e7e4ebbc041\" data-vid=\"AxvSDnjoHM8\" data-src=\"https:\/\/www.youtube.com\/embed\/AxvSDnjoHM8?loop=1&#038;autoplay=1&#038;rel=0\" data-allowfullscreen=\"true\"><img decoding=\"async\" src=\"https:\/\/i.ytimg.com\/vi\/AxvSDnjoHM8\/hqdefault.jpg\" alt=\"YouTube video\" \/><\/div><\/div><\/div>\n\n\n\n<div style=\"height:50px\" aria-hidden=\"true\" class=\"wp-block-spacer\"><\/div>\n\n\n<div id=\"erdyt-69e7e4ebbc052\" data-id=\"f841RKlhelc\" class=\"erd-youtube-responsive\" style=\"display:block;position:relative;clear:both;width:100%;max-width:100%;margin-left:auto;margin-right:auto;\"><div style=\"padding-bottom:56.25%;\"><div class=\"erd-ytplay\" id=\"erdytp-f841RKlhelc-69e7e4ebbc052\" data-vid=\"f841RKlhelc\" data-src=\"https:\/\/www.youtube.com\/embed\/f841RKlhelc?loop=1&#038;autoplay=1&#038;rel=0\" data-allowfullscreen=\"true\"><img decoding=\"async\" src=\"https:\/\/i.ytimg.com\/vi\/f841RKlhelc\/hqdefault.jpg\" alt=\"YouTube video\" \/><\/div><\/div><\/div>\n\n\n\n<div style=\"height:50px\" aria-hidden=\"true\" class=\"wp-block-spacer\"><\/div>\n\n\n<div id=\"erdyt-69e7e4ebbc060\" data-id=\"OZi__k5k0Xo\" class=\"erd-youtube-responsive\" style=\"display:block;position:relative;clear:both;width:100%;max-width:100%;margin-left:auto;margin-right:auto;\"><div style=\"padding-bottom:56.25%;\"><div class=\"erd-ytplay\" id=\"erdytp-OZi__k5k0Xo-69e7e4ebbc060\" data-vid=\"OZi__k5k0Xo\" data-src=\"https:\/\/www.youtube.com\/embed\/OZi__k5k0Xo?loop=1&#038;autoplay=1&#038;rel=0\" data-allowfullscreen=\"true\"><img decoding=\"async\" src=\"https:\/\/i.ytimg.com\/vi\/OZi__k5k0Xo\/hqdefault.jpg\" alt=\"YouTube video\" \/><\/div><\/div><\/div>\n\n\n\n<div style=\"height:50px\" aria-hidden=\"true\" class=\"wp-block-spacer\"><\/div>\n\n\n<div id=\"erdyt-69e7e4ebbc06e\" data-id=\"7aWzIfR64r0\" class=\"erd-youtube-responsive\" style=\"display:block;position:relative;clear:both;width:100%;max-width:100%;margin-left:auto;margin-right:auto;\"><div style=\"padding-bottom:56.25%;\"><div class=\"erd-ytplay\" id=\"erdytp-7aWzIfR64r0-69e7e4ebbc06e\" data-vid=\"7aWzIfR64r0\" data-src=\"https:\/\/www.youtube.com\/embed\/7aWzIfR64r0?loop=1&#038;autoplay=1&#038;rel=0\" data-allowfullscreen=\"true\"><img decoding=\"async\" src=\"https:\/\/i.ytimg.com\/vi\/7aWzIfR64r0\/hqdefault.jpg\" alt=\"YouTube video\" \/><\/div><\/div><\/div>\n\n\n\n<div style=\"height:50px\" aria-hidden=\"true\" class=\"wp-block-spacer\"><\/div>\n\n\n<div id=\"erdyt-69e7e4ebbc07c\" data-id=\"V8WAv43Owyg\" class=\"erd-youtube-responsive\" style=\"display:block;position:relative;clear:both;width:100%;max-width:100%;margin-left:auto;margin-right:auto;\"><div style=\"padding-bottom:56.25%;\"><div class=\"erd-ytplay\" id=\"erdytp-V8WAv43Owyg-69e7e4ebbc07c\" data-vid=\"V8WAv43Owyg\" data-src=\"https:\/\/www.youtube.com\/embed\/V8WAv43Owyg?loop=1&#038;autoplay=1&#038;rel=0\" data-allowfullscreen=\"true\"><img decoding=\"async\" src=\"https:\/\/i.ytimg.com\/vi\/V8WAv43Owyg\/hqdefault.jpg\" alt=\"YouTube video\" \/><\/div><\/div><\/div>\n\n\n\n<div style=\"height:50px\" aria-hidden=\"true\" class=\"wp-block-spacer\"><\/div>","protected":false},"excerpt":{"rendered":"<p>Our services Whether for your business, your event, in the fields of real estate, catering, tourism or others, Fanavis offers you a efficient service for your promotion. Why create a video advertisement for your restaurant with FANAVIS.com? Here are the benefits: Increased Visibility: A captivating video can reach a wide audience on social media and [&hellip;]<\/p>","protected":false},"author":1,"featured_media":0,"parent":0,"menu_order":0,"comment_status":"closed","ping_status":"closed","template":"","meta":{"inline_featured_image":false,"footnotes":""},"_links":{"self":[{"href":"https:\/\/fanavis.com\/de\/wp-json\/wp\/v2\/pages\/1739"}],"collection":[{"href":"https:\/\/fanavis.com\/de\/wp-json\/wp\/v2\/pages"}],"about":[{"href":"https:\/\/fanavis.com\/de\/wp-json\/wp\/v2\/types\/page"}],"author":[{"embeddable":true,"href":"https:\/\/fanavis.com\/de\/wp-json\/wp\/v2\/users\/1"}],"replies":[{"embeddable":true,"href":"https:\/\/fanavis.com\/de\/wp-json\/wp\/v2\/comments?post=1739"}],"version-history":[{"count":9,"href":"https:\/\/fanavis.com\/de\/wp-json\/wp\/v2\/pages\/1739\/revisions"}],"predecessor-version":[{"id":5068,"href":"https:\/\/fanavis.com\/de\/wp-json\/wp\/v2\/pages\/1739\/revisions\/5068"}],"wp:attachment":[{"href":"https:\/\/fanavis.com\/de\/wp-json\/wp\/v2\/media?parent=1739"}],"curies":[{"name":"wp","href":"https:\/\/api.w.org\/{rel}","templated":true}]}}