{"id":1462,"date":"2022-02-16T18:20:41","date_gmt":"2022-02-16T17:20:41","guid":{"rendered":"https:\/\/fanavis.com\/?page_id=1462"},"modified":"2022-07-13T00:58:35","modified_gmt":"2022-07-12T22:58:35","slug":"politique-de-confidentialite","status":"publish","type":"page","link":"https:\/\/fanavis.com\/de\/politique-de-confidentialite\/","title":{"rendered":"Vertraulichkeitspolitik"},"content":{"rendered":"<p>Datenschutzrichtlinie<\/p>\n\n\n\n<p>Zuletzt aktualisiert: 19. Februar 2022<\/p>\n\n\n\n<p>Ihre Privatsph\u00e4re ist uns wichtig. Es ist die Politik von Fanavis, Ihre Privatsph\u00e4re zu respektieren und alle geltenden Gesetze und Vorschriften in Bezug auf die pers\u00f6nlichen Daten einzuhalten, die wir \u00fcber Sie sammeln, einschlie\u00dflich auf unserer Website https:\/\/fanavis.com und anderen Websites, die wir besitzen und betreiben.<\/p>\n\n\n\n<p>Diese Richtlinie ist seit dem 19. Februar 2022 in Kraft und wurde zuletzt am 19. Februar 2022 aktualisiert.<\/p>\n\n\n\n<p>Von uns erfasste Daten<\/p>\n\n\n\n<p>Zu den von uns erfassten Daten geh\u00f6ren sowohl Daten, die Sie uns wissentlich und aktiv \u00fcbermitteln, wenn Sie unsere Dienste und Werbeaktionen nutzen oder daran teilnehmen, als auch alle Daten, die automatisch von Ihren Ger\u00e4ten gesendet werden, wenn Sie auf unsere Produkte und Dienste zugreifen.<\/p>\n\n\n\n<p>Logdaten<\/p>\n\n\n\n<p>Wenn Sie unsere Website besuchen, protokollieren unsere Server m\u00f6glicherweise automatisch Standarddaten, die von Ihrem Webbrowser bereitgestellt werden. Dazu geh\u00f6ren m\u00f6glicherweise die Internetprotokoll-Adresse (IP-Adresse) Ihres Ger\u00e4ts, Ihr Browsertyp und Ihre Browserversion, die von Ihnen besuchten Seiten, Uhrzeit und Datum Ihres Besuchs, die auf jeder Seite verbrachte Zeit, andere Details zu Ihrem Besuch und technische Details, die im Zusammenhang mit eventuell auftretenden Fehlern auftreten.<\/p>\n\n\n\n<p>Bitte beachten Sie, dass diese Informationen zwar allein nicht pers\u00f6nlich identifizierbar sind, es jedoch m\u00f6glich ist, sie mit anderen Daten zu kombinieren und so einzelne Personen pers\u00f6nlich zu identifizieren.<\/p>\n\n\n\n<p>Pers\u00f6nliche Angaben<\/p>\n\n\n\n<p>Wir k\u00f6nnen personenbezogene Daten anfordern, die einen oder mehrere der folgenden Punkte umfassen k\u00f6nnen:<\/p>\n\n\n\n<p>Familienname, Nachname<br>Email<br>Social Media Profile<br>Geburtsdatum<br>Telefonnummer<br>Wohnort\/Postanschrift<\/p>\n\n\n\n<p>Legitime Gr\u00fcnde f\u00fcr die Verarbeitung Ihrer personenbezogenen Daten<\/p>\n\n\n\n<p>Wir erheben und verwenden Ihre personenbezogenen Daten nur, wenn wir einen legitimen Grund daf\u00fcr haben. In diesem Fall erheben wir nur personenbezogene Daten, die f\u00fcr die Bereitstellung unserer Dienste erforderlich sind.<\/p>\n\n\n\n<p>Erfassung und Verwendung von Informationen<\/p>\n\n\n\n<p>Wir erfassen m\u00f6glicherweise personenbezogene Daten von Ihnen, wenn Sie auf unserer Website eine der folgenden Aktionen ausf\u00fchren:<\/p>\n\n\n\n<p>Nehmen Sie an einem unserer Wettbewerbe, Gewinnspiele und Umfragen teil<br>Verwenden Sie ein mobiles Ger\u00e4t oder einen Webbrowser, um auf unsere Inhalte zuzugreifen<br>Kontaktieren Sie uns per E-Mail, \u00fcber soziale Medien oder \u00e4hnliche Technologien<br>Wenn Sie uns in den sozialen Medien erw\u00e4hnen<\/p>\n\n\n\n<p>Wir k\u00f6nnen Informationen f\u00fcr die folgenden Zwecke sammeln, aufbewahren, verwenden und offenlegen, und personenbezogene Daten werden nicht in einer Weise weiterverarbeitet, die mit diesen Zwecken nicht vereinbar ist:<\/p>\n\n\n\n<p>Wir k\u00f6nnen Informationen f\u00fcr die folgenden Zwecke sammeln, aufbewahren, verwenden und offenlegen, und personenbezogene Daten werden nicht in einer Weise weiterverarbeitet, die mit diesen Zwecken nicht vereinbar ist:<\/p>\n\n\n\n<p>um Ihnen die individuelle Anpassung und Personalisierung Ihrer Website-Erfahrung zu erm\u00f6glichen<\/p>\n\n\n\n<p>Um mit Ihnen Kontakt aufzunehmen und zu kommunizieren<br>f\u00fcr Analysen, Marktforschung und Gesch\u00e4ftsentwicklung, einschlie\u00dflich des Betriebs und der Verbesserung unserer Website, zugeh\u00f6riger Anwendungen und zugeh\u00f6riger Social-Media-Plattformen<br>f\u00fcr Werbung und Marketingzwecke, einschlie\u00dflich der Zusendung von Werbeinformationen zu unseren Produkten und Dienstleistungen sowie von Informationen zu Dritten, die unserer Ansicht nach f\u00fcr Sie von Interesse sein k\u00f6nnten<br>um Ihnen den Zugriff auf unsere Website, die zugeh\u00f6rigen Anwendungen und die zugeh\u00f6rigen Social-Media-Plattformen zu erm\u00f6glichen und deren Nutzung zu erm\u00f6glichen<br>f\u00fcr interne Aufzeichnungs- und Verwaltungszwecke<br>um Wettbewerbe und Gewinnspiele durchzuf\u00fchren und\/oder Ihnen zus\u00e4tzliche Vorteile zu bieten<br>um unseren gesetzlichen Verpflichtungen nachzukommen und etwaige Streitigkeiten beizulegen<br>f\u00fcr die Sicherheit und Betrugspr\u00e4vention und um sicherzustellen, dass unsere Websites und Anwendungen sicher sind und in \u00dcbereinstimmung mit unseren Nutzungsbedingungen verwendet werden<\/p>\n\n\n\n<p>Bitte beachten Sie, dass wir die von uns \u00fcber Sie erfassten Informationen m\u00f6glicherweise mit allgemeinen Informationen oder Forschungsdaten kombinieren, die wir aus anderen vertrauensw\u00fcrdigen Quellen erhalten.<\/p>\n\n\n\n<p>Sicherheit Ihrer pers\u00f6nlichen Daten<\/p>\n\n\n\n<p>Wenn wir personenbezogene Daten erfassen und verarbeiten und w\u00e4hrend wir diese Daten aufbewahren, sch\u00fctzen wir sie mit handels\u00fcblichen Mitteln, um Verlust und Diebstahl sowie Zugriff, Offenlegung, Kopieren, Verwendung oder unbefugte \u00c4nderung zu verhindern.<\/p>\n\n\n\n<p>Obwohl wir unser Bestes tun, um die pers\u00f6nlichen Daten, die Sie uns zur Verf\u00fcgung stellen, zu sch\u00fctzen, beachten Sie bitte, dass keine Methode der elektronischen \u00dcbertragung oder Speicherung 100% sicher ist und niemand absolute Datensicherheit garantieren kann. Wir werden die f\u00fcr uns geltenden Gesetze in Bezug auf jegliche Datenschutzverletzungen einhalten.<\/p>\n\n\n\n<p>Sie sind f\u00fcr die Auswahl eines Passworts und dessen allgemeine Sicherheitsst\u00e4rke verantwortlich und gew\u00e4hrleisten die Sicherheit Ihrer eigenen Daten im Rahmen unserer Dienste.<\/p>\n\n\n\n<p>Wie lange bewahren wir Ihre personenbezogenen Daten auf?<\/p>\n\n\n\n<p>Wir bewahren Ihre personenbezogenen Daten nur so lange auf, wie es n\u00f6tig ist. Dieser Zeitraum kann von dem Zweck abh\u00e4ngen, f\u00fcr den wir Ihre Daten gem\u00e4\u00df dieser Datenschutzrichtlinie verwenden. Wenn Ihre personenbezogenen Daten nicht mehr ben\u00f6tigt werden, l\u00f6schen wir sie oder anonymisieren sie, indem wir alle Details entfernen, die Sie identifizieren.<\/p>\n\n\n\n<p>Falls erforderlich, k\u00f6nnen wir Ihre personenbezogenen Daten jedoch weiterhin aufbewahren, um einer gesetzlichen Verpflichtung oder einer buchhalterischen Verpflichtung oder Meldepflicht nachzukommen oder f\u00fcr Archivierungszwecke im \u00f6ffentlichen Interesse, f\u00fcr wissenschaftliche oder historische Forschungszwecke oder f\u00fcr statistische Zwecke.<\/p>\n\n\n\n<p>Datenschutz f\u00fcr Kinder<\/p>\n\n\n\n<p>Keines unserer Produkte oder Services richtet sich direkt an Kinder unter 13 Jahren und wir erfassen wissentlich keine personenbezogenen Daten von Kindern unter 13 Jahren.<\/p>\n\n\n\n<p>Weitergabe personenbezogener Daten an Dritte<\/p>\n\n\n\n<p>Wir k\u00f6nnen personenbezogene Daten an folgende Stellen weitergeben:<\/p>\n\n\n\n<p>ein Mutter-, Tochter- oder Partnerunternehmen unseres Unternehmens<br>Drittanbieter, um ihnen die Erbringung ihrer Dienste zu erm\u00f6glichen, beispielsweise IT-Dienstleister, Datenspeicher-, Hosting- und Serveranbieter, Werbetreibende oder Analyseplattformen<\/p>\n\n\n\n<p>unsere Mitarbeiter, Auftragnehmer und\/oder verbundene Unternehmen<br>unsere bestehenden oder potentiellen Vertreter oder Gesch\u00e4ftspartner<br>Sponsoren oder Veranstalter von Wettbewerben, Gewinnspielen oder Werbeaktionen, die wir durchf\u00fchren<br>Gerichte, Schiedsgerichte, Aufsichtsbeh\u00f6rden und Strafverfolgungsbeh\u00f6rden, soweit gesetzlich vorgeschrieben, im Zusammenhang mit laufenden oder k\u00fcnftigen Gerichtsverfahren oder um unsere gesetzlichen Rechte zu begr\u00fcnden, auszu\u00fcben oder zu verteidigen<br>Dritte, einschlie\u00dflich Vertreter oder Auftragnehmer, die uns bei der Bereitstellung von Informationen, Produkten, Dienstleistungen oder Direktmarketing f\u00fcr Sie unterst\u00fctzen<br>Dritte zur Erhebung und Verarbeitung von Daten<\/p>\n\n\n\n<p>Internationale \u00dcbermittlung personenbezogener Daten<\/p>\n\n\n\n<p>Die von uns erhobenen personenbezogenen Daten werden dort gespeichert und\/oder verarbeitet, wo wir oder unsere Partner, Tochterunternehmen und Drittanbieter Einrichtungen unterhalten. Bitte beachten Sie, dass an den Orten, an denen wir Ihre personenbezogenen Daten speichern, verarbeiten oder \u00fcbermitteln, m\u00f6glicherweise nicht die gleichen Datenschutzgesetze gelten wie in dem Land, in dem Sie die Daten urspr\u00fcnglich bereitgestellt haben. Wenn wir Ihre personenbezogenen Daten an Dritte in anderen L\u00e4ndern \u00fcbermitteln: (i) f\u00fchren wir solche \u00dcbermittlungen gem\u00e4\u00df den Anforderungen des geltenden Rechts durch; und (ii) sch\u00fctzen wir die \u00fcbermittelten personenbezogenen Daten gem\u00e4\u00df dieser Datenschutzrichtlinie.<\/p>\n\n\n\n<p>Ihre Rechte und Kontrolle \u00fcber Ihre pers\u00f6nlichen Daten<\/p>\n\n\n\n<p>Sie haben jederzeit das Recht, uns die Weitergabe personenbezogener Daten zu verweigern, wobei Sie verstehen m\u00fcssen, dass Ihre Erfahrung mit unserer Website dadurch beeintr\u00e4chtigt werden kann. Wir werden Sie nicht diskriminieren, wenn Sie eines Ihrer Rechte in Bezug auf Ihre personenbezogenen Daten aus\u00fcben. Wenn Sie uns personenbezogene Daten zur Verf\u00fcgung stellen, verstehen Sie, dass wir diese gem\u00e4\u00df dieser Datenschutzrichtlinie erfassen, aufbewahren, verwenden und offenlegen. Sie haben das Recht, Einzelheiten zu allen personenbezogenen Daten anzufordern, die wir \u00fcber Sie gespeichert haben.<\/p>\n\n\n\n<p>Wenn wir pers\u00f6nliche Informationen \u00fcber Sie von Dritten erhalten, sch\u00fctzen wir diese gem\u00e4\u00df dieser Datenschutzrichtlinie. Wenn Sie ein Dritter sind, der pers\u00f6nliche Informationen \u00fcber eine andere Person bereitstellt, erkl\u00e4ren und garantieren Sie, dass Sie die Zustimmung dieser Person haben, uns die pers\u00f6nlichen Informationen bereitzustellen.<\/p>\n\n\n\n<p>Wenn Sie zuvor zugestimmt haben, dass wir Ihre personenbezogenen Daten f\u00fcr Direktmarketingzwecke verwenden, k\u00f6nnen Sie Ihre Meinung jederzeit \u00e4ndern. Wir bieten Ihnen die M\u00f6glichkeit, sich von unserer E-Mail-Datenbank abzumelden oder Mitteilungen abzubestellen. Bitte beachten Sie, dass wir m\u00f6glicherweise bestimmte Informationen von Ihnen anfordern m\u00fcssen, um Ihre Identit\u00e4t zu best\u00e4tigen.<\/p>\n\n\n\n<p>Wenn Sie der Meinung sind, dass die von uns \u00fcber Sie gespeicherten Informationen ungenau, veraltet, unvollst\u00e4ndig, irrelevant oder irref\u00fchrend sind, kontaktieren Sie uns bitte unter den in dieser Datenschutzrichtlinie angegebenen Kontaktdaten. Wir werden angemessene Schritte unternehmen, um alle Informationen zu korrigieren, die sich als ungenau, unvollst\u00e4ndig, irref\u00fchrend oder veraltet erweisen.<\/p>\n\n\n\n<p>Wenn Sie der Meinung sind, dass wir gegen ein relevantes Datenschutzgesetz versto\u00dfen haben, und eine Beschwerde einreichen m\u00f6chten, kontaktieren Sie uns bitte unter den unten angegebenen Kontaktdaten und teilen Sie uns alle Einzelheiten des mutma\u00dflichen Versto\u00dfes mit. Wir werden Ihre Beschwerde umgehend untersuchen und Ihnen schriftlich antworten, wobei wir das Ergebnis unserer Untersuchung und die Schritte darlegen, die wir zur Bearbeitung Ihrer Beschwerde unternehmen werden. Sie haben auch das Recht, sich bez\u00fcglich Ihrer Beschwerde an eine Aufsichtsbeh\u00f6rde oder Datenschutzbeh\u00f6rde zu wenden.<\/p>\n\n\n\n<p>Nutzung von Cookies<\/p>\n\n\n\n<p>Wir verwenden \u201eCookies\u201c, um Informationen \u00fcber Sie und Ihre Aktivit\u00e4ten auf unserer Website zu sammeln. Ein Cookie ist ein kleines Datenelement, das unsere Website auf Ihrem Computer speichert und bei jedem Besuch abruft, damit wir verstehen, wie Sie unsere Website nutzen. Dies hilft uns dabei, Ihnen Inhalte basierend auf den von Ihnen angegebenen Einstellungen bereitzustellen.<\/p>\n\n\n\n<p>Grenzen unserer Politik<\/p>\n\n\n\n<p>Unsere Website kann Links zu externen Websites enthalten, die nicht von uns betrieben werden. Bitte beachten Sie, dass wir keinen Einfluss auf den Inhalt und die Richtlinien dieser Websites haben und keine Verantwortung f\u00fcr deren jeweilige Datenschutzpraktiken \u00fcbernehmen k\u00f6nnen.<\/p>\n\n\n\n<p>\u00c4nderungen dieser Richtlinie<\/p>\n\n\n\n<p>Wir k\u00f6nnen unsere Datenschutzrichtlinie nach eigenem Ermessen \u00e4ndern, um Aktualisierungen unserer Gesch\u00e4ftsprozesse, aktuell akzeptierte Praktiken oder gesetzliche oder beh\u00f6rdliche \u00c4nderungen zu ber\u00fccksichtigen. Wenn wir uns dazu entschlie\u00dfen, diese Datenschutzrichtlinie zu \u00e4ndern, werden wir die \u00c4nderungen hier unter demselben Link ver\u00f6ffentlichen, \u00fcber den Sie auf diese Datenschutzrichtlinie zugreifen.<\/p>\n\n\n\n<p>Wenn dies gesetzlich vorgeschrieben ist, holen wir Ihre Erlaubnis ein oder geben Ihnen die M\u00f6glichkeit, einer neuen Verwendung Ihrer personenbezogenen Daten je nach Sachlage zuzustimmen oder diese abzulehnen.<\/p>\n\n\n\n<p>Kontaktiere uns<\/p>\n\n\n\n<p>Bei Fragen oder Bedenken bez\u00fcglich Ihrer Privatsph\u00e4re k\u00f6nnen Sie uns unter den folgenden Kontaktdaten erreichen:<\/p>\n\n\n\n<p>Darius Kabalisa \u2013 info@fanavis.com<\/p>","protected":false},"excerpt":{"rendered":"<p>Privacy Policy Last updated February 19, 2022 Your privacy is important to us. It is Fanavis&#8217; policy to respect your privacy and to comply with all applicable laws and regulations regarding the personal information we may collect about you, including on our website, https:\/\/fanavis.com, and Other Sites We Own and Operate. This policy has been [&hellip;]<\/p>","protected":false},"author":1,"featured_media":0,"parent":0,"menu_order":0,"comment_status":"closed","ping_status":"closed","template":"","meta":{"inline_featured_image":false,"footnotes":""},"_links":{"self":[{"href":"https:\/\/fanavis.com\/de\/wp-json\/wp\/v2\/pages\/1462"}],"collection":[{"href":"https:\/\/fanavis.com\/de\/wp-json\/wp\/v2\/pages"}],"about":[{"href":"https:\/\/fanavis.com\/de\/wp-json\/wp\/v2\/types\/page"}],"author":[{"embeddable":true,"href":"https:\/\/fanavis.com\/de\/wp-json\/wp\/v2\/users\/1"}],"replies":[{"embeddable":true,"href":"https:\/\/fanavis.com\/de\/wp-json\/wp\/v2\/comments?post=1462"}],"version-history":[{"count":0,"href":"https:\/\/fanavis.com\/de\/wp-json\/wp\/v2\/pages\/1462\/revisions"}],"wp:attachment":[{"href":"https:\/\/fanavis.com\/de\/wp-json\/wp\/v2\/media?parent=1462"}],"curies":[{"name":"wp","href":"https:\/\/api.w.org\/{rel}","templated":true}]}}