{"id":1458,"date":"2022-02-16T18:19:39","date_gmt":"2022-02-16T17:19:39","guid":{"rendered":"https:\/\/fanavis.com\/?page_id=1458"},"modified":"2024-04-12T15:05:46","modified_gmt":"2024-04-12T13:05:46","slug":"conditions-dutilisation","status":"publish","type":"page","link":"https:\/\/fanavis.com\/de\/conditions-dutilisation\/","title":{"rendered":"Nutzungsbedingungen"},"content":{"rendered":"<p>Nutzungsbedingungen<\/p>\n\n\n\n<p>Zuletzt aktualisiert: 19. Februar 2022<\/p>\n\n\n\n<p>Willkommen bei Fanavis!<\/p>\n\n\n\n<p>Diese Gesch\u00e4ftsbedingungen legen die Regeln und Vorschriften f\u00fcr die Nutzung der Fanavis-Website unter fanavis.com fest.<\/p>\n\n\n\n<p>Indem Sie auf diese Website zugreifen, gehen wir davon aus, dass Sie diese Bedingungen akzeptieren. Verwenden Sie Fanavis nicht weiter, wenn Sie nicht mit allen auf dieser Seite aufgef\u00fchrten Bedingungen einverstanden sind.<\/p>\n\n\n\n<p>Die folgende Terminologie gilt f\u00fcr diese Allgemeinen Gesch\u00e4ftsbedingungen, die Datenschutzerkl\u00e4rung und den Haftungsausschluss sowie alle Vereinbarungen: \u201eKunde\u201c, \u201eSie\u201c und \u201eIhr\u201c beziehen sich auf Sie, die Person, die diese Website aufruft und die Allgemeinen Gesch\u00e4ftsbedingungen des Unternehmens einh\u00e4lt. \u201eDas Unternehmen\u201c, \u201eWir selbst\u201c, \u201eWir\u201c, \u201eUnser\u201c und \u201eWir\u201c beziehen sich auf unser Unternehmen. \u201ePartei\u201c, \u201eParteien\u201c oder \u201eWir\u201c bezeichnet sowohl den Kunden als auch uns selbst. Alle Bedingungen beziehen sich auf das Angebot, die Annahme und die Gegenleistung der Zahlung, die erforderlich sind, um den Prozess unserer Unterst\u00fctzung f\u00fcr den Kunden auf die am besten geeignete Weise durchzuf\u00fchren, mit dem ausdr\u00fccklichen Zweck, die Bed\u00fcrfnisse des Kunden in Bezug auf die Bereitstellung der erkl\u00e4rten Dienstleistungen des Unternehmens zu erf\u00fcllen, in \u00dcbereinstimmung mit und vorbehaltlich der geltenden Gesetzgebung in den Niederlanden. Jegliche Verwendung der oben genannten Terminologie oder anderer W\u00f6rter in Singular, Plural, Gro\u00dfschreibung und\/oder er\/sie oder sie werden als austauschbar und daher als sich darauf beziehend angesehen.<\/p>\n\n\n\n<p><\/p>\n\n\n\n<p>Videobewertungen:<\/p>\n\n\n\n<p>Durch die Ver\u00f6ffentlichung von Videobewertungen auf Fanavis.com best\u00e4tigt der Benutzer:<\/p>\n\n\n\n<ul>\n<li>\u00fcber 15 Jahre alt sein<\/li>\n\n\n\n<li>Fanavis.com erm\u00e4chtigen, seine Videorezension unverz\u00fcglich auf der Website sowie auf Fanavis\u2018 YouTube-Kanal \u201eavisenvideo\u201c zu ver\u00f6ffentlichen<\/li>\n\n\n\n<li>\u00fcbernehmen die volle Verantwortung f\u00fcr die ver\u00f6ffentlichten Inhalte und<br>von Fanavis.com zu diesem Inhalt<\/li>\n\n\n\n<li>verpflichten uns, keine beleidigenden, vulg\u00e4ren, sexuellen oder sonstigen illegalen Inhalte zu ver\u00f6ffentlichen<\/li>\n<\/ul>\n\n\n\n<p>Der Administrator von Fanavis.com kann Videobewertungen l\u00f6schen, die sich nicht auf die Seite beziehen, auf der sie ver\u00f6ffentlicht wurden. Er kann auch alle vom Benutzer geposteten Videos oder Inhalte l\u00f6schen, die unangemessener, vulg\u00e4rer, sexueller oder illegaler Natur sind.<\/p>\n\n\n\n<p>Fanavis verwendet und \u00fcbertr\u00e4gt die von Google APIs erhaltenen Informationen an andere Apps gem\u00e4\u00df\u00a0<a rel=\"noreferrer noopener\" href=\"https:\/\/developers.google.com\/terms\/api-services-user-data-policy#additional_requirements_for_specific_api_scopes\" target=\"_blank\">Nutzerdatenrichtlinie f\u00fcr Google API-Dienste<\/a>, einschlie\u00dflich der Anforderungen zur eingeschr\u00e4nkten Nutzung.<\/p>\n\n\n\n<p><\/p>\n\n\n\n<p>Kekse:<br>Wir verwenden Cookies. Indem Sie auf Fanavis zugreifen, stimmen Sie der Verwendung von Cookies gem\u00e4\u00df der Datenschutzrichtlinie von Fanavis zu.<\/p>\n\n\n\n<p>Die meisten interaktiven Websites verwenden Cookies, damit wir bei jedem Besuch Benutzerdetails abrufen k\u00f6nnen. Auf unserer Website werden Cookies verwendet, um die Funktionalit\u00e4t bestimmter Bereiche zu erm\u00f6glichen und den Besuchern unserer Website den Besuch zu erleichtern. Einige unserer Partner\/Werbepartner verwenden m\u00f6glicherweise ebenfalls Cookies.<\/p>\n\n\n\n<p>Lizenz<br>Sofern nicht anders angegeben, besitzen Fanavis und\/oder seine Lizenzgeber die geistigen Eigentumsrechte f\u00fcr alle Materialien auf Fanavis. Alle geistigen Eigentumsrechte sind vorbehalten. Sie k\u00f6nnen von Fanavis aus f\u00fcr Ihren pers\u00f6nlichen Gebrauch darauf zugreifen, vorbehaltlich der in diesen Gesch\u00e4ftsbedingungen dargelegten Einschr\u00e4nkungen.<\/p>\n\n\n\n<p>Du darfst nicht:<\/p>\n\n\n\n<p>Material von Fanavis erneut ver\u00f6ffentlichen<br>Material von Fanavis verkaufen, vermieten oder unterlizenzieren<br>Fanavis-Material reproduzieren, duplizieren oder kopieren<br>Inhalte von Fanavis weiterverteilen<br>Diese Vereinbarung tritt mit dem heutigen Datum in Kraft. Unsere Allgemeinen Gesch\u00e4ftsbedingungen wurden unter Verwendung der Vorlage f\u00fcr Allgemeine Gesch\u00e4ftsbedingungen erstellt.<\/p>\n\n\n\n<p>Bestimmte Teile dieser Website bieten Benutzern die M\u00f6glichkeit, in bestimmten Bereichen der Website Meinungen und Informationen zu ver\u00f6ffentlichen und auszutauschen. Fanavis pr\u00fcft, bearbeitet, ver\u00f6ffentlicht oder \u00fcberpr\u00fcft Kommentare nicht, bevor sie auf der Website erscheinen. Kommentare spiegeln nicht die Ansichten und Meinungen von Fanavis, seinen Vertretern und\/oder verbundenen Unternehmen wider. Kommentare spiegeln die Ansichten und Meinungen der Person wider, die ihre Ansichten und Meinungen ver\u00f6ffentlicht. Soweit nach geltendem Recht zul\u00e4ssig, haftet Fanavis nicht f\u00fcr die Kommentare oder f\u00fcr jegliche Haftung, Sch\u00e4den oder Kosten, die durch die Verwendung und\/oder Ver\u00f6ffentlichung und\/oder das Erscheinen der Kommentare auf dieser Website verursacht und\/oder erlitten werden.<\/p>\n\n\n\n<p>Fanavis beh\u00e4lt sich das Recht vor, alle Kommentare zu \u00fcberwachen und Kommentare zu entfernen, die als unangemessen oder beleidigend erachtet werden k\u00f6nnen oder gegen diese Allgemeinen Gesch\u00e4ftsbedingungen versto\u00dfen.<\/p>\n\n\n\n<p>Sie gew\u00e4hrleisten und vertreten Folgendes:<\/p>\n\n\n\n<p>Sie sind berechtigt, die Kommentare auf unserer Website zu ver\u00f6ffentlichen und verf\u00fcgen \u00fcber alle hierf\u00fcr erforderlichen Lizenzen und Genehmigungen;<br>Die Kommentare verletzen keine geistigen Eigentumsrechte, insbesondere nicht Urheberrechte, Patente oder Markenrechte Dritter.<br>Die Kommentare enthalten kein diffamierendes, verleumderisches, beleidigendes, unanst\u00e4ndiges oder anderweitig rechtswidriges Material, das eine Verletzung der Privatsph\u00e4re darstellt<br>Die Kommentare werden nicht verwendet, um kommerzielle oder personalisierte Aktivit\u00e4ten anzufordern oder zu f\u00f6rdern oder kommerzielle Aktivit\u00e4ten oder illegale Aktivit\u00e4ten darzustellen.<br>Sie erteilen Fanavis hiermit eine nicht exklusive Lizenz zur Nutzung, Vervielf\u00e4ltigung und Bearbeitung Ihrer Kommentare in jeglicher Form, in jeglichem Format oder auf jeglichem Medium sowie zur Erm\u00e4chtigung anderer zur Nutzung, Vervielf\u00e4ltigung und Bearbeitung.<\/p>\n\n\n\n<p>Hyperlink zu unseren Inhalten<br>Die folgenden Organisationen d\u00fcrfen ohne vorherige schriftliche Genehmigung auf unsere Website verlinken:<\/p>\n\n\n\n<p>Online-Verzeichnisverteiler k\u00f6nnen auf unsere Website auf die gleiche Weise verlinken, wie sie Hyperlinks zu den Websites anderer b\u00f6rsennotierter Unternehmen erstellen.<\/p>\n\n\n\n<p>Wir k\u00f6nnen andere Linkanfragen von den folgenden Arten von Organisationen pr\u00fcfen und genehmigen:<\/p>\n\n\n\n<p>bekannte Verbraucher- und\/oder Unternehmensinformationsquellen;<br>Community-Websites von dot.coms;<br>Vereine oder andere Gruppen, die Wohlt\u00e4tigkeitsorganisationen vertreten;<br>Verteiler von Online-Verzeichnissen;<br>Internetportale;<br>Wirtschaftspr\u00fcfungs-, Rechts- und Beratungsfirmen, Bildungseinrichtungen und Berufsverb\u00e4nde.<br>Wir werden Linkanfragen dieser Organisationen genehmigen, wenn wir entscheiden, dass: (a) der Link kein ung\u00fcnstiges Bild von uns oder unseren akkreditierten Unternehmen abgeben w\u00fcrde; (b) bei uns keine negativen Aufzeichnungen \u00fcber die Organisation vorhanden sind; (c) der Nutzen der Sichtbarkeit des Hyperlinks f\u00fcr uns das Fehlen von Fanavis ausgleicht; und (d) der Link im Kontext allgemeiner Ressourceninformationen steht.<\/p>\n\n\n\n<p>Diese Organisationen d\u00fcrfen auf unsere Homepage verlinken, solange die folgenden Bedingungen eingehalten werden: (a) der Link darf nicht in irgendeiner Weise irref\u00fchrend sein; (b) der Link darf nicht f\u00e4lschlich auf eine F\u00f6rderung, Unterst\u00fctzung oder Billigung der verweisenden Partei und ihrer Produkte oder Dienstleistungen hindeuten; und (c) der Link muss in den Kontext der Website der verweisenden Partei passen.<\/p>\n\n\n\n<p>Wenn Sie eine der in Absatz 2 oben aufgef\u00fchrten Organisationen sind und einen Link zu unserer Website erstellen m\u00f6chten, m\u00fcssen Sie uns dies per E-Mail an Fanavis mitteilen. Bitte geben Sie Ihren Namen, den Namen Ihrer Organisation, Ihre Kontaktdaten sowie die URL Ihrer Website, eine Liste aller URLs an, von denen Sie einen Link zu unserer Website erstellen m\u00f6chten, und eine Liste der URLs unserer Website, zu denen Sie einen Link erstellen m\u00f6chten. Warten Sie 2-3 Wochen auf eine Antwort.<\/p>\n\n\n\n<p>Zugelassene Organisationen k\u00f6nnen wie folgt auf unsere Website verlinken:<\/p>\n\n\n\n<p>Durch die Verwendung unseres Firmennamens; oder<br>Durch Verwendung des Uniform Resource Locator, mit dem es verkn\u00fcpft ist; oder<br>Durch die Verwendung einer anderen Beschreibung unserer verlinkten Website, die im Kontext und Format des Inhalts auf der Website der verweisenden Partei Sinn ergibt.<br>Die Verwendung des Logos oder anderer Grafiken von Fanavis zum Verlinken ist ohne eine Markenlizenzvereinbarung nicht gestattet.<\/p>\n\n\n\n<p>iFrame<br>Ohne vorherige Genehmigung und schriftliche Erlaubnis d\u00fcrfen Sie keine Frames um unsere Webseiten erstellen, die die visuelle Darstellung oder das Erscheinungsbild unserer Website in irgendeiner Weise ver\u00e4ndern.<\/p>\n\n\n\n<p>Verantwortung f\u00fcr Inhalte<br>Wir \u00fcbernehmen keine Verantwortung f\u00fcr die Inhalte Ihrer Website. Sie verpflichten sich, uns vor allen Anspr\u00fcchen zu sch\u00fctzen und zu verteidigen, die auf Ihrer Website entstehen. Auf keiner Website darf ein Link erscheinen, der als verleumderisch, obsz\u00f6n oder kriminell ausgelegt werden k\u00f6nnte oder der die Rechte Dritter verletzt, anderweitig verletzt oder die Verletzung oder sonstige Verletzung dieser Rechte bef\u00fcrwortet.<\/p>\n\n\n\n<p>Ihre Privatsph\u00e4re<br>Bitte lesen Sie die Datenschutzrichtlinie<\/p>\n\n\n\n<p>Vorbehalt der Rechte<br>Wir behalten uns das Recht vor, von Ihnen die Entfernung aller Links oder eines bestimmten Links zu unserer Website zu verlangen. Sie verpflichten sich, auf Anfrage alle Links zu unserer Website unverz\u00fcglich zu entfernen. Wir behalten uns au\u00dferdem das Recht vor, diese Bedingungen und die Verlinkungsrichtlinien jederzeit zu \u00e4ndern. Indem Sie weiterhin auf unsere Website verlinken, erkl\u00e4ren Sie sich damit einverstanden, an diese Verlinkungsbedingungen gebunden zu sein und diese einzuhalten.<\/p>\n\n\n\n<p>Entfernung von Links von unserer Website<br>Wenn Sie auf unserer Website einen Link finden, der aus irgendeinem Grund anst\u00f6\u00dfig ist, k\u00f6nnen Sie uns jederzeit kontaktieren und uns dar\u00fcber informieren. Wir werden Anfragen zur Entfernung von Links pr\u00fcfen, sind jedoch nicht verpflichtet, Ihnen direkt zu antworten.<\/p>\n\n\n\n<p>Wir \u00fcbernehmen keine Garantie f\u00fcr die Richtigkeit, Vollst\u00e4ndigkeit und Genauigkeit der Informationen auf dieser Website. Auch versprechen wir nicht, dass die Website verf\u00fcgbar bleibt oder dass die Inhalte der Website auf dem neuesten Stand gehalten werden.<\/p>\n\n\n\n<p>Warnung<br>Soweit nach geltendem Recht zul\u00e4ssig, schlie\u00dfen wir alle Zusicherungen, Gew\u00e4hrleistungen und Bedingungen in Bezug auf unsere Website und die Nutzung dieser Website aus. Nichts in dieser Haftungsausschlussklausel:<\/p>\n\n\n\n<p>unsere oder Ihre Haftung f\u00fcr Tod oder Personensch\u00e4den begrenzen oder ausschlie\u00dfen;<br>unsere bzw. Ihre Haftung f\u00fcr Betrug oder arglistige Falschdarstellung begrenzen oder ausschlie\u00dfen;<br>unsere oder Ihre Haftung in einer Weise zu beschr\u00e4nken, die nach geltendem Recht nicht zul\u00e4ssig ist; Wo<br>jegliche unserer oder Ihrer Haftungen ausschlie\u00dfen, die nach geltendem Recht nicht ausgeschlossen werden k\u00f6nnen.<br>Die in diesem Abschnitt und an anderer Stelle in diesem Haftungsausschluss dargelegten Haftungsbeschr\u00e4nkungen und -verbote: (a) unterliegen dem vorstehenden Absatz; und (b) regeln alle Haftungen, die sich aus dem Haftungsausschluss ergeben, einschlie\u00dflich der Haftung aus Vertrag, unerlaubter Handlung und wegen Verletzung gesetzlicher Pflichten.<\/p>\n\n\n\n<p>Solange die Website und die Informationen und Dienste auf der Website unentgeltlich zur Verf\u00fcgung gestellt werden, haften wir nicht f\u00fcr Verluste oder Sch\u00e4den jeglicher Art.<\/p>\n\n\n\n<p>Darius Kabalisa \u2013 info@fanavis.com<\/p>","protected":false},"excerpt":{"rendered":"<p>Terms of use Last updated February 19, 2022 Welcome to Fanavis! These terms and conditions outline the rules and regulations for using the Fanavis website, located at fanavis.com. By accessing this website we assume that you accept these terms and conditions. Do not continue to use Fanavis if you do not agree to all of [&hellip;]<\/p>","protected":false},"author":1,"featured_media":0,"parent":0,"menu_order":0,"comment_status":"closed","ping_status":"closed","template":"","meta":{"inline_featured_image":false,"footnotes":""},"_links":{"self":[{"href":"https:\/\/fanavis.com\/de\/wp-json\/wp\/v2\/pages\/1458"}],"collection":[{"href":"https:\/\/fanavis.com\/de\/wp-json\/wp\/v2\/pages"}],"about":[{"href":"https:\/\/fanavis.com\/de\/wp-json\/wp\/v2\/types\/page"}],"author":[{"embeddable":true,"href":"https:\/\/fanavis.com\/de\/wp-json\/wp\/v2\/users\/1"}],"replies":[{"embeddable":true,"href":"https:\/\/fanavis.com\/de\/wp-json\/wp\/v2\/comments?post=1458"}],"version-history":[{"count":1,"href":"https:\/\/fanavis.com\/de\/wp-json\/wp\/v2\/pages\/1458\/revisions"}],"predecessor-version":[{"id":3661,"href":"https:\/\/fanavis.com\/de\/wp-json\/wp\/v2\/pages\/1458\/revisions\/3661"}],"wp:attachment":[{"href":"https:\/\/fanavis.com\/de\/wp-json\/wp\/v2\/media?parent=1458"}],"curies":[{"name":"wp","href":"https:\/\/api.w.org\/{rel}","templated":true}]}}